{"id":943,"date":"2026-04-22T15:07:13","date_gmt":"2026-04-22T13:07:13","guid":{"rendered":"https:\/\/www.campinglesgranges.fr\/declaration-de-confidentialite-ue\/"},"modified":"2026-04-23T10:31:53","modified_gmt":"2026-04-23T08:31:53","slug":"eu-verklaring-inzake-vertrouwelijkheid","status":"publish","type":"page","link":"https:\/\/www.campinglesgranges.fr\/nl\/declaration-de-confidentialite-ue\/","title":{"rendered":"Privacyverklaring (EU)"},"content":{"rendered":"<!-- Legal document generated by Complianz | GDPR\/CCPA Cookie Consent https:\/\/wordpress.org\/plugins\/complianz-gdpr -->\n<div id=\"cmplz-document\" class=\"cmplz-document privacy-statement cmplz-document-eu\"><p><i>Deze privacyverklaring is voor het laatst bijgewerkt op april 22, 2026 en is van toepassing op burgers en wettelijk permanente inwoners van de Europese Economische Ruimte en Zwitserland.<\/i><br \/><br \/><\/p><p><p>In deze privacyverklaring leggen we uit wat we doen met de gegevens die we via <a href=\"https:\/\/www.campinglesgranges.fr\/nl\">https:\/\/www.campinglesgranges.fr\/nl<\/a> over u te verkrijgen. We raden u aan deze verklaring zorgvuldig te lezen. Bij onze verwerking voldoen we aan de vereisten van privacywetgeving. Dat betekent onder andere dat:<\/p><ul>\n                <li>wij duidelijk vermelden met welke doeleinden wij persoonsgegevens verwerken. Dat doen wij via deze privacyverklaring;<\/li>\n                <li>wij streven ernaar onze verzameling van persoonsgegevens te beperken tot enkel de persoonsgegevens die noodzakelijk zijn voor legitieme doeleinden;<\/li>\n                <li>we will first ask for your express consent to process your personal data in cases where your consent is required;<\/li>\n                <li>wij passende beveiligingsmaatregelen nemen om uw persoonsgegevens te beschermen en dat ook eisen van partijen die in onze opdracht persoonsgegevens verwerken;<\/li>\n                <li>wij respecteren uw recht om uw persoonsgegevens op uw verzoek in te zien, te corrigeren of te verwijderen.<\/li>\n            <\/ul><p>Als u vragen heeft of precies wilt weten welke gegevens wij van u bewaren, neem dan contact met ons op.<\/p><\/p><h2>1. Doel, gegevens en bewaartermijn<\/h2>We kunnen persoonsgegevens verzamelen of verzamelen voor een aantal doeleinden die verband houden met onze bedrijfsvoering, waaronder de volgende: (klik om uit te vouwen)<details class=\"cmplz-dropdown dropdown-privacy-statement\"><summary><div><h3>1.1 Contact \u2013 per telefoon, post, e-mail en\/of webformulieren<\/h3><\/div><\/summary><p class=\"cmplz-subtitle\">Voor dat doel gebruiken wij de volgende persoonsgegevens:<\/p><p><ul><li>Een voor- en achternaam<\/li><li>Een thuis- of ander fysiek adres, inclusief straatnaam en naam van een stad of dorp<\/li><li>Een e-mailadres<\/li><li>Een telefoonnummer<\/li><\/ul><\/p><p class=\"cmplz-subtitle\">De grondslag waarop wij deze gegevens mogen verwerken is:<\/p><p><a target=\"_blank\" rel=\"noopener noreferrer nofollow\" href=\"https:\/\/cookiedatabase.org\/legal-bases\/#consent\">Na het verlenen van toestemming.<\/a><\/p><p class=\"cmplz-subtitle\">Bewaartermijn<\/p><p>Wij bewaren deze gegevens alleen totdat de dienstverlening is be\u00ebindigd.<\/p><\/details><h2>2. Cookies<\/h2><p>Onze website maakt gebruik van cookies. Voor meer informatie over cookies verwijzen wij u naar ons <a href=\"https:\/\/www.campinglesgranges.fr\/nl\/politique-de-cookies-ue\/\">Cookiebeleid<\/a>.&nbsp;<\/p><h2>3. Delen met andere partijen<\/h2><p><p>Wij delen persoonsgegevens indien wij wettelijk verplicht zijn informatie te verstrekken, hetzij door een gerechtelijk bevel, als reactie op een wetshandhavingsinstantie, voor zover toegestaan onder andere wettelijke bepalingen, of voor een onderzoek naar een kwestie in verband met de openbare veiligheid.<\/p><p>Als onze site of organisatie wordt overgenomen, verkocht, of betrokken is bij een fusie of overname, kunnen uw gegevens worden doorgegeven aan onze adviseurs en mogelijke kopers en worden doorgegeven aan de nieuwe eigenaren.<\/p><\/p><p>We hebben met Google een verwerkersovereenkomst gesloten.<\/p><h2>4. Beveiliging<\/h2><p>De bescherming van persoonsgegevens is voor ons van groot belang. Wij nemen passende beveiligingsmaatregelen om misbruik van en ongeautoriseerde toegang tot persoonsgegevens te beperken. Zo zorgen wij ervoor dat alleen de noodzakelijke personen toegang hebben tot uw gegevens, dat de toegang tot de gegevens is afgeschermd en dat onze veiligheidsmaatregelen regelmatig worden gecontroleerd.<\/p><h2>5. Websites van derden<\/h2><p>Deze privacyverklaring is niet van toepassing op websites van derden waarnaar wordt verwezen via links op deze websites. Wij garanderen niet dat deze websites uw persoonsgegevens op een betrouwbare en veilige manier verwerken. Wij raden u aan de privacyverklaringen van deze websites te lezen voordat u deze websites gebruikt.<\/p><h2>6. Wijzigingen in deze privacyverklaring<\/h2><p>Wij behouden ons het recht voor om wijzigingen aan te brengen in deze privacyverklaring. Het verdient aanbeveling om deze privacyverklaring regelmatig te raadplegen, zodat u van deze wijzigingen op de hoogte bent. Bovendien zullen wij u waar mogelijk ook actief op de hoogte brengen.<\/p><h2>7. Toegang tot en wijziging van uw gegevens<\/h2><p>Als u vragen heeft of wilt weten welke persoonlijke gegevens we over u hebben, neem dan contact met ons op. U kunt contact met ons opnemen via de onderstaande gegevens. U heeft de volgende rechten:<\/p><ul>\n                <li>Je hebt het recht om te weten waarom je persoonlijke gegevens nodig zijn, wat ermee gebeurt en hoe lang ze worden bewaard.<\/li>\n                <li>Right to access: you can submit a request for access to the data we process about you<\/li>\n                <li>Recht op rectificatie en aanvulling: u heeft het recht om uw persoonsgegevens aan te vullen, te corrigeren, te verwijderen of te blokkeren wanneer u maar wilt.<\/li>\n                <li>Als u ons toestemming geeft om uw gegevens te verwerken, heeft u het recht om die toestemming in te trekken en uw persoonsgegevens te laten verwijderen.<\/li>\n                <li>Recht op dataportabiliteit: u hebt het recht om al uw persoonsgegevens op te vragen bij de Verwerkingsverantwoordelijke en deze in hun geheel over te dragen naar een andere Verwerkingsverantwoordelijke.<\/li>\n                <li>Recht van bezwaar: U kunt bezwaar maken tegen de verwerking van uw gegevens. Wij zullen hieraan tegemoetkomen, tenzij er dringende redenen voor verwerking zijn.<\/li>\n            <\/ul><p>Zorg ervoor dat u altijd duidelijk aangeeft wie u bent, zodat we er zeker van kunnen zijn dat we geen gegevens van de verkeerde persoon wijzigen of verwijderen.<\/p><h2>8. Een klacht indienen<\/h2><p>Als u niet tevreden bent over hoe wij omgaan met een klacht over de verwerking van uw persoonsgegevens, dan heeft u het recht om een klacht in te dienen bij de Autoriteit Persoonsgegevens.<\/p><h2>9. Contactgegevens<\/h2><p>CAMPING LES GRANGES<br \/>\n        Europalaan<br \/>\n37230 LUYNES<br \/>\n        Frankrijk<br \/>\n        Webside <a href=\"https:\/\/www.campinglesgranges.fr\/nl\">https:\/\/www.campinglesgranges.fr\/nl<\/a> <br \/>\n        E-mail: <span class=\"cmplz-obfuscate\">i&#110;fo@<span class=\"cmplz-fmail-domain\">e&#120;.&#099;&#111;&#109;<\/span>&#111;u&#101;&#115;&#116;&#045;co&#109;mu&#110;ic&#097;&#116;i&#111;&#110;.c&#111;m<\/span> <br \/>\n        Telefoonnummer: 0251203040<\/p><h2>10. Verzoeken om informatie<\/h2><p>Voor de meest voorkomende verzoeken bieden wij u ook de mogelijkheid gebruik te maken van ons gegevensaanvraagformulier<br \/>\t\t\t<div class=\"cmplz-datarequest cmplz-alert\">\n\t\t\t\t<span class=\"cmplz-close\">\u00d7<\/span>\n\t\t\t\t<span id=\"cmplz-message\"><\/span>\n\t\t\t<\/div>\n\t\t\t<form id=\"cmplz-datarequest-form\" action=\"\">\n\t\t\t\t<input type=\"hidden\" required value=\"eu\" name=\"cmplz_datarequest_region\" id=\"cmplz_datarequest_region\" >\n\n\t\t\t\t<label for=\"cmplz_datarequest_firstname\" class=\"cmplz-first-name\">Naam\t\t\t\t\t<input type=\"search\" class=\"datarequest-firstname\" value=\"\" placeholder=\"je voornaam\" id=\"cmplz_datarequest_firstname\" name=\"cmplz_datarequest_firstname\" >\n\t\t\t\t<\/label>\n\t\t\t\t<div>\n\t\t\t\t\t<label for=\"cmplz_datarequest_name\">Naam<\/label>\n\t\t\t\t\t<input type=\"text\" required value=\"\" placeholder=\"Je naam\" id=\"cmplz_datarequest_name\" name=\"cmplz_datarequest_name\">\n\t\t\t\t<\/div>\n\t\t\t\t<div>\n\t\t\t\t\t<label for=\"cmplz_datarequest_email\">E-mail<\/label>\n\t\t\t\t\t<input type=\"email\" required value=\"\" placeholder=\"email@email.com\" id=\"cmplz_datarequest_email\" name=\"cmplz_datarequest_email\">\n\t\t\t\t<\/div>\n\t\t\t\t\t\t\t\t\t\t<div class=\"cmplz_datarequest cmplz_datarequest_request_for_access\">\n\t\t\t\t\t\t\t<label for=\"cmplz_datarequest_request_for_access\">\n\t\t\t\t\t\t\t\t<input type=\"checkbox\" value=\"1\" name=\"cmplz_datarequest_request_for_access\" id=\"cmplz_datarequest_request_for_access\"\/>\n\t\t\t\t\t\t\t\tDien een verzoek in voor inzage in de gegevens die we over u verwerken.\t\t\t\t\t\t\t<\/label>\n\t\t\t\t\t\t<\/div>\n\t\t\t\t\t\t\t\t\t\t<div class=\"cmplz_datarequest cmplz_datarequest_right_to_be_forgotten\">\n\t\t\t\t\t\t\t<label for=\"cmplz_datarequest_right_to_be_forgotten\">\n\t\t\t\t\t\t\t\t<input type=\"checkbox\" value=\"1\" name=\"cmplz_datarequest_right_to_be_forgotten\" id=\"cmplz_datarequest_right_to_be_forgotten\"\/>\n\t\t\t\t\t\t\t\tDien een verzoek in voor verwijdering van de gegevens indien niet langer relevant.\t\t\t\t\t\t\t<\/label>\n\t\t\t\t\t\t<\/div>\n\t\t\t\t\t\t\t\t\t\t<div class=\"cmplz_datarequest cmplz_datarequest_right_to_data_portability\">\n\t\t\t\t\t\t\t<label for=\"cmplz_datarequest_right_to_data_portability\">\n\t\t\t\t\t\t\t\t<input type=\"checkbox\" value=\"1\" name=\"cmplz_datarequest_right_to_data_portability\" id=\"cmplz_datarequest_right_to_data_portability\"\/>\n\t\t\t\t\t\t\t\tDien een verzoek in voor een exportbestand van de gegevens die we over u verwerken.\t\t\t\t\t\t\t<\/label>\n\t\t\t\t\t\t<\/div>\n\t\t\t\t\t\t\t\t<input type=\"button\" id=\"cmplz-datarequest-submit\"  value=\"Verzenden\">\n\t\t\t<input type=\"hidden\" name=\"trp-form-language\" value=\"nl\"\/><\/form>\n\n\t\t\t<style>\n\t\t\t\t\/* first-name is honeypot *\/\n\t\t\t\t.cmplz-first-name {\n\t\t\t\t\tposition: absolute !important;\n\t\t\t\t\tleft: -5000px !important;\n\t\t\t\t}\n\t\t\t<\/style>\n\t\t\t<\/p><\/div>","protected":false},"excerpt":{"rendered":"","protected":false},"author":1,"featured_media":56,"parent":0,"menu_order":0,"comment_status":"closed","ping_status":"closed","template":"","meta":{"_acf_changed":false,"_seopress_robots_primary_cat":"","_seopress_titles_title":"D\u00e9claration de confidentialit\u00e9 UE - Camping Les Granges","_seopress_titles_desc":"Consultez la d\u00e9claration de confidentialit\u00e9 UE du Camping Les Granges et retrouvez les informations relatives au traitement et \u00e0 la protection de vos donn\u00e9es.","_seopress_robots_index":"","_vp_format_video_url":"","_vp_image_focal_point":[],"footnotes":""},"class_list":["post-943","page","type-page","status-publish","has-post-thumbnail","hentry"],"acf":[],"_links":{"self":[{"href":"https:\/\/www.campinglesgranges.fr\/nl\/wp-json\/wp\/v2\/pages\/943","targetHints":{"allow":["GET"]}}],"collection":[{"href":"https:\/\/www.campinglesgranges.fr\/nl\/wp-json\/wp\/v2\/pages"}],"about":[{"href":"https:\/\/www.campinglesgranges.fr\/nl\/wp-json\/wp\/v2\/types\/page"}],"author":[{"embeddable":true,"href":"https:\/\/www.campinglesgranges.fr\/nl\/wp-json\/wp\/v2\/users\/1"}],"replies":[{"embeddable":true,"href":"https:\/\/www.campinglesgranges.fr\/nl\/wp-json\/wp\/v2\/comments?post=943"}],"version-history":[{"count":1,"href":"https:\/\/www.campinglesgranges.fr\/nl\/wp-json\/wp\/v2\/pages\/943\/revisions"}],"predecessor-version":[{"id":1001,"href":"https:\/\/www.campinglesgranges.fr\/nl\/wp-json\/wp\/v2\/pages\/943\/revisions\/1001"}],"wp:featuredmedia":[{"embeddable":true,"href":"https:\/\/www.campinglesgranges.fr\/nl\/wp-json\/wp\/v2\/media\/56"}],"wp:attachment":[{"href":"https:\/\/www.campinglesgranges.fr\/nl\/wp-json\/wp\/v2\/media?parent=943"}],"curies":[{"name":"wp","href":"https:\/\/api.w.org\/{rel}","templated":true}]}}