{"id":370,"date":"2026-03-25T16:48:34","date_gmt":"2026-03-25T15:48:34","guid":{"rendered":"https:\/\/www.campinglesgranges.fr\/?page_id=370"},"modified":"2026-04-13T16:47:02","modified_gmt":"2026-04-13T14:47:02","slug":"juridische-vermeldingen","status":"publish","type":"page","link":"https:\/\/www.campinglesgranges.fr\/nl\/mentions-legales\/","title":{"rendered":"Wettelijke vermeldingen"},"content":{"rendered":"<div class=\"wp-block-stackable-columns stk-block-columns stk-block stk-80eb86c\" data-block-id=\"80eb86c\"><div class=\"stk-row stk-inner-blocks stk-block-content stk-content-align stk-80eb86c-column\">\n<div class=\"wp-block-stackable-column stk-block-column stk-column stk-block stk-f4778c5\" data-v=\"4\" data-block-id=\"f4778c5\"><div class=\"stk-column-wrapper stk-block-column__content stk-container stk-f4778c5-container stk--no-background stk--no-padding\"><div class=\"stk-block-content stk-inner-blocks stk-f4778c5-inner-blocks\">\n<div class=\"wp-block-stackable-text stk-block-text stk-block stk-240b36a\" data-block-id=\"240b36a\"><p class=\"stk-block-text__text\"><strong>Wie zijn wij?<br><\/strong>Bewerker<br>CAMPING LES GRANGES ***<\/p><\/div>\n\n\n\n<div class=\"wp-block-stackable-text stk-block-text stk-block stk-034dfd6\" data-block-id=\"034dfd6\"><p class=\"stk-block-text__text\">Europalaan<br>37230 LUYNES<br>Tel: 02 47 55 79 05<br>Fax: 02 47 40 92 43<br>E-mail: reception@campinglesgranges.fr<\/p><\/div>\n\n\n\n<p data-block-type=\"core\">Bedrijfsnaam: GRANGES 37, vereenvoudigd aandelenvennootschap<br>Maatschappelijk kapitaal: \u20ac 7.622,45<br>Siret: 432 705 838 00030<br>Code APE: 5530Z<br>RCS: Tours B 432 705 838<br>Intracommunautaire btw: FR88432705838<\/p>\n\n\n\n<div class=\"wp-block-stackable-text stk-block-text stk-block stk-84bd8e0\" data-block-id=\"84bd8e0\"><p class=\"stk-block-text__text\">Hoofdredacteur<br><\/p><\/div>\n<\/div><\/div><\/div>\n\n\n\n<div class=\"wp-block-stackable-column stk-block-column stk-column stk-block stk-1acd036\" data-v=\"4\" data-block-id=\"1acd036\"><div class=\"stk-column-wrapper stk-block-column__content stk-container stk-1acd036-container stk--no-background stk--no-padding\"><div class=\"stk-block-content stk-inner-blocks stk-1acd036-inner-blocks\">\n<div class=\"wp-block-stackable-text stk-block-text stk-block stk-c3c4a3b\" data-block-id=\"c3c4a3b\"><p class=\"stk-block-text__text\"><strong>Technische &amp; Grafische Realisatie:<br><\/strong>SEV \/ Ouest-Communication.com<\/p><\/div>\n\n\n\n<p data-block-type=\"core\">123 Bd Louis Blanc, Hal 2<br>85000 La Roche-sur-Yon<br>Tel. : 02 51 20 30 40<br>E-mailadres: <a href=\"mailto:contact@ouest-communication.com\">contact@ouest-communication.com<\/a><br>Website. <a href=\"https:\/\/www.ouest-communication.com\/\">https:\/\/www.ouest-communication.com\/<\/a><\/p>\n\n\n\n<p data-block-type=\"core\"><strong>Webhosting:<br><\/strong>O2 Wisselen<\/p>\n<\/div><\/div><\/div>\n<\/div><\/div>\n\n\n\n<p data-block-type=\"core\">Gebruik van verzamelde persoonsgegevens<br>Uw persoonlijke gegevens worden uitsluitend gebruikt in het kader van de commerci\u00eble relatie tussen u en de uitgever \u00abCAMPING LES GRANGES ***\u00bb.<\/p>\n\n\n\n<p data-block-type=\"core\">Tenzij expliciet anders overeengekomen door u, worden uw gegevens niet doorgegeven aan derden.<\/p>\n\n\n\n<p data-block-type=\"core\">Contactformulieren<br>De informatie die via formulieren wordt verzameld, wordt opgeslagen in een computerbestand in het kader van een informatieaanvraag en de daaruit voortvloeiende commerci\u00eble relatie. U kunt uw recht op inzage in uw persoonsgegevens uitoefenen door gebruik te maken van het daarvoor bestemde formulier.<\/p>\n\n\n\n<p data-block-type=\"core\">Koekjes<br>Als u een opmerking op onze site achterlaat, wordt u gevraagd om uw naam, e-mailadres en website op te slaan in cookies. Dit is alleen voor uw gemak, zodat u deze informatie niet opnieuw hoeft in te voeren als u later nog een opmerking achterlaat. Deze cookies verlopen na een jaar.<\/p>\n\n\n\n<p data-block-type=\"core\">Als u een account heeft en inlogt op deze site, wordt er een tijdelijke cookie aangemaakt om te bepalen of uw browser cookies accepteert. Deze bevat geen persoonlijke gegevens en wordt automatisch verwijderd wanneer u uw browser sluit.<\/p>\n\n\n\n<p data-block-type=\"core\">Voor statistische doeleinden maakt deze website gebruik van cookies. Deze verzamelen informatie over de pagina's die u heeft bezocht. Ze slaan met name anonieme informatie op over uw geografische locatie, uw browser, enzovoort.<\/p>\n\n\n\n<p data-block-type=\"core\">Media<br>Als je een geregistreerde gebruiker bent en afbeeldingen uploadt naar de website, raden we je aan om geen afbeeldingen te uploaden die EXIF-gegevens met GPS-co\u00f6rdinaten bevatten. Bezoekers van je website kunnen locatiegegevens uit deze afbeeldingen downloaden en extraheren.<\/p>\n\n\n\n<p data-block-type=\"core\">Ingebedde inhoud van andere websites<br>De artikelen op deze site kunnen ingebedde inhoud bevatten (bijvoorbeeld video's, afbeeldingen, artikelen...). Inhoud die van andere sites wordt ingebed, gedraagt zich op dezelfde manier alsof de bezoeker die andere site bezoekt.<\/p>\n\n\n\n<p data-block-type=\"core\">Deze websites kunnen gegevens over u verzamelen, cookies gebruiken, ingesloten hulpprogramma's van derden insluiten en uw interacties met deze ingesloten inhoud volgen als u een ingelogd account op hun website heeft.<\/p>\n\n\n\n<p data-block-type=\"core\">Bewaartermijnen van uw gegevens<br>Als u een reactie achterlaat, worden de reactie en de bijbehorende metadata bewaard. Hierdoor kunnen volgende reacties automatisch worden herkend en goedgekeurd in plaats van dat ze in de wachtrij voor moderatie blijven staan.<\/p>\n\n\n\n<p data-block-type=\"core\">Voor gebruikers en gebruiksters die zich op onze website registreren (indien mogelijk), slaan we ook de persoonsgegevens op die in hun profiel zijn vermeld. Alle gebruikers en gebruiksters kunnen hun persoonsgegevens te allen tijde inzien, wijzigen of verwijderen (met uitzondering van hun gebruikersnaam). De beheerders van de website kunnen deze gegevens ook inzien en wijzigen.<\/p>\n\n\n\n<p data-block-type=\"core\">Uw rechten over uw gegevens<br>Als je een account hebt of als je opmerkingen hebt achtergelaten op de site, kun je een bestand aanvragen met alle persoonsgegevens die we van je hebben, inclusief de gegevens die je zelf hebt verstrekt. Je kunt ook verzoeken om de verwijdering van je persoonsgegevens. Dit geldt niet voor gegevens die worden bewaard voor administratieve, wettelijke of veiligheidsdoeleinden.<\/p>\n\n\n\n<div class=\"wp-block-stackable-text stk-block-text stk-block stk-b992638\" data-block-id=\"b992638\"><style>.stk-b992638 {margin-bottom:var(--stk--preset--spacing--50, clamp(30px, 5vw, 50px)) !important;}<\/style><p class=\"stk-block-text__text\">Fotocredit:<br>A. Verger \u2013 CRT Centre-Val de Loire<br>T. Somerset \u2013 Koninklijk Kasteel van Blois<br>De Coflocs<br>Frederic Paillet<br>E Matha<br>D. Darrault \u2013 Petites Cit\u00e9s de Caract\u00e8re\u00ae<br>Erwan Fiquet<br>V. Treney \u2013 CRT Centre-Val de Loire<br>D. Darrault \u2013 CRT Centre-Val de Loire<\/p><\/div>","protected":false},"excerpt":{"rendered":"<p>Qui sommes-nous ?\u00c9diteurCAMPING LES GRANGES *** Avenue de l\u2019Europe37230 LUYNEST\u00e9l : 02 47 55 79 05Fax : 02 47 40 92 43Email : reception@campinglesgranges.fr Raison sociale : GRANGES 37, soci\u00e9t\u00e9 par actions simplifi\u00e9esCapital social : 7 622,45 \u20acSiret : 432 705 838 00030Code APE : 5530ZRCS : Tours B 432 705 838TVA intracommunautaire : FR88432705838 [&hellip;]<\/p>\n","protected":false},"author":1,"featured_media":56,"parent":0,"menu_order":0,"comment_status":"closed","ping_status":"closed","template":"","meta":{"_acf_changed":false,"_seopress_robots_primary_cat":"","_seopress_titles_title":"Mentions L\u00e9gales | Camping Les Granges (Indre-et-Loire)","_seopress_titles_desc":"Consultez les mentions l\u00e9gales et les conditions d'utilisation du site officiel du Camping Les Granges, \u00e9tablissement 3 \u00e9toiles situ\u00e9 \u00e0 Luynes (37).","_seopress_robots_index":"","_vp_format_video_url":"","_vp_image_focal_point":[],"footnotes":""},"class_list":["post-370","page","type-page","status-publish","has-post-thumbnail","hentry"],"acf":[],"_links":{"self":[{"href":"https:\/\/www.campinglesgranges.fr\/nl\/wp-json\/wp\/v2\/pages\/370","targetHints":{"allow":["GET"]}}],"collection":[{"href":"https:\/\/www.campinglesgranges.fr\/nl\/wp-json\/wp\/v2\/pages"}],"about":[{"href":"https:\/\/www.campinglesgranges.fr\/nl\/wp-json\/wp\/v2\/types\/page"}],"author":[{"embeddable":true,"href":"https:\/\/www.campinglesgranges.fr\/nl\/wp-json\/wp\/v2\/users\/1"}],"replies":[{"embeddable":true,"href":"https:\/\/www.campinglesgranges.fr\/nl\/wp-json\/wp\/v2\/comments?post=370"}],"version-history":[{"count":7,"href":"https:\/\/www.campinglesgranges.fr\/nl\/wp-json\/wp\/v2\/pages\/370\/revisions"}],"predecessor-version":[{"id":812,"href":"https:\/\/www.campinglesgranges.fr\/nl\/wp-json\/wp\/v2\/pages\/370\/revisions\/812"}],"wp:featuredmedia":[{"embeddable":true,"href":"https:\/\/www.campinglesgranges.fr\/nl\/wp-json\/wp\/v2\/media\/56"}],"wp:attachment":[{"href":"https:\/\/www.campinglesgranges.fr\/nl\/wp-json\/wp\/v2\/media?parent=370"}],"curies":[{"name":"wp","href":"https:\/\/api.w.org\/{rel}","templated":true}]}}