{"id":29,"date":"2026-03-10T14:55:59","date_gmt":"2026-03-10T13:55:59","guid":{"rendered":"https:\/\/www.campinglesgranges.fr\/?page_id=29"},"modified":"2026-03-27T12:11:39","modified_gmt":"2026-03-27T11:11:39","slug":"siteplan","status":"publish","type":"page","link":"https:\/\/www.campinglesgranges.fr\/nl\/plan-du-site\/","title":{"rendered":"Sitemap"},"content":{"rendered":"<div class=\"wp-block-wpseopress-sitemap\"><div class=\"wrap-html-sitemap sp-html-sitemap\"><div class=\"sp-wrap-cpt\"><h2 class=\"sp-cpt-name\">Berichten<\/h2><\/div><div class=\"sp-wrap-cpt\"><h2 class=\"sp-cpt-name\">Pagina's<\/h2><ul class=\"sp-list-posts sp-cpt-hierarchical\"><li class=\"page_item page-item-942\"><a href=\"https:\/\/www.campinglesgranges.fr\/nl\/politique-de-cookies-ue\/\">Cookiebeleid (EU)<\/a><\/li><li class=\"page_item page-item-943\"><a href=\"https:\/\/www.campinglesgranges.fr\/nl\/declaration-de-confidentialite-ue\/\">Privacyverklaring (EU)<\/a><\/li><li class=\"page_item page-item-901\"><a href=\"https:\/\/www.campinglesgranges.fr\/nl\/garantie-meteo-flower-camping\/\">Weersgarantie \u2013 Flower Camping<\/a><\/li><li class=\"page_item page-item-799\"><a href=\"https:\/\/www.campinglesgranges.fr\/nl\/activites-loisirs-indre-et-loire\/\">Camping met activiteiten en recreatie Indre-et-Loire<\/a><\/li><li class=\"page_item page-item-790\"><a href=\"https:\/\/www.campinglesgranges.fr\/nl\/foire-aux-questions\/\">Veelgestelde vragen<\/a><\/li><li class=\"page_item page-item-530\"><a href=\"https:\/\/www.campinglesgranges.fr\/nl\/location-emplacement-indre-et-loire\/\">Locatie emplacement nabij Tours in Luynes<\/a><\/li><li class=\"page_item page-item-370\"><a href=\"https:\/\/www.campinglesgranges.fr\/nl\/mentions-legales\/\">Wettelijke vermeldingen<\/a><\/li><li class=\"page_item page-item-335\"><a href=\"https:\/\/www.campinglesgranges.fr\/nl\/telechargements\/\">Downloads<\/a><\/li><li class=\"page_item page-item-329\"><a href=\"https:\/\/www.campinglesgranges.fr\/nl\/avis-clients\/\">Klantbeoordelingen<\/a><\/li><li class=\"page_item page-item-281\"><a href=\"https:\/\/www.campinglesgranges.fr\/nl\/paiement-en-4x-floa\/\">Betalen in 4x FLOA<\/a><\/li><li class=\"page_item page-item-276\"><a href=\"https:\/\/www.campinglesgranges.fr\/nl\/assurance-annulation-campez-couvert\/\">Annuleringsverzekering Campez Couvert<\/a><\/li><li class=\"page_item page-item-272\"><a href=\"https:\/\/www.campinglesgranges.fr\/nl\/location-mobil-home-indre-et-loire\/\">De accommodaties op de camping in Luynes<\/a><\/li><li class=\"page_item page-item-258\"><a href=\"https:\/\/www.campinglesgranges.fr\/nl\/acces-contact\/\">Toegang \/ Contact<\/a><\/li><li class=\"page_item page-item-190\"><a href=\"https:\/\/www.campinglesgranges.fr\/nl\/cote-loisirs\/\">Vrije tijd in Touraine<\/a><ul class='children'><li class=\"page_item page-item-253\"><a href=\"https:\/\/www.campinglesgranges.fr\/nl\/cote-loisirs\/le-futuroscope\/\">Camping 3* nabij Futuroscope<\/a><\/li><li class=\"page_item page-item-249\"><a href=\"https:\/\/www.campinglesgranges.fr\/nl\/cote-loisirs\/zoos\/\">Dierentuinen dichtbij Luynes: Complete gids voor uw gezinsuitjes vanuit Flower Camping Les Granges<\/a><\/li><\/ul><\/li><li class=\"page_item page-item-186\"><a href=\"https:\/\/www.campinglesgranges.fr\/nl\/cote-nature\/\">Natuurlijke omgeving rond Luynes<\/a><ul class='children'><li class=\"page_item page-item-245\"><a href=\"https:\/\/www.campinglesgranges.fr\/nl\/cote-nature\/les-coins-de-peche\/\">Visplekken<\/a><\/li><li class=\"page_item page-item-241\"><a href=\"https:\/\/www.campinglesgranges.fr\/nl\/cote-nature\/les-vignobles-du-val-de-loire\/\">De wijngaarden van de Loirevallei<\/a><\/li><li class=\"page_item page-item-237\"><a href=\"https:\/\/www.campinglesgranges.fr\/nl\/cote-nature\/pistes-cyclables-balades-luynes\/\">Fietspaden en rondritten rond Camping Les Granges in Luynes<\/a><\/li><\/ul><\/li><li class=\"page_item page-item-182\"><a href=\"https:\/\/www.campinglesgranges.fr\/nl\/cote-chateaux\/\">Kantelen<\/a><ul class='children'><li class=\"page_item page-item-233\"><a href=\"https:\/\/www.campinglesgranges.fr\/nl\/cote-chateaux\/le-chateau-de-rigny-usse\/\">Kasteel van Rigny-Uss\u00e9<\/a><\/li><li class=\"page_item page-item-229\"><a href=\"https:\/\/www.campinglesgranges.fr\/nl\/cote-chateaux\/le-chateau-de-villandry\/\">Kasteel van Villandry<\/a><\/li><li class=\"page_item page-item-224\"><a href=\"https:\/\/www.campinglesgranges.fr\/nl\/cote-chateaux\/le-chateau-de-langeais\/\">Kasteel van Langeais<\/a><\/li><li class=\"page_item page-item-220\"><a href=\"https:\/\/www.campinglesgranges.fr\/nl\/cote-chateaux\/le-chateau-de-chenonceau\/\">Kasteel van Chenonceau<\/a><\/li><li class=\"page_item page-item-216\"><a href=\"https:\/\/www.campinglesgranges.fr\/nl\/cote-chateaux\/le-chateau-dazay-le-rideau\/\">Het kasteel van Azay-le-Rideau<\/a><\/li><\/ul><\/li><li class=\"page_item page-item-178\"><a href=\"https:\/\/www.campinglesgranges.fr\/nl\/cote-ville\/\">Steden aan de Loire<\/a><ul class='children'><li class=\"page_item page-item-212\"><a href=\"https:\/\/www.campinglesgranges.fr\/nl\/cote-ville\/saumur\/\">Ontdek Saumur, juweel van de Loirevallei<\/a><\/li><li class=\"page_item page-item-208\"><a href=\"https:\/\/www.campinglesgranges.fr\/nl\/cote-ville\/blois\/\">Blois bezoeken vanuit camping Les Granges de Luynes<\/a><\/li><li class=\"page_item page-item-203\"><a href=\"https:\/\/www.campinglesgranges.fr\/nl\/cote-ville\/chinon\/\">Ontdek Chinon vanaf Flower Camping Les Granges<\/a><\/li><li class=\"page_item page-item-199\"><a href=\"https:\/\/www.campinglesgranges.fr\/nl\/cote-ville\/amboise\/\">Bezoek Amboise en de onmisbare bezienswaardigheden vanuit Flower Camping Les Granges<\/a><\/li><li class=\"page_item page-item-194\"><a href=\"https:\/\/www.campinglesgranges.fr\/nl\/cote-ville\/camping-tours\/\">Camping 10 km van Tours<\/a><\/li><\/ul><\/li><li class=\"page_item page-item-174\"><a href=\"https:\/\/www.campinglesgranges.fr\/nl\/marches-bonnes-adresses-luynes\/\">Markten &amp; goede adressen in Luynes<\/a><\/li><li class=\"page_item page-item-170\"><a href=\"https:\/\/www.campinglesgranges.fr\/nl\/camping-a-luynes\/\">Camping in het hart van Luynes<\/a><\/li><li class=\"page_item page-item-165\"><a href=\"https:\/\/www.campinglesgranges.fr\/nl\/camping-piscine-indre-et-loire\/\">Camping met zwembad in Tours in de Loirestreek<\/a><\/li><li class=\"page_item page-item-149\"><a href=\"https:\/\/www.campinglesgranges.fr\/nl\/camping-services-indre-et-loire\/\">3-sterren Services Indre-et-Loire<\/a><\/li><li class=\"page_item page-item-135\"><a href=\"https:\/\/www.campinglesgranges.fr\/nl\/bonnes-raisons-de-venir-au-camping\/\">Goede redenen om naar de camping te komen<\/a><\/li><li class=\"page_item page-item-126\"><a href=\"https:\/\/www.campinglesgranges.fr\/nl\/engagements-et-valeurs\/\">Onze toewijdingen en waarden<\/a><\/li><li class=\"page_item page-item-29\"><a href=\"https:\/\/www.campinglesgranges.fr\/nl\/plan-du-site\/\">Sitemap<\/a><\/li><li class=\"page_item page-item-10\"><a href=\"https:\/\/www.campinglesgranges.fr\/nl\/\">Welkom<\/a><\/li><\/ul><\/div><\/div><\/div>\n\n\n<p data-block-type=\"core\"><\/p>","protected":false},"excerpt":{"rendered":"","protected":false},"author":1,"featured_media":56,"parent":0,"menu_order":0,"comment_status":"closed","ping_status":"closed","template":"","meta":{"_acf_changed":false,"_seopress_robots_primary_cat":"","_seopress_titles_title":"Plan du site | Camping Les Granges en Indre-et-Loire (37)","_seopress_titles_desc":"Retrouvez toutes les pages de notre camping 3 \u00e9toiles en Indre-et-Loire. Organisez votre s\u00e9jour au c\u0153ur du Val de Loire et d\u00e9couvrez nos services et activit\u00e9s.","_seopress_robots_index":"","_vp_format_video_url":"","_vp_image_focal_point":[],"footnotes":""},"class_list":["post-29","page","type-page","status-publish","has-post-thumbnail","hentry"],"acf":[],"_links":{"self":[{"href":"https:\/\/www.campinglesgranges.fr\/nl\/wp-json\/wp\/v2\/pages\/29","targetHints":{"allow":["GET"]}}],"collection":[{"href":"https:\/\/www.campinglesgranges.fr\/nl\/wp-json\/wp\/v2\/pages"}],"about":[{"href":"https:\/\/www.campinglesgranges.fr\/nl\/wp-json\/wp\/v2\/types\/page"}],"author":[{"embeddable":true,"href":"https:\/\/www.campinglesgranges.fr\/nl\/wp-json\/wp\/v2\/users\/1"}],"replies":[{"embeddable":true,"href":"https:\/\/www.campinglesgranges.fr\/nl\/wp-json\/wp\/v2\/comments?post=29"}],"version-history":[{"count":3,"href":"https:\/\/www.campinglesgranges.fr\/nl\/wp-json\/wp\/v2\/pages\/29\/revisions"}],"predecessor-version":[{"id":512,"href":"https:\/\/www.campinglesgranges.fr\/nl\/wp-json\/wp\/v2\/pages\/29\/revisions\/512"}],"wp:featuredmedia":[{"embeddable":true,"href":"https:\/\/www.campinglesgranges.fr\/nl\/wp-json\/wp\/v2\/media\/56"}],"wp:attachment":[{"href":"https:\/\/www.campinglesgranges.fr\/nl\/wp-json\/wp\/v2\/media?parent=29"}],"curies":[{"name":"wp","href":"https:\/\/api.w.org\/{rel}","templated":true}]}}