{"id":276,"date":"2026-03-20T13:57:26","date_gmt":"2026-03-20T12:57:26","guid":{"rendered":"https:\/\/www.campinglesgranges.fr\/?page_id=276"},"modified":"2026-04-23T10:14:55","modified_gmt":"2026-04-23T08:14:55","slug":"reisannuleringsverzekering-campez-couvert","status":"publish","type":"page","link":"https:\/\/www.campinglesgranges.fr\/nl\/assurance-annulation-campez-couvert\/","title":{"rendered":"Annuleringsverzekering Campez Couvert"},"content":{"rendered":"<div class=\"wp-block-stackable-text stk-block-text stk-block stk-0cec47c\" data-block-id=\"0cec47c\"><p class=\"stk-block-text__text\">Le <a href=\"https:\/\/www.campinglesgranges.fr\/nl\/\">Flowercamping Les Granges<\/a> biedt een zeer nuttige optie voor uw verblijf: de annuleringsverzekering Campezcouvert.<\/p><\/div>\n\n\n\n<div class=\"wp-block-stackable-text stk-block-text stk-block stk-8db7b0d\" data-block-id=\"8db7b0d\"><p class=\"stk-block-text__text\">De Campezcouvert annuleringsverzekering is ontworpen om u gemoedsrust te bieden bij het boeken van uw staanplaats of accommodatie. In geval van onvoorziene omstandigheden, zoals ziekte, een ongeval of een ander onvoorspelbaar evenement, kunt u met deze verzekering uw verblijf kosteloos annuleren.<\/p><\/div>\n\n\n\n<div class=\"wp-block-stackable-text stk-block-text stk-block stk-e214e88\" data-block-id=\"e214e88\"><p class=\"stk-block-text__text\">Hier zijn enkele voordelen van Campezcouvert-verzekeringen:<\/p><\/div>\n\n\n\n<div class=\"wp-block-stackable-text stk-block-text stk-block stk-be1e730\" data-block-id=\"be1e730\"><p class=\"stk-block-text__text translation-block\">Terugbetaling: Indien u uw reservering moet annuleren, ontvangt u onder bepaalde voorwaarden de betaalde bedragen terug.<br>Eenvoud: Het afsluiten van deze verzekering is snel en gemakkelijk, zodat u zonder zorgen van uw reservering kunt genieten.<br>Bescherming: Deze verzekering beschermt u tegen onvoorziene gebeurtenissen die uw vakantieplannen kunnen verstoren: Late aankomst of vroegtijdig vertrek? Pech met het voertuig?<br>Wij raden u ten zeerste aan om deze optie te overwegen bij uw reservering, zodat u ten volle en met een gerust hart van uw verblijf kunt genieten. Als u vragen heeft of meer wilt weten, aarzel dan niet om contact met ons op te nemen. Wij helpen u graag!<\/p><\/div>\n\n\n\n<div class=\"wp-block-stackable-text stk-block-text stk-block stk-dc5791c\" data-block-id=\"dc5791c\"><p class=\"stk-block-text__text\">Wij wensen u een uitstekend verblijf op camping Les Granges de Luynes!<\/p><\/div>\n\n\n\n<div class=\"wp-block-stackable-text stk-block-text stk-block stk-600b77b\" data-block-id=\"600b77b\"><style>.stk-600b77b {margin-bottom:var(--stk--preset--spacing--50, clamp(30px, 5vw, 50px)) !important;}<\/style><p class=\"stk-block-text__text\"><a href=\"https:\/\/www.campez-couvert.com\/pour-les-particuliers\/prendre-connaissance-des-cga\/\" target=\"_blank\" rel=\"noreferrer noopener\">Kennis nemen van de CGA<\/a><\/p><\/div>","protected":false},"excerpt":{"rendered":"<p>Le Flowercamping Les Granges vous propose une option tr\u00e8s utile pour votre s\u00e9jour : l\u2019assurance annulation Campezcouvert. L\u2019assurance annulation Campezcouvert est con\u00e7ue pour vous offrir une tranquillit\u00e9 d\u2019esprit lors de la r\u00e9servation de votre emplacement ou de votre h\u00e9bergement. En cas d\u2019impr\u00e9vu, comme une maladie, un accident ou tout autre \u00e9v\u00e9nement impr\u00e9visible, cette assurance vous [&hellip;]<\/p>\n","protected":false},"author":1,"featured_media":56,"parent":0,"menu_order":0,"comment_status":"closed","ping_status":"closed","template":"","meta":{"_acf_changed":false,"_seopress_robots_primary_cat":"","_seopress_titles_title":"Assurance annulation - Camping Les Granges","_seopress_titles_desc":"Gr\u00e2ce \u00e0 l'assurance annulation Campez Couvert, offrez vous la tranquillit\u00e9 d'esprit lors de la r\u00e9servation de votre s\u00e9jour au camping Les Granges","_seopress_robots_index":"","_vp_format_video_url":"","_vp_image_focal_point":[],"footnotes":""},"class_list":["post-276","page","type-page","status-publish","has-post-thumbnail","hentry"],"acf":[],"_links":{"self":[{"href":"https:\/\/www.campinglesgranges.fr\/nl\/wp-json\/wp\/v2\/pages\/276","targetHints":{"allow":["GET"]}}],"collection":[{"href":"https:\/\/www.campinglesgranges.fr\/nl\/wp-json\/wp\/v2\/pages"}],"about":[{"href":"https:\/\/www.campinglesgranges.fr\/nl\/wp-json\/wp\/v2\/types\/page"}],"author":[{"embeddable":true,"href":"https:\/\/www.campinglesgranges.fr\/nl\/wp-json\/wp\/v2\/users\/1"}],"replies":[{"embeddable":true,"href":"https:\/\/www.campinglesgranges.fr\/nl\/wp-json\/wp\/v2\/comments?post=276"}],"version-history":[{"count":3,"href":"https:\/\/www.campinglesgranges.fr\/nl\/wp-json\/wp\/v2\/pages\/276\/revisions"}],"predecessor-version":[{"id":369,"href":"https:\/\/www.campinglesgranges.fr\/nl\/wp-json\/wp\/v2\/pages\/276\/revisions\/369"}],"wp:featuredmedia":[{"embeddable":true,"href":"https:\/\/www.campinglesgranges.fr\/nl\/wp-json\/wp\/v2\/media\/56"}],"wp:attachment":[{"href":"https:\/\/www.campinglesgranges.fr\/nl\/wp-json\/wp\/v2\/media?parent=276"}],"curies":[{"name":"wp","href":"https:\/\/api.w.org\/{rel}","templated":true}]}}