{"id":241,"date":"2026-03-19T16:25:13","date_gmt":"2026-03-19T15:25:13","guid":{"rendered":"https:\/\/www.campinglesgranges.fr\/?page_id=241"},"modified":"2026-04-23T10:10:30","modified_gmt":"2026-04-23T08:10:30","slug":"de-wijngaarden-van-de-loirevallei","status":"publish","type":"page","link":"https:\/\/www.campinglesgranges.fr\/nl\/cote-nature\/les-vignobles-du-val-de-loire\/","title":{"rendered":"De wijngaarden van de Loirevallei"},"content":{"rendered":"<div class=\"wp-block-stackable-columns alignfull stk-block-columns stk-block stk-dd23a22\" data-block-id=\"dd23a22\"><style>.stk-dd23a22 .stk--block-align-dd23a22{align-items:center !important;}.stk-dd23a22 {margin-bottom:var(--stk--preset--spacing--60, clamp(30px, 7vw, 70px)) !important;}.stk-dd23a22-column{max-width:1280px !important;min-width:auto !important;--stk-column-gap:var(--stk--preset--spacing--50, clamp(30px, 5vw, 50px)) !important;}@media screen and (max-width: 767px){.stk-dd23a22 {--stk-col-order-1:2 !important;--stk-col-order-2:1 !important;}}<\/style><div class=\"stk-row stk-inner-blocks stk--block-align-dd23a22 stk-block-content stk-content-align stk-dd23a22-column alignwide\">\n<div class=\"wp-block-stackable-column stk-block-column stk-column stk-block stk-836118b\" data-v=\"4\" data-block-id=\"836118b\"><div class=\"stk-column-wrapper stk-block-column__content stk-container stk-836118b-container stk--no-background stk--no-padding\"><div class=\"stk-block-content stk-inner-blocks stk-836118b-inner-blocks\">\n<div class=\"wp-block-stackable-image stk-block-image stk-block stk-f9d2a41\" data-block-id=\"f9d2a41\"><style>.stk-f9d2a41 .stk-img-wrapper{width:100% !important;height:700px !important;filter:drop-shadow(2px 2px 9px #00000070) !important;}.stk-f9d2a41 .stk-img-wrapper img{border-radius:25px !important;}@media screen and (max-width: 767px){.stk-f9d2a41 .stk-img-wrapper{height:400px !important;}}<\/style><figure><span class=\"stk-img-wrapper stk-image--shape-stretch stk--shadow-2px 2px 9px #00000070\"><img loading=\"lazy\" decoding=\"async\" class=\"stk-img wp-image-447\" src=\"https:\/\/www.campinglesgranges.fr\/wp-content\/uploads\/2026\/03\/rv_dans_les_vignes_1614_credit_ddarrault_crtcentrevaldeloire_webformat.webp\" width=\"800\" height=\"534\" alt=\"kasteel aan de Loire - tussen de wijngaarden\" srcset=\"https:\/\/www.campinglesgranges.fr\/wp-content\/uploads\/2026\/03\/rv_dans_les_vignes_1614_credit_ddarrault_crtcentrevaldeloire_webformat.webp 800w, https:\/\/www.campinglesgranges.fr\/wp-content\/uploads\/2026\/03\/rv_dans_les_vignes_1614_credit_ddarrault_crtcentrevaldeloire_webformat-300x200.webp 300w, https:\/\/www.campinglesgranges.fr\/wp-content\/uploads\/2026\/03\/rv_dans_les_vignes_1614_credit_ddarrault_crtcentrevaldeloire_webformat-768x513.webp 768w, https:\/\/www.campinglesgranges.fr\/wp-content\/uploads\/2026\/03\/rv_dans_les_vignes_1614_credit_ddarrault_crtcentrevaldeloire_webformat-500x334.webp 500w\" sizes=\"auto, (max-width: 800px) 100vw, 800px\" \/><\/span><\/figure><\/div>\n<\/div><\/div><\/div>\n\n\n\n<div class=\"wp-block-stackable-column stk-block-column stk-column stk-block stk-53ee707\" data-v=\"4\" data-block-id=\"53ee707\"><div class=\"stk-column-wrapper stk-block-column__content stk-container stk-53ee707-container stk--no-background stk--no-padding\"><div class=\"stk-block-content stk-inner-blocks stk-53ee707-inner-blocks\">\n<div class=\"wp-block-stackable-text stk-block-text stk-block stk-27250a1\" id=\"la-vallee-de-la-loire-est-celebre-pour-ses-magnifiques-vignobles-et-ses-vins-de-renommee-mondiale-voici-quelques-uns-des-plus-beaux-vignobles-a-decouvrir-lors-de-votre-sejour-au-camping-flower-les-granges\" data-block-id=\"27250a1\"><p class=\"stk-block-text__text\">De Loire-vallei staat bekend om zijn prachtige wijngaarden en wereldberoemde wijnen. Hier zijn enkele van de mooiste wijngaarden om te ontdekken tijdens uw verblijf in <a href=\"https:\/\/www.campinglesgranges.fr\/nl\/\">camping Flower Les Granges<\/a><\/p><\/div>\n\n\n\n<div class=\"wp-block-stackable-icon-list stk-block-icon-list stk-block stk-b8b5742\" data-block-id=\"b8b5742\"><style>.stk-b8b5742 {--stk-icon-list-marker-color:var(--stk-global-color-35744, #115390) !important;--stk-icon-list-icon-size:6px !important;}.stk-b8b5742 .stk-block-icon-list-item__content{align-items:baseline !important;}<\/style><svg style=\"display:none\"><defs><g id=\"stk-icon-list__icon-svg-def-b8b5742\"><svg xmlns=\"http:\/\/www.w3.org\/2000\/svg\" viewbox=\"0 0 512 512\"><path d=\"M256 512A256 256 0 1 0 256 0a256 256 0 1 0 0 512z\"\/><\/svg><\/g><\/defs><\/svg><ul class=\"stk-block-icon-list__ul stk-block-icon-list--column\">\n<li class=\"wp-block-stackable-icon-list-item stk-block-icon-list-item stk-block stk-c87d64c\" data-block-id=\"c87d64c\"><div class=\"stk-block-icon-list-item__content\"><span class=\"stk--svg-wrapper\"><div class=\"stk--inner-svg\"><svg aria-hidden=\"true\" width=\"32\" height=\"32\"><use xlink:href=\"#stk-icon-list__icon-svg-def-b8b5742\"><\/use><\/svg><\/div><\/span><span class=\"stk-block-icon-list-item__text\"><strong>Wijngebied Vouvray:<\/strong> Gelegen nabij <a href=\"https:\/\/www.campinglesgranges.fr\/nl\/campingtochten\/\" data-type=\"page\" data-id=\"194\">Rondleidingen<\/a>, het wijngaardgebied Vouvray staat bekend om zijn witte wijnen van Chenin Blanc. Je kunt er verschillende kelders bezoeken en bruisende, halfdroge en zoete wijnen proeven terwijl je geniet van de pittoreske landschappen. Wijngaardgebied Chinon: Dit wijngaardgebied is beroemd om zijn rode wijnen van Cabernet Franc. De regio biedt prachtige landschappen van wijngaarden en kastelen. Aarzel niet om de kelders te bezoeken en de verschillende crus te proeven terwijl je de charmante stad verkent <a href=\"https:\/\/www.campinglesgranges.fr\/nl\/chinon\/\" data-type=\"page\" data-id=\"203\">Chinon<\/a>.<\/span><\/div><\/li>\n\n\n\n<li class=\"wp-block-stackable-icon-list-item stk-block-icon-list-item stk-block stk-649ff82\" data-block-id=\"649ff82\"><div class=\"stk-block-icon-list-item__content\"><span class=\"stk--svg-wrapper\"><div class=\"stk--inner-svg\"><svg aria-hidden=\"true\" width=\"32\" height=\"32\"><use xlink:href=\"#stk-icon-list__icon-svg-def-b8b5742\"><\/use><\/svg><\/div><\/span><span class=\"stk-block-icon-list-item__text\"><strong>Chinon wijngaard:<\/strong> Dit wijndomein staat bekend om zijn rode wijnen op basis van Cabernet Franc. De regio biedt prachtige landschappen met wijngaarden en kastelen. Aarzel niet om de kelders te bezoeken en de verschillende wijnen te proeven terwijl u de charmante stad Chinon verkent.<\/span><\/div><\/li>\n\n\n\n<li class=\"wp-block-stackable-icon-list-item stk-block-icon-list-item stk-block stk-b25bff2\" data-block-id=\"b25bff2\"><div class=\"stk-block-icon-list-item__content\"><span class=\"stk--svg-wrapper\"><div class=\"stk--inner-svg\"><svg aria-hidden=\"true\" width=\"32\" height=\"32\"><use xlink:href=\"#stk-icon-list__icon-svg-def-b8b5742\"><\/use><\/svg><\/div><\/span><span class=\"stk-block-icon-list-item__text\"><strong>Wijngaard van Saumur: <\/strong>De wijngaard van <a href=\"https:\/\/www.campinglesgranges.fr\/nl\/saumur\/\" data-type=\"page\" data-id=\"212\">Saumur<\/a> staat bekend om zijn witte, rode en ros\u00e9 wijnen. De mousserende wijnen, **\u00abSaumur Brut\u00bb** genoemd, worden bijzonder gewaardeerd. U kunt wijndomeinen bezoeken en genieten van de schoonheid van het omliggende landschap<\/span><\/div><\/li>\n\n\n\n<li class=\"wp-block-stackable-icon-list-item stk-block-icon-list-item stk-block stk-9948f1c\" data-block-id=\"9948f1c\"><div class=\"stk-block-icon-list-item__content\"><span class=\"stk--svg-wrapper\"><div class=\"stk--inner-svg\"><svg aria-hidden=\"true\" width=\"32\" height=\"32\"><use xlink:href=\"#stk-icon-list__icon-svg-def-b8b5742\"><\/use><\/svg><\/div><\/span><span class=\"stk-block-icon-list-item__text\"><strong>Wijngaard van Bourgueil: <\/strong>Gelegen nabij Chinon, staat deze wijnregio ook bekend om zijn rode wijnen op basis van Cabernet Franc. De glooiende landschappen en charmante wijndorpen maken het een mooie bestemming voor wijnliefhebbers.<\/span><\/div><\/li>\n\n\n\n<li class=\"wp-block-stackable-icon-list-item stk-block-icon-list-item stk-block stk-3dd0aba\" data-block-id=\"3dd0aba\"><div class=\"stk-block-icon-list-item__content\"><span class=\"stk--svg-wrapper\"><div class=\"stk--inner-svg\"><svg aria-hidden=\"true\" width=\"32\" height=\"32\"><use xlink:href=\"#stk-icon-list__icon-svg-def-b8b5742\"><\/use><\/svg><\/div><\/span><span class=\"stk-block-icon-list-item__text\"><strong>Wijngaard van Montlouis-sur-Loire:<\/strong> Dit wijnhuis, gelegen naast Vouvray, produceert ook witte wijnen op basis van Chenin Blanc. Kelderrondleidingen en proeverijen laten u de diversiteit van de wijnen uit de regio ontdekken.<\/span><\/div><\/li>\n<\/ul><\/div>\n<\/div><\/div><\/div>\n<\/div><\/div>\n\n\n\n<div class=\"wp-block-stackable-columns alignfull stk-block-columns stk-block stk-be90d9c\" data-block-id=\"be90d9c\"><style>.stk-be90d9c {margin-bottom:var(--stk--preset--spacing--60, clamp(30px, 7vw, 70px)) !important;}.stk-be90d9c-column{max-width:100% !important;min-width:auto !important;}<\/style><div class=\"stk-row stk-inner-blocks stk-block-content stk-content-align stk-be90d9c-column alignfull\">\n<div class=\"wp-block-stackable-column stk-block-column stk-column stk-block stk-97b218c\" data-v=\"4\" data-block-id=\"97b218c\"><div class=\"stk-column-wrapper stk-block-column__content stk-container stk-97b218c-container stk--no-background stk--no-padding\"><div class=\"stk-block-content stk-inner-blocks stk-97b218c-inner-blocks\"><div class=\"wp-block-visual-portfolio alignfull\">\n<div class=\"vp-portfolio vp-uid-50934687 vp-id-ZIMFjv\"\n\tdata-vp-layout=\"masonry\" data-vp-content-source=\"images\" data-vp-items-style=\"default\" data-vp-items-click-action=\"popup_gallery\" data-vp-items-gap=\"15\" data-vp-items-gap-vertical=\"\" data-vp-pagination=\"load-more\" data-vp-next-page-url=\"\" data-vp-masonry-columns=\"4\" data-vp-masonry-images-aspect-ratio=\"4:3\" >\n\t<div class=\"vp-portfolio__preloader-wrap\">\n\t\t<div class=\"vp-portfolio__preloader\">\n\t\t\t<img decoding=\"async\" loading=\"eager\" src=\"https:\/\/www.campinglesgranges.fr\/wp-content\/plugins\/visual-portfolio\/assets\/images\/logo-dark.svg\" alt=\"Visual Portfolio, Posts &amp; Image Gallery for WordPress\" width=\"20\" height=\"20\" data-skip-lazy>\n\t\t<\/div>\n\t<\/div>\n\t\t<div class=\"vp-portfolio__items-wrap\">\n\t\t\t\n<div class=\"vp-portfolio__items vp-portfolio__items-style-default vp-portfolio__items-show-overlay-hover\">\n\n\t\t<div\t\tclass=\"vp-portfolio__item-wrap vp-portfolio__item-uid-80b26538\" data-vp-filter=\"\" \t\t>\n\t\t\t<template class=\"vp-portfolio__item-popup\" style=\"display: none\" data-vp-popup-img=\"https:\/\/www.campinglesgranges.fr\/wp-content\/uploads\/2026\/03\/rv_dans_les_vignes_1614_credit_ddarrault_crtcentrevaldeloire_webformat.webp\" data-vp-popup-img-srcset=\"https:\/\/www.campinglesgranges.fr\/wp-content\/uploads\/2026\/03\/rv_dans_les_vignes_1614_credit_ddarrault_crtcentrevaldeloire_webformat.webp 800w, https:\/\/www.campinglesgranges.fr\/wp-content\/uploads\/2026\/03\/rv_dans_les_vignes_1614_credit_ddarrault_crtcentrevaldeloire_webformat-300x200.webp 300w, https:\/\/www.campinglesgranges.fr\/wp-content\/uploads\/2026\/03\/rv_dans_les_vignes_1614_credit_ddarrault_crtcentrevaldeloire_webformat-768x513.webp 768w, https:\/\/www.campinglesgranges.fr\/wp-content\/uploads\/2026\/03\/rv_dans_les_vignes_1614_credit_ddarrault_crtcentrevaldeloire_webformat-500x334.webp 500w\" data-vp-popup-img-size=\"800x534\" data-vp-popup-md-img=\"https:\/\/www.campinglesgranges.fr\/wp-content\/uploads\/2026\/03\/rv_dans_les_vignes_1614_credit_ddarrault_crtcentrevaldeloire_webformat.webp\" data-vp-popup-md-img-size=\"800x534\" data-vp-popup-sm-img=\"https:\/\/www.campinglesgranges.fr\/wp-content\/uploads\/2026\/03\/rv_dans_les_vignes_1614_credit_ddarrault_crtcentrevaldeloire_webformat-500x334.webp\" data-vp-popup-sm-img-size=\"500x334\">\n\t<\/template>\n\t\t\t\t\t\t<figure class=\"vp-portfolio__item\">\n\t\t\t\t\n<div class=\"vp-portfolio__item-img-wrap\">\n\t<div class=\"vp-portfolio__item-img\">\n\t\t\t<a\n\t\thref=\"https:\/\/www.campinglesgranges.fr\/wp-content\/uploads\/2026\/03\/rv_dans_les_vignes_1614_credit_ddarrault_crtcentrevaldeloire_webformat.webp\"\n\t\taria-label=\"Open image\" \t>\n\t\n\t\t<noscript><img loading=\"lazy\" decoding=\"async\" width=\"800\" height=\"534\" data-skip-lazy src=\"https:\/\/www.campinglesgranges.fr\/wp-content\/uploads\/2026\/03\/rv_dans_les_vignes_1614_credit_ddarrault_crtcentrevaldeloire_webformat.webp\" class=\"wp-image-447\" alt=\"in de wijngaarden\" srcset=\"https:\/\/www.campinglesgranges.fr\/wp-content\/uploads\/2026\/03\/rv_dans_les_vignes_1614_credit_ddarrault_crtcentrevaldeloire_webformat.webp 800w, https:\/\/www.campinglesgranges.fr\/wp-content\/uploads\/2026\/03\/rv_dans_les_vignes_1614_credit_ddarrault_crtcentrevaldeloire_webformat-300x200.webp 300w, https:\/\/www.campinglesgranges.fr\/wp-content\/uploads\/2026\/03\/rv_dans_les_vignes_1614_credit_ddarrault_crtcentrevaldeloire_webformat-768x513.webp 768w, https:\/\/www.campinglesgranges.fr\/wp-content\/uploads\/2026\/03\/rv_dans_les_vignes_1614_credit_ddarrault_crtcentrevaldeloire_webformat-500x334.webp 500w\" sizes=\"auto, (max-width: 800px) 100vw, 800px\" \/><\/noscript><img fetchpriority=\"high\" decoding=\"async\" width=\"800\" height=\"534\" src=\"https:\/\/www.campinglesgranges.fr\/wp-content\/uploads\/2026\/03\/rv_dans_les_vignes_1614_credit_ddarrault_crtcentrevaldeloire_webformat.webp\" class=\"wp-image-447 vp-lazyload\" alt=\"in de wijngaarden\" srcset=\"data:image\/svg+xml;base64,PHN2ZyB3aWR0aD0iODAwIiBoZWlnaHQ9IjUzNCIgdmlld0JveD0iMCAwIDgwMCA1MzQiIGZpbGw9Im5vbmUiIHhtbG5zPSJodHRwOi8vd3d3LnczLm9yZy8yMDAwL3N2ZyI+PC9zdmc+\" data-src=\"https:\/\/www.campinglesgranges.fr\/wp-content\/uploads\/2026\/03\/rv_dans_les_vignes_1614_credit_ddarrault_crtcentrevaldeloire_webformat.webp\" data-srcset=\"https:\/\/www.campinglesgranges.fr\/wp-content\/uploads\/2026\/03\/rv_dans_les_vignes_1614_credit_ddarrault_crtcentrevaldeloire_webformat.webp 800w, https:\/\/www.campinglesgranges.fr\/wp-content\/uploads\/2026\/03\/rv_dans_les_vignes_1614_credit_ddarrault_crtcentrevaldeloire_webformat-300x200.webp 300w, https:\/\/www.campinglesgranges.fr\/wp-content\/uploads\/2026\/03\/rv_dans_les_vignes_1614_credit_ddarrault_crtcentrevaldeloire_webformat-768x513.webp 768w, https:\/\/www.campinglesgranges.fr\/wp-content\/uploads\/2026\/03\/rv_dans_les_vignes_1614_credit_ddarrault_crtcentrevaldeloire_webformat-500x334.webp 500w\" data-sizes=\"auto\" loading=\"eager\">\n\t\t<div class=\"vp-portfolio__item-overlay\">\n\t\t\t\t\t<\/div>\n\n\t\t<\/a>\t<\/div>\n<\/div>\n\n\t\t\t<\/figure>\n\t\t\t\t\t<\/div>\n\t\t\n\t\t<div\t\tclass=\"vp-portfolio__item-wrap vp-portfolio__item-uid-4f0932cb\" data-vp-filter=\"\" \t\t>\n\t\t\t<template class=\"vp-portfolio__item-popup\" style=\"display: none\" data-vp-popup-img=\"https:\/\/www.campinglesgranges.fr\/wp-content\/uploads\/2026\/03\/vins-et-vignobles_d-copie15_webformat.webp\" data-vp-popup-img-srcset=\"https:\/\/www.campinglesgranges.fr\/wp-content\/uploads\/2026\/03\/vins-et-vignobles_d-copie15_webformat.webp 800w, https:\/\/www.campinglesgranges.fr\/wp-content\/uploads\/2026\/03\/vins-et-vignobles_d-copie15_webformat-300x200.webp 300w, https:\/\/www.campinglesgranges.fr\/wp-content\/uploads\/2026\/03\/vins-et-vignobles_d-copie15_webformat-768x512.webp 768w, https:\/\/www.campinglesgranges.fr\/wp-content\/uploads\/2026\/03\/vins-et-vignobles_d-copie15_webformat-500x333.webp 500w\" data-vp-popup-img-size=\"800x533\" data-vp-popup-md-img=\"https:\/\/www.campinglesgranges.fr\/wp-content\/uploads\/2026\/03\/vins-et-vignobles_d-copie15_webformat.webp\" data-vp-popup-md-img-size=\"800x533\" data-vp-popup-sm-img=\"https:\/\/www.campinglesgranges.fr\/wp-content\/uploads\/2026\/03\/vins-et-vignobles_d-copie15_webformat-500x333.webp\" data-vp-popup-sm-img-size=\"500x333\">\n\t<\/template>\n\t\t\t\t\t\t<figure class=\"vp-portfolio__item\">\n\t\t\t\t\n<div class=\"vp-portfolio__item-img-wrap\">\n\t<div class=\"vp-portfolio__item-img\">\n\t\t\t<a\n\t\thref=\"https:\/\/www.campinglesgranges.fr\/wp-content\/uploads\/2026\/03\/vins-et-vignobles_d-copie15_webformat.webp\"\n\t\taria-label=\"Open image\" \t>\n\t\n\t\t<noscript><img loading=\"lazy\" decoding=\"async\" width=\"800\" height=\"533\" data-skip-lazy src=\"https:\/\/www.campinglesgranges.fr\/wp-content\/uploads\/2026\/03\/vins-et-vignobles_d-copie15_webformat.webp\" class=\"wp-image-446\" alt=\"wijnen en wijngaarden\" srcset=\"https:\/\/www.campinglesgranges.fr\/wp-content\/uploads\/2026\/03\/vins-et-vignobles_d-copie15_webformat.webp 800w, https:\/\/www.campinglesgranges.fr\/wp-content\/uploads\/2026\/03\/vins-et-vignobles_d-copie15_webformat-300x200.webp 300w, https:\/\/www.campinglesgranges.fr\/wp-content\/uploads\/2026\/03\/vins-et-vignobles_d-copie15_webformat-768x512.webp 768w, https:\/\/www.campinglesgranges.fr\/wp-content\/uploads\/2026\/03\/vins-et-vignobles_d-copie15_webformat-500x333.webp 500w\" sizes=\"auto, (max-width: 800px) 100vw, 800px\" \/><\/noscript><img decoding=\"async\" width=\"800\" height=\"533\" src=\"https:\/\/www.campinglesgranges.fr\/wp-content\/uploads\/2026\/03\/vins-et-vignobles_d-copie15_webformat.webp\" class=\"wp-image-446 vp-lazyload\" alt=\"wijnen en wijngaarden\" srcset=\"data:image\/svg+xml;base64,PHN2ZyB3aWR0aD0iODAwIiBoZWlnaHQ9IjUzMyIgdmlld0JveD0iMCAwIDgwMCA1MzMiIGZpbGw9Im5vbmUiIHhtbG5zPSJodHRwOi8vd3d3LnczLm9yZy8yMDAwL3N2ZyI+PC9zdmc+\" data-src=\"https:\/\/www.campinglesgranges.fr\/wp-content\/uploads\/2026\/03\/vins-et-vignobles_d-copie15_webformat.webp\" data-srcset=\"https:\/\/www.campinglesgranges.fr\/wp-content\/uploads\/2026\/03\/vins-et-vignobles_d-copie15_webformat.webp 800w, https:\/\/www.campinglesgranges.fr\/wp-content\/uploads\/2026\/03\/vins-et-vignobles_d-copie15_webformat-300x200.webp 300w, https:\/\/www.campinglesgranges.fr\/wp-content\/uploads\/2026\/03\/vins-et-vignobles_d-copie15_webformat-768x512.webp 768w, https:\/\/www.campinglesgranges.fr\/wp-content\/uploads\/2026\/03\/vins-et-vignobles_d-copie15_webformat-500x333.webp 500w\" data-sizes=\"auto\" loading=\"eager\">\n\t\t<div class=\"vp-portfolio__item-overlay\">\n\t\t\t\t\t<\/div>\n\n\t\t<\/a>\t<\/div>\n<\/div>\n\n\t\t\t<\/figure>\n\t\t\t\t\t<\/div>\n\t\t\n\t\t<div\t\tclass=\"vp-portfolio__item-wrap vp-portfolio__item-uid-c4b5cc9f\" data-vp-filter=\"\" \t\t>\n\t\t\t<template class=\"vp-portfolio__item-popup\" style=\"display: none\" data-vp-popup-img=\"https:\/\/www.campinglesgranges.fr\/wp-content\/uploads\/2026\/03\/sancerrois-03-cmouton-copie_webformat.webp\" data-vp-popup-img-srcset=\"https:\/\/www.campinglesgranges.fr\/wp-content\/uploads\/2026\/03\/sancerrois-03-cmouton-copie_webformat.webp 450w, https:\/\/www.campinglesgranges.fr\/wp-content\/uploads\/2026\/03\/sancerrois-03-cmouton-copie_webformat-225x300.webp 225w\" data-vp-popup-img-size=\"450x600\" data-vp-popup-md-img=\"https:\/\/www.campinglesgranges.fr\/wp-content\/uploads\/2026\/03\/sancerrois-03-cmouton-copie_webformat.webp\" data-vp-popup-md-img-size=\"450x600\" data-vp-popup-sm-img=\"https:\/\/www.campinglesgranges.fr\/wp-content\/uploads\/2026\/03\/sancerrois-03-cmouton-copie_webformat.webp\" data-vp-popup-sm-img-size=\"450x600\">\n\t<\/template>\n\t\t\t\t\t\t<figure class=\"vp-portfolio__item\">\n\t\t\t\t\n<div class=\"vp-portfolio__item-img-wrap\">\n\t<div class=\"vp-portfolio__item-img\">\n\t\t\t<a\n\t\thref=\"https:\/\/www.campinglesgranges.fr\/wp-content\/uploads\/2026\/03\/sancerrois-03-cmouton-copie_webformat.webp\"\n\t\taria-label=\"Open image\" \t>\n\t\n\t\t<noscript><img loading=\"lazy\" decoding=\"async\" width=\"450\" height=\"600\" data-skip-lazy src=\"https:\/\/www.campinglesgranges.fr\/wp-content\/uploads\/2026\/03\/sancerrois-03-cmouton-copie_webformat.webp\" class=\"wp-image-445\" alt=\"Sancerrois\" srcset=\"https:\/\/www.campinglesgranges.fr\/wp-content\/uploads\/2026\/03\/sancerrois-03-cmouton-copie_webformat.webp 450w, https:\/\/www.campinglesgranges.fr\/wp-content\/uploads\/2026\/03\/sancerrois-03-cmouton-copie_webformat-225x300.webp 225w\" sizes=\"auto, (max-width: 450px) 100vw, 450px\" \/><\/noscript><img decoding=\"async\" width=\"450\" height=\"600\" src=\"https:\/\/www.campinglesgranges.fr\/wp-content\/uploads\/2026\/03\/sancerrois-03-cmouton-copie_webformat.webp\" class=\"wp-image-445 vp-lazyload\" alt=\"Sancerrois\" srcset=\"data:image\/svg+xml;base64,PHN2ZyB3aWR0aD0iNDUwIiBoZWlnaHQ9IjYwMCIgdmlld0JveD0iMCAwIDQ1MCA2MDAiIGZpbGw9Im5vbmUiIHhtbG5zPSJodHRwOi8vd3d3LnczLm9yZy8yMDAwL3N2ZyI+PC9zdmc+\" data-src=\"https:\/\/www.campinglesgranges.fr\/wp-content\/uploads\/2026\/03\/sancerrois-03-cmouton-copie_webformat.webp\" data-srcset=\"https:\/\/www.campinglesgranges.fr\/wp-content\/uploads\/2026\/03\/sancerrois-03-cmouton-copie_webformat.webp 450w, https:\/\/www.campinglesgranges.fr\/wp-content\/uploads\/2026\/03\/sancerrois-03-cmouton-copie_webformat-225x300.webp 225w\" data-sizes=\"auto\" loading=\"eager\">\n\t\t<div class=\"vp-portfolio__item-overlay\">\n\t\t\t\t\t<\/div>\n\n\t\t<\/a>\t<\/div>\n<\/div>\n\n\t\t\t<\/figure>\n\t\t\t\t\t<\/div>\n\t\t\n\t\t<div\t\tclass=\"vp-portfolio__item-wrap vp-portfolio__item-uid-0b0e9b6c\" data-vp-filter=\"\" \t\t>\n\t\t\t<template class=\"vp-portfolio__item-popup\" style=\"display: none\" data-vp-popup-img=\"https:\/\/www.campinglesgranges.fr\/wp-content\/uploads\/2026\/03\/sancerre-1_christophemouton-1_webformat.webp\" data-vp-popup-img-srcset=\"https:\/\/www.campinglesgranges.fr\/wp-content\/uploads\/2026\/03\/sancerre-1_christophemouton-1_webformat.webp 800w, https:\/\/www.campinglesgranges.fr\/wp-content\/uploads\/2026\/03\/sancerre-1_christophemouton-1_webformat-300x203.webp 300w, https:\/\/www.campinglesgranges.fr\/wp-content\/uploads\/2026\/03\/sancerre-1_christophemouton-1_webformat-768x520.webp 768w, https:\/\/www.campinglesgranges.fr\/wp-content\/uploads\/2026\/03\/sancerre-1_christophemouton-1_webformat-500x339.webp 500w\" data-vp-popup-img-size=\"800x542\" data-vp-popup-md-img=\"https:\/\/www.campinglesgranges.fr\/wp-content\/uploads\/2026\/03\/sancerre-1_christophemouton-1_webformat.webp\" data-vp-popup-md-img-size=\"800x542\" data-vp-popup-sm-img=\"https:\/\/www.campinglesgranges.fr\/wp-content\/uploads\/2026\/03\/sancerre-1_christophemouton-1_webformat-500x339.webp\" data-vp-popup-sm-img-size=\"500x339\">\n\t<\/template>\n\t\t\t\t\t\t<figure class=\"vp-portfolio__item\">\n\t\t\t\t\n<div class=\"vp-portfolio__item-img-wrap\">\n\t<div class=\"vp-portfolio__item-img\">\n\t\t\t<a\n\t\thref=\"https:\/\/www.campinglesgranges.fr\/wp-content\/uploads\/2026\/03\/sancerre-1_christophemouton-1_webformat.webp\"\n\t\taria-label=\"Open image\" \t>\n\t\n\t\t<noscript><img loading=\"lazy\" decoding=\"async\" width=\"800\" height=\"542\" data-skip-lazy src=\"https:\/\/www.campinglesgranges.fr\/wp-content\/uploads\/2026\/03\/sancerre-1_christophemouton-1_webformat.webp\" class=\"wp-image-444\" alt=\"Sancerre\" srcset=\"https:\/\/www.campinglesgranges.fr\/wp-content\/uploads\/2026\/03\/sancerre-1_christophemouton-1_webformat.webp 800w, https:\/\/www.campinglesgranges.fr\/wp-content\/uploads\/2026\/03\/sancerre-1_christophemouton-1_webformat-300x203.webp 300w, https:\/\/www.campinglesgranges.fr\/wp-content\/uploads\/2026\/03\/sancerre-1_christophemouton-1_webformat-768x520.webp 768w, https:\/\/www.campinglesgranges.fr\/wp-content\/uploads\/2026\/03\/sancerre-1_christophemouton-1_webformat-500x339.webp 500w\" sizes=\"auto, (max-width: 800px) 100vw, 800px\" \/><\/noscript><img decoding=\"async\" width=\"800\" height=\"542\" src=\"https:\/\/www.campinglesgranges.fr\/wp-content\/uploads\/2026\/03\/sancerre-1_christophemouton-1_webformat.webp\" class=\"wp-image-444 vp-lazyload\" alt=\"Sancerre\" srcset=\"data:image\/svg+xml;base64,PHN2ZyB3aWR0aD0iODAwIiBoZWlnaHQ9IjU0MiIgdmlld0JveD0iMCAwIDgwMCA1NDIiIGZpbGw9Im5vbmUiIHhtbG5zPSJodHRwOi8vd3d3LnczLm9yZy8yMDAwL3N2ZyI+PC9zdmc+\" data-src=\"https:\/\/www.campinglesgranges.fr\/wp-content\/uploads\/2026\/03\/sancerre-1_christophemouton-1_webformat.webp\" data-srcset=\"https:\/\/www.campinglesgranges.fr\/wp-content\/uploads\/2026\/03\/sancerre-1_christophemouton-1_webformat.webp 800w, https:\/\/www.campinglesgranges.fr\/wp-content\/uploads\/2026\/03\/sancerre-1_christophemouton-1_webformat-300x203.webp 300w, https:\/\/www.campinglesgranges.fr\/wp-content\/uploads\/2026\/03\/sancerre-1_christophemouton-1_webformat-768x520.webp 768w, https:\/\/www.campinglesgranges.fr\/wp-content\/uploads\/2026\/03\/sancerre-1_christophemouton-1_webformat-500x339.webp 500w\" data-sizes=\"auto\" loading=\"eager\">\n\t\t<div class=\"vp-portfolio__item-overlay\">\n\t\t\t\t\t<\/div>\n\n\t\t<\/a>\t<\/div>\n<\/div>\n\n\t\t\t<\/figure>\n\t\t\t\t\t<\/div>\n\t\t\n<\/div>\n\t\t<\/div>\n\t\t\n<\/div>\n<\/div><\/div><\/div><\/div>\n<\/div><\/div>","protected":false},"excerpt":{"rendered":"<p>La vall\u00e9e de la Loire est c\u00e9l\u00e8bre pour ses magnifiques vignobles et ses vins de renomm\u00e9e mondiale. Voici quelques-uns des plus beaux vignobles \u00e0 d\u00e9couvrir lors de votre s\u00e9jour au camping Flower Les Granges<\/p>","protected":false},"author":1,"featured_media":56,"parent":186,"menu_order":0,"comment_status":"closed","ping_status":"closed","template":"","meta":{"_acf_changed":false,"_seopress_robots_primary_cat":"","_seopress_titles_title":"Les vignobles du Val de Loire","_seopress_titles_desc":"\u0152notourisme en Touraine, explorez les vignobles, caves et ch\u00e2teaux au alentours du camping les Granges","_seopress_robots_index":"","_vp_format_video_url":"","_vp_image_focal_point":[],"footnotes":""},"class_list":["post-241","page","type-page","status-publish","has-post-thumbnail","hentry"],"acf":[],"_links":{"self":[{"href":"https:\/\/www.campinglesgranges.fr\/nl\/wp-json\/wp\/v2\/pages\/241","targetHints":{"allow":["GET"]}}],"collection":[{"href":"https:\/\/www.campinglesgranges.fr\/nl\/wp-json\/wp\/v2\/pages"}],"about":[{"href":"https:\/\/www.campinglesgranges.fr\/nl\/wp-json\/wp\/v2\/types\/page"}],"author":[{"embeddable":true,"href":"https:\/\/www.campinglesgranges.fr\/nl\/wp-json\/wp\/v2\/users\/1"}],"replies":[{"embeddable":true,"href":"https:\/\/www.campinglesgranges.fr\/nl\/wp-json\/wp\/v2\/comments?post=241"}],"version-history":[{"count":4,"href":"https:\/\/www.campinglesgranges.fr\/nl\/wp-json\/wp\/v2\/pages\/241\/revisions"}],"predecessor-version":[{"id":709,"href":"https:\/\/www.campinglesgranges.fr\/nl\/wp-json\/wp\/v2\/pages\/241\/revisions\/709"}],"up":[{"embeddable":true,"href":"https:\/\/www.campinglesgranges.fr\/nl\/wp-json\/wp\/v2\/pages\/186"}],"wp:featuredmedia":[{"embeddable":true,"href":"https:\/\/www.campinglesgranges.fr\/nl\/wp-json\/wp\/v2\/media\/56"}],"wp:attachment":[{"href":"https:\/\/www.campinglesgranges.fr\/nl\/wp-json\/wp\/v2\/media?parent=241"}],"curies":[{"name":"wp","href":"https:\/\/api.w.org\/{rel}","templated":true}]}}