{"id":233,"date":"2026-03-19T16:10:09","date_gmt":"2026-03-19T15:10:09","guid":{"rendered":"https:\/\/www.campinglesgranges.fr\/?page_id=233"},"modified":"2026-04-23T10:25:37","modified_gmt":"2026-04-23T08:25:37","slug":"het-kasteel-van-rigny-usse","status":"publish","type":"page","link":"https:\/\/www.campinglesgranges.fr\/nl\/cote-chateaux\/le-chateau-de-rigny-usse\/","title":{"rendered":"Kasteel van Rigny-Uss\u00e9"},"content":{"rendered":"<div class=\"wp-block-stackable-columns alignfull stk-block-columns stk-block stk-dd23a22\" data-block-id=\"dd23a22\"><style>.stk-dd23a22 .stk--block-align-dd23a22{align-items:center !important;}.stk-dd23a22 {margin-bottom:var(--stk--preset--spacing--60, clamp(30px, 7vw, 70px)) !important;}.stk-dd23a22-column{max-width:1280px !important;min-width:auto !important;--stk-column-gap:var(--stk--preset--spacing--50, clamp(30px, 5vw, 50px)) !important;}@media screen and (max-width: 767px){.stk-dd23a22 {--stk-col-order-1:2 !important;--stk-col-order-2:1 !important;}}<\/style><div class=\"stk-row stk-inner-blocks stk--block-align-dd23a22 stk-block-content stk-content-align stk-dd23a22-column alignwide\">\n<div class=\"wp-block-stackable-column stk-block-column stk-column stk-block stk-836118b\" data-v=\"4\" data-block-id=\"836118b\"><div class=\"stk-column-wrapper stk-block-column__content stk-container stk-836118b-container stk--no-background stk--no-padding\"><div class=\"stk-block-content stk-inner-blocks stk-836118b-inner-blocks\">\n<div class=\"wp-block-stackable-image stk-block-image stk-block stk-f9d2a41\" data-block-id=\"f9d2a41\"><style>.stk-f9d2a41 .stk-img-wrapper{width:100% !important;height:700px !important;filter:drop-shadow(2px 2px 9px #00000070) !important;}.stk-f9d2a41 .stk-img-wrapper img{border-radius:25px !important;}@media screen and (max-width: 767px){.stk-f9d2a41 .stk-img-wrapper{height:400px !important;}}<\/style><figure><span class=\"stk-img-wrapper stk-image--shape-stretch stk--shadow-2px 2px 9px #00000070\"><img loading=\"lazy\" decoding=\"async\" class=\"stk-img wp-image-432\" src=\"https:\/\/www.campinglesgranges.fr\/wp-content\/uploads\/2026\/03\/27_loire-a-velo-chateau-de-rigny-usse_jean-christophe-coutand_2032-12-31_medium_webformat.webp\" width=\"1200\" height=\"799\" alt=\"Loire \u00e0 v\u00e9lo Kasteel van Uss\u00e9 \" srcset=\"https:\/\/www.campinglesgranges.fr\/wp-content\/uploads\/2026\/03\/27_loire-a-velo-chateau-de-rigny-usse_jean-christophe-coutand_2032-12-31_medium_webformat.webp 1200w, https:\/\/www.campinglesgranges.fr\/wp-content\/uploads\/2026\/03\/27_loire-a-velo-chateau-de-rigny-usse_jean-christophe-coutand_2032-12-31_medium_webformat-300x200.webp 300w, https:\/\/www.campinglesgranges.fr\/wp-content\/uploads\/2026\/03\/27_loire-a-velo-chateau-de-rigny-usse_jean-christophe-coutand_2032-12-31_medium_webformat-1024x682.webp 1024w, https:\/\/www.campinglesgranges.fr\/wp-content\/uploads\/2026\/03\/27_loire-a-velo-chateau-de-rigny-usse_jean-christophe-coutand_2032-12-31_medium_webformat-768x511.webp 768w, https:\/\/www.campinglesgranges.fr\/wp-content\/uploads\/2026\/03\/27_loire-a-velo-chateau-de-rigny-usse_jean-christophe-coutand_2032-12-31_medium_webformat-500x333.webp 500w, https:\/\/www.campinglesgranges.fr\/wp-content\/uploads\/2026\/03\/27_loire-a-velo-chateau-de-rigny-usse_jean-christophe-coutand_2032-12-31_medium_webformat-800x533.webp 800w\" sizes=\"auto, (max-width: 1200px) 100vw, 1200px\" \/><\/span><\/figure><\/div>\n<\/div><\/div><\/div>\n\n\n\n<div class=\"wp-block-stackable-column stk-block-column stk-column stk-block stk-53ee707\" data-v=\"4\" data-block-id=\"53ee707\"><div class=\"stk-column-wrapper stk-block-column__content stk-container stk-53ee707-container stk--no-background stk--no-padding\"><div class=\"stk-block-content stk-inner-blocks stk-53ee707-inner-blocks\">\n<div class=\"wp-block-stackable-heading stk-block-heading stk-block-heading--v2 stk-block stk-2cf7483\" id=\"chateau-de-rigny-usse-le-chateau-de-contes-de-fees\" data-block-id=\"2cf7483\"><h2 class=\"stk-block-heading__text\">Kasteel van Rigny-Uss\u00e9: het sprookjeskasteel<\/h2><\/div>\n\n\n\n<div class=\"wp-block-stackable-text stk-block-text stk-block stk-da2d064\" data-block-id=\"da2d064\"><p class=\"stk-block-text__text\">Hier willen we u graag twee prachtige plekken in de buurt van Flower Camping Les Granges laten ontdekken: het kasteel van Rigny-Uss\u00e9 en het bos van Chinon.<\/p><\/div>\n\n\n\n<div class=\"wp-block-stackable-text stk-block-text stk-block stk-3c9da01\" data-block-id=\"3c9da01\"><p class=\"stk-block-text__text\">Ch\u00e2teau de Rigny-Uss\u00e9, vaak \u00abDoornroosje Kasteel\u00ab genoemd, is een waar sprookje! Dit 15e-eeuwse kasteel, gelegen op enkele kilometers van Luynes, staat bekend om zijn romantische architectuur en betoverende tuinen. Bij een bezoek aan het kasteel kun je de weelderige, ingerichte zalen verkennen, die je onderdompelen in de geschiedenis en legende van Doornroosje. De Franse tuinen, met hun bloemperken en lommerrijke paden, zijn perfect voor een ontspannende wandeling. Vergeet niet foto's te maken, want het kasteel is bijzonder fotogeniek, vooral bij zonsondergang!<\/p><\/div>\n\n\n\n<div class=\"wp-block-stackable-text stk-block-text stk-block stk-ea5c955\" data-block-id=\"ea5c955\"><p class=\"stk-block-text__text\">In de buurt van het kasteel is het For\u00eat de Chinon een ware oase van rust voor natuurliefhebbers. Met zijn gemarkeerde paden is het de ideale plek om te wandelen, te fietsen of zelfs te picknicken midden in de natuur. Het bos herbergt een gevarieerde fauna en flora, en je kunt er herten, wilde zwijnen en vele vogels tegenkomen. Het is ook een historisch beladen plek, met overblijfselen uit de middeleeuwen en prachtige panorama's over de Loirevallei. Aarzel niet om de paden te verkennen en adembenemende uitzichten te ontdekken!<\/p><\/div>\n\n\n\n<div class=\"wp-block-stackable-text stk-block-text stk-block stk-19fe32a\" data-block-id=\"19fe32a\"><p class=\"stk-block-text__text\">Wij raden u ten zeerste aan om tijdens uw verblijf bij ons het Ch\u00e2teau de Rigny-Uss\u00e9 te bezoeken en het For\u00eat de Chinon te verkennen. Deze twee locaties bieden u een onvergetelijke ervaring, waarbij cultuur, geschiedenis en natuur worden gecombineerd.<\/p><\/div>\n<\/div><\/div><\/div>\n<\/div><\/div>","protected":false},"excerpt":{"rendered":"<p>Ch\u00e2teau de Rigny-Uss\u00e9 : le ch\u00e2teau de contes de f\u00e9es Nous souhaitons ici vous faire d\u00e9couvrir deux magnifiques sites \u00e0 proximit\u00e9 du Flower Camping Les Granges : le Ch\u00e2teau de Rigny-Uss\u00e9 et la For\u00eat de Chinon. Le Ch\u00e2teau de Rigny-Uss\u00e9, souvent surnomm\u00e9 le \u00ab Ch\u00e2teau de la Belle au bois dormant\u00ab , est un v\u00e9ritable [&hellip;]<\/p>\n","protected":false},"author":1,"featured_media":56,"parent":182,"menu_order":0,"comment_status":"closed","ping_status":"closed","template":"","meta":{"_acf_changed":false,"_seopress_robots_primary_cat":"","_seopress_titles_title":"Visiter le ch\u00e2teau d\u2019Uss\u00e9 pr\u00e8s de Luynes - Camping Les Granges","_seopress_titles_desc":"Profitez de votre s\u00e9jour au Camping Les Granges pour visiter le ch\u00e2teau d\u2019Uss\u00e9, c\u00e9l\u00e8bre ch\u00e2teau de la Loire \u00e0 l\u2019architecture f\u00e9erique.","_seopress_robots_index":"","_vp_format_video_url":"","_vp_image_focal_point":[],"footnotes":""},"class_list":["post-233","page","type-page","status-publish","has-post-thumbnail","hentry"],"acf":[],"_links":{"self":[{"href":"https:\/\/www.campinglesgranges.fr\/nl\/wp-json\/wp\/v2\/pages\/233","targetHints":{"allow":["GET"]}}],"collection":[{"href":"https:\/\/www.campinglesgranges.fr\/nl\/wp-json\/wp\/v2\/pages"}],"about":[{"href":"https:\/\/www.campinglesgranges.fr\/nl\/wp-json\/wp\/v2\/types\/page"}],"author":[{"embeddable":true,"href":"https:\/\/www.campinglesgranges.fr\/nl\/wp-json\/wp\/v2\/users\/1"}],"replies":[{"embeddable":true,"href":"https:\/\/www.campinglesgranges.fr\/nl\/wp-json\/wp\/v2\/comments?post=233"}],"version-history":[{"count":3,"href":"https:\/\/www.campinglesgranges.fr\/nl\/wp-json\/wp\/v2\/pages\/233\/revisions"}],"predecessor-version":[{"id":707,"href":"https:\/\/www.campinglesgranges.fr\/nl\/wp-json\/wp\/v2\/pages\/233\/revisions\/707"}],"up":[{"embeddable":true,"href":"https:\/\/www.campinglesgranges.fr\/nl\/wp-json\/wp\/v2\/pages\/182"}],"wp:featuredmedia":[{"embeddable":true,"href":"https:\/\/www.campinglesgranges.fr\/nl\/wp-json\/wp\/v2\/media\/56"}],"wp:attachment":[{"href":"https:\/\/www.campinglesgranges.fr\/nl\/wp-json\/wp\/v2\/media?parent=233"}],"curies":[{"name":"wp","href":"https:\/\/api.w.org\/{rel}","templated":true}]}}