{"id":216,"date":"2026-03-19T15:44:31","date_gmt":"2026-03-19T14:44:31","guid":{"rendered":"https:\/\/www.campinglesgranges.fr\/?page_id=216"},"modified":"2026-04-23T10:20:23","modified_gmt":"2026-04-23T08:20:23","slug":"het-kasteel-van-azay-le-rideau","status":"publish","type":"page","link":"https:\/\/www.campinglesgranges.fr\/nl\/cote-chateaux\/le-chateau-dazay-le-rideau\/","title":{"rendered":"Het kasteel van Azay-le-Rideau"},"content":{"rendered":"<div class=\"wp-block-stackable-columns alignfull stk-block-columns stk-block stk-dd23a22\" data-block-id=\"dd23a22\"><style>.stk-dd23a22 .stk--block-align-dd23a22{align-items:center !important;}.stk-dd23a22 {margin-bottom:var(--stk--preset--spacing--60, clamp(30px, 7vw, 70px)) !important;}.stk-dd23a22-column{max-width:1280px !important;min-width:auto !important;--stk-column-gap:var(--stk--preset--spacing--50, clamp(30px, 5vw, 50px)) !important;}@media screen and (max-width: 767px){.stk-dd23a22 {--stk-col-order-1:2 !important;--stk-col-order-2:1 !important;}}<\/style><div class=\"stk-row stk-inner-blocks stk--block-align-dd23a22 stk-block-content stk-content-align stk-dd23a22-column alignwide\">\n<div class=\"wp-block-stackable-column stk-block-column stk-column stk-block stk-836118b\" data-v=\"4\" data-block-id=\"836118b\"><div class=\"stk-column-wrapper stk-block-column__content stk-container stk-836118b-container stk--no-background stk--no-padding\"><div class=\"stk-block-content stk-inner-blocks stk-836118b-inner-blocks\">\n<div class=\"wp-block-stackable-image stk-block-image stk-block stk-f9d2a41\" data-block-id=\"f9d2a41\"><style>.stk-f9d2a41 .stk-img-wrapper{width:100% !important;height:650px !important;filter:drop-shadow(2px 2px 9px #00000070) !important;}.stk-f9d2a41 .stk-img-wrapper img{border-radius:25px !important;}@media screen and (max-width: 767px){.stk-f9d2a41 .stk-img-wrapper{height:400px !important;}}<\/style><figure><span class=\"stk-img-wrapper stk-image--shape-stretch stk--shadow-2px 2px 9px #00000070\"><img loading=\"lazy\" decoding=\"async\" class=\"stk-img wp-image-403\" src=\"https:\/\/www.campinglesgranges.fr\/wp-content\/uploads\/2026\/03\/31_noel-au-chateau-dazay-le-rideau-edition-2022_jean-christophe-coutand_2032-12-31_medium_webformat.webp\" width=\"1200\" height=\"798\" alt=\" Ch\u00e2teau D&#039;Azay, het gordijn bij de camping\" srcset=\"https:\/\/www.campinglesgranges.fr\/wp-content\/uploads\/2026\/03\/31_noel-au-chateau-dazay-le-rideau-edition-2022_jean-christophe-coutand_2032-12-31_medium_webformat.webp 1200w, https:\/\/www.campinglesgranges.fr\/wp-content\/uploads\/2026\/03\/31_noel-au-chateau-dazay-le-rideau-edition-2022_jean-christophe-coutand_2032-12-31_medium_webformat-300x200.webp 300w, https:\/\/www.campinglesgranges.fr\/wp-content\/uploads\/2026\/03\/31_noel-au-chateau-dazay-le-rideau-edition-2022_jean-christophe-coutand_2032-12-31_medium_webformat-1024x681.webp 1024w, https:\/\/www.campinglesgranges.fr\/wp-content\/uploads\/2026\/03\/31_noel-au-chateau-dazay-le-rideau-edition-2022_jean-christophe-coutand_2032-12-31_medium_webformat-768x511.webp 768w, https:\/\/www.campinglesgranges.fr\/wp-content\/uploads\/2026\/03\/31_noel-au-chateau-dazay-le-rideau-edition-2022_jean-christophe-coutand_2032-12-31_medium_webformat-500x333.webp 500w, https:\/\/www.campinglesgranges.fr\/wp-content\/uploads\/2026\/03\/31_noel-au-chateau-dazay-le-rideau-edition-2022_jean-christophe-coutand_2032-12-31_medium_webformat-800x532.webp 800w\" sizes=\"auto, (max-width: 1200px) 100vw, 1200px\" \/><\/span><\/figure><\/div>\n<\/div><\/div><\/div>\n\n\n\n<div class=\"wp-block-stackable-column stk-block-column stk-column stk-block stk-53ee707\" data-v=\"4\" data-block-id=\"53ee707\"><div class=\"stk-column-wrapper stk-block-column__content stk-container stk-53ee707-container stk--no-background stk--no-padding\"><div class=\"stk-block-content stk-inner-blocks stk-53ee707-inner-blocks\">\n<div class=\"wp-block-stackable-heading stk-block-heading stk-block-heading--v2 stk-block stk-2cf7483\" id=\"explorez-le-chateau-d-azay-le-rideau\" data-block-id=\"2cf7483\"><h2 class=\"stk-block-heading__text\">Verken het Ch\u00e2teau d\u2019Azay-le-Rideau<\/h2><\/div>\n\n\n\n<div class=\"wp-block-stackable-text stk-block-text stk-block stk-da2d064\" data-block-id=\"da2d064\"><p class=\"stk-block-text__text translation-block\">Op 20 minuten van de Flower camping Les Granges is het <strong>kasteel van Azay-le-Rideau<\/strong> een waar meesterwerk van de Franse Renaissance.<\/p><\/div>\n\n\n\n<div class=\"wp-block-stackable-text stk-block-text stk-block stk-1d27a70\" data-block-id=\"1d27a70\"><p class=\"stk-block-text__text\">Gelegen op een eiland in het midden van de Indre, is dit 16e-eeuwse kasteel beroemd om zijn elegante architectuur en zijn betoverende omgeving. U zult versteld staan van de delicate gevels, de leien daken en de prachtige kruiskozijnen die worden weerspiegeld in het omringende water.<\/p><\/div>\n\n\n\n<div class=\"wp-block-stackable-text stk-block-text stk-block stk-989fc0f\" data-block-id=\"989fc0f\"><p class=\"stk-block-text__text\">Bij een bezoek aan het kasteel kunt u de weelderige, rijkelijk gedecoreerde zalen verkennen, die u onderdompelen in de sfeer van weleer. Elke kamer is een getuigenis van het raffinement en de smaak van de voormalige bewoners. Vergeet niet een wandeling te maken in het omliggende park, waar u prachtig onderhouden Franse tuinen kunt bewonderen, perfect voor een ontspannende wandeling.<\/p><\/div>\n\n\n\n<div class=\"wp-block-stackable-text stk-block-text stk-block stk-edefdc1\" data-block-id=\"edefdc1\"><p class=\"stk-block-text__text\">Gelegen in Azay-le-Rideau, is het Mus\u00e9e Maurice Dufresne een ware schat voor liefhebbers van geschiedenis en erfgoed. Dit museum is gewijd aan de ambachten van weleer en het dagelijks leven in Frankrijk, met een indrukwekkende collectie oude voorwerpen, gereedschappen en machines. U kunt er tentoonstellingen over landbouw, ambachten en lokale tradities ontdekken. Het is een mooie gelegenheid om al spelend te leren, en de rondleidingen dompelen u onder in de geschiedenis van de regio. Kinderen zullen vooral de interactieve demonstraties en aangeboden activiteiten waarderen!<\/p><\/div>\n<\/div><\/div><\/div>\n<\/div><\/div>\n\n\n\n<div class=\"wp-block-stackable-columns alignfull stk-block-columns stk-block stk-4f28c56 stk-block-background\" data-block-id=\"4f28c56\"><style>.stk-4f28c56 .stk--block-align-4f28c56{align-items:center !important;}.stk-4f28c56 {background-color:var(--stk-global-color-42219, #bce3f9) !important;border-top-left-radius:25px !important;border-top-right-radius:25px !important;border-bottom-right-radius:25px !important;border-bottom-left-radius:25px !important;overflow:hidden !important;box-shadow:2px 2px 10px 0px #0000004a !important;padding-top:var(--stk--preset--spacing--50, clamp(30px, 5vw, 50px)) !important;padding-bottom:var(--stk--preset--spacing--50, clamp(30px, 5vw, 50px)) !important;margin-bottom:var(--stk--preset--spacing--60, clamp(30px, 7vw, 70px)) !important;}.stk-4f28c56:before{background-color:var(--stk-global-color-42219, #bce3f9) !important;}.stk-4f28c56-column{max-width:1280px !important;min-width:auto !important;--stk-column-gap:var(--stk--preset--spacing--50, clamp(30px, 5vw, 50px)) !important;}<\/style><div class=\"stk-row stk-inner-blocks stk--block-align-4f28c56 stk-block-content stk-content-align stk-4f28c56-column alignwide\">\n<div class=\"wp-block-stackable-column stk-block-column stk-column stk-block stk-f63c99f\" data-v=\"4\" data-block-id=\"f63c99f\"><div class=\"stk-column-wrapper stk-block-column__content stk-container stk-f63c99f-container stk--no-background stk--no-padding\"><div class=\"stk-block-content stk-inner-blocks stk-f63c99f-inner-blocks\">\n<div class=\"wp-block-stackable-heading stk-block-heading stk-block-heading--v2 stk-block stk-a4b7dea\" id=\"decouvrez-le-village-troglodyte-la-goupillere\" data-block-id=\"a4b7dea\"><style>.stk-a4b7dea .stk-block-heading__text{color:var(--stk-global-color-35744, #115390) !important;}<\/style><h2 class=\"stk-block-heading__text has-text-color\">Ontdek het holbewonersdorp La Goupill\u00e8re<\/h2><\/div>\n\n\n\n<div class=\"wp-block-stackable-text stk-block-text stk-block stk-8efc6ad\" data-block-id=\"8efc6ad\"><p class=\"stk-block-text__text\">Op enkele kilometers afstand ligt de Goupilli\u00e8res, een unieke plek die u onderdompelt in de wereld van de troglodieten. Dit grotwoningen-dorp, uitgehouwen in de rots, laat u ontdekken hoe de bewoners in deze ongewone woningen leefden. U kunt de verschillende holen, tuinen en zelfs ruimtes voor veeteelt verkennen. Les Goupilli\u00e8res biedt ook entertainment en workshops voor het hele gezin, wat het een ideale uitstap maakt voor jong en oud.<\/p><\/div>\n\n\n\n<div class=\"wp-block-stackable-text stk-block-text stk-block stk-d167662\" data-block-id=\"d167662\"><p class=\"stk-block-text__text\">We raden u ten zeerste aan om deze twee locaties te bezoeken tijdens uw verblijf bij ons. Ze bieden u de mogelijkheid om het rijke lokale erfgoed te ontdekken en een aangename tijd door te brengen met familie of vrienden. Het is een onvergetelijke ervaring die u in staat stelt de schoonheid en geschiedenis van onze regio te ontdekken.<\/p><\/div>\n\n\n\n<div class=\"wp-block-stackable-text stk-block-text stk-block stk-1f36699\" data-block-id=\"1f36699\"><p class=\"stk-block-text__text\">Als u vragen heeft of advies nodig heeft om ernaartoe te gaan, aarzel dan niet om het ons te vragen<\/p><\/div>\n\n\n\n<div class=\"wp-block-stackable-text stk-block-text stk-block stk-5b2df01\" data-block-id=\"5b2df01\"><p class=\"stk-block-text__text\">Geniet van uw verblijf en van de schoonheid van de Indre-et-Loire<\/p><\/div>\n<\/div><\/div><\/div>\n\n\n\n<div class=\"wp-block-stackable-column stk-block-column stk-column stk-block stk-80bd9da\" data-v=\"4\" data-block-id=\"80bd9da\"><div class=\"stk-column-wrapper stk-block-column__content stk-container stk-80bd9da-container stk--no-background stk--no-padding\"><div class=\"stk-block-content stk-inner-blocks stk-80bd9da-inner-blocks\">\n<div class=\"wp-block-stackable-image stk-block-image has-text-align-right stk-block stk-904e8bd\" data-block-id=\"904e8bd\"><style>.stk-904e8bd {margin-bottom:-40px !important;z-index:3 !important;}.stk-904e8bd .stk-img-wrapper{width:150px !important;}<\/style><figure><span class=\"stk-img-wrapper stk-image--shape-stretch\"><img loading=\"lazy\" decoding=\"async\" class=\"stk-img wp-image-143\" src=\"https:\/\/www.campinglesgranges.fr\/wp-content\/uploads\/2026\/03\/logo_camping-les-granges-3-1-1.png\" width=\"336\" height=\"286\" alt=\"logo camping les granges 3 1\" srcset=\"https:\/\/www.campinglesgranges.fr\/wp-content\/uploads\/2026\/03\/logo_camping-les-granges-3-1-1.png 336w, https:\/\/www.campinglesgranges.fr\/wp-content\/uploads\/2026\/03\/logo_camping-les-granges-3-1-1-300x255.png 300w\" sizes=\"auto, (max-width: 336px) 100vw, 336px\" \/><\/span><\/figure><\/div>\n\n\n\n<div class=\"wp-block-stackable-image stk-block-image stk-block stk-5333732\" data-block-id=\"5333732\"><style>.stk-5333732 .stk-img-wrapper{width:100% !important;height:422px !important;filter:drop-shadow(2px 2px 9px #00000070) !important;}.stk-5333732 .stk-img-wrapper img{border-radius:25px !important;}<\/style><figure><span class=\"stk-img-wrapper stk-image--shape-stretch stk--shadow-2px 2px 9px #00000070\"><img loading=\"lazy\" decoding=\"async\" class=\"stk-img wp-image-784\" src=\"https:\/\/www.campinglesgranges.fr\/wp-content\/uploads\/2026\/04\/goupillieres_webformat.webp\" width=\"604\" height=\"396\" alt=\"Kasteel d&#039;Auzay le Rideau \" srcset=\"https:\/\/www.campinglesgranges.fr\/wp-content\/uploads\/2026\/04\/goupillieres_webformat.webp 604w, https:\/\/www.campinglesgranges.fr\/wp-content\/uploads\/2026\/04\/goupillieres_webformat-300x197.webp 300w, https:\/\/www.campinglesgranges.fr\/wp-content\/uploads\/2026\/04\/goupillieres_webformat-18x12.webp 18w, https:\/\/www.campinglesgranges.fr\/wp-content\/uploads\/2026\/04\/goupillieres_webformat-500x328.webp 500w\" sizes=\"auto, (max-width: 604px) 100vw, 604px\" \/><\/span><\/figure><\/div>\n<\/div><\/div><\/div>\n<\/div><\/div>","protected":false},"excerpt":{"rendered":"<p>Explorez le Ch\u00e2teau d\u2019Azay-le-Rideau A 20 mn du Flower camping Les Granges , le ch\u00e2teau d\u2019Azay-le-Rideau est un v\u00e9ritable chef-d\u2019\u0153uvre de la Renaissance fran\u00e7aise. Situ\u00e9 sur une \u00eele au milieu de l\u2019Indre, ce ch\u00e2teau du XVIe est c\u00e9l\u00e8bre pour son architecture \u00e9l\u00e9gante et son cadre enchanteur. Vous serez \u00e9merveill\u00e9s par ses fa\u00e7ades d\u00e9licates, ses toits [&hellip;]<\/p>\n","protected":false},"author":1,"featured_media":56,"parent":182,"menu_order":0,"comment_status":"closed","ping_status":"closed","template":"","meta":{"_acf_changed":false,"_seopress_robots_primary_cat":"","_seopress_titles_title":"Visiter le ch\u00e2teau d\u2019Azay-le-Rideau - Camping Les Granges","_seopress_titles_desc":"Partez \u00e0 la d\u00e9couverte du ch\u00e2teau d\u2019Azay-le-Rideau pendant votre s\u00e9jour au Camping Les Granges, un joyau incontournable de la vall\u00e9e de la Loire.","_seopress_robots_index":"","_vp_format_video_url":"","_vp_image_focal_point":[],"footnotes":""},"class_list":["post-216","page","type-page","status-publish","has-post-thumbnail","hentry"],"acf":[],"_links":{"self":[{"href":"https:\/\/www.campinglesgranges.fr\/nl\/wp-json\/wp\/v2\/pages\/216","targetHints":{"allow":["GET"]}}],"collection":[{"href":"https:\/\/www.campinglesgranges.fr\/nl\/wp-json\/wp\/v2\/pages"}],"about":[{"href":"https:\/\/www.campinglesgranges.fr\/nl\/wp-json\/wp\/v2\/types\/page"}],"author":[{"embeddable":true,"href":"https:\/\/www.campinglesgranges.fr\/nl\/wp-json\/wp\/v2\/users\/1"}],"replies":[{"embeddable":true,"href":"https:\/\/www.campinglesgranges.fr\/nl\/wp-json\/wp\/v2\/comments?post=216"}],"version-history":[{"count":5,"href":"https:\/\/www.campinglesgranges.fr\/nl\/wp-json\/wp\/v2\/pages\/216\/revisions"}],"predecessor-version":[{"id":786,"href":"https:\/\/www.campinglesgranges.fr\/nl\/wp-json\/wp\/v2\/pages\/216\/revisions\/786"}],"up":[{"embeddable":true,"href":"https:\/\/www.campinglesgranges.fr\/nl\/wp-json\/wp\/v2\/pages\/182"}],"wp:featuredmedia":[{"embeddable":true,"href":"https:\/\/www.campinglesgranges.fr\/nl\/wp-json\/wp\/v2\/media\/56"}],"wp:attachment":[{"href":"https:\/\/www.campinglesgranges.fr\/nl\/wp-json\/wp\/v2\/media?parent=216"}],"curies":[{"name":"wp","href":"https:\/\/api.w.org\/{rel}","templated":true}]}}