{"id":135,"date":"2026-03-19T11:51:36","date_gmt":"2026-03-19T10:51:36","guid":{"rendered":"https:\/\/www.campinglesgranges.fr\/?page_id=135"},"modified":"2026-04-23T10:33:00","modified_gmt":"2026-04-23T08:33:00","slug":"goede-redenen-om-naar-de-camping-te-komen","status":"publish","type":"page","link":"https:\/\/www.campinglesgranges.fr\/nl\/bonnes-raisons-de-venir-au-camping\/","title":{"rendered":"Goede redenen om naar de camping te komen"},"content":{"rendered":"<div class=\"wp-block-stackable-columns alignfull stk-block-columns stk-block stk-dd23a22\" data-block-id=\"dd23a22\"><style>.stk-dd23a22 .stk--block-align-dd23a22{align-items:center !important;}.stk-dd23a22 {margin-bottom:var(--stk--preset--spacing--60, clamp(30px, 7vw, 70px)) !important;}.stk-dd23a22-column{max-width:1280px !important;min-width:auto !important;--stk-column-gap:var(--stk--preset--spacing--50, clamp(30px, 5vw, 50px)) !important;}@media screen and (max-width: 767px){.stk-dd23a22 {--stk-col-order-1:2 !important;--stk-col-order-2:1 !important;}}<\/style><div class=\"stk-row stk-inner-blocks stk--block-align-dd23a22 stk-block-content stk-content-align stk-dd23a22-column alignwide\">\n<div class=\"wp-block-stackable-column stk-block-column stk-column stk-block stk-836118b\" data-v=\"4\" data-block-id=\"836118b\"><div class=\"stk-column-wrapper stk-block-column__content stk-container stk-836118b-container stk--no-background stk--no-padding\"><div class=\"stk-block-content stk-inner-blocks stk-836118b-inner-blocks\">\n<div class=\"wp-block-stackable-image stk-block-image stk-block stk-f9d2a41\" data-block-id=\"f9d2a41\"><style>.stk-f9d2a41 .stk-img-wrapper{width:100% !important;height:510px !important;filter:drop-shadow(2px 2px 9px #00000070) !important;}.stk-f9d2a41 .stk-img-wrapper img{border-radius:25px !important;}@media screen and (max-width: 767px){.stk-f9d2a41 .stk-img-wrapper{height:400px !important;}}<\/style><figure><span class=\"stk-img-wrapper stk-image--shape-stretch stk--shadow-2px 2px 9px #00000070\"><img loading=\"lazy\" decoding=\"async\" class=\"stk-img wp-image-414\" src=\"https:\/\/www.campinglesgranges.fr\/wp-content\/uploads\/2026\/03\/blois_24_credit_lescoflocs_webformat.webp\" width=\"1000\" height=\"668\" alt=\"campinglocatie Indre-et-Loire \" srcset=\"https:\/\/www.campinglesgranges.fr\/wp-content\/uploads\/2026\/03\/blois_24_credit_lescoflocs_webformat.webp 1000w, https:\/\/www.campinglesgranges.fr\/wp-content\/uploads\/2026\/03\/blois_24_credit_lescoflocs_webformat-300x200.webp 300w, https:\/\/www.campinglesgranges.fr\/wp-content\/uploads\/2026\/03\/blois_24_credit_lescoflocs_webformat-768x513.webp 768w, https:\/\/www.campinglesgranges.fr\/wp-content\/uploads\/2026\/03\/blois_24_credit_lescoflocs_webformat-500x334.webp 500w, https:\/\/www.campinglesgranges.fr\/wp-content\/uploads\/2026\/03\/blois_24_credit_lescoflocs_webformat-800x534.webp 800w\" sizes=\"auto, (max-width: 1000px) 100vw, 1000px\" \/><\/span><\/figure><\/div>\n<\/div><\/div><\/div>\n\n\n\n<div class=\"wp-block-stackable-column stk-block-column stk-column stk-block stk-53ee707\" data-v=\"4\" data-block-id=\"53ee707\"><div class=\"stk-column-wrapper stk-block-column__content stk-container stk-53ee707-container stk--no-background stk--no-padding\"><div class=\"stk-block-content stk-inner-blocks stk-53ee707-inner-blocks\">\n<div class=\"wp-block-stackable-heading stk-block-heading stk-block-heading--v2 stk-block stk-a2d11e1\" id=\"la-touraine-une-region-riche-en-histoire-et-au-croisement-des-chemins\" data-block-id=\"a2d11e1\"><style>.stk-a2d11e1 .stk-block-heading__text{color:var(--stk-global-color-70991, #fdd518) !important;}<\/style><h2 class=\"stk-block-heading__text has-text-color\">La Touraine: een regio rijk aan geschiedenis en op het kruispunt van wegen<\/h2><\/div>\n\n\n\n<div class=\"wp-block-stackable-text stk-block-text stk-block stk-27250a1\" data-block-id=\"27250a1\"><p class=\"stk-block-text__text\">Omdat camping Flower Les Granges de juiste plek is om elkaar te ontmoeten met familie of vrienden uit alle hoeken van Frankrijk. Nooit ver van huis!<br><br>Zeer gemakkelijk bereikbaar, de camping is bereikbaar via de snelwegen vanuit Parijs\/Lille, Rouen, Nantes, Lyon en Bordeaux, of met de TGV op 1 uur van Parijs en Bordeaux.<br><br><strong>Dichtbij de tuinen en kastelen<\/strong> waarvan u droomt om te ontdekken.<br>Waar u kunt genieten van het milde klimaat van de Loire-vallei, haar majestueuze rivier, haar staatsbossen en befaamde wijngaarden.<\/p><\/div>\n\n\n\n<div class=\"wp-block-stackable-text stk-block-text stk-block stk-559d0d2\" data-block-id=\"559d0d2\"><p class=\"stk-block-text__text\">De nabijheid van <strong><a href=\"https:\/\/www.campinglesgranges.fr\/nl\/vrije-tijdskosten\/dierentuin\/\" data-type=\"page\" data-id=\"249\">3 dierentuinen<\/a><\/strong> heeft zijn eigen persoonlijkheid is een groot pluspunt<br><br>Tot slot omdat we een <strong>camping op menselijke schaal<\/strong>, in een groen paradijs aan de rand van een beschermd dorp, op 10 minuten van een stad rijk aan geschiedenis: Tours. U kunt er komen met de bus of via het fietspad langs de Loire!<\/p><\/div>\n<\/div><\/div><\/div>\n<\/div><\/div>\n\n\n\n<div class=\"wp-block-stackable-columns alignfull stk-block-columns stk-block stk-4f28c56 stk-block-background\" data-block-id=\"4f28c56\"><style>.stk-4f28c56 .stk--block-align-4f28c56{align-items:center !important;}.stk-4f28c56 {background-color:var(--stk-global-color-42219, #bce3f9) !important;border-top-left-radius:25px !important;border-top-right-radius:25px !important;border-bottom-right-radius:25px !important;border-bottom-left-radius:25px !important;overflow:hidden !important;padding-top:var(--stk--preset--spacing--50, clamp(30px, 5vw, 50px)) !important;padding-bottom:var(--stk--preset--spacing--50, clamp(30px, 5vw, 50px)) !important;margin-bottom:var(--stk--preset--spacing--60, clamp(30px, 7vw, 70px)) !important;}.stk-4f28c56:before{background-color:var(--stk-global-color-42219, #bce3f9) !important;}.stk-4f28c56-column{max-width:1280px !important;min-width:auto !important;--stk-column-gap:var(--stk--preset--spacing--50, clamp(30px, 5vw, 50px)) !important;}<\/style><div class=\"stk-row stk-inner-blocks stk--block-align-4f28c56 stk-block-content stk-content-align stk-4f28c56-column alignwide\">\n<div class=\"wp-block-stackable-column stk-block-column stk-column stk-block stk-f63c99f\" data-v=\"4\" data-block-id=\"f63c99f\"><div class=\"stk-column-wrapper stk-block-column__content stk-container stk-f63c99f-container stk--no-background stk--no-padding\"><div class=\"stk-block-content stk-inner-blocks stk-f63c99f-inner-blocks\">\n<div class=\"wp-block-stackable-heading stk-block-heading stk-block-heading--v2 stk-block stk-8e69b13\" id=\"tourisme-durable\" data-block-id=\"8e69b13\"><style>.stk-8e69b13 .stk-block-heading__text{color:var(--stk-global-color-35744, #115390) !important;}<\/style><h2 class=\"stk-block-heading__text has-text-color\">Duurzaam toerisme<\/h2><\/div>\n\n\n\n<div class=\"wp-block-stackable-text stk-block-text stk-block stk-1a3269d\" data-block-id=\"1a3269d\"><p class=\"stk-block-text__text translation-block\">Want, zoals Sint-Exup\u00e9ry schreef: \u00abWe erven de aarde niet van onze voorouders, we lenen haar van onze kinderen.\u00bb\nHet is dus onze verantwoordelijkheid om u en uw gezin in de best mogelijke omstandigheden te verwelkomen... die het uitzonderlijke kader van de Loirevallei \u2013 die op de Werelderfgoedlijst van de UNESCO staat \u2013 en dat van Luynes \u2013 een beschermd erfgoed \u2013 respecteren.\n\nEn opdat onze kinderen nog lang van dit beschermde kader kunnen genieten.\nDaarom hebben we hierin veel acties ondernomen:\n\n**Aanplantingen en vergroening:** met lokale soorten die resistenter zijn en van belang zijn voor de fauna en flora. Bekroonde pergola's...\n**Energiebesparing:** Door de isolatie van warmwaterleidingen, de installatie van slimme douches, druppelirrigatie, buitensolariseringen met bewegingsdetectie...<\/p><\/div>\n<\/div><\/div><\/div>\n\n\n\n<div class=\"wp-block-stackable-column stk-block-column stk-column stk-block stk-80bd9da\" data-v=\"4\" data-block-id=\"80bd9da\"><div class=\"stk-column-wrapper stk-block-column__content stk-container stk-80bd9da-container stk--no-background stk--no-padding\"><div class=\"stk-block-content stk-inner-blocks stk-80bd9da-inner-blocks\">\n<div class=\"wp-block-stackable-image stk-block-image has-text-align-right stk-block stk-904e8bd\" data-block-id=\"904e8bd\"><style>.stk-904e8bd {margin-bottom:-40px !important;z-index:3 !important;}.stk-904e8bd .stk-img-wrapper{width:150px !important;}<\/style><figure><span class=\"stk-img-wrapper stk-image--shape-stretch\"><img loading=\"lazy\" decoding=\"async\" class=\"stk-img wp-image-143\" src=\"https:\/\/www.campinglesgranges.fr\/wp-content\/uploads\/2026\/03\/logo_camping-les-granges-3-1-1.png\" width=\"336\" height=\"286\" alt=\"logo camping les granges 3 1\" srcset=\"https:\/\/www.campinglesgranges.fr\/wp-content\/uploads\/2026\/03\/logo_camping-les-granges-3-1-1.png 336w, https:\/\/www.campinglesgranges.fr\/wp-content\/uploads\/2026\/03\/logo_camping-les-granges-3-1-1-300x255.png 300w\" sizes=\"auto, (max-width: 336px) 100vw, 336px\" \/><\/span><\/figure><\/div>\n\n\n\n<div class=\"wp-block-stackable-image stk-block-image stk-block stk-5333732\" data-block-id=\"5333732\"><style>.stk-5333732 .stk-img-wrapper{width:100% !important;height:478px !important;filter:drop-shadow(2px 2px 9px #00000070) !important;}.stk-5333732 .stk-img-wrapper img{border-radius:25px !important;}<\/style><figure><span class=\"stk-img-wrapper stk-image--shape-stretch stk--shadow-2px 2px 9px #00000070\"><img loading=\"lazy\" decoding=\"async\" class=\"stk-img wp-image-392\" src=\"https:\/\/www.campinglesgranges.fr\/wp-content\/uploads\/2026\/03\/drone-22-camping-red-scaled_webformat.webp\" width=\"1000\" height=\"563\" alt=\"verantwoorde camping in de Loire-vallei\" srcset=\"https:\/\/www.campinglesgranges.fr\/wp-content\/uploads\/2026\/03\/drone-22-camping-red-scaled_webformat.webp 1000w, https:\/\/www.campinglesgranges.fr\/wp-content\/uploads\/2026\/03\/drone-22-camping-red-scaled_webformat-300x169.webp 300w, https:\/\/www.campinglesgranges.fr\/wp-content\/uploads\/2026\/03\/drone-22-camping-red-scaled_webformat-768x432.webp 768w, https:\/\/www.campinglesgranges.fr\/wp-content\/uploads\/2026\/03\/drone-22-camping-red-scaled_webformat-500x282.webp 500w, https:\/\/www.campinglesgranges.fr\/wp-content\/uploads\/2026\/03\/drone-22-camping-red-scaled_webformat-800x450.webp 800w\" sizes=\"auto, (max-width: 1000px) 100vw, 1000px\" \/><\/span><\/figure><\/div>\n<\/div><\/div><\/div>\n<\/div><\/div>\n\n\n\n<div class=\"wp-block-stackable-columns alignfull stk-block-columns stk-block stk-79d384d\" data-block-id=\"79d384d\"><style>.stk-79d384d .stk--block-align-79d384d{align-items:center !important;}.stk-79d384d {margin-bottom:var(--stk--preset--spacing--60, clamp(30px, 7vw, 70px)) !important;}.stk-79d384d-column{max-width:1280px !important;min-width:auto !important;--stk-column-gap:var(--stk--preset--spacing--50, clamp(30px, 5vw, 50px)) !important;}@media screen and (max-width: 767px){.stk-79d384d {--stk-col-order-1:2 !important;--stk-col-order-2:1 !important;}}<\/style><div class=\"stk-row stk-inner-blocks stk--block-align-79d384d stk-block-content stk-content-align stk-79d384d-column alignwide\">\n<div class=\"wp-block-stackable-column stk-block-column stk-column stk-block stk-f014d70\" data-v=\"4\" data-block-id=\"f014d70\"><div class=\"stk-column-wrapper stk-block-column__content stk-container stk-f014d70-container stk--no-background stk--no-padding\"><div class=\"stk-block-content stk-inner-blocks stk-f014d70-inner-blocks\">\n<div class=\"wp-block-stackable-image stk-block-image stk-block stk-b30e223\" data-block-id=\"b30e223\"><style>.stk-b30e223 .stk-img-wrapper{width:100% !important;height:314px !important;filter:drop-shadow(2px 2px 9px #00000070) !important;}.stk-b30e223 .stk-img-wrapper img{border-radius:25px !important;}<\/style><figure><span class=\"stk-img-wrapper stk-image--shape-stretch stk--shadow-2px 2px 9px #00000070\"><img loading=\"lazy\" decoding=\"async\" class=\"stk-img wp-image-389\" src=\"https:\/\/www.campinglesgranges.fr\/wp-content\/uploads\/2026\/03\/recharge.jpg\" width=\"599\" height=\"260\" alt=\"elektrisch laadstation op camping Indre et Loire\" srcset=\"https:\/\/www.campinglesgranges.fr\/wp-content\/uploads\/2026\/03\/recharge.jpg 599w, https:\/\/www.campinglesgranges.fr\/wp-content\/uploads\/2026\/03\/recharge-300x130.jpg 300w, https:\/\/www.campinglesgranges.fr\/wp-content\/uploads\/2026\/03\/recharge-500x217.jpg 500w\" sizes=\"auto, (max-width: 599px) 100vw, 599px\" \/><\/span><\/figure><\/div>\n<\/div><\/div><\/div>\n\n\n\n<div class=\"wp-block-stackable-column stk-block-column stk-column stk-block stk-5349932\" data-v=\"4\" data-block-id=\"5349932\"><div class=\"stk-column-wrapper stk-block-column__content stk-container stk-5349932-container stk--no-background stk--no-padding\"><div class=\"stk-block-content stk-inner-blocks stk-5349932-inner-blocks\">\n<div class=\"wp-block-stackable-heading stk-block-heading stk-block-heading--v2 stk-block stk-9dad0a0\" id=\"eco-mobilite\" data-block-id=\"9dad0a0\"><style>.stk-9dad0a0 .stk-block-heading__text{color:var(--stk-global-color-70991, #fdd518) !important;}<\/style><h2 class=\"stk-block-heading__text has-text-color\">Ecomobiliteit<\/h2><\/div>\n\n\n\n<div class=\"wp-block-stackable-text stk-block-text stk-block stk-d874852\" data-block-id=\"d874852\"><p class=\"stk-block-text__text translation-block\">Een **oplader speciaal voor elektrische auto's** is beschikbaar op de camping.\nMet een vermogen tot 22 kW.\nDaarnaast zijn er opladers beschikbaar op 300 meter van de camping, aan de All. Aim\u00e9 Richardeau 12B - Type 2: 18 kWh - 24\/24 uur geopend - beveiligde openbare parkeerplaats.<\/p><\/div>\n<\/div><\/div><\/div>\n<\/div><\/div>\n\n\n\n<div class=\"wp-block-stackable-columns alignfull stk-block-columns stk-block stk-be9abc4 stk-block-background\" data-block-id=\"be9abc4\"><style>.stk-be9abc4 .stk--block-align-be9abc4{align-items:center !important;}.stk-be9abc4 {background-color:var(--stk-global-color-42219, #bce3f9) !important;border-top-left-radius:25px !important;border-top-right-radius:25px !important;border-bottom-right-radius:25px !important;border-bottom-left-radius:25px !important;overflow:hidden !important;padding-top:var(--stk--preset--spacing--50, clamp(30px, 5vw, 50px)) !important;padding-bottom:var(--stk--preset--spacing--50, clamp(30px, 5vw, 50px)) !important;margin-bottom:var(--stk--preset--spacing--60, clamp(30px, 7vw, 70px)) !important;}.stk-be9abc4:before{background-color:var(--stk-global-color-42219, #bce3f9) !important;}.stk-be9abc4-column{max-width:1280px !important;min-width:auto !important;--stk-column-gap:var(--stk--preset--spacing--50, clamp(30px, 5vw, 50px)) !important;}<\/style><div class=\"stk-row stk-inner-blocks stk--block-align-be9abc4 stk-block-content stk-content-align stk-be9abc4-column alignwide\">\n<div class=\"wp-block-stackable-column stk-block-column stk-column stk-block stk-bc51cd5\" data-v=\"4\" data-block-id=\"bc51cd5\"><div class=\"stk-column-wrapper stk-block-column__content stk-container stk-bc51cd5-container stk--no-background stk--no-padding\"><div class=\"stk-block-content stk-inner-blocks stk-bc51cd5-inner-blocks\">\n<div class=\"wp-block-stackable-heading stk-block-heading stk-block-heading--v2 stk-block stk-af970f4\" id=\"espace-de-co-working\" data-block-id=\"af970f4\"><style>.stk-af970f4 .stk-block-heading__text{color:var(--stk-global-color-35744, #115390) !important;}<\/style><h2 class=\"stk-block-heading__text has-text-color\">Co-working space<\/h2><\/div>\n\n\n\n<div class=\"wp-block-stackable-text stk-block-text stk-block stk-88908ac\" data-block-id=\"88908ac\"><p class=\"stk-block-text__text translation-block\">Zin in een lang weekend terwijl je een dossier afrondt op 1 uur van Parijs? Profiteer gratis van onze co-workingruimte om te kunnen werken zonder je partner wakker te maken of gestoord te worden door de kinderen tijdens een videogesprek met je leidinggevende!<\/p><\/div>\n<\/div><\/div><\/div>\n\n\n\n<div class=\"wp-block-stackable-column stk-block-column stk-column stk-block stk-0adfe98\" data-v=\"4\" data-block-id=\"0adfe98\"><div class=\"stk-column-wrapper stk-block-column__content stk-container stk-0adfe98-container stk--no-background stk--no-padding\"><div class=\"stk-block-content stk-inner-blocks stk-0adfe98-inner-blocks\">\n<div class=\"wp-block-stackable-image stk-block-image has-text-align-right stk-block stk-6f17b51\" data-block-id=\"6f17b51\"><style>.stk-6f17b51 {margin-bottom:-40px !important;z-index:3 !important;}.stk-6f17b51 .stk-img-wrapper{width:150px !important;}<\/style><figure><span class=\"stk-img-wrapper stk-image--shape-stretch\"><img loading=\"lazy\" decoding=\"async\" class=\"stk-img wp-image-143\" src=\"https:\/\/www.campinglesgranges.fr\/wp-content\/uploads\/2026\/03\/logo_camping-les-granges-3-1-1.png\" width=\"336\" height=\"286\" alt=\"logo camping les granges 3 1\" srcset=\"https:\/\/www.campinglesgranges.fr\/wp-content\/uploads\/2026\/03\/logo_camping-les-granges-3-1-1.png 336w, https:\/\/www.campinglesgranges.fr\/wp-content\/uploads\/2026\/03\/logo_camping-les-granges-3-1-1-300x255.png 300w\" sizes=\"auto, (max-width: 336px) 100vw, 336px\" \/><\/span><\/figure><\/div>\n\n\n\n<div class=\"wp-block-stackable-image stk-block-image stk-block stk-a2a7c2f\" data-block-id=\"a2a7c2f\"><style>.stk-a2a7c2f .stk-img-wrapper{width:100% !important;filter:drop-shadow(2px 2px 9px #00000070) !important;}.stk-a2a7c2f .stk-img-wrapper img{border-radius:25px !important;}<\/style><figure><span class=\"stk-img-wrapper stk-image--shape-stretch stk--shadow-2px 2px 9px #00000070\"><img loading=\"lazy\" decoding=\"async\" class=\"stk-img wp-image-391\" src=\"https:\/\/www.campinglesgranges.fr\/wp-content\/uploads\/2026\/03\/coworking.png\" width=\"600\" height=\"401\" alt=\"kasteel in de Loire - camping in de Loire-vallei\" srcset=\"https:\/\/www.campinglesgranges.fr\/wp-content\/uploads\/2026\/03\/coworking.png 600w, https:\/\/www.campinglesgranges.fr\/wp-content\/uploads\/2026\/03\/coworking-300x201.png 300w, https:\/\/www.campinglesgranges.fr\/wp-content\/uploads\/2026\/03\/coworking-500x334.png 500w\" sizes=\"auto, (max-width: 600px) 100vw, 600px\" \/><\/span><\/figure><\/div>\n<\/div><\/div><\/div>\n<\/div><\/div>\n\n\n\n<p data-block-type=\"core\"><\/p>","protected":false},"excerpt":{"rendered":"<p>La Touraine : une r\u00e9gion riche en histoire et au croisement des chemins Parce que nous ne le camping Flower Les Granges est au bon endroit pour vous retrouver en famille ou avec des amis des 4 coins de la France. Jamais tr\u00e8s loin de chez vous ! Tr\u00e8s facilement accessible, le camping est desservi [&hellip;]<\/p>\n","protected":false},"author":1,"featured_media":56,"parent":0,"menu_order":0,"comment_status":"closed","ping_status":"closed","template":"","meta":{"_acf_changed":false,"_seopress_robots_primary_cat":"","_seopress_titles_title":"Bonnes raisons de venir au Camping Les Granges","_seopress_titles_desc":"D\u00e9couvrez toutes les bonnes raisons de venir au Camping Les Granges : cadre naturel, ambiance conviviale, situation id\u00e9ale et s\u00e9jour ressour\u00e7ant en Touraine.","_seopress_robots_index":"","_vp_format_video_url":"","_vp_image_focal_point":[],"footnotes":""},"class_list":["post-135","page","type-page","status-publish","has-post-thumbnail","hentry"],"acf":[],"_links":{"self":[{"href":"https:\/\/www.campinglesgranges.fr\/nl\/wp-json\/wp\/v2\/pages\/135","targetHints":{"allow":["GET"]}}],"collection":[{"href":"https:\/\/www.campinglesgranges.fr\/nl\/wp-json\/wp\/v2\/pages"}],"about":[{"href":"https:\/\/www.campinglesgranges.fr\/nl\/wp-json\/wp\/v2\/types\/page"}],"author":[{"embeddable":true,"href":"https:\/\/www.campinglesgranges.fr\/nl\/wp-json\/wp\/v2\/users\/1"}],"replies":[{"embeddable":true,"href":"https:\/\/www.campinglesgranges.fr\/nl\/wp-json\/wp\/v2\/comments?post=135"}],"version-history":[{"count":8,"href":"https:\/\/www.campinglesgranges.fr\/nl\/wp-json\/wp\/v2\/pages\/135\/revisions"}],"predecessor-version":[{"id":771,"href":"https:\/\/www.campinglesgranges.fr\/nl\/wp-json\/wp\/v2\/pages\/135\/revisions\/771"}],"wp:featuredmedia":[{"embeddable":true,"href":"https:\/\/www.campinglesgranges.fr\/nl\/wp-json\/wp\/v2\/media\/56"}],"wp:attachment":[{"href":"https:\/\/www.campinglesgranges.fr\/nl\/wp-json\/wp\/v2\/media?parent=135"}],"curies":[{"name":"wp","href":"https:\/\/api.w.org\/{rel}","templated":true}]}}