{"id":901,"date":"2026-04-20T14:24:37","date_gmt":"2026-04-20T12:24:37","guid":{"rendered":"https:\/\/www.campinglesgranges.fr\/?page_id=901"},"modified":"2026-04-20T14:26:58","modified_gmt":"2026-04-20T12:26:58","slug":"garantie-meteo-flower-camping","status":"publish","type":"page","link":"https:\/\/www.campinglesgranges.fr\/es\/garantie-meteo-flower-camping\/","title":{"rendered":"Garantie M\u00e9t\u00e9o &#8211; Flower Camping"},"content":{"rendered":"<div class=\"wp-block-stackable-heading stk-block-heading stk-block-heading--v2 stk-block stk-bcbbc04\" id=\"\ud83c\udf26\ufe0f-ne-laissez-plus-la-pluie-gacher-vos-vacances\" data-block-id=\"bcbbc04\"><h2 class=\"stk-block-heading__text\">\ud83c\udf26\ufe0f Ne laissez plus la pluie g\u00e2cher vos vacances !<\/h2><\/div>\n\n\n\n<div class=\"wp-block-stackable-text stk-block-text stk-block stk-b07cf94\" data-block-id=\"b07cf94\"><p class=\"stk-block-text__text\">Partez l&rsquo;esprit tranquille. Parce qu\u2019on ne peut pas commander le soleil, Flower Camping cr\u00e9\u00e9 la <strong>Garantie M\u00e9t\u00e9o<\/strong>, une exclusivit\u00e9 pour vous assurer des vacances r\u00e9ussies, quoi qu&rsquo;il arrive.<\/p><\/div>\n\n\n\n<div class=\"wp-block-stackable-text stk-block-text stk-block stk-aad1108\" data-block-id=\"aad1108\"><p class=\"stk-block-text__text\">\ud83c\udfaf En quoi consiste cette garantie ?<br>Elle permet aux clients d\u2019\u00eatre partiellement rembours\u00e9s en cas de mauvais temps (pluie ou gr\u00eale pendant au moins 3 heures dans la m\u00eame journ\u00e9e enregistr\u00e9es entre 10h00 et 17h59) pendant leur s\u00e9jour. Le remboursement est \u00e0 hauteur de 50 % du montant par jour de pluie :<br>30 % vers\u00e9s par virement bancaire<br>20 % sous forme de bon d\u2019achat valable 1 an dans les campings Flower<br><br>\ud83d\udcc5 Quels s\u00e9jours sont concern\u00e9s ?<br>S\u00e9jours entre le 5 juillet et le 30 ao\u00fbt 2026<br>R\u00e9servations effectu\u00e9es entre le 1er et le 31 mai 2026<br>Minimum 2 nuits, en location ou sur emplacement<br>Garantie valable du lendemain de l\u2019arriv\u00e9e \u00e0 la veille du d\u00e9part<\/p><\/div>\n\n\n\n<div class=\"wp-block-stackable-button-group stk-block-button-group stk-block stk-f44cb35\" data-block-id=\"f44cb35\"><style>.stk-f44cb35 {margin-bottom:var(--stk--preset--spacing--50, clamp(30px, 5vw, 50px)) !important;}<\/style><div class=\"stk-row stk-inner-blocks has-text-align-center stk-block-content stk-button-group\">\n<div class=\"wp-block-stackable-button stk-block-button stk-block stk-d49abec\" data-block-id=\"d49abec\"><style>.stk-d49abec .stk-button{padding-top:var(--stk--preset--spacing--20, 10px) !important;padding-right:var(--stk--preset--spacing--40, 30px) !important;padding-bottom:var(--stk--preset--spacing--20, 10px) !important;padding-left:var(--stk--preset--spacing--40, 30px) !important;background:var(--stk-global-color-35744, #115390) !important;border-top-left-radius:var(--stk--preset--border-radius--x-large, 24px) !important;border-top-right-radius:var(--stk--preset--border-radius--x-large, 24px) !important;border-bottom-right-radius:var(--stk--preset--border-radius--x-large, 24px) !important;border-bottom-left-radius:var(--stk--preset--border-radius--x-large, 24px) !important;}.stk-d49abec .stk-button:hover:after{background:var(--stk-global-color-42219, #bce3f9) !important;opacity:1 !important;}.stk-d49abec .stk-button__inner-text{font-size:1rem !important;color:#fffffe !important;font-weight:300 !important;text-transform:uppercase !important;font-family:\"Changa\", Sans-serif !important;}.stk-d49abec .stk-button:hover .stk-button__inner-text{color:var(--stk-global-color-35744, #115390) !important;}@media screen and (max-width: 1023px){.stk-d49abec .stk-button__inner-text{font-size:1rem !important;}}<\/style><a class=\"stk-link stk-button stk--hover-effect-darken\" href=\"https:\/\/www.flowercampings.com\/page\/cgv-garantie-meteo\" target=\"_blank\" rel=\"noreferrer noopener\"><span class=\"has-text-color stk-button__inner-text\">Saber m\u00e1s<\/span><\/a><\/div>\n<\/div><\/div>","protected":false},"excerpt":{"rendered":"<p>\ud83c\udf26\ufe0f Ne laissez plus la pluie g\u00e2cher vos vacances ! Partez l&rsquo;esprit tranquille. Parce qu\u2019on ne peut pas commander le soleil, Flower Camping cr\u00e9\u00e9 la Garantie M\u00e9t\u00e9o, une exclusivit\u00e9 pour vous assurer des vacances r\u00e9ussies, quoi qu&rsquo;il arrive. \ud83c\udfaf En quoi consiste cette garantie ?Elle permet aux clients d\u2019\u00eatre partiellement rembours\u00e9s en cas de mauvais [&hellip;]<\/p>\n","protected":false},"author":1,"featured_media":56,"parent":0,"menu_order":0,"comment_status":"closed","ping_status":"closed","template":"","meta":{"_acf_changed":false,"_seopress_robots_primary_cat":"","_seopress_titles_title":"Garantie M\u00e9t\u00e9o - Flower Camping","_seopress_titles_desc":"Avec la Garantie M\u00e9t\u00e9o, Flower Campings vous propose une assurance exclusive qui vous permet de r\u00e9server l\u2019esprit tranquille !","_seopress_robots_index":"","_vp_format_video_url":"","_vp_image_focal_point":[],"footnotes":""},"class_list":["post-901","page","type-page","status-publish","has-post-thumbnail","hentry"],"acf":[],"_links":{"self":[{"href":"https:\/\/www.campinglesgranges.fr\/es\/wp-json\/wp\/v2\/pages\/901","targetHints":{"allow":["GET"]}}],"collection":[{"href":"https:\/\/www.campinglesgranges.fr\/es\/wp-json\/wp\/v2\/pages"}],"about":[{"href":"https:\/\/www.campinglesgranges.fr\/es\/wp-json\/wp\/v2\/types\/page"}],"author":[{"embeddable":true,"href":"https:\/\/www.campinglesgranges.fr\/es\/wp-json\/wp\/v2\/users\/1"}],"replies":[{"embeddable":true,"href":"https:\/\/www.campinglesgranges.fr\/es\/wp-json\/wp\/v2\/comments?post=901"}],"version-history":[{"count":2,"href":"https:\/\/www.campinglesgranges.fr\/es\/wp-json\/wp\/v2\/pages\/901\/revisions"}],"predecessor-version":[{"id":909,"href":"https:\/\/www.campinglesgranges.fr\/es\/wp-json\/wp\/v2\/pages\/901\/revisions\/909"}],"wp:featuredmedia":[{"embeddable":true,"href":"https:\/\/www.campinglesgranges.fr\/es\/wp-json\/wp\/v2\/media\/56"}],"wp:attachment":[{"href":"https:\/\/www.campinglesgranges.fr\/es\/wp-json\/wp\/v2\/media?parent=901"}],"curies":[{"name":"wp","href":"https:\/\/api.w.org\/{rel}","templated":true}]}}