{"id":335,"date":"2026-03-20T16:14:43","date_gmt":"2026-03-20T15:14:43","guid":{"rendered":"https:\/\/www.campinglesgranges.fr\/?page_id=335"},"modified":"2026-04-23T10:38:39","modified_gmt":"2026-04-23T08:38:39","slug":"descargas","status":"publish","type":"page","link":"https:\/\/www.campinglesgranges.fr\/es\/telechargements\/","title":{"rendered":"Descargas"},"content":{"rendered":"<div class=\"wp-block-stackable-button-group stk-block-button-group stk-block stk-26ae5c9\" data-block-id=\"26ae5c9\"><div class=\"stk-row stk-inner-blocks has-text-align-center stk-block-content stk-button-group\">\n<div class=\"wp-block-stackable-button stk-block-button stk-block stk-9dcac83\" data-block-id=\"9dcac83\"><style>.stk-9dcac83 .stk-button{background:var(--stk-global-color-35744, #115390) !important;border-top-left-radius:30px !important;border-top-right-radius:30px !important;border-bottom-right-radius:30px !important;border-bottom-left-radius:30px !important;}.stk-9dcac83 .stk-button__inner-text{color:var(--stk-global-color-42219, #bce3f9) !important;}<\/style><a class=\"stk-link stk-button stk--hover-effect-darken\" href=\"https:\/\/www.campinglesgranges.fr\/wp-content\/uploads\/2026\/03\/plan-2026.png\" target=\"_blank\" rel=\"noreferrer noopener\"><span class=\"has-text-color stk-button__inner-text\">\ud83d\uddfa\ufe0f Mapa del camping<\/span><\/a><\/div>\n<\/div><\/div>\n\n\n\n<div class=\"wp-block-stackable-button-group stk-block-button-group stk-block stk-d55ef04\" data-block-id=\"d55ef04\"><div class=\"stk-row stk-inner-blocks has-text-align-center stk-block-content stk-button-group\">\n<div class=\"wp-block-stackable-button stk-block-button stk-block stk-af5749b\" data-block-id=\"af5749b\"><style>.stk-af5749b .stk-button{background:var(--stk-global-color-35744, #115390) !important;border-top-left-radius:30px !important;border-top-right-radius:30px !important;border-bottom-right-radius:30px !important;border-bottom-left-radius:30px !important;}.stk-af5749b .stk-button__inner-text{color:var(--stk-global-color-42219, #bce3f9) !important;}<\/style><a class=\"stk-link stk-button stk--hover-effect-darken\" href=\"https:\/\/www.campinglesgranges.fr\/wp-content\/uploads\/2026\/03\/gritchen-assurance-2-scaled-1.jpg\" target=\"_blank\" rel=\"noreferrer noopener\"><span class=\"has-text-color stk-button__inner-text\">\u2705 Garant\u00eda de cancelaci\u00f3n<\/span><\/a><\/div>\n<\/div><\/div>\n\n\n\n<div class=\"wp-block-stackable-button-group stk-block-button-group stk-block stk-35fff54\" data-block-id=\"35fff54\"><div class=\"stk-row stk-inner-blocks has-text-align-center stk-block-content stk-button-group\">\n<div class=\"wp-block-stackable-button stk-block-button stk-block stk-00adb6e\" data-block-id=\"00adb6e\"><style>.stk-00adb6e .stk-button{background:var(--stk-global-color-35744, #115390) !important;border-top-left-radius:30px !important;border-top-right-radius:30px !important;border-bottom-right-radius:30px !important;border-bottom-left-radius:30px !important;}.stk-00adb6e .stk-button__inner-text{color:var(--stk-global-color-42219, #bce3f9) !important;}<\/style><a class=\"stk-link stk-button stk--hover-effect-darken\" href=\"https:\/\/www.campinglesgranges.fr\/wp-content\/uploads\/2026\/03\/conditions-generales-de-vente-2024-f-nl-all-et-gb.pdf\" target=\"_blank\" rel=\"noreferrer noopener\"><span class=\"has-text-color stk-button__inner-text\">CGV<\/span><\/a><\/div>\n<\/div><\/div>\n\n\n\n<div class=\"wp-block-stackable-text stk-block-text stk-block stk-2d0bc71\" data-block-id=\"2d0bc71\"><p class=\"stk-block-text__text has-text-align-center\"><br><\/p><\/div>\n\n\n\n<p data-block-type=\"core\"><\/p>","protected":false},"excerpt":{"rendered":"<p>\ud83d\uddfa\ufe0f Plan du camping \u2705 Assurance annulation \u2139\ufe0fCGV<\/p>","protected":false},"author":1,"featured_media":56,"parent":0,"menu_order":0,"comment_status":"closed","ping_status":"closed","template":"","meta":{"_acf_changed":false,"_seopress_robots_primary_cat":"","_seopress_titles_title":"T\u00e9l\u00e9chargements utiles pour votre s\u00e9jour | Camping Les Granges","_seopress_titles_desc":"Retrouvez tous les t\u00e9l\u00e9chargements utiles pour pr\u00e9parer votre s\u00e9jour au Camping Les Granges : documents pratiques, informations et ressources \u00e0 consulter facilement.","_seopress_robots_index":"","_vp_format_video_url":"","_vp_image_focal_point":[],"footnotes":""},"class_list":["post-335","page","type-page","status-publish","has-post-thumbnail","hentry"],"acf":[],"_links":{"self":[{"href":"https:\/\/www.campinglesgranges.fr\/es\/wp-json\/wp\/v2\/pages\/335","targetHints":{"allow":["GET"]}}],"collection":[{"href":"https:\/\/www.campinglesgranges.fr\/es\/wp-json\/wp\/v2\/pages"}],"about":[{"href":"https:\/\/www.campinglesgranges.fr\/es\/wp-json\/wp\/v2\/types\/page"}],"author":[{"embeddable":true,"href":"https:\/\/www.campinglesgranges.fr\/es\/wp-json\/wp\/v2\/users\/1"}],"replies":[{"embeddable":true,"href":"https:\/\/www.campinglesgranges.fr\/es\/wp-json\/wp\/v2\/comments?post=335"}],"version-history":[{"count":5,"href":"https:\/\/www.campinglesgranges.fr\/es\/wp-json\/wp\/v2\/pages\/335\/revisions"}],"predecessor-version":[{"id":868,"href":"https:\/\/www.campinglesgranges.fr\/es\/wp-json\/wp\/v2\/pages\/335\/revisions\/868"}],"wp:featuredmedia":[{"embeddable":true,"href":"https:\/\/www.campinglesgranges.fr\/es\/wp-json\/wp\/v2\/media\/56"}],"wp:attachment":[{"href":"https:\/\/www.campinglesgranges.fr\/es\/wp-json\/wp\/v2\/media?parent=335"}],"curies":[{"name":"wp","href":"https:\/\/api.w.org\/{rel}","templated":true}]}}