{"id":29,"date":"2026-03-10T14:55:59","date_gmt":"2026-03-10T13:55:59","guid":{"rendered":"https:\/\/www.campinglesgranges.fr\/?page_id=29"},"modified":"2026-03-27T12:11:39","modified_gmt":"2026-03-27T11:11:39","slug":"plan-du-site","status":"publish","type":"page","link":"https:\/\/www.campinglesgranges.fr\/es\/plan-du-site\/","title":{"rendered":"Mapa del sitio"},"content":{"rendered":"<div class=\"wp-block-wpseopress-sitemap\"><div class=\"wrap-html-sitemap sp-html-sitemap\"><div class=\"sp-wrap-cpt\"><h2 class=\"sp-cpt-name\">Entradas<\/h2><\/div><div class=\"sp-wrap-cpt\"><h2 class=\"sp-cpt-name\">P\u00e1ginas<\/h2><ul class=\"sp-list-posts sp-cpt-hierarchical\"><li class=\"page_item page-item-942\"><a href=\"https:\/\/www.campinglesgranges.fr\/es\/politique-de-cookies-ue\/\">Politique de cookies (UE)<\/a><\/li><li class=\"page_item page-item-943\"><a href=\"https:\/\/www.campinglesgranges.fr\/es\/declaration-de-confidentialite-ue\/\">D\u00e9claration de confidentialit\u00e9 (UE)<\/a><\/li><li class=\"page_item page-item-901\"><a href=\"https:\/\/www.campinglesgranges.fr\/es\/garantie-meteo-flower-camping\/\">Garantie M\u00e9t\u00e9o &#8211; Flower Camping<\/a><\/li><li class=\"page_item page-item-799\"><a href=\"https:\/\/www.campinglesgranges.fr\/es\/activites-loisirs-indre-et-loire\/\">Camping avec activit\u00e9s et loisirs Indre-et-Loire<\/a><\/li><li class=\"page_item page-item-790\"><a href=\"https:\/\/www.campinglesgranges.fr\/es\/foire-aux-questions\/\">Preguntas Frecuentes<\/a><\/li><li class=\"page_item page-item-530\"><a href=\"https:\/\/www.campinglesgranges.fr\/es\/location-emplacement-indre-et-loire\/\">Ubicaci\u00f3n de ubicaci\u00f3n cerca de Tours en Luynes<\/a><\/li><li class=\"page_item page-item-370\"><a href=\"https:\/\/www.campinglesgranges.fr\/es\/mentions-legales\/\">Aviso legal<\/a><\/li><li class=\"page_item page-item-335\"><a href=\"https:\/\/www.campinglesgranges.fr\/es\/telechargements\/\">Descargas<\/a><\/li><li class=\"page_item page-item-329\"><a href=\"https:\/\/www.campinglesgranges.fr\/es\/avis-clients\/\">Avisos a clientes<\/a><\/li><li class=\"page_item page-item-281\"><a href=\"https:\/\/www.campinglesgranges.fr\/es\/paiement-en-4x-floa\/\">Pago en 4x FLOA<\/a><\/li><li class=\"page_item page-item-276\"><a href=\"https:\/\/www.campinglesgranges.fr\/es\/assurance-annulation-campez-couvert\/\">Seguro de cancelaci\u00f3n Campez Couvert<\/a><\/li><li class=\"page_item page-item-272\"><a href=\"https:\/\/www.campinglesgranges.fr\/es\/location-mobil-home-indre-et-loire\/\">Los alojamientos del camping en Luynes<\/a><\/li><li class=\"page_item page-item-258\"><a href=\"https:\/\/www.campinglesgranges.fr\/es\/acces-contact\/\">Acceso \/ Contacto<\/a><\/li><li class=\"page_item page-item-190\"><a href=\"https:\/\/www.campinglesgranges.fr\/es\/cote-loisirs\/\">Ocio en Turena<\/a><ul class='children'><li class=\"page_item page-item-253\"><a href=\"https:\/\/www.campinglesgranges.fr\/es\/cote-loisirs\/le-futuroscope\/\">Camping 3* cerca del Futuroscope<\/a><\/li><li class=\"page_item page-item-249\"><a href=\"https:\/\/www.campinglesgranges.fr\/es\/cote-loisirs\/zoos\/\">Zool\u00f3gicos cerca de Luynes: Gu\u00eda completa para tus salidas familiares desde el Flower Camping Les Granges<\/a><\/li><\/ul><\/li><li class=\"page_item page-item-186\"><a href=\"https:\/\/www.campinglesgranges.fr\/es\/cote-nature\/\">La naturaleza alrededor de Luynes<\/a><ul class='children'><li class=\"page_item page-item-245\"><a href=\"https:\/\/www.campinglesgranges.fr\/es\/cote-nature\/les-coins-de-peche\/\">Los rincones de pesca<\/a><\/li><li class=\"page_item page-item-241\"><a href=\"https:\/\/www.campinglesgranges.fr\/es\/cote-nature\/les-vignobles-du-val-de-loire\/\">Los vi\u00f1edos del Valle del Loira<\/a><\/li><li class=\"page_item page-item-237\"><a href=\"https:\/\/www.campinglesgranges.fr\/es\/cote-nature\/pistes-cyclables-balades-luynes\/\">Pistas ciclistas y paseos alrededor del Camping Les Granges en Luynes<\/a><\/li><\/ul><\/li><li class=\"page_item page-item-182\"><a href=\"https:\/\/www.campinglesgranges.fr\/es\/cote-chateaux\/\">C\u00f4t\u00e9 ch\u00e2teaux<\/a><ul class='children'><li class=\"page_item page-item-233\"><a href=\"https:\/\/www.campinglesgranges.fr\/es\/cote-chateaux\/le-chateau-de-rigny-usse\/\">El Castillo de Rigny-Uss\u00e9<\/a><\/li><li class=\"page_item page-item-229\"><a href=\"https:\/\/www.campinglesgranges.fr\/es\/cote-chateaux\/le-chateau-de-villandry\/\">El Castillo de Villandry<\/a><\/li><li class=\"page_item page-item-224\"><a href=\"https:\/\/www.campinglesgranges.fr\/es\/cote-chateaux\/le-chateau-de-langeais\/\">El Castillo de Langeais<\/a><\/li><li class=\"page_item page-item-220\"><a href=\"https:\/\/www.campinglesgranges.fr\/es\/cote-chateaux\/le-chateau-de-chenonceau\/\">El Castillo de Chenonceau<\/a><\/li><li class=\"page_item page-item-216\"><a href=\"https:\/\/www.campinglesgranges.fr\/es\/cote-chateaux\/le-chateau-dazay-le-rideau\/\">El Castillo de Azay-le-Rideau<\/a><\/li><\/ul><\/li><li class=\"page_item page-item-178\"><a href=\"https:\/\/www.campinglesgranges.fr\/es\/cote-ville\/\">Lado de las ciudades del Valle del Loira<\/a><ul class='children'><li class=\"page_item page-item-212\"><a href=\"https:\/\/www.campinglesgranges.fr\/es\/cote-ville\/saumur\/\">D\u00e9couvrez Saumur, joyau de la Vall\u00e9e de la Loire<\/a><\/li><li class=\"page_item page-item-208\"><a href=\"https:\/\/www.campinglesgranges.fr\/es\/cote-ville\/blois\/\">Visiter Blois depuis le camping Les Granges de Luynes<\/a><\/li><li class=\"page_item page-item-203\"><a href=\"https:\/\/www.campinglesgranges.fr\/es\/cote-ville\/chinon\/\">D\u00e9couvrez Chinon depuis le Flower Camping Les Granges<\/a><\/li><li class=\"page_item page-item-199\"><a href=\"https:\/\/www.campinglesgranges.fr\/es\/cote-ville\/amboise\/\">Visita Amboise y sus lugares imprescindibles desde Flower Camping Les Granges<\/a><\/li><li class=\"page_item page-item-194\"><a href=\"https:\/\/www.campinglesgranges.fr\/es\/cote-ville\/camping-tours\/\">Camping a 10km de Tours<\/a><\/li><\/ul><\/li><li class=\"page_item page-item-174\"><a href=\"https:\/\/www.campinglesgranges.fr\/es\/marches-bonnes-adresses-luynes\/\">Les march\u00e9s &amp; bonnes adresses \u00e0 Luynes<\/a><\/li><li class=\"page_item page-item-170\"><a href=\"https:\/\/www.campinglesgranges.fr\/es\/camping-a-luynes\/\">Camping au coeur de Luynes<\/a><\/li><li class=\"page_item page-item-165\"><a href=\"https:\/\/www.campinglesgranges.fr\/es\/camping-piscine-indre-et-loire\/\">Camping con piscina en Tours, en el Loira<\/a><\/li><li class=\"page_item page-item-149\"><a href=\"https:\/\/www.campinglesgranges.fr\/es\/camping-services-indre-et-loire\/\">Servicios de 3 estrellas Indre-et-Loire<\/a><\/li><li class=\"page_item page-item-135\"><a href=\"https:\/\/www.campinglesgranges.fr\/es\/bonnes-raisons-de-venir-au-camping\/\">Las buenas razones para venir al camping<\/a><\/li><li class=\"page_item page-item-126\"><a href=\"https:\/\/www.campinglesgranges.fr\/es\/engagements-et-valeurs\/\">Nuestros compromisos y valores<\/a><\/li><li class=\"page_item page-item-29\"><a href=\"https:\/\/www.campinglesgranges.fr\/es\/plan-du-site\/\">Mapa del sitio<\/a><\/li><li class=\"page_item page-item-10\"><a href=\"https:\/\/www.campinglesgranges.fr\/es\/\">Inicio<\/a><\/li><\/ul><\/div><\/div><\/div>\n\n\n<p data-block-type=\"core\"><\/p>","protected":false},"excerpt":{"rendered":"","protected":false},"author":1,"featured_media":56,"parent":0,"menu_order":0,"comment_status":"closed","ping_status":"closed","template":"","meta":{"_acf_changed":false,"_seopress_robots_primary_cat":"","_seopress_titles_title":"Plan du site | Camping Les Granges en Indre-et-Loire (37)","_seopress_titles_desc":"Retrouvez toutes les pages de notre camping 3 \u00e9toiles en Indre-et-Loire. Organisez votre s\u00e9jour au c\u0153ur du Val de Loire et d\u00e9couvrez nos services et activit\u00e9s.","_seopress_robots_index":"","_vp_format_video_url":"","_vp_image_focal_point":[],"footnotes":""},"class_list":["post-29","page","type-page","status-publish","has-post-thumbnail","hentry"],"acf":[],"_links":{"self":[{"href":"https:\/\/www.campinglesgranges.fr\/es\/wp-json\/wp\/v2\/pages\/29","targetHints":{"allow":["GET"]}}],"collection":[{"href":"https:\/\/www.campinglesgranges.fr\/es\/wp-json\/wp\/v2\/pages"}],"about":[{"href":"https:\/\/www.campinglesgranges.fr\/es\/wp-json\/wp\/v2\/types\/page"}],"author":[{"embeddable":true,"href":"https:\/\/www.campinglesgranges.fr\/es\/wp-json\/wp\/v2\/users\/1"}],"replies":[{"embeddable":true,"href":"https:\/\/www.campinglesgranges.fr\/es\/wp-json\/wp\/v2\/comments?post=29"}],"version-history":[{"count":3,"href":"https:\/\/www.campinglesgranges.fr\/es\/wp-json\/wp\/v2\/pages\/29\/revisions"}],"predecessor-version":[{"id":512,"href":"https:\/\/www.campinglesgranges.fr\/es\/wp-json\/wp\/v2\/pages\/29\/revisions\/512"}],"wp:featuredmedia":[{"embeddable":true,"href":"https:\/\/www.campinglesgranges.fr\/es\/wp-json\/wp\/v2\/media\/56"}],"wp:attachment":[{"href":"https:\/\/www.campinglesgranges.fr\/es\/wp-json\/wp\/v2\/media?parent=29"}],"curies":[{"name":"wp","href":"https:\/\/api.w.org\/{rel}","templated":true}]}}