{"id":281,"date":"2026-03-20T13:59:37","date_gmt":"2026-03-20T12:59:37","guid":{"rendered":"https:\/\/www.campinglesgranges.fr\/?page_id=281"},"modified":"2026-04-23T10:38:04","modified_gmt":"2026-04-23T08:38:04","slug":"pago-en-4x-float","status":"publish","type":"page","link":"https:\/\/www.campinglesgranges.fr\/es\/paiement-en-4x-floa\/","title":{"rendered":"Pago en 4x FLOA"},"content":{"rendered":"<div class=\"wp-block-stackable-text stk-block-text stk-block stk-e99b08e\" data-block-id=\"e99b08e\"><p class=\"stk-block-text__text\">Facilitez-vous la preparaci\u00f3n de sus vacaciones <a href=\"https:\/\/www.campinglesgranges.fr\/es\/\" target=\"_blank\" rel=\"noreferrer noopener\">Camping Flower Les Granges de Luynes<\/a> !<\/p><\/div>\n\n\n\n<div class=\"wp-block-stackable-text stk-block-text stk-block stk-43459f5\" data-block-id=\"43459f5\"><p class=\"stk-block-text__text\">Ofrecemos un plan de pagos a plazos, lo que le permite distribuir el costo de su reserva a lo largo de varios meses. As\u00ed es como funciona:<\/p><\/div>\n\n\n\n<div class=\"wp-block-stackable-text stk-block-text stk-block stk-6b456bd\" data-block-id=\"6b456bd\"><p class=\"stk-block-text__text translation-block\">Opci\u00f3n de pago: Al realizar su reserva, tendr\u00e1 la opci\u00f3n de seleccionar el pago a plazos con FLOA.\nMonto y duraci\u00f3n: Podr\u00e1 elegir el monto de cada cuota y el plazo de devoluci\u00f3n, seg\u00fan sus preferencias y presupuesto.\nSimplicidad: El proceso es sencillo y r\u00e1pido. Una vez aprobada su solicitud, recibir\u00e1 un plan de pago claro y detallado.\nSeguro: El pago es totalmente seguro, por lo que puede reservar con total tranquilidad.\n\nNo dude en ponerse en contacto con nosotros si tiene alguna pregunta o si desea m\u00e1s informaci\u00f3n sobre esta opci\u00f3n de pago, o haga clic en el siguiente enlace:<\/p><\/div>\n\n\n\n<div class=\"wp-block-stackable-text stk-block-text stk-block stk-95c208b\" data-block-id=\"95c208b\"><p class=\"stk-block-text__text\"><a href=\"https:\/\/www.floabank.fr\/solution-paiement\/paiement-3-4-fois\" target=\"_blank\" rel=\"noreferrer noopener\">https:\/\/www.floabank.fr\/solution-paiement\/paiement-3-4-fois<\/a><\/p><\/div>\n\n\n\n<div class=\"wp-block-stackable-text stk-block-text stk-block stk-2ec0cbe\" data-block-id=\"2ec0cbe\"><style>.stk-2ec0cbe {margin-bottom:var(--stk--preset--spacing--50, clamp(30px, 5vw, 50px)) !important;}<\/style><p class=\"stk-block-text__text\">\u00a1Estamos aqu\u00ed para ayudarle a tener una estancia agradable en el camping Les Granges de Luynes!<\/p><\/div>","protected":false},"excerpt":{"rendered":"<p>Facilitez vous la pr\u00e9paration de vos cong\u00e9s au Camping Flower Les Granges de Luynes ! Nous proposons un r\u00e8glement en plusieurs fois, ce qui vous permet de r\u00e9partir le co\u00fbt de votre r\u00e9servation sur plusieurs mois. Voici comment cela fonctionne : Choix de l\u2019option : Lors de votre r\u00e9servation, vous aurez la possibilit\u00e9 de s\u00e9lectionner [&hellip;]<\/p>\n","protected":false},"author":1,"featured_media":56,"parent":0,"menu_order":0,"comment_status":"closed","ping_status":"closed","template":"","meta":{"_acf_changed":false,"_seopress_robots_primary_cat":"","_seopress_titles_title":"Paiement en 4x FLOA - Camping Les Granges","_seopress_titles_desc":"R\u00e9glez votre s\u00e9jour au Camping Les Granges avec le paiement en 4x FLOA et profitez d\u2019une solution simple pour organiser vos vacances plus sereinement.","_seopress_robots_index":"","_vp_format_video_url":"","_vp_image_focal_point":[],"footnotes":""},"class_list":["post-281","page","type-page","status-publish","has-post-thumbnail","hentry"],"acf":[],"_links":{"self":[{"href":"https:\/\/www.campinglesgranges.fr\/es\/wp-json\/wp\/v2\/pages\/281","targetHints":{"allow":["GET"]}}],"collection":[{"href":"https:\/\/www.campinglesgranges.fr\/es\/wp-json\/wp\/v2\/pages"}],"about":[{"href":"https:\/\/www.campinglesgranges.fr\/es\/wp-json\/wp\/v2\/types\/page"}],"author":[{"embeddable":true,"href":"https:\/\/www.campinglesgranges.fr\/es\/wp-json\/wp\/v2\/users\/1"}],"replies":[{"embeddable":true,"href":"https:\/\/www.campinglesgranges.fr\/es\/wp-json\/wp\/v2\/comments?post=281"}],"version-history":[{"count":2,"href":"https:\/\/www.campinglesgranges.fr\/es\/wp-json\/wp\/v2\/pages\/281\/revisions"}],"predecessor-version":[{"id":368,"href":"https:\/\/www.campinglesgranges.fr\/es\/wp-json\/wp\/v2\/pages\/281\/revisions\/368"}],"wp:featuredmedia":[{"embeddable":true,"href":"https:\/\/www.campinglesgranges.fr\/es\/wp-json\/wp\/v2\/media\/56"}],"wp:attachment":[{"href":"https:\/\/www.campinglesgranges.fr\/es\/wp-json\/wp\/v2\/media?parent=281"}],"curies":[{"name":"wp","href":"https:\/\/api.w.org\/{rel}","templated":true}]}}