{"id":276,"date":"2026-03-20T13:57:26","date_gmt":"2026-03-20T12:57:26","guid":{"rendered":"https:\/\/www.campinglesgranges.fr\/?page_id=276"},"modified":"2026-04-23T10:14:55","modified_gmt":"2026-04-23T08:14:55","slug":"seguro-de-cancelacion-campez-couvert","status":"publish","type":"page","link":"https:\/\/www.campinglesgranges.fr\/es\/assurance-annulation-campez-couvert\/","title":{"rendered":"Seguro de cancelaci\u00f3n Campez Couvert"},"content":{"rendered":"<div class=\"wp-block-stackable-text stk-block-text stk-block stk-0cec47c\" data-block-id=\"0cec47c\"><p class=\"stk-block-text__text\">le <a href=\"https:\/\/www.campinglesgranges.fr\/es\/\">Flowercamping Les Granges<\/a> le ofrece una opci\u00f3n muy \u00fatil para su estancia: el seguro de cancelaci\u00f3n Campezcouvert.<\/p><\/div>\n\n\n\n<div class=\"wp-block-stackable-text stk-block-text stk-block stk-8db7b0d\" data-block-id=\"8db7b0d\"><p class=\"stk-block-text__text\">El seguro de cancelaci\u00f3n Campezcouvert est\u00e1 dise\u00f1ado para ofrecerle tranquilidad al reservar su parcela o alojamiento. En caso de imprevistos, como enfermedad, accidente u otro evento imprevisible, este seguro le permite cancelar su estancia sin costos adicionales.<\/p><\/div>\n\n\n\n<div class=\"wp-block-stackable-text stk-block-text stk-block stk-e214e88\" data-block-id=\"e214e88\"><p class=\"stk-block-text__text\">Aqu\u00ed tienes algunas ventajas de ser miembro de Campezcouvert:<\/p><\/div>\n\n\n\n<div class=\"wp-block-stackable-text stk-block-text stk-block stk-be1e730\" data-block-id=\"be1e730\"><p class=\"stk-block-text__text translation-block\">Reembolso: Si debe cancelar su reserva, se le reembolsar\u00e1n las sumas pagadas, bajo ciertas condiciones.\nSimplicidad: La suscripci\u00f3n a este seguro es r\u00e1pida y f\u00e1cil, lo que le permite disfrutar de su reserva sin preocupaciones.\nProtecci\u00f3n: Le protege contra imprevistos que puedan alterar sus planes de vacaciones: \u00bfLlegadas tard\u00edas o salida precipitada? \u00bfVeh\u00edculo averiado?\nLe recomendamos encarecidamente que considere esta opci\u00f3n al hacer su reserva, para disfrutar plenamente de su estancia con total tranquilidad. Si tiene alguna pregunta o desea saber m\u00e1s, no dude en consultarnos. \u00a1Estamos aqu\u00ed para ayudarle!<\/p><\/div>\n\n\n\n<div class=\"wp-block-stackable-text stk-block-text stk-block stk-dc5791c\" data-block-id=\"dc5791c\"><p class=\"stk-block-text__text\">\u00a1Le deseamos una excelente estancia en el camping Les Granges de Luynes!<\/p><\/div>\n\n\n\n<div class=\"wp-block-stackable-text stk-block-text stk-block stk-600b77b\" data-block-id=\"600b77b\"><style>.stk-600b77b {margin-bottom:var(--stk--preset--spacing--50, clamp(30px, 5vw, 50px)) !important;}<\/style><p class=\"stk-block-text__text\"><a href=\"https:\/\/www.campez-couvert.com\/pour-les-particuliers\/prendre-connaissance-des-cga\/\" target=\"_blank\" rel=\"noreferrer noopener\">Tomar conocimiento de los CGA<\/a><\/p><\/div>","protected":false},"excerpt":{"rendered":"<p>Le Flowercamping Les Granges vous propose une option tr\u00e8s utile pour votre s\u00e9jour : l\u2019assurance annulation Campezcouvert. L\u2019assurance annulation Campezcouvert est con\u00e7ue pour vous offrir une tranquillit\u00e9 d\u2019esprit lors de la r\u00e9servation de votre emplacement ou de votre h\u00e9bergement. En cas d\u2019impr\u00e9vu, comme une maladie, un accident ou tout autre \u00e9v\u00e9nement impr\u00e9visible, cette assurance vous [&hellip;]<\/p>\n","protected":false},"author":1,"featured_media":56,"parent":0,"menu_order":0,"comment_status":"closed","ping_status":"closed","template":"","meta":{"_acf_changed":false,"_seopress_robots_primary_cat":"","_seopress_titles_title":"Assurance annulation - Camping Les Granges","_seopress_titles_desc":"Gr\u00e2ce \u00e0 l'assurance annulation Campez Couvert, offrez vous la tranquillit\u00e9 d'esprit lors de la r\u00e9servation de votre s\u00e9jour au camping Les Granges","_seopress_robots_index":"","_vp_format_video_url":"","_vp_image_focal_point":[],"footnotes":""},"class_list":["post-276","page","type-page","status-publish","has-post-thumbnail","hentry"],"acf":[],"_links":{"self":[{"href":"https:\/\/www.campinglesgranges.fr\/es\/wp-json\/wp\/v2\/pages\/276","targetHints":{"allow":["GET"]}}],"collection":[{"href":"https:\/\/www.campinglesgranges.fr\/es\/wp-json\/wp\/v2\/pages"}],"about":[{"href":"https:\/\/www.campinglesgranges.fr\/es\/wp-json\/wp\/v2\/types\/page"}],"author":[{"embeddable":true,"href":"https:\/\/www.campinglesgranges.fr\/es\/wp-json\/wp\/v2\/users\/1"}],"replies":[{"embeddable":true,"href":"https:\/\/www.campinglesgranges.fr\/es\/wp-json\/wp\/v2\/comments?post=276"}],"version-history":[{"count":3,"href":"https:\/\/www.campinglesgranges.fr\/es\/wp-json\/wp\/v2\/pages\/276\/revisions"}],"predecessor-version":[{"id":369,"href":"https:\/\/www.campinglesgranges.fr\/es\/wp-json\/wp\/v2\/pages\/276\/revisions\/369"}],"wp:featuredmedia":[{"embeddable":true,"href":"https:\/\/www.campinglesgranges.fr\/es\/wp-json\/wp\/v2\/media\/56"}],"wp:attachment":[{"href":"https:\/\/www.campinglesgranges.fr\/es\/wp-json\/wp\/v2\/media?parent=276"}],"curies":[{"name":"wp","href":"https:\/\/api.w.org\/{rel}","templated":true}]}}