{"id":253,"date":"2026-03-19T16:49:16","date_gmt":"2026-03-19T15:49:16","guid":{"rendered":"https:\/\/www.campinglesgranges.fr\/?page_id=253"},"modified":"2026-04-23T10:26:40","modified_gmt":"2026-04-23T08:26:40","slug":"el-futuroscopio","status":"publish","type":"page","link":"https:\/\/www.campinglesgranges.fr\/es\/cote-loisirs\/le-futuroscope\/","title":{"rendered":"Camping 3* cerca del Futuroscope"},"content":{"rendered":"<div class=\"wp-block-stackable-columns alignfull stk-block-columns stk-block stk-dd23a22\" data-block-id=\"dd23a22\"><style>.stk-dd23a22 .stk--block-align-dd23a22{align-items:center !important;}.stk-dd23a22 {margin-bottom:var(--stk--preset--spacing--60, clamp(30px, 7vw, 70px)) !important;}.stk-dd23a22-column{max-width:1280px !important;min-width:auto !important;--stk-column-gap:var(--stk--preset--spacing--50, clamp(30px, 5vw, 50px)) !important;}@media screen and (max-width: 767px){.stk-dd23a22 {--stk-col-order-1:2 !important;--stk-col-order-2:1 !important;}}<\/style><div class=\"stk-row stk-inner-blocks stk--block-align-dd23a22 stk-block-content stk-content-align stk-dd23a22-column alignwide\">\n<div class=\"wp-block-stackable-column stk-block-column stk-column stk-block stk-836118b\" data-v=\"4\" data-block-id=\"836118b\"><div class=\"stk-column-wrapper stk-block-column__content stk-container stk-836118b-container stk--no-background stk--no-padding\"><div class=\"stk-block-content stk-inner-blocks stk-836118b-inner-blocks\">\n<div class=\"wp-block-stackable-image stk-block-image stk-block stk-f9d2a41\" data-block-id=\"f9d2a41\"><style>.stk-f9d2a41 .stk-img-wrapper{width:100% !important;height:550px !important;filter:drop-shadow(2px 2px 9px #00000070) !important;}.stk-f9d2a41 .stk-img-wrapper img{border-radius:25px !important;}@media screen and (max-width: 767px){.stk-f9d2a41 .stk-img-wrapper{height:400px !important;}}<\/style><figure><span class=\"stk-img-wrapper stk-image--shape-stretch stk--shadow-2px 2px 9px #00000070\"><img loading=\"lazy\" decoding=\"async\" class=\"stk-img wp-image-459\" src=\"https:\/\/www.campinglesgranges.fr\/wp-content\/uploads\/2026\/03\/resort_001_webformat.webp\" width=\"1000\" height=\"1000\" alt=\"Futuroscope\" srcset=\"https:\/\/www.campinglesgranges.fr\/wp-content\/uploads\/2026\/03\/resort_001_webformat.webp 1000w, https:\/\/www.campinglesgranges.fr\/wp-content\/uploads\/2026\/03\/resort_001_webformat-300x300.webp 300w, https:\/\/www.campinglesgranges.fr\/wp-content\/uploads\/2026\/03\/resort_001_webformat-150x150.webp 150w, https:\/\/www.campinglesgranges.fr\/wp-content\/uploads\/2026\/03\/resort_001_webformat-768x768.webp 768w, https:\/\/www.campinglesgranges.fr\/wp-content\/uploads\/2026\/03\/resort_001_webformat-500x500.webp 500w, https:\/\/www.campinglesgranges.fr\/wp-content\/uploads\/2026\/03\/resort_001_webformat-800x800.webp 800w\" sizes=\"auto, (max-width: 1000px) 100vw, 1000px\" \/><\/span><\/figure><\/div>\n<\/div><\/div><\/div>\n\n\n\n<div class=\"wp-block-stackable-column stk-block-column stk-column stk-block stk-53ee707\" data-v=\"4\" data-block-id=\"53ee707\"><div class=\"stk-column-wrapper stk-block-column__content stk-container stk-53ee707-container stk--no-background stk--no-padding\"><div class=\"stk-block-content stk-inner-blocks stk-53ee707-inner-blocks\">\n<div class=\"wp-block-stackable-text stk-block-text stk-block stk-27250a1\" data-block-id=\"27250a1\"><p class=\"stk-block-text__text\">Le Futuroscope, un parque tem\u00e1tico \u00fanico, te espera a una hora de F<a href=\"https:\/\/www.campinglesgranges.fr\/es\/\">Camping Les Granges inferior<\/a> \u00a1El Futuroscope es conocido por sus atracciones innovadoras y sus experiencias inmersivas que combinan tecnolog\u00eda y entretenimiento. Este a\u00f1o, el parque ha introducido varias novedades emocionantes que encantar\u00e1n a peque\u00f1os y mayores y que te sumergir\u00e1n en universos fant\u00e1sticos!<\/p><\/div>\n\n\n\n<div class=\"wp-block-stackable-text stk-block-text stk-block stk-a0fb162\" data-block-id=\"a0fb162\"><p class=\"stk-block-text__text\"><em>\u00abLa M\u00e1quina del Tiempo\u00bb<\/em>, una atracci\u00f3n inmersiva que te sumergir\u00e1 en aventuras a trav\u00e9s de las edades.<\/p><\/div>\n\n\n\n<div class=\"wp-block-stackable-text stk-block-text stk-block stk-48f5140\" data-block-id=\"48f5140\"><p class=\"stk-block-text__text\"><em>\u00ab Los Misterios del Cosmos \u00bb <\/em>Te har\u00e1 explorar las maravillas del universo gracias a efectos especiales impresionantes.<\/p><\/div>\n\n\n\n<div class=\"wp-block-stackable-text stk-block-text stk-block stk-369ccc1\" data-block-id=\"369ccc1\"><p class=\"stk-block-text__text\"><em>\u00abLos animales del futuro\u00bb<\/em>, que combina educaci\u00f3n y entretenimiento, destacando la biodiversidad y la protecci\u00f3n de nuestro planeta.<\/p><\/div>\n\n\n\n<div class=\"wp-block-stackable-text stk-block-text stk-block stk-0ec539c\" data-block-id=\"0ec539c\"><p class=\"stk-block-text__text\">No olvide visitar las \u00e1reas interactivas donde podr\u00e1 participar en actividades l\u00fadicas y educativas.<\/p><\/div>\n<\/div><\/div><\/div>\n<\/div><\/div>\n\n\n\n<div class=\"wp-block-stackable-columns alignfull stk-block-columns stk-block stk-4f28c56 stk-block-background\" data-block-id=\"4f28c56\"><style>.stk-4f28c56 .stk--block-align-4f28c56{align-items:center !important;}.stk-4f28c56 {background-color:var(--stk-global-color-42219, #bce3f9) !important;border-top-left-radius:25px !important;border-top-right-radius:25px !important;border-bottom-right-radius:25px !important;border-bottom-left-radius:25px !important;overflow:hidden !important;box-shadow:2px 2px 10px 0px #0000004a !important;padding-top:var(--stk--preset--spacing--50, clamp(30px, 5vw, 50px)) !important;padding-bottom:var(--stk--preset--spacing--50, clamp(30px, 5vw, 50px)) !important;margin-bottom:var(--stk--preset--spacing--60, clamp(30px, 7vw, 70px)) !important;}.stk-4f28c56:before{background-color:var(--stk-global-color-42219, #bce3f9) !important;}.stk-4f28c56-column{max-width:1280px !important;min-width:auto !important;--stk-column-gap:var(--stk--preset--spacing--50, clamp(30px, 5vw, 50px)) !important;}<\/style><div class=\"stk-row stk-inner-blocks stk--block-align-4f28c56 stk-block-content stk-content-align stk-4f28c56-column alignwide\">\n<div class=\"wp-block-stackable-column stk-block-column stk-column stk-block stk-f63c99f\" data-v=\"4\" data-block-id=\"f63c99f\"><div class=\"stk-column-wrapper stk-block-column__content stk-container stk-f63c99f-container stk--no-background stk--no-padding\"><div class=\"stk-block-content stk-inner-blocks stk-f63c99f-inner-blocks\">\n<div class=\"wp-block-stackable-text stk-block-text stk-block stk-8f63757\" data-block-id=\"8f63757\"><p class=\"stk-block-text__text\">En lo que respecta al parque acu\u00e1tico Aquascope, \u00a1es un verdadero para\u00edso para los amantes de la nataci\u00f3n y los toboganes! Con sus toboganes gigantes, sus piscinas de olas y sus zonas de relax, hay algo para todos. Ya sea que desees relajarte al sol o divertirte en el agua, el parque acu\u00e1tico del Futuroscope es el lugar ideal para pasar un d\u00eda inolvidable.<\/p><\/div>\n\n\n\n<div class=\"wp-block-stackable-text stk-block-text stk-block stk-697ed7b\" data-block-id=\"697ed7b\"><p class=\"stk-block-text__text\">El parque ofrece actividades para todas las edades, ya sea que vengas en familia, con amigos o en pareja. \u00a1Desde monta\u00f1as rusas hasta experiencias sensoriales, hay para todos los gustos! No olvides consultar los horarios de los espect\u00e1culos y atracciones para aprovechar al m\u00e1ximo tu visita.<\/p><\/div>\n\n\n\n<div class=\"wp-block-stackable-text stk-block-text stk-block stk-d9879cd\" data-block-id=\"d9879cd\"><p class=\"stk-block-text__text\">Te animamos a planificar tu visita a Futuroscope durante tu estancia en el camping de Luynes. \u00a1Es una excelente oportunidad para crear recuerdos inolvidables en familia o con amigos!<\/p><\/div>\n\n\n\n<div class=\"wp-block-stackable-text stk-block-text stk-block stk-ecc5526\" data-block-id=\"ecc5526\"><p class=\"stk-block-text__text\">Si tiene alguna pregunta o desea recibir consejos para organizar su visita al Futuroscope, no dude en venir a vernos a la recepci\u00f3n. \u00a1Estamos aqu\u00ed para ayudarle a tener una estancia inolvidable!<\/p><\/div>\n<\/div><\/div><\/div>\n\n\n\n<div class=\"wp-block-stackable-column stk-block-column stk-column stk-block stk-80bd9da\" data-v=\"4\" data-block-id=\"80bd9da\"><div class=\"stk-column-wrapper stk-block-column__content stk-container stk-80bd9da-container stk--no-background stk--no-padding\"><div class=\"stk-block-content stk-inner-blocks stk-80bd9da-inner-blocks\">\n<div class=\"wp-block-stackable-image stk-block-image has-text-align-right stk-block stk-904e8bd\" data-block-id=\"904e8bd\"><style>.stk-904e8bd {margin-bottom:-40px !important;z-index:3 !important;}.stk-904e8bd .stk-img-wrapper{width:150px !important;}<\/style><figure><span class=\"stk-img-wrapper stk-image--shape-stretch\"><img loading=\"lazy\" decoding=\"async\" class=\"stk-img wp-image-143\" src=\"https:\/\/www.campinglesgranges.fr\/wp-content\/uploads\/2026\/03\/logo_camping-les-granges-3-1-1.png\" width=\"336\" height=\"286\" alt=\"logo camping les granges 3 1\" srcset=\"https:\/\/www.campinglesgranges.fr\/wp-content\/uploads\/2026\/03\/logo_camping-les-granges-3-1-1.png 336w, https:\/\/www.campinglesgranges.fr\/wp-content\/uploads\/2026\/03\/logo_camping-les-granges-3-1-1-300x255.png 300w\" sizes=\"auto, (max-width: 336px) 100vw, 336px\" \/><\/span><\/figure><\/div>\n\n\n\n<div class=\"wp-block-stackable-image stk-block-image stk-block stk-5333732\" data-block-id=\"5333732\"><style>.stk-5333732 .stk-img-wrapper{width:100% !important;height:481px !important;filter:drop-shadow(2px 2px 9px #00000070) !important;}.stk-5333732 .stk-img-wrapper img{border-radius:25px !important;}<\/style><figure><span class=\"stk-img-wrapper stk-image--shape-stretch stk--shadow-2px 2px 9px #00000070\"><img loading=\"lazy\" decoding=\"async\" class=\"stk-img wp-image-460\" src=\"https:\/\/www.campinglesgranges.fr\/wp-content\/uploads\/2026\/03\/aquascope-les-abysses-de-lumiere_momentfactory_26_webformat.webp\" width=\"1000\" height=\"667\" alt=\"Futuroscope\" srcset=\"https:\/\/www.campinglesgranges.fr\/wp-content\/uploads\/2026\/03\/aquascope-les-abysses-de-lumiere_momentfactory_26_webformat.webp 1000w, https:\/\/www.campinglesgranges.fr\/wp-content\/uploads\/2026\/03\/aquascope-les-abysses-de-lumiere_momentfactory_26_webformat-300x200.webp 300w, https:\/\/www.campinglesgranges.fr\/wp-content\/uploads\/2026\/03\/aquascope-les-abysses-de-lumiere_momentfactory_26_webformat-768x512.webp 768w, https:\/\/www.campinglesgranges.fr\/wp-content\/uploads\/2026\/03\/aquascope-les-abysses-de-lumiere_momentfactory_26_webformat-500x334.webp 500w, https:\/\/www.campinglesgranges.fr\/wp-content\/uploads\/2026\/03\/aquascope-les-abysses-de-lumiere_momentfactory_26_webformat-800x534.webp 800w\" sizes=\"auto, (max-width: 1000px) 100vw, 1000px\" \/><\/span><\/figure><\/div>\n<\/div><\/div><\/div>\n<\/div><\/div>","protected":false},"excerpt":{"rendered":"<p>Le Futuroscope, parc d\u2019attractions unique, vous attend \u00e0 une heure du Flower Camping Les Granges ! Le Futuroscope est connu pour ses attractions innovantes et ses exp\u00e9riences immersives qui allient technologie et divertissement. Cette ann\u00e9e, le parc a introduit plusieurs nouveaut\u00e9s passionnantes qui raviront petits et grands et qui vous plongeront dans des univers fantastiques [&hellip;]<\/p>\n","protected":false},"author":1,"featured_media":56,"parent":190,"menu_order":0,"comment_status":"closed","ping_status":"closed","template":"","meta":{"_acf_changed":false,"_seopress_robots_primary_cat":"","_seopress_titles_title":"Futuroscope pr\u00e8s du Camping Les Granges - Id\u00e9e de sortie","_seopress_titles_desc":"Pr\u00e9parez votre visite au Futuroscope pendant vos vacances au Camping Les Granges et profitez d\u2019une sortie familiale entre sensations et d\u00e9couvertes.","_seopress_robots_index":"","_vp_format_video_url":"","_vp_image_focal_point":[],"footnotes":""},"class_list":["post-253","page","type-page","status-publish","has-post-thumbnail","hentry"],"acf":[],"_links":{"self":[{"href":"https:\/\/www.campinglesgranges.fr\/es\/wp-json\/wp\/v2\/pages\/253","targetHints":{"allow":["GET"]}}],"collection":[{"href":"https:\/\/www.campinglesgranges.fr\/es\/wp-json\/wp\/v2\/pages"}],"about":[{"href":"https:\/\/www.campinglesgranges.fr\/es\/wp-json\/wp\/v2\/types\/page"}],"author":[{"embeddable":true,"href":"https:\/\/www.campinglesgranges.fr\/es\/wp-json\/wp\/v2\/users\/1"}],"replies":[{"embeddable":true,"href":"https:\/\/www.campinglesgranges.fr\/es\/wp-json\/wp\/v2\/comments?post=253"}],"version-history":[{"count":4,"href":"https:\/\/www.campinglesgranges.fr\/es\/wp-json\/wp\/v2\/pages\/253\/revisions"}],"predecessor-version":[{"id":712,"href":"https:\/\/www.campinglesgranges.fr\/es\/wp-json\/wp\/v2\/pages\/253\/revisions\/712"}],"up":[{"embeddable":true,"href":"https:\/\/www.campinglesgranges.fr\/es\/wp-json\/wp\/v2\/pages\/190"}],"wp:featuredmedia":[{"embeddable":true,"href":"https:\/\/www.campinglesgranges.fr\/es\/wp-json\/wp\/v2\/media\/56"}],"wp:attachment":[{"href":"https:\/\/www.campinglesgranges.fr\/es\/wp-json\/wp\/v2\/media?parent=253"}],"curies":[{"name":"wp","href":"https:\/\/api.w.org\/{rel}","templated":true}]}}