{"id":245,"date":"2026-03-19T16:30:25","date_gmt":"2026-03-19T15:30:25","guid":{"rendered":"https:\/\/www.campinglesgranges.fr\/?page_id=245"},"modified":"2026-04-23T10:27:40","modified_gmt":"2026-04-23T08:27:40","slug":"les-coins-de-peche","status":"publish","type":"page","link":"https:\/\/www.campinglesgranges.fr\/es\/cote-nature\/les-coins-de-peche\/","title":{"rendered":"Los rincones de pesca"},"content":{"rendered":"<div class=\"wp-block-stackable-columns alignfull stk-block-columns stk-block stk-dd23a22\" data-block-id=\"dd23a22\"><style>.stk-dd23a22 .stk--block-align-dd23a22{align-items:center !important;}.stk-dd23a22 {margin-bottom:var(--stk--preset--spacing--60, clamp(30px, 7vw, 70px)) !important;}.stk-dd23a22-column{max-width:1280px !important;min-width:auto !important;--stk-column-gap:var(--stk--preset--spacing--50, clamp(30px, 5vw, 50px)) !important;}@media screen and (max-width: 767px){.stk-dd23a22 {--stk-col-order-1:2 !important;--stk-col-order-2:1 !important;}}<\/style><div class=\"stk-row stk-inner-blocks stk--block-align-dd23a22 stk-block-content stk-content-align stk-dd23a22-column alignwide\">\n<div class=\"wp-block-stackable-column stk-block-column stk-column stk-block stk-836118b\" data-v=\"4\" data-block-id=\"836118b\"><div class=\"stk-column-wrapper stk-block-column__content stk-container stk-836118b-container stk--no-background stk--no-padding\"><div class=\"stk-block-content stk-inner-blocks stk-836118b-inner-blocks\">\n<div class=\"wp-block-stackable-image stk-block-image stk-block stk-f9d2a41\" data-block-id=\"f9d2a41\"><style>.stk-f9d2a41 .stk-img-wrapper{width:100% !important;height:524px !important;filter:drop-shadow(2px 2px 9px #00000070) !important;}.stk-f9d2a41 .stk-img-wrapper img{border-radius:25px !important;}@media screen and (max-width: 767px){.stk-f9d2a41 .stk-img-wrapper{height:400px !important;}}<\/style><figure><span class=\"stk-img-wrapper stk-image--shape-stretch stk--shadow-2px 2px 9px #00000070\"><img loading=\"lazy\" decoding=\"async\" class=\"stk-img wp-image-452\" src=\"https:\/\/www.campinglesgranges.fr\/wp-content\/uploads\/2026\/03\/luynes_9042_credit_ddarrault_petitescitesdecaractere_webformat.webp\" width=\"800\" height=\"428\" alt=\"castillo del Loira - camping en el Valle del Loira\" srcset=\"https:\/\/www.campinglesgranges.fr\/wp-content\/uploads\/2026\/03\/luynes_9042_credit_ddarrault_petitescitesdecaractere_webformat.webp 800w, https:\/\/www.campinglesgranges.fr\/wp-content\/uploads\/2026\/03\/luynes_9042_credit_ddarrault_petitescitesdecaractere_webformat-300x161.webp 300w, https:\/\/www.campinglesgranges.fr\/wp-content\/uploads\/2026\/03\/luynes_9042_credit_ddarrault_petitescitesdecaractere_webformat-768x411.webp 768w, https:\/\/www.campinglesgranges.fr\/wp-content\/uploads\/2026\/03\/luynes_9042_credit_ddarrault_petitescitesdecaractere_webformat-500x268.webp 500w\" sizes=\"auto, (max-width: 800px) 100vw, 800px\" \/><\/span><\/figure><\/div>\n<\/div><\/div><\/div>\n\n\n\n<div class=\"wp-block-stackable-column stk-block-column stk-column stk-block stk-53ee707\" data-v=\"4\" data-block-id=\"53ee707\"><div class=\"stk-column-wrapper stk-block-column__content stk-container stk-53ee707-container stk--no-background stk--no-padding\"><div class=\"stk-block-content stk-inner-blocks stk-53ee707-inner-blocks\">\n<div class=\"wp-block-stackable-text stk-block-text stk-block stk-27250a1\" data-block-id=\"27250a1\"><p class=\"stk-block-text__text\">Entre Loire sauvage et vall\u00e9es verdoyantes, les environs de Luynes offrent un terrain de jeu exceptionnel pour tous les profils de p\u00eacheurs. Que vous soyez amateur de carnassiers, de carpes ou de friture, voici les meilleurs coins pour lancer votre ligne.<\/p><\/div>\n\n\n\n<div class=\"wp-block-stackable-heading stk-block-heading stk-block-heading--v2 stk-block stk-0a5c37d\" id=\"la-loire-le-fleuve-royal\" data-block-id=\"0a5c37d\"><h2 class=\"stk-block-heading__text\">La Loire : Le fleuve royal<\/h2><\/div>\n\n\n\n<div class=\"wp-block-stackable-text stk-block-text stk-block stk-5099837\" data-block-id=\"5099837\"><p class=\"stk-block-text__text\">C\u2019est l\u2019atout majeur de la r\u00e9gion. \u00c0 Saint-Genouph et Luynes, les gr\u00e8ves de sable et les \u00ab\u00a0culs de gr\u00e8ve\u00a0\u00bb sont parfaits pour traquer l\u2019aspe, le sandre ou le silure. La Loire est ici sauvage et changeante ; elle demande de l&rsquo;observation pour d\u00e9busquer les fosses o\u00f9 se cachent les gros sp\u00e9cimens.<\/p><\/div>\n\n\n\n<div class=\"wp-block-stackable-text stk-block-text stk-block stk-2140c8d\" data-block-id=\"2140c8d\"><p class=\"stk-block-text__text\"><strong>Le petit plus :<\/strong> Le secteur de Saint-Genouph est r\u00e9put\u00e9 pour ses beaux postes de p\u00eache \u00e0 la friture et au goujon.<\/p><\/div>\n\n\n\n<div class=\"wp-block-stackable-heading stk-block-heading stk-block-heading--v2 stk-block stk-d566e5c\" id=\"langeais-entre-roumer-et-loire\" data-block-id=\"d566e5c\"><h2 class=\"stk-block-heading__text\">Langeais : Entre Roumer et Loire<\/h2><\/div>\n\n\n\n<div class=\"wp-block-stackable-text stk-block-text stk-block stk-2cf49f6\" data-block-id=\"2cf49f6\"><p class=\"stk-block-text__text\">\u00c0 Langeais, la confluence entre la Roumer et la Loire est un spot strat\u00e9gique. La Roumer, petite rivi\u00e8re de 1\u00e8re cat\u00e9gorie en amont, devient plus calme ici et abrite de beaux gardons et perches. Le quai de Langeais offre \u00e9galement un acc\u00e8s facile pour une session rapide en bord de Loire.<\/p><\/div>\n<\/div><\/div><\/div>\n<\/div><\/div>\n\n\n\n<div class=\"wp-block-stackable-columns alignfull stk-block-columns stk-block stk-4f28c56 stk-block-background\" data-block-id=\"4f28c56\"><style>.stk-4f28c56 .stk--block-align-4f28c56{align-items:center !important;}.stk-4f28c56 {background-color:var(--stk-global-color-42219, #bce3f9) !important;border-top-left-radius:25px !important;border-top-right-radius:25px !important;border-bottom-right-radius:25px !important;border-bottom-left-radius:25px !important;overflow:hidden !important;box-shadow:2px 2px 10px 0px #0000004a !important;padding-top:var(--stk--preset--spacing--50, clamp(30px, 5vw, 50px)) !important;padding-bottom:var(--stk--preset--spacing--50, clamp(30px, 5vw, 50px)) !important;margin-bottom:var(--stk--preset--spacing--60, clamp(30px, 7vw, 70px)) !important;}.stk-4f28c56:before{background-color:var(--stk-global-color-42219, #bce3f9) !important;}.stk-4f28c56-column{max-width:1280px !important;min-width:auto !important;--stk-column-gap:var(--stk--preset--spacing--50, clamp(30px, 5vw, 50px)) !important;}<\/style><div class=\"stk-row stk-inner-blocks stk--block-align-4f28c56 stk-block-content stk-content-align stk-4f28c56-column alignwide\">\n<div class=\"wp-block-stackable-column stk-block-column stk-column stk-block stk-f63c99f\" data-v=\"4\" data-block-id=\"f63c99f\"><div class=\"stk-column-wrapper stk-block-column__content stk-container stk-f63c99f-container stk--no-background stk--no-padding\"><div class=\"stk-block-content stk-inner-blocks stk-f63c99f-inner-blocks\">\n<div class=\"wp-block-stackable-heading stk-block-heading stk-block-heading--v2 stk-block stk-1a3269d\" id=\"les-etangs-calme-et-serenite\" data-block-id=\"1a3269d\"><h2 class=\"stk-block-heading__text\">Les \u00c9tangs : Calme et s\u00e9r\u00e9nit\u00e9<\/h2><\/div>\n\n\n\n<div class=\"wp-block-stackable-text stk-block-text stk-block stk-2265021\" data-block-id=\"2265021\"><p class=\"stk-block-text__text\">Si vous pr\u00e9f\u00e9rez les eaux closes, plusieurs options s&rsquo;offrent \u00e0 vous :<\/p><\/div>\n\n\n\n<div class=\"wp-block-stackable-icon-list stk-block-icon-list stk-block stk-22a89fe\" data-block-id=\"22a89fe\"><style>.stk-22a89fe {--stk-icon-list-marker-color:var(--stk-global-color-35744, #115390) !important;--stk-icon-list-icon-size:6px !important;}.stk-22a89fe .stk-block-icon-list-item__content{align-items:baseline !important;}<\/style><svg style=\"display:none\"><defs><g id=\"stk-icon-list__icon-svg-def-22a89fe\"><svg xmlns=\"http:\/\/www.w3.org\/2000\/svg\" viewbox=\"0 0 512 512\"><path d=\"M256 512A256 256 0 1 0 256 0a256 256 0 1 0 0 512z\"\/><\/svg><\/g><\/defs><\/svg><ul class=\"stk-block-icon-list__ul stk-block-icon-list--column\">\n<li class=\"wp-block-stackable-icon-list-item stk-block-icon-list-item stk-block stk-abd16a5\" data-block-id=\"abd16a5\"><div class=\"stk-block-icon-list-item__content\"><span class=\"stk--svg-wrapper\"><div class=\"stk--inner-svg\"><svg aria-hidden=\"true\" width=\"32\" height=\"32\"><use xlink:href=\"#stk-icon-list__icon-svg-def-22a89fe\"><\/use><\/svg><\/div><\/span><span class=\"stk-block-icon-list-item__text\"><strong>Le lac de G\u00e9vrioux \u00e0 La Riche :<\/strong> Un site id\u00e9al pour la p\u00eache \u00e0 la carpe, tanche et carnassiers. Pour les amoureux de la p\u00eache de nuit<\/span><\/div><\/li>\n\n\n\n<li class=\"wp-block-stackable-icon-list-item stk-block-icon-list-item stk-block stk-f9dacc9\" data-block-id=\"f9dacc9\"><div class=\"stk-block-icon-list-item__content\"><span class=\"stk--svg-wrapper\"><div class=\"stk--inner-svg\"><svg aria-hidden=\"true\" width=\"32\" height=\"32\"><use xlink:href=\"#stk-icon-list__icon-svg-def-22a89fe\"><\/use><\/svg><\/div><\/span><span class=\"stk-block-icon-list-item__text\"><strong>Le Lac d&rsquo;Hommes <\/strong>(\u00e0 15 min de Langeais) : Bien que ce soit une base de loisirs, ses anciennes carri\u00e8res offrent des profondeurs int\u00e9ressantes pour le brochet et la carpe.<\/span><\/div><\/li>\n\n\n\n<li class=\"wp-block-stackable-icon-list-item stk-block-icon-list-item stk-block stk-3c68c37\" data-block-id=\"3c68c37\"><div class=\"stk-block-icon-list-item__content\"><span class=\"stk--svg-wrapper\"><div class=\"stk--inner-svg\"><svg aria-hidden=\"true\" width=\"32\" height=\"32\"><use xlink:href=\"#stk-icon-list__icon-svg-def-22a89fe\"><\/use><\/svg><\/div><\/span><span class=\"stk-block-icon-list-item__text\"><strong>La Gr\u00eave des Tuilerie \u00e0 Vouvray<\/strong> : Plan d\u2019eau f\u00e9d\u00e9ral de 2eme cat\u00e9gorie piscicole,. Le site couvre une surface de l\u2019ordre de 31 hectares<\/span><\/div><\/li>\n\n\n\n<li class=\"wp-block-stackable-icon-list-item stk-block-icon-list-item stk-block stk-adf902a\" data-block-id=\"adf902a\"><div class=\"stk-block-icon-list-item__content\"><span class=\"stk--svg-wrapper\"><div class=\"stk--inner-svg\"><svg aria-hidden=\"true\" width=\"32\" height=\"32\"><use xlink:href=\"#stk-icon-list__icon-svg-def-22a89fe\"><\/use><\/svg><\/div><\/span><span class=\"stk-block-icon-list-item__text\"><strong>Les Viviers du Moulin \u00e0 Langeais <\/strong>: La pisciculture Les Viviers du Moulin de Langeais vous invite \u00e0 p\u00eacher des truites \u00e9lev\u00e9es dans une eau d&rsquo;excellente qualit\u00e9. Au bord de la rivi\u00e8re ou des \u00e9tangs, vous profiterez d&rsquo;un cadre verdoyant et apaisant pour un moment en famille ou entre amis<\/span><\/div><\/li>\n<\/ul><\/div>\n\n\n\n<div class=\"wp-block-stackable-text stk-block-text stk-block stk-5237e2d\" data-block-id=\"5237e2d\"><p class=\"stk-block-text__text\"><strong>Note importante :<\/strong> N&rsquo;oubliez pas que la Loire est un milieu fragile. V\u00e9rifiez toujours les p\u00e9riodes d&rsquo;ouverture (notamment pour le brochet et le sandre) et munissez-vous de votre carte de p\u00eache interf\u00e9d\u00e9rale.<\/p><\/div>\n<\/div><\/div><\/div>\n\n\n\n<div class=\"wp-block-stackable-column stk-block-column stk-column stk-block stk-80bd9da\" data-v=\"4\" data-block-id=\"80bd9da\"><div class=\"stk-column-wrapper stk-block-column__content stk-container stk-80bd9da-container stk--no-background stk--no-padding\"><div class=\"stk-block-content stk-inner-blocks stk-80bd9da-inner-blocks\">\n<div class=\"wp-block-stackable-image stk-block-image has-text-align-right stk-block stk-904e8bd\" data-block-id=\"904e8bd\"><style>.stk-904e8bd {margin-bottom:-40px !important;z-index:3 !important;}.stk-904e8bd .stk-img-wrapper{width:150px !important;}<\/style><figure><span class=\"stk-img-wrapper stk-image--shape-stretch\"><img loading=\"lazy\" decoding=\"async\" class=\"stk-img wp-image-143\" src=\"https:\/\/www.campinglesgranges.fr\/wp-content\/uploads\/2026\/03\/logo_camping-les-granges-3-1-1.png\" width=\"336\" height=\"286\" alt=\"logo camping les granges 3 1\" srcset=\"https:\/\/www.campinglesgranges.fr\/wp-content\/uploads\/2026\/03\/logo_camping-les-granges-3-1-1.png 336w, https:\/\/www.campinglesgranges.fr\/wp-content\/uploads\/2026\/03\/logo_camping-les-granges-3-1-1-300x255.png 300w\" sizes=\"auto, (max-width: 336px) 100vw, 336px\" \/><\/span><\/figure><\/div>\n\n\n\n<div class=\"wp-block-stackable-image stk-block-image stk-block stk-5333732\" data-block-id=\"5333732\"><style>.stk-5333732 .stk-img-wrapper{width:100% !important;height:390px !important;filter:drop-shadow(2px 2px 9px #00000070) !important;}.stk-5333732 .stk-img-wrapper img{border-radius:25px !important;}<\/style><figure><span class=\"stk-img-wrapper stk-image--shape-stretch stk--shadow-2px 2px 9px #00000070\"><img loading=\"lazy\" decoding=\"async\" class=\"stk-img wp-image-449\" src=\"https:\/\/www.campinglesgranges.fr\/wp-content\/uploads\/2026\/03\/mondoubleau_1918_credit_ddarrault_petitescitesdecaractere_webformat.webp\" width=\"800\" height=\"534\" alt=\"castillo del Loira - camping en el Valle del Loira\" srcset=\"https:\/\/www.campinglesgranges.fr\/wp-content\/uploads\/2026\/03\/mondoubleau_1918_credit_ddarrault_petitescitesdecaractere_webformat.webp 800w, https:\/\/www.campinglesgranges.fr\/wp-content\/uploads\/2026\/03\/mondoubleau_1918_credit_ddarrault_petitescitesdecaractere_webformat-300x200.webp 300w, https:\/\/www.campinglesgranges.fr\/wp-content\/uploads\/2026\/03\/mondoubleau_1918_credit_ddarrault_petitescitesdecaractere_webformat-768x513.webp 768w, https:\/\/www.campinglesgranges.fr\/wp-content\/uploads\/2026\/03\/mondoubleau_1918_credit_ddarrault_petitescitesdecaractere_webformat-500x334.webp 500w\" sizes=\"auto, (max-width: 800px) 100vw, 800px\" \/><\/span><\/figure><\/div>\n<\/div><\/div><\/div>\n<\/div><\/div>","protected":false},"excerpt":{"rendered":"<p>Entre Loire sauvage et vall\u00e9es verdoyantes, les environs de Luynes offrent un terrain de jeu exceptionnel pour tous les profils de p\u00eacheurs. Que vous soyez amateur de carnassiers, de carpes ou de friture, voici les meilleurs coins pour lancer votre ligne. La Loire : Le fleuve royal C\u2019est l\u2019atout majeur de la r\u00e9gion. \u00c0 Saint-Genouph [&hellip;]<\/p>\n","protected":false},"author":1,"featured_media":56,"parent":186,"menu_order":0,"comment_status":"closed","ping_status":"closed","template":"","meta":{"_acf_changed":false,"_seopress_robots_primary_cat":"","_seopress_titles_title":"Coins de p\u00eache autour de Luynes - Camping Les Granges","_seopress_titles_desc":"D\u00e9couvrez les meilleurs coins de p\u00eache autour de Luynes et profitez d\u2019un s\u00e9jour nature au Camping Les Granges, au c\u0153ur de l\u2019Indre-et-Loire.","_seopress_robots_index":"","_vp_format_video_url":"","_vp_image_focal_point":[],"footnotes":""},"class_list":["post-245","page","type-page","status-publish","has-post-thumbnail","hentry"],"acf":[],"_links":{"self":[{"href":"https:\/\/www.campinglesgranges.fr\/es\/wp-json\/wp\/v2\/pages\/245","targetHints":{"allow":["GET"]}}],"collection":[{"href":"https:\/\/www.campinglesgranges.fr\/es\/wp-json\/wp\/v2\/pages"}],"about":[{"href":"https:\/\/www.campinglesgranges.fr\/es\/wp-json\/wp\/v2\/types\/page"}],"author":[{"embeddable":true,"href":"https:\/\/www.campinglesgranges.fr\/es\/wp-json\/wp\/v2\/users\/1"}],"replies":[{"embeddable":true,"href":"https:\/\/www.campinglesgranges.fr\/es\/wp-json\/wp\/v2\/comments?post=245"}],"version-history":[{"count":3,"href":"https:\/\/www.campinglesgranges.fr\/es\/wp-json\/wp\/v2\/pages\/245\/revisions"}],"predecessor-version":[{"id":710,"href":"https:\/\/www.campinglesgranges.fr\/es\/wp-json\/wp\/v2\/pages\/245\/revisions\/710"}],"up":[{"embeddable":true,"href":"https:\/\/www.campinglesgranges.fr\/es\/wp-json\/wp\/v2\/pages\/186"}],"wp:featuredmedia":[{"embeddable":true,"href":"https:\/\/www.campinglesgranges.fr\/es\/wp-json\/wp\/v2\/media\/56"}],"wp:attachment":[{"href":"https:\/\/www.campinglesgranges.fr\/es\/wp-json\/wp\/v2\/media?parent=245"}],"curies":[{"name":"wp","href":"https:\/\/api.w.org\/{rel}","templated":true}]}}