{"id":233,"date":"2026-03-19T16:10:09","date_gmt":"2026-03-19T15:10:09","guid":{"rendered":"https:\/\/www.campinglesgranges.fr\/?page_id=233"},"modified":"2026-04-23T10:25:37","modified_gmt":"2026-04-23T08:25:37","slug":"castillo-de-rigny-usse","status":"publish","type":"page","link":"https:\/\/www.campinglesgranges.fr\/es\/cote-chateaux\/le-chateau-de-rigny-usse\/","title":{"rendered":"El Castillo de Rigny-Uss\u00e9"},"content":{"rendered":"<div class=\"wp-block-stackable-columns alignfull stk-block-columns stk-block stk-dd23a22\" data-block-id=\"dd23a22\"><style>.stk-dd23a22 .stk--block-align-dd23a22{align-items:center !important;}.stk-dd23a22 {margin-bottom:var(--stk--preset--spacing--60, clamp(30px, 7vw, 70px)) !important;}.stk-dd23a22-column{max-width:1280px !important;min-width:auto !important;--stk-column-gap:var(--stk--preset--spacing--50, clamp(30px, 5vw, 50px)) !important;}@media screen and (max-width: 767px){.stk-dd23a22 {--stk-col-order-1:2 !important;--stk-col-order-2:1 !important;}}<\/style><div class=\"stk-row stk-inner-blocks stk--block-align-dd23a22 stk-block-content stk-content-align stk-dd23a22-column alignwide\">\n<div class=\"wp-block-stackable-column stk-block-column stk-column stk-block stk-836118b\" data-v=\"4\" data-block-id=\"836118b\"><div class=\"stk-column-wrapper stk-block-column__content stk-container stk-836118b-container stk--no-background stk--no-padding\"><div class=\"stk-block-content stk-inner-blocks stk-836118b-inner-blocks\">\n<div class=\"wp-block-stackable-image stk-block-image stk-block stk-f9d2a41\" data-block-id=\"f9d2a41\"><style>.stk-f9d2a41 .stk-img-wrapper{width:100% !important;height:700px !important;filter:drop-shadow(2px 2px 9px #00000070) !important;}.stk-f9d2a41 .stk-img-wrapper img{border-radius:25px !important;}@media screen and (max-width: 767px){.stk-f9d2a41 .stk-img-wrapper{height:400px !important;}}<\/style><figure><span class=\"stk-img-wrapper stk-image--shape-stretch stk--shadow-2px 2px 9px #00000070\"><img loading=\"lazy\" decoding=\"async\" class=\"stk-img wp-image-432\" src=\"https:\/\/www.campinglesgranges.fr\/wp-content\/uploads\/2026\/03\/27_loire-a-velo-chateau-de-rigny-usse_jean-christophe-coutand_2032-12-31_medium_webformat.webp\" width=\"1200\" height=\"799\" alt=\"loira en bicicleta castillo de rigny usse \" srcset=\"https:\/\/www.campinglesgranges.fr\/wp-content\/uploads\/2026\/03\/27_loire-a-velo-chateau-de-rigny-usse_jean-christophe-coutand_2032-12-31_medium_webformat.webp 1200w, https:\/\/www.campinglesgranges.fr\/wp-content\/uploads\/2026\/03\/27_loire-a-velo-chateau-de-rigny-usse_jean-christophe-coutand_2032-12-31_medium_webformat-300x200.webp 300w, https:\/\/www.campinglesgranges.fr\/wp-content\/uploads\/2026\/03\/27_loire-a-velo-chateau-de-rigny-usse_jean-christophe-coutand_2032-12-31_medium_webformat-1024x682.webp 1024w, https:\/\/www.campinglesgranges.fr\/wp-content\/uploads\/2026\/03\/27_loire-a-velo-chateau-de-rigny-usse_jean-christophe-coutand_2032-12-31_medium_webformat-768x511.webp 768w, https:\/\/www.campinglesgranges.fr\/wp-content\/uploads\/2026\/03\/27_loire-a-velo-chateau-de-rigny-usse_jean-christophe-coutand_2032-12-31_medium_webformat-500x333.webp 500w, https:\/\/www.campinglesgranges.fr\/wp-content\/uploads\/2026\/03\/27_loire-a-velo-chateau-de-rigny-usse_jean-christophe-coutand_2032-12-31_medium_webformat-800x533.webp 800w\" sizes=\"auto, (max-width: 1200px) 100vw, 1200px\" \/><\/span><\/figure><\/div>\n<\/div><\/div><\/div>\n\n\n\n<div class=\"wp-block-stackable-column stk-block-column stk-column stk-block stk-53ee707\" data-v=\"4\" data-block-id=\"53ee707\"><div class=\"stk-column-wrapper stk-block-column__content stk-container stk-53ee707-container stk--no-background stk--no-padding\"><div class=\"stk-block-content stk-inner-blocks stk-53ee707-inner-blocks\">\n<div class=\"wp-block-stackable-heading stk-block-heading stk-block-heading--v2 stk-block stk-2cf7483\" id=\"chateau-de-rigny-usse-le-chateau-de-contes-de-fees\" data-block-id=\"2cf7483\"><h2 class=\"stk-block-heading__text\">Castillo de Rigny-Uss\u00e9: el castillo de cuento de hadas<\/h2><\/div>\n\n\n\n<div class=\"wp-block-stackable-text stk-block-text stk-block stk-da2d064\" data-block-id=\"da2d064\"><p class=\"stk-block-text__text\">Aqu\u00ed queremos presentarles dos magn\u00edficos sitios cercanos al Flower Camping Les Granges: el Castillo de Rigny-Uss\u00e9 y el Bosque de Chinon.<\/p><\/div>\n\n\n\n<div class=\"wp-block-stackable-text stk-block-text stk-block stk-3c9da01\" data-block-id=\"3c9da01\"><p class=\"stk-block-text__text\">El Castillo de Rigny-Uss\u00e9, a menudo apodado el \u00abCastillo de la Bella Durmiente\u00ab, \u00a1es un verdadero cuento de hadas! Ubicado a pocos kil\u00f3metros de Luynes, este castillo del siglo XV es famoso por su arquitectura rom\u00e1ntica y sus encantadores jardines. Al visitar el castillo, podr\u00e1 explorar sus suntuosas salas decoradas, que lo sumergir\u00e1n en la historia y la leyenda de la Bella Durmiente. Los jardines a la francesa, con sus macizos de flores y sus senderos sombreados, son perfectos para un paseo relajante. \u00a1No olvide tomar fotos, ya que el castillo es particularmente fotog\u00e9nico, especialmente al atardecer!<\/p><\/div>\n\n\n\n<div class=\"wp-block-stackable-text stk-block-text stk-block stk-ea5c955\" data-block-id=\"ea5c955\"><p class=\"stk-block-text__text\">Cerca del castillo, el Bosque de Chinon es un verdadero remanso de paz para los amantes de la naturaleza. Con sus senderos se\u00f1alizados, es el lugar ideal para pasear, montar en bicicleta o incluso hacer un picnic en plena naturaleza. El bosque alberga una fauna y flora variadas, y podr\u00e1 cruzarse con ciervos, jabal\u00edes y numerosas aves. Tambi\u00e9n es un lugar cargado de historia, con vestigios de la \u00e9poca medieval y magn\u00edficas panor\u00e1micas del valle del Loira. \u00a1No dude en aventurarse por los senderos para descubrir miradores impresionantes!<\/p><\/div>\n\n\n\n<div class=\"wp-block-stackable-text stk-block-text stk-block stk-19fe32a\" data-block-id=\"19fe32a\"><p class=\"stk-block-text__text\">Le recomendamos encarecidamente visitar el Castillo de Rigny-Uss\u00e9 y explorar el Bosque de Chinon durante su estancia con nosotros. Ambos lugares le ofrecer\u00e1n una experiencia inolvidable, combinando cultura, historia y naturaleza.<\/p><\/div>\n<\/div><\/div><\/div>\n<\/div><\/div>","protected":false},"excerpt":{"rendered":"<p>Ch\u00e2teau de Rigny-Uss\u00e9 : le ch\u00e2teau de contes de f\u00e9es Nous souhaitons ici vous faire d\u00e9couvrir deux magnifiques sites \u00e0 proximit\u00e9 du Flower Camping Les Granges : le Ch\u00e2teau de Rigny-Uss\u00e9 et la For\u00eat de Chinon. Le Ch\u00e2teau de Rigny-Uss\u00e9, souvent surnomm\u00e9 le \u00ab Ch\u00e2teau de la Belle au bois dormant\u00ab , est un v\u00e9ritable [&hellip;]<\/p>\n","protected":false},"author":1,"featured_media":56,"parent":182,"menu_order":0,"comment_status":"closed","ping_status":"closed","template":"","meta":{"_acf_changed":false,"_seopress_robots_primary_cat":"","_seopress_titles_title":"Visiter le ch\u00e2teau d\u2019Uss\u00e9 pr\u00e8s de Luynes - Camping Les Granges","_seopress_titles_desc":"Profitez de votre s\u00e9jour au Camping Les Granges pour visiter le ch\u00e2teau d\u2019Uss\u00e9, c\u00e9l\u00e8bre ch\u00e2teau de la Loire \u00e0 l\u2019architecture f\u00e9erique.","_seopress_robots_index":"","_vp_format_video_url":"","_vp_image_focal_point":[],"footnotes":""},"class_list":["post-233","page","type-page","status-publish","has-post-thumbnail","hentry"],"acf":[],"_links":{"self":[{"href":"https:\/\/www.campinglesgranges.fr\/es\/wp-json\/wp\/v2\/pages\/233","targetHints":{"allow":["GET"]}}],"collection":[{"href":"https:\/\/www.campinglesgranges.fr\/es\/wp-json\/wp\/v2\/pages"}],"about":[{"href":"https:\/\/www.campinglesgranges.fr\/es\/wp-json\/wp\/v2\/types\/page"}],"author":[{"embeddable":true,"href":"https:\/\/www.campinglesgranges.fr\/es\/wp-json\/wp\/v2\/users\/1"}],"replies":[{"embeddable":true,"href":"https:\/\/www.campinglesgranges.fr\/es\/wp-json\/wp\/v2\/comments?post=233"}],"version-history":[{"count":3,"href":"https:\/\/www.campinglesgranges.fr\/es\/wp-json\/wp\/v2\/pages\/233\/revisions"}],"predecessor-version":[{"id":707,"href":"https:\/\/www.campinglesgranges.fr\/es\/wp-json\/wp\/v2\/pages\/233\/revisions\/707"}],"up":[{"embeddable":true,"href":"https:\/\/www.campinglesgranges.fr\/es\/wp-json\/wp\/v2\/pages\/182"}],"wp:featuredmedia":[{"embeddable":true,"href":"https:\/\/www.campinglesgranges.fr\/es\/wp-json\/wp\/v2\/media\/56"}],"wp:attachment":[{"href":"https:\/\/www.campinglesgranges.fr\/es\/wp-json\/wp\/v2\/media?parent=233"}],"curies":[{"name":"wp","href":"https:\/\/api.w.org\/{rel}","templated":true}]}}