{"id":229,"date":"2026-03-19T16:04:34","date_gmt":"2026-03-19T15:04:34","guid":{"rendered":"https:\/\/www.campinglesgranges.fr\/?page_id=229"},"modified":"2026-04-23T10:25:56","modified_gmt":"2026-04-23T08:25:56","slug":"el-castillo-de-villandry","status":"publish","type":"page","link":"https:\/\/www.campinglesgranges.fr\/es\/cote-chateaux\/le-chateau-de-villandry\/","title":{"rendered":"El Castillo de Villandry"},"content":{"rendered":"<div class=\"wp-block-stackable-columns alignfull stk-block-columns stk-block stk-dd23a22\" data-block-id=\"dd23a22\"><style>.stk-dd23a22 .stk--block-align-dd23a22{align-items:center !important;}.stk-dd23a22 {margin-bottom:var(--stk--preset--spacing--60, clamp(30px, 7vw, 70px)) !important;}.stk-dd23a22-column{max-width:1280px !important;min-width:auto !important;--stk-column-gap:var(--stk--preset--spacing--50, clamp(30px, 5vw, 50px)) !important;}@media screen and (max-width: 767px){.stk-dd23a22 {--stk-col-order-1:2 !important;--stk-col-order-2:1 !important;}}<\/style><div class=\"stk-row stk-inner-blocks stk--block-align-dd23a22 stk-block-content stk-content-align stk-dd23a22-column alignwide\">\n<div class=\"wp-block-stackable-column stk-block-column stk-column stk-block stk-836118b\" data-v=\"4\" data-block-id=\"836118b\"><div class=\"stk-column-wrapper stk-block-column__content stk-container stk-836118b-container stk--no-background stk--no-padding\"><div class=\"stk-block-content stk-inner-blocks stk-836118b-inner-blocks\">\n<div class=\"wp-block-stackable-image stk-block-image stk-block stk-f9d2a41\" data-block-id=\"f9d2a41\"><style>.stk-f9d2a41 .stk-img-wrapper{width:100% !important;height:700px !important;filter:drop-shadow(2px 2px 9px #00000070) !important;}.stk-f9d2a41 .stk-img-wrapper img{border-radius:25px !important;}.stk-f9d2a41 .stk-img-wrapper::after{background-color:#0f0e17 !important;}@media screen and (max-width: 767px){.stk-f9d2a41 .stk-img-wrapper{height:400px !important;}}<\/style><figure><span class=\"stk-img-wrapper stk-image--shape-stretch stk--shadow-2px 2px 9px #00000070\"><img loading=\"lazy\" decoding=\"async\" class=\"stk-img wp-image-56\" src=\"https:\/\/www.campinglesgranges.fr\/wp-content\/uploads\/2026\/03\/saint-hilaire-de-riez-img_6466-1_webformat.webp\" width=\"1920\" height=\"1191\" alt=\"castillo del Loira - camping en el Valle del Loira\" srcset=\"https:\/\/www.campinglesgranges.fr\/wp-content\/uploads\/2026\/03\/saint-hilaire-de-riez-img_6466-1_webformat.webp 1920w, https:\/\/www.campinglesgranges.fr\/wp-content\/uploads\/2026\/03\/saint-hilaire-de-riez-img_6466-1_webformat-300x186.webp 300w, https:\/\/www.campinglesgranges.fr\/wp-content\/uploads\/2026\/03\/saint-hilaire-de-riez-img_6466-1_webformat-1024x635.webp 1024w, https:\/\/www.campinglesgranges.fr\/wp-content\/uploads\/2026\/03\/saint-hilaire-de-riez-img_6466-1_webformat-768x476.webp 768w, https:\/\/www.campinglesgranges.fr\/wp-content\/uploads\/2026\/03\/saint-hilaire-de-riez-img_6466-1_webformat-1536x953.webp 1536w, https:\/\/www.campinglesgranges.fr\/wp-content\/uploads\/2026\/03\/saint-hilaire-de-riez-img_6466-1_webformat-500x310.webp 500w, https:\/\/www.campinglesgranges.fr\/wp-content\/uploads\/2026\/03\/saint-hilaire-de-riez-img_6466-1_webformat-800x496.webp 800w, https:\/\/www.campinglesgranges.fr\/wp-content\/uploads\/2026\/03\/saint-hilaire-de-riez-img_6466-1_webformat-1280x794.webp 1280w\" sizes=\"auto, (max-width: 1920px) 100vw, 1920px\" \/><\/span><\/figure><\/div>\n<\/div><\/div><\/div>\n\n\n\n<div class=\"wp-block-stackable-column stk-block-column stk-column stk-block stk-53ee707\" data-v=\"4\" data-block-id=\"53ee707\"><div class=\"stk-column-wrapper stk-block-column__content stk-container stk-53ee707-container stk--no-background stk--no-padding\"><div class=\"stk-block-content stk-inner-blocks stk-53ee707-inner-blocks\">\n<div class=\"wp-block-stackable-heading stk-block-heading stk-block-heading--v2 stk-block stk-2cf7483\" id=\"chateau-de-villandry-des-jardins-exceptionnels\" data-block-id=\"2cf7483\"><h2 class=\"stk-block-heading__text\">Castillo de Villandry: jardines excepcionales<\/h2><\/div>\n\n\n\n<div class=\"wp-block-stackable-text stk-block-text stk-block stk-da2d064\" data-block-id=\"da2d064\"><p class=\"stk-block-text__text\">\u00bfConoce el Castillo de Villandry, una verdadera joya de la regi\u00f3n, situado a 20 minutos del camping Flower Les Granges?<\/p><\/div>\n\n\n\n<div class=\"wp-block-stackable-text stk-block-text stk-block stk-408d14b\" data-block-id=\"408d14b\"><p class=\"stk-block-text__text\">El Castillo de Villandry es famoso por sus magn\u00edficos jardines a la francesa, que se encuentran entre los m\u00e1s bellos de Francia. Construido en el siglo XVI, este castillo combina armoniosamente la arquitectura renacentista con paisajes encantadores. Mientras paseas por sus jardines, descubrir\u00e1s parterres de flores coloridas, huertos cuidados meticulosamente y jardines ornamentales que cambian con las estaciones. Es un aut\u00e9ntico fest\u00edn para la vista y un lugar perfecto para un paseo en familia o con amigos.<\/p><\/div>\n\n\n\n<div class=\"wp-block-stackable-text stk-block-text stk-block stk-4779101\" data-block-id=\"4779101\"><p class=\"stk-block-text__text\">El interior del castillo es igual de fascinante. Podr\u00e1 explorar sus salas ricamente decoradas, que le sumergir\u00e1n en la historia y la elegancia del Renacimiento. Cada estancia cuenta una historia y le ofrece una visi\u00f3n de la vida en aquella \u00e9poca.<\/p><\/div>\n\n\n\n<div class=\"wp-block-stackable-text stk-block-text stk-block stk-ee22a7c\" data-block-id=\"ee22a7c\"><p class=\"stk-block-text__text\">El Castillo de Villandry es tambi\u00e9n un lugar donde se organizan eventos y exposiciones con regularidad, lo que hace que cada visita sea \u00fanica. No olvide llevar su c\u00e1mara, \u00a1ya que las vistas desde los jardines son simplemente espectaculares!<\/p><\/div>\n\n\n\n<div class=\"wp-block-stackable-text stk-block-text stk-block stk-59de6ba\" data-block-id=\"59de6ba\"><p class=\"stk-block-text__text\">Le recomendamos encarecidamente que planee una visita al castillo de Villandry durante su estancia. Es una experiencia inolvidable que le permitir\u00e1 descubrir la belleza y la historia de nuestra regi\u00f3n.<\/p><\/div>\n\n\n\n<div class=\"wp-block-stackable-text stk-block-text stk-block stk-b612ee3\" data-block-id=\"b612ee3\"><p class=\"stk-block-text__text\">Si usted tiene alguna pregunta o necesita consejos para ir all\u00ed, no dude en preguntarnos. \u00a1Disfrute de su estancia en Luynes y de las maravillas que tiene para ofrecer!<\/p><\/div>\n<\/div><\/div><\/div>\n<\/div><\/div>\n\n\n\n<div class=\"wp-block-stackable-columns alignfull stk-block-columns stk-block stk-be90d9c\" data-block-id=\"be90d9c\"><style>.stk-be90d9c {margin-bottom:var(--stk--preset--spacing--60, clamp(30px, 7vw, 70px)) !important;}.stk-be90d9c-column{max-width:100% !important;min-width:auto !important;}<\/style><div class=\"stk-row stk-inner-blocks stk-block-content stk-content-align stk-be90d9c-column alignfull\">\n<div class=\"wp-block-stackable-column stk-block-column stk-column stk-block stk-97b218c\" data-v=\"4\" data-block-id=\"97b218c\"><div class=\"stk-column-wrapper stk-block-column__content stk-container stk-97b218c-container stk--no-background stk--no-padding\"><div class=\"stk-block-content stk-inner-blocks stk-97b218c-inner-blocks\"><div class=\"wp-block-visual-portfolio alignfull\">\n<div class=\"vp-portfolio vp-uid-13dde555 vp-id-1dqHRE\"\n\tdata-vp-layout=\"masonry\" data-vp-content-source=\"images\" data-vp-items-style=\"default\" data-vp-items-click-action=\"popup_gallery\" data-vp-items-gap=\"15\" data-vp-items-gap-vertical=\"\" data-vp-pagination=\"load-more\" data-vp-next-page-url=\"\" data-vp-masonry-columns=\"4\" data-vp-masonry-images-aspect-ratio=\"4:3\" >\n\t<div class=\"vp-portfolio__preloader-wrap\">\n\t\t<div class=\"vp-portfolio__preloader\">\n\t\t\t<img decoding=\"async\" loading=\"eager\" src=\"https:\/\/www.campinglesgranges.fr\/wp-content\/plugins\/visual-portfolio\/assets\/images\/logo-dark.svg\" alt=\"Visual Portfolio, Posts &amp; Image Gallery para WordPress\" width=\"20\" height=\"20\" data-skip-lazy>\n\t\t<\/div>\n\t<\/div>\n\t\t<div class=\"vp-portfolio__items-wrap\">\n\t\t\t\n<div class=\"vp-portfolio__items vp-portfolio__items-style-default vp-portfolio__items-show-overlay-hover\">\n\n\t\t<div\t\tclass=\"vp-portfolio__item-wrap vp-portfolio__item-uid-d6e8c2be\" data-vp-filter=\"\" \t\t>\n\t\t\t<template class=\"vp-portfolio__item-popup\" style=\"display: none\" data-vp-popup-img=\"https:\/\/www.campinglesgranges.fr\/wp-content\/uploads\/2026\/03\/villandry_jardins_village_ematha_crtcentrevaldeloire-1_webformat.webp\" data-vp-popup-img-srcset=\"https:\/\/www.campinglesgranges.fr\/wp-content\/uploads\/2026\/03\/villandry_jardins_village_ematha_crtcentrevaldeloire-1_webformat.webp 800w, https:\/\/www.campinglesgranges.fr\/wp-content\/uploads\/2026\/03\/villandry_jardins_village_ematha_crtcentrevaldeloire-1_webformat-300x200.webp 300w, https:\/\/www.campinglesgranges.fr\/wp-content\/uploads\/2026\/03\/villandry_jardins_village_ematha_crtcentrevaldeloire-1_webformat-768x512.webp 768w, https:\/\/www.campinglesgranges.fr\/wp-content\/uploads\/2026\/03\/villandry_jardins_village_ematha_crtcentrevaldeloire-1_webformat-500x333.webp 500w\" data-vp-popup-img-size=\"800x533\" data-vp-popup-md-img=\"https:\/\/www.campinglesgranges.fr\/wp-content\/uploads\/2026\/03\/villandry_jardins_village_ematha_crtcentrevaldeloire-1_webformat.webp\" data-vp-popup-md-img-size=\"800x533\" data-vp-popup-sm-img=\"https:\/\/www.campinglesgranges.fr\/wp-content\/uploads\/2026\/03\/villandry_jardins_village_ematha_crtcentrevaldeloire-1_webformat-500x333.webp\" data-vp-popup-sm-img-size=\"500x333\">\n\t<\/template>\n\t\t\t\t\t\t<figure class=\"vp-portfolio__item\">\n\t\t\t\t\n<div class=\"vp-portfolio__item-img-wrap\">\n\t<div class=\"vp-portfolio__item-img\">\n\t\t\t<a\n\t\thref=\"https:\/\/www.campinglesgranges.fr\/wp-content\/uploads\/2026\/03\/villandry_jardins_village_ematha_crtcentrevaldeloire-1_webformat.webp\"\n\t\taria-label=\"Open image\" \t>\n\t\n\t\t<noscript><img loading=\"lazy\" decoding=\"async\" width=\"800\" height=\"533\" data-skip-lazy src=\"https:\/\/www.campinglesgranges.fr\/wp-content\/uploads\/2026\/03\/villandry_jardins_village_ematha_crtcentrevaldeloire-1_webformat.webp\" class=\"wp-image-427\" alt=\"jardines de Villandry\" srcset=\"https:\/\/www.campinglesgranges.fr\/wp-content\/uploads\/2026\/03\/villandry_jardins_village_ematha_crtcentrevaldeloire-1_webformat.webp 800w, https:\/\/www.campinglesgranges.fr\/wp-content\/uploads\/2026\/03\/villandry_jardins_village_ematha_crtcentrevaldeloire-1_webformat-300x200.webp 300w, https:\/\/www.campinglesgranges.fr\/wp-content\/uploads\/2026\/03\/villandry_jardins_village_ematha_crtcentrevaldeloire-1_webformat-768x512.webp 768w, https:\/\/www.campinglesgranges.fr\/wp-content\/uploads\/2026\/03\/villandry_jardins_village_ematha_crtcentrevaldeloire-1_webformat-500x333.webp 500w\" sizes=\"auto, (max-width: 800px) 100vw, 800px\" \/><\/noscript><img fetchpriority=\"high\" decoding=\"async\" width=\"800\" height=\"533\" src=\"https:\/\/www.campinglesgranges.fr\/wp-content\/uploads\/2026\/03\/villandry_jardins_village_ematha_crtcentrevaldeloire-1_webformat.webp\" class=\"wp-image-427 vp-lazyload\" alt=\"jardines de Villandry\" srcset=\"data:image\/svg+xml;base64,PHN2ZyB3aWR0aD0iODAwIiBoZWlnaHQ9IjUzMyIgdmlld0JveD0iMCAwIDgwMCA1MzMiIGZpbGw9Im5vbmUiIHhtbG5zPSJodHRwOi8vd3d3LnczLm9yZy8yMDAwL3N2ZyI+PC9zdmc+\" data-src=\"https:\/\/www.campinglesgranges.fr\/wp-content\/uploads\/2026\/03\/villandry_jardins_village_ematha_crtcentrevaldeloire-1_webformat.webp\" data-srcset=\"https:\/\/www.campinglesgranges.fr\/wp-content\/uploads\/2026\/03\/villandry_jardins_village_ematha_crtcentrevaldeloire-1_webformat.webp 800w, https:\/\/www.campinglesgranges.fr\/wp-content\/uploads\/2026\/03\/villandry_jardins_village_ematha_crtcentrevaldeloire-1_webformat-300x200.webp 300w, https:\/\/www.campinglesgranges.fr\/wp-content\/uploads\/2026\/03\/villandry_jardins_village_ematha_crtcentrevaldeloire-1_webformat-768x512.webp 768w, https:\/\/www.campinglesgranges.fr\/wp-content\/uploads\/2026\/03\/villandry_jardins_village_ematha_crtcentrevaldeloire-1_webformat-500x333.webp 500w\" data-sizes=\"auto\" loading=\"eager\">\n\t\t<div class=\"vp-portfolio__item-overlay\">\n\t\t\t\t\t<\/div>\n\n\t\t<\/a>\t<\/div>\n<\/div>\n\n\t\t\t<\/figure>\n\t\t\t\t\t<\/div>\n\t\t\n\t\t<div\t\tclass=\"vp-portfolio__item-wrap vp-portfolio__item-uid-feebb84a\" data-vp-filter=\"\" \t\t>\n\t\t\t<template class=\"vp-portfolio__item-popup\" style=\"display: none\" data-vp-popup-img=\"https:\/\/www.campinglesgranges.fr\/wp-content\/uploads\/2026\/03\/villandry_jardins-amour-printemps_credit_fpaillet_chateaudevillandry_webformat.webp\" data-vp-popup-img-srcset=\"https:\/\/www.campinglesgranges.fr\/wp-content\/uploads\/2026\/03\/villandry_jardins-amour-printemps_credit_fpaillet_chateaudevillandry_webformat.webp 800w, https:\/\/www.campinglesgranges.fr\/wp-content\/uploads\/2026\/03\/villandry_jardins-amour-printemps_credit_fpaillet_chateaudevillandry_webformat-300x197.webp 300w, https:\/\/www.campinglesgranges.fr\/wp-content\/uploads\/2026\/03\/villandry_jardins-amour-printemps_credit_fpaillet_chateaudevillandry_webformat-768x505.webp 768w, https:\/\/www.campinglesgranges.fr\/wp-content\/uploads\/2026\/03\/villandry_jardins-amour-printemps_credit_fpaillet_chateaudevillandry_webformat-500x329.webp 500w\" data-vp-popup-img-size=\"800x526\" data-vp-popup-md-img=\"https:\/\/www.campinglesgranges.fr\/wp-content\/uploads\/2026\/03\/villandry_jardins-amour-printemps_credit_fpaillet_chateaudevillandry_webformat.webp\" data-vp-popup-md-img-size=\"800x526\" data-vp-popup-sm-img=\"https:\/\/www.campinglesgranges.fr\/wp-content\/uploads\/2026\/03\/villandry_jardins-amour-printemps_credit_fpaillet_chateaudevillandry_webformat-500x329.webp\" data-vp-popup-sm-img-size=\"500x329\">\n\t<\/template>\n\t\t\t\t\t\t<figure class=\"vp-portfolio__item\">\n\t\t\t\t\n<div class=\"vp-portfolio__item-img-wrap\">\n\t<div class=\"vp-portfolio__item-img\">\n\t\t\t<a\n\t\thref=\"https:\/\/www.campinglesgranges.fr\/wp-content\/uploads\/2026\/03\/villandry_jardins-amour-printemps_credit_fpaillet_chateaudevillandry_webformat.webp\"\n\t\taria-label=\"Open image\" \t>\n\t\n\t\t<noscript><img loading=\"lazy\" decoding=\"async\" width=\"800\" height=\"526\" data-skip-lazy src=\"https:\/\/www.campinglesgranges.fr\/wp-content\/uploads\/2026\/03\/villandry_jardins-amour-printemps_credit_fpaillet_chateaudevillandry_webformat.webp\" class=\"wp-image-428\" alt=\"jardines de Villandry\" srcset=\"https:\/\/www.campinglesgranges.fr\/wp-content\/uploads\/2026\/03\/villandry_jardins-amour-printemps_credit_fpaillet_chateaudevillandry_webformat.webp 800w, https:\/\/www.campinglesgranges.fr\/wp-content\/uploads\/2026\/03\/villandry_jardins-amour-printemps_credit_fpaillet_chateaudevillandry_webformat-300x197.webp 300w, https:\/\/www.campinglesgranges.fr\/wp-content\/uploads\/2026\/03\/villandry_jardins-amour-printemps_credit_fpaillet_chateaudevillandry_webformat-768x505.webp 768w, https:\/\/www.campinglesgranges.fr\/wp-content\/uploads\/2026\/03\/villandry_jardins-amour-printemps_credit_fpaillet_chateaudevillandry_webformat-500x329.webp 500w\" sizes=\"auto, (max-width: 800px) 100vw, 800px\" \/><\/noscript><img decoding=\"async\" width=\"800\" height=\"526\" src=\"https:\/\/www.campinglesgranges.fr\/wp-content\/uploads\/2026\/03\/villandry_jardins-amour-printemps_credit_fpaillet_chateaudevillandry_webformat.webp\" class=\"wp-image-428 vp-lazyload\" alt=\"jardines de Villandry\" srcset=\"data:image\/svg+xml;base64,PHN2ZyB3aWR0aD0iODAwIiBoZWlnaHQ9IjUyNiIgdmlld0JveD0iMCAwIDgwMCA1MjYiIGZpbGw9Im5vbmUiIHhtbG5zPSJodHRwOi8vd3d3LnczLm9yZy8yMDAwL3N2ZyI+PC9zdmc+\" data-src=\"https:\/\/www.campinglesgranges.fr\/wp-content\/uploads\/2026\/03\/villandry_jardins-amour-printemps_credit_fpaillet_chateaudevillandry_webformat.webp\" data-srcset=\"https:\/\/www.campinglesgranges.fr\/wp-content\/uploads\/2026\/03\/villandry_jardins-amour-printemps_credit_fpaillet_chateaudevillandry_webformat.webp 800w, https:\/\/www.campinglesgranges.fr\/wp-content\/uploads\/2026\/03\/villandry_jardins-amour-printemps_credit_fpaillet_chateaudevillandry_webformat-300x197.webp 300w, https:\/\/www.campinglesgranges.fr\/wp-content\/uploads\/2026\/03\/villandry_jardins-amour-printemps_credit_fpaillet_chateaudevillandry_webformat-768x505.webp 768w, https:\/\/www.campinglesgranges.fr\/wp-content\/uploads\/2026\/03\/villandry_jardins-amour-printemps_credit_fpaillet_chateaudevillandry_webformat-500x329.webp 500w\" data-sizes=\"auto\" loading=\"eager\">\n\t\t<div class=\"vp-portfolio__item-overlay\">\n\t\t\t\t\t<\/div>\n\n\t\t<\/a>\t<\/div>\n<\/div>\n\n\t\t\t<\/figure>\n\t\t\t\t\t<\/div>\n\t\t\n\t\t<div\t\tclass=\"vp-portfolio__item-wrap vp-portfolio__item-uid-9b592732\" data-vp-filter=\"\" \t\t>\n\t\t\t<template class=\"vp-portfolio__item-popup\" style=\"display: none\" data-vp-popup-img=\"https:\/\/www.campinglesgranges.fr\/wp-content\/uploads\/2026\/03\/villandry_vue-generale-2_credit_fpaillet_chateaudevillandry_webformat.webp\" data-vp-popup-img-srcset=\"https:\/\/www.campinglesgranges.fr\/wp-content\/uploads\/2026\/03\/villandry_vue-generale-2_credit_fpaillet_chateaudevillandry_webformat.webp 800w, https:\/\/www.campinglesgranges.fr\/wp-content\/uploads\/2026\/03\/villandry_vue-generale-2_credit_fpaillet_chateaudevillandry_webformat-300x200.webp 300w, https:\/\/www.campinglesgranges.fr\/wp-content\/uploads\/2026\/03\/villandry_vue-generale-2_credit_fpaillet_chateaudevillandry_webformat-768x513.webp 768w, https:\/\/www.campinglesgranges.fr\/wp-content\/uploads\/2026\/03\/villandry_vue-generale-2_credit_fpaillet_chateaudevillandry_webformat-500x334.webp 500w\" data-vp-popup-img-size=\"800x534\" data-vp-popup-md-img=\"https:\/\/www.campinglesgranges.fr\/wp-content\/uploads\/2026\/03\/villandry_vue-generale-2_credit_fpaillet_chateaudevillandry_webformat.webp\" data-vp-popup-md-img-size=\"800x534\" data-vp-popup-sm-img=\"https:\/\/www.campinglesgranges.fr\/wp-content\/uploads\/2026\/03\/villandry_vue-generale-2_credit_fpaillet_chateaudevillandry_webformat-500x334.webp\" data-vp-popup-sm-img-size=\"500x334\">\n\t<\/template>\n\t\t\t\t\t\t<figure class=\"vp-portfolio__item\">\n\t\t\t\t\n<div class=\"vp-portfolio__item-img-wrap\">\n\t<div class=\"vp-portfolio__item-img\">\n\t\t\t<a\n\t\thref=\"https:\/\/www.campinglesgranges.fr\/wp-content\/uploads\/2026\/03\/villandry_vue-generale-2_credit_fpaillet_chateaudevillandry_webformat.webp\"\n\t\taria-label=\"Open image\" \t>\n\t\n\t\t<noscript><img loading=\"lazy\" decoding=\"async\" width=\"800\" height=\"534\" data-skip-lazy src=\"https:\/\/www.campinglesgranges.fr\/wp-content\/uploads\/2026\/03\/villandry_vue-generale-2_credit_fpaillet_chateaudevillandry_webformat.webp\" class=\"wp-image-429\" alt=\"Villandry\" srcset=\"https:\/\/www.campinglesgranges.fr\/wp-content\/uploads\/2026\/03\/villandry_vue-generale-2_credit_fpaillet_chateaudevillandry_webformat.webp 800w, https:\/\/www.campinglesgranges.fr\/wp-content\/uploads\/2026\/03\/villandry_vue-generale-2_credit_fpaillet_chateaudevillandry_webformat-300x200.webp 300w, https:\/\/www.campinglesgranges.fr\/wp-content\/uploads\/2026\/03\/villandry_vue-generale-2_credit_fpaillet_chateaudevillandry_webformat-768x513.webp 768w, https:\/\/www.campinglesgranges.fr\/wp-content\/uploads\/2026\/03\/villandry_vue-generale-2_credit_fpaillet_chateaudevillandry_webformat-500x334.webp 500w\" sizes=\"auto, (max-width: 800px) 100vw, 800px\" \/><\/noscript><img decoding=\"async\" width=\"800\" height=\"534\" src=\"https:\/\/www.campinglesgranges.fr\/wp-content\/uploads\/2026\/03\/villandry_vue-generale-2_credit_fpaillet_chateaudevillandry_webformat.webp\" class=\"wp-image-429 vp-lazyload\" alt=\"Villandry\" srcset=\"data:image\/svg+xml;base64,PHN2ZyB3aWR0aD0iODAwIiBoZWlnaHQ9IjUzNCIgdmlld0JveD0iMCAwIDgwMCA1MzQiIGZpbGw9Im5vbmUiIHhtbG5zPSJodHRwOi8vd3d3LnczLm9yZy8yMDAwL3N2ZyI+PC9zdmc+\" data-src=\"https:\/\/www.campinglesgranges.fr\/wp-content\/uploads\/2026\/03\/villandry_vue-generale-2_credit_fpaillet_chateaudevillandry_webformat.webp\" data-srcset=\"https:\/\/www.campinglesgranges.fr\/wp-content\/uploads\/2026\/03\/villandry_vue-generale-2_credit_fpaillet_chateaudevillandry_webformat.webp 800w, https:\/\/www.campinglesgranges.fr\/wp-content\/uploads\/2026\/03\/villandry_vue-generale-2_credit_fpaillet_chateaudevillandry_webformat-300x200.webp 300w, https:\/\/www.campinglesgranges.fr\/wp-content\/uploads\/2026\/03\/villandry_vue-generale-2_credit_fpaillet_chateaudevillandry_webformat-768x513.webp 768w, https:\/\/www.campinglesgranges.fr\/wp-content\/uploads\/2026\/03\/villandry_vue-generale-2_credit_fpaillet_chateaudevillandry_webformat-500x334.webp 500w\" data-sizes=\"auto\" loading=\"eager\">\n\t\t<div class=\"vp-portfolio__item-overlay\">\n\t\t\t\t\t<\/div>\n\n\t\t<\/a>\t<\/div>\n<\/div>\n\n\t\t\t<\/figure>\n\t\t\t\t\t<\/div>\n\t\t\n\t\t<div\t\tclass=\"vp-portfolio__item-wrap vp-portfolio__item-uid-4322c9b2\" data-vp-filter=\"\" \t\t>\n\t\t\t<template class=\"vp-portfolio__item-popup\" style=\"display: none\" data-vp-popup-img=\"https:\/\/www.campinglesgranges.fr\/wp-content\/uploads\/2026\/03\/villandry_credit_fredericpaillet_chateaudevillandry_webformat.webp\" data-vp-popup-img-srcset=\"https:\/\/www.campinglesgranges.fr\/wp-content\/uploads\/2026\/03\/villandry_credit_fredericpaillet_chateaudevillandry_webformat.webp 800w, https:\/\/www.campinglesgranges.fr\/wp-content\/uploads\/2026\/03\/villandry_credit_fredericpaillet_chateaudevillandry_webformat-300x200.webp 300w, https:\/\/www.campinglesgranges.fr\/wp-content\/uploads\/2026\/03\/villandry_credit_fredericpaillet_chateaudevillandry_webformat-768x512.webp 768w, https:\/\/www.campinglesgranges.fr\/wp-content\/uploads\/2026\/03\/villandry_credit_fredericpaillet_chateaudevillandry_webformat-500x333.webp 500w\" data-vp-popup-img-size=\"800x533\" data-vp-popup-md-img=\"https:\/\/www.campinglesgranges.fr\/wp-content\/uploads\/2026\/03\/villandry_credit_fredericpaillet_chateaudevillandry_webformat.webp\" data-vp-popup-md-img-size=\"800x533\" data-vp-popup-sm-img=\"https:\/\/www.campinglesgranges.fr\/wp-content\/uploads\/2026\/03\/villandry_credit_fredericpaillet_chateaudevillandry_webformat-500x333.webp\" data-vp-popup-sm-img-size=\"500x333\">\n\t<\/template>\n\t\t\t\t\t\t<figure class=\"vp-portfolio__item\">\n\t\t\t\t\n<div class=\"vp-portfolio__item-img-wrap\">\n\t<div class=\"vp-portfolio__item-img\">\n\t\t\t<a\n\t\thref=\"https:\/\/www.campinglesgranges.fr\/wp-content\/uploads\/2026\/03\/villandry_credit_fredericpaillet_chateaudevillandry_webformat.webp\"\n\t\taria-label=\"Open image\" \t>\n\t\n\t\t<noscript><img loading=\"lazy\" decoding=\"async\" width=\"800\" height=\"533\" data-skip-lazy src=\"https:\/\/www.campinglesgranges.fr\/wp-content\/uploads\/2026\/03\/villandry_credit_fredericpaillet_chateaudevillandry_webformat.webp\" class=\"wp-image-430\" alt=\"Villandry\" srcset=\"https:\/\/www.campinglesgranges.fr\/wp-content\/uploads\/2026\/03\/villandry_credit_fredericpaillet_chateaudevillandry_webformat.webp 800w, https:\/\/www.campinglesgranges.fr\/wp-content\/uploads\/2026\/03\/villandry_credit_fredericpaillet_chateaudevillandry_webformat-300x200.webp 300w, https:\/\/www.campinglesgranges.fr\/wp-content\/uploads\/2026\/03\/villandry_credit_fredericpaillet_chateaudevillandry_webformat-768x512.webp 768w, https:\/\/www.campinglesgranges.fr\/wp-content\/uploads\/2026\/03\/villandry_credit_fredericpaillet_chateaudevillandry_webformat-500x333.webp 500w\" sizes=\"auto, (max-width: 800px) 100vw, 800px\" \/><\/noscript><img decoding=\"async\" width=\"800\" height=\"533\" src=\"https:\/\/www.campinglesgranges.fr\/wp-content\/uploads\/2026\/03\/villandry_credit_fredericpaillet_chateaudevillandry_webformat.webp\" class=\"wp-image-430 vp-lazyload\" alt=\"Villandry\" srcset=\"data:image\/svg+xml;base64,PHN2ZyB3aWR0aD0iODAwIiBoZWlnaHQ9IjUzMyIgdmlld0JveD0iMCAwIDgwMCA1MzMiIGZpbGw9Im5vbmUiIHhtbG5zPSJodHRwOi8vd3d3LnczLm9yZy8yMDAwL3N2ZyI+PC9zdmc+\" data-src=\"https:\/\/www.campinglesgranges.fr\/wp-content\/uploads\/2026\/03\/villandry_credit_fredericpaillet_chateaudevillandry_webformat.webp\" data-srcset=\"https:\/\/www.campinglesgranges.fr\/wp-content\/uploads\/2026\/03\/villandry_credit_fredericpaillet_chateaudevillandry_webformat.webp 800w, https:\/\/www.campinglesgranges.fr\/wp-content\/uploads\/2026\/03\/villandry_credit_fredericpaillet_chateaudevillandry_webformat-300x200.webp 300w, https:\/\/www.campinglesgranges.fr\/wp-content\/uploads\/2026\/03\/villandry_credit_fredericpaillet_chateaudevillandry_webformat-768x512.webp 768w, https:\/\/www.campinglesgranges.fr\/wp-content\/uploads\/2026\/03\/villandry_credit_fredericpaillet_chateaudevillandry_webformat-500x333.webp 500w\" data-sizes=\"auto\" loading=\"eager\">\n\t\t<div class=\"vp-portfolio__item-overlay\">\n\t\t\t\t\t<\/div>\n\n\t\t<\/a>\t<\/div>\n<\/div>\n\n\t\t\t<\/figure>\n\t\t\t\t\t<\/div>\n\t\t\n<\/div>\n\t\t<\/div>\n\t\t\n<\/div>\n<\/div><\/div><\/div><\/div>\n<\/div><\/div>","protected":false},"excerpt":{"rendered":"<p>Ch\u00e2teau de Villandry : des jardins exceptionnels Connaissez vous le Ch\u00e2teau de Villandry, v\u00e9ritable bijou de la r\u00e9gion, situ\u00e9 \u00e0 20 mn du Flower camping Les Granges ? Le Ch\u00e2teau de Villandry est c\u00e9l\u00e8bre pour ses magnifiques jardins \u00e0 la fran\u00e7aise, qui sont parmi les plus beaux de France. Construit au XVIe si\u00e8cle, ce ch\u00e2teau [&hellip;]<\/p>\n","protected":false},"author":1,"featured_media":56,"parent":182,"menu_order":0,"comment_status":"closed","ping_status":"closed","template":"","meta":{"_acf_changed":false,"_seopress_robots_primary_cat":"","_seopress_titles_title":"Visiter le ch\u00e2teau de Villandry - Camping Les Granges","_seopress_titles_desc":"D\u00e9couvrez le ch\u00e2teau de Villandry et ses c\u00e9l\u00e8bres jardins lors de votre s\u00e9jour au Camping Les Granges, au c\u0153ur des tr\u00e9sors de la Touraine.","_seopress_robots_index":"","_vp_format_video_url":"","_vp_image_focal_point":[],"footnotes":""},"class_list":["post-229","page","type-page","status-publish","has-post-thumbnail","hentry"],"acf":[],"_links":{"self":[{"href":"https:\/\/www.campinglesgranges.fr\/es\/wp-json\/wp\/v2\/pages\/229","targetHints":{"allow":["GET"]}}],"collection":[{"href":"https:\/\/www.campinglesgranges.fr\/es\/wp-json\/wp\/v2\/pages"}],"about":[{"href":"https:\/\/www.campinglesgranges.fr\/es\/wp-json\/wp\/v2\/types\/page"}],"author":[{"embeddable":true,"href":"https:\/\/www.campinglesgranges.fr\/es\/wp-json\/wp\/v2\/users\/1"}],"replies":[{"embeddable":true,"href":"https:\/\/www.campinglesgranges.fr\/es\/wp-json\/wp\/v2\/comments?post=229"}],"version-history":[{"count":4,"href":"https:\/\/www.campinglesgranges.fr\/es\/wp-json\/wp\/v2\/pages\/229\/revisions"}],"predecessor-version":[{"id":762,"href":"https:\/\/www.campinglesgranges.fr\/es\/wp-json\/wp\/v2\/pages\/229\/revisions\/762"}],"up":[{"embeddable":true,"href":"https:\/\/www.campinglesgranges.fr\/es\/wp-json\/wp\/v2\/pages\/182"}],"wp:featuredmedia":[{"embeddable":true,"href":"https:\/\/www.campinglesgranges.fr\/es\/wp-json\/wp\/v2\/media\/56"}],"wp:attachment":[{"href":"https:\/\/www.campinglesgranges.fr\/es\/wp-json\/wp\/v2\/media?parent=229"}],"curies":[{"name":"wp","href":"https:\/\/api.w.org\/{rel}","templated":true}]}}