{"id":212,"date":"2026-03-19T15:40:29","date_gmt":"2026-03-19T14:40:29","guid":{"rendered":"https:\/\/www.campinglesgranges.fr\/?page_id=212"},"modified":"2026-04-23T10:31:17","modified_gmt":"2026-04-23T08:31:17","slug":"saumur","status":"publish","type":"page","link":"https:\/\/www.campinglesgranges.fr\/es\/cote-ville\/saumur\/","title":{"rendered":"D\u00e9couvrez Saumur, joyau de la Vall\u00e9e de la Loire"},"content":{"rendered":"<div class=\"wp-block-stackable-columns alignfull stk-block-columns stk-block stk-dd23a22\" data-block-id=\"dd23a22\"><style>.stk-dd23a22 .stk--block-align-dd23a22{align-items:center !important;}.stk-dd23a22 {margin-bottom:var(--stk--preset--spacing--60, clamp(30px, 7vw, 70px)) !important;}.stk-dd23a22-column{max-width:1280px !important;min-width:auto !important;--stk-column-gap:var(--stk--preset--spacing--50, clamp(30px, 5vw, 50px)) !important;}@media screen and (max-width: 767px){.stk-dd23a22 {--stk-col-order-1:2 !important;--stk-col-order-2:1 !important;}}<\/style><div class=\"stk-row stk-inner-blocks stk--block-align-dd23a22 stk-block-content stk-content-align stk-dd23a22-column alignwide\">\n<div class=\"wp-block-stackable-column stk-block-column stk-column stk-block stk-836118b\" data-v=\"4\" data-block-id=\"836118b\"><div class=\"stk-column-wrapper stk-block-column__content stk-container stk-836118b-container stk--no-background stk--no-padding\"><div class=\"stk-block-content stk-inner-blocks stk-836118b-inner-blocks\">\n<div class=\"wp-block-stackable-image stk-block-image stk-block stk-f9d2a41\" data-block-id=\"f9d2a41\"><style>.stk-f9d2a41 .stk-img-wrapper{width:100% !important;height:578px !important;filter:drop-shadow(2px 2px 9px #00000070) !important;}.stk-f9d2a41 .stk-img-wrapper img{border-radius:25px !important;}@media screen and (max-width: 767px){.stk-f9d2a41 .stk-img-wrapper{height:400px !important;}}<\/style><figure><span class=\"stk-img-wrapper stk-image--shape-stretch stk--shadow-2px 2px 9px #00000070\"><img loading=\"lazy\" decoding=\"async\" class=\"stk-img wp-image-777\" src=\"https:\/\/www.campinglesgranges.fr\/wp-content\/uploads\/2026\/04\/saumur-2_webformat.webp\" width=\"474\" height=\"415\" alt=\"castillo del Loira - camping en el Valle del Loira\" srcset=\"https:\/\/www.campinglesgranges.fr\/wp-content\/uploads\/2026\/04\/saumur-2_webformat.webp 474w, https:\/\/www.campinglesgranges.fr\/wp-content\/uploads\/2026\/04\/saumur-2_webformat-300x263.webp 300w, https:\/\/www.campinglesgranges.fr\/wp-content\/uploads\/2026\/04\/saumur-2_webformat-14x12.webp 14w\" sizes=\"auto, (max-width: 474px) 100vw, 474px\" \/><\/span><\/figure><\/div>\n<\/div><\/div><\/div>\n\n\n\n<div class=\"wp-block-stackable-column stk-block-column stk-column stk-block stk-53ee707\" data-v=\"4\" data-block-id=\"53ee707\"><div class=\"stk-column-wrapper stk-block-column__content stk-container stk-53ee707-container stk--no-background stk--no-padding\"><div class=\"stk-block-content stk-inner-blocks stk-53ee707-inner-blocks\">\n<div class=\"wp-block-stackable-text stk-block-text stk-block stk-da2d064\" data-block-id=\"da2d064\"><p class=\"stk-block-text__text\">S\u00e9journer au Flower Camping Les Granges, c\u2019est l\u2019occasion parfaite pour explorer Saumur, ville embl\u00e9matique de la Vall\u00e9e de la Loire, r\u00e9put\u00e9e pour son patrimoine historique et sa douceur de vivre. \u00c0 seulement quelques minutes de votre camping, plongez au c\u0153ur de paysages pittoresques, de ch\u00e2teaux majestueux et d\u2019activit\u00e9s culturelles uniques.<\/p><\/div>\n\n\n\n<div class=\"wp-block-stackable-heading stk-block-heading stk-block-heading--v2 stk-block stk-59a8434\" id=\"le-chateau-de-saumur-symbole-de-lhistoire-locale\" data-block-id=\"59a8434\"><h2 class=\"stk-block-heading__text\">Le Ch\u00e2teau de Saumur : symbole de l\u2019histoire locale<\/h2><\/div>\n\n\n\n<div class=\"wp-block-stackable-text stk-block-text stk-block stk-952a5a2\" id=\"dominant-la-ville-depuis-les-hauteurs-de-saumur-le-chateau-de-saumur-est-un-incontournable-ce-chateau-medieval-transforme-en-musee-vous-transporte-a-travers-les-siecles-entre-fortifications-collections-darts-et-expositions-temporaires-les-amateurs-de-photographie-y-trouveront-egalement-de-magnifiques-panoramas-sur-la-loire-et-la-ville\" data-block-id=\"952a5a2\"><p class=\"stk-block-text__text\">Dominant la ville depuis les hauteurs de Saumur, le Ch\u00e2teau de Saumur est un incontournable. Ce ch\u00e2teau m\u00e9di\u00e9val transform\u00e9 en mus\u00e9e vous transporte \u00e0 travers les si\u00e8cles, entre fortifications, collections d\u2019arts et expositions temporaires. Les amateurs de photographie y trouveront \u00e9galement de magnifiques panoramas sur la Loire et la ville.<\/p><\/div>\n\n\n\n<div class=\"wp-block-stackable-heading stk-block-heading stk-block-heading--v2 stk-block stk-ac2da5c\" id=\"le-cadre-noir-lexcellence-equestre\" data-block-id=\"ac2da5c\"><h2 class=\"stk-block-heading__text\">Le Cadre Noir : l\u2019excellence \u00e9questre<\/h2><\/div>\n\n\n\n<div class=\"wp-block-stackable-text stk-block-text stk-block stk-46133cc\" data-block-id=\"46133cc\"><p class=\"stk-block-text__text\">\u00c0 quelques kilom\u00e8tres, vivez l\u2019\u00e9motion du c\u00e9l\u00e8bre Cadre Noir de Saumur, haut lieu de l\u2019\u00e9quitation de tradition fran\u00e7aise. Assistez aux spectacles \u00e9questres et d\u00e9couvrez l\u2019art du dressage dans un cadre prestigieux. Une exp\u00e9rience unique pour petits et grands.<\/p><\/div>\n<\/div><\/div><\/div>\n<\/div><\/div>\n\n\n\n<div class=\"wp-block-stackable-columns alignfull stk-block-columns stk-block stk-4f28c56 stk-block-background\" data-block-id=\"4f28c56\"><style>.stk-4f28c56 .stk--block-align-4f28c56{align-items:center !important;}.stk-4f28c56 {background-color:var(--stk-global-color-42219, #bce3f9) !important;border-top-left-radius:25px !important;border-top-right-radius:25px !important;border-bottom-right-radius:25px !important;border-bottom-left-radius:25px !important;overflow:hidden !important;box-shadow:2px 2px 10px 0px #0000004a !important;padding-top:var(--stk--preset--spacing--50, clamp(30px, 5vw, 50px)) !important;padding-bottom:var(--stk--preset--spacing--50, clamp(30px, 5vw, 50px)) !important;margin-bottom:var(--stk--preset--spacing--60, clamp(30px, 7vw, 70px)) !important;}.stk-4f28c56:before{background-color:var(--stk-global-color-42219, #bce3f9) !important;}.stk-4f28c56-column{max-width:1280px !important;min-width:auto !important;--stk-column-gap:var(--stk--preset--spacing--50, clamp(30px, 5vw, 50px)) !important;}<\/style><div class=\"stk-row stk-inner-blocks stk--block-align-4f28c56 stk-block-content stk-content-align stk-4f28c56-column alignwide\">\n<div class=\"wp-block-stackable-column stk-block-column stk-column stk-block stk-f63c99f\" data-v=\"4\" data-block-id=\"f63c99f\"><div class=\"stk-column-wrapper stk-block-column__content stk-container stk-f63c99f-container stk--no-background stk--no-padding\"><div class=\"stk-block-content stk-inner-blocks stk-f63c99f-inner-blocks\">\n<div class=\"wp-block-stackable-heading stk-block-heading stk-block-heading--v2 stk-block stk-8e69b13\" id=\"les-chateaux-et-abbayes-autour-de-saumur\" data-block-id=\"8e69b13\"><style>.stk-8e69b13 .stk-block-heading__text{color:var(--stk-global-color-35744, #115390) !important;}<\/style><h2 class=\"stk-block-heading__text has-text-color\">Les ch\u00e2teaux et abbayes autour de Saumur<\/h2><\/div>\n\n\n\n<div class=\"wp-block-stackable-icon-list stk-block-icon-list stk-block stk-b7ce672\" data-block-id=\"b7ce672\"><style>.stk-b7ce672 {--stk-icon-list-marker-color:var(--stk-global-color-35744, #115390) !important;--stk-icon-list-icon-size:6px !important;}.stk-b7ce672 .stk-block-icon-list-item__content{align-items:baseline !important;}<\/style><svg style=\"display:none\"><defs><g id=\"stk-icon-list__icon-svg-def-b7ce672\"><svg xmlns=\"http:\/\/www.w3.org\/2000\/svg\" viewbox=\"0 0 512 512\"><path d=\"M256 512A256 256 0 1 0 256 0a256 256 0 1 0 0 512z\"\/><\/svg><\/g><\/defs><\/svg><ul class=\"stk-block-icon-list__ul stk-block-icon-list--column\">\n<li class=\"wp-block-stackable-icon-list-item stk-block-icon-list-item stk-block stk-c1926d1\" data-block-id=\"c1926d1\"><div class=\"stk-block-icon-list-item__content\"><span class=\"stk--svg-wrapper\"><div class=\"stk--inner-svg\"><svg aria-hidden=\"true\" width=\"32\" height=\"32\"><use xlink:href=\"#stk-icon-list__icon-svg-def-b7ce672\"><\/use><\/svg><\/div><\/span><span class=\"stk-block-icon-list-item__text\"><strong>Ch\u00e2teau de Br\u00e9z\u00e9<\/strong> : connu pour son impressionnant syst\u00e8me de souterrains et son architecture d\u00e9fensive originale.<\/span><\/div><\/li>\n\n\n\n<li class=\"wp-block-stackable-icon-list-item stk-block-icon-list-item stk-block stk-a0f3b15\" data-block-id=\"a0f3b15\"><div class=\"stk-block-icon-list-item__content\"><span class=\"stk--svg-wrapper\"><div class=\"stk--inner-svg\"><svg aria-hidden=\"true\" width=\"32\" height=\"32\"><use xlink:href=\"#stk-icon-list__icon-svg-def-b7ce672\"><\/use><\/svg><\/div><\/span><span class=\"stk-block-icon-list-item__text\"><strong>Abbaye de Fontevraud <\/strong>: l\u2019une des plus grandes abbayes d\u2019Europe, offrant un voyage spirituel et historique.<\/span><\/div><\/li>\n\n\n\n<li class=\"wp-block-stackable-icon-list-item stk-block-icon-list-item stk-block stk-8cd5966\" data-block-id=\"8cd5966\"><div class=\"stk-block-icon-list-item__content\"><span class=\"stk--svg-wrapper\"><div class=\"stk--inner-svg\"><svg aria-hidden=\"true\" width=\"32\" height=\"32\"><use xlink:href=\"#stk-icon-list__icon-svg-def-b7ce672\"><\/use><\/svg><\/div><\/span><span class=\"stk-block-icon-list-item__text\"><strong>Cande-Saint-Martin<\/strong> : charmant village au bord de la Loire, id\u00e9al pour une balade au calme et la d\u00e9couverte du patrimoine local.<\/span><\/div><\/li>\n<\/ul><\/div>\n\n\n\n<div class=\"wp-block-stackable-heading stk-block-heading stk-block-heading--v2 stk-block stk-f52a0da\" id=\"une-destination-ideale-depuis-flower-camping-les-granges\" data-block-id=\"f52a0da\"><style>.stk-f52a0da .stk-block-heading__text{color:var(--stk-global-color-35744, #115390) !important;}<\/style><h2 class=\"stk-block-heading__text has-text-color\">Une destination id\u00e9ale depuis Flower Camping Les Granges<\/h2><\/div>\n\n\n\n<div class=\"wp-block-stackable-text stk-block-text stk-block stk-b0d1fd0\" data-block-id=\"b0d1fd0\"><p class=\"stk-block-text__text\">Apr\u00e8s vos visites, profitez d\u2019un retour au calme dans notre camping avec piscine, emplacements verdoyants et animations familiales. Saumur et ses environs offrent un m\u00e9lange parfait d\u2019histoire, de nature et de gastronomie, pour un s\u00e9jour inoubliable dans la Vall\u00e9e de la Loire.<\/p><\/div>\n<\/div><\/div><\/div>\n\n\n\n<div class=\"wp-block-stackable-column stk-block-column stk-column stk-block stk-80bd9da\" data-v=\"4\" data-block-id=\"80bd9da\"><div class=\"stk-column-wrapper stk-block-column__content stk-container stk-80bd9da-container stk--no-background stk--no-padding\"><div class=\"stk-block-content stk-inner-blocks stk-80bd9da-inner-blocks\">\n<div class=\"wp-block-stackable-image stk-block-image has-text-align-right stk-block stk-904e8bd\" data-block-id=\"904e8bd\"><style>.stk-904e8bd {margin-bottom:-40px !important;z-index:3 !important;}.stk-904e8bd .stk-img-wrapper{width:150px !important;}<\/style><figure><span class=\"stk-img-wrapper stk-image--shape-stretch\"><img loading=\"lazy\" decoding=\"async\" class=\"stk-img wp-image-143\" src=\"https:\/\/www.campinglesgranges.fr\/wp-content\/uploads\/2026\/03\/logo_camping-les-granges-3-1-1.png\" width=\"336\" height=\"286\" alt=\"logo camping les granges 3 1\" srcset=\"https:\/\/www.campinglesgranges.fr\/wp-content\/uploads\/2026\/03\/logo_camping-les-granges-3-1-1.png 336w, https:\/\/www.campinglesgranges.fr\/wp-content\/uploads\/2026\/03\/logo_camping-les-granges-3-1-1-300x255.png 300w\" sizes=\"auto, (max-width: 336px) 100vw, 336px\" \/><\/span><\/figure><\/div>\n\n\n\n<div class=\"wp-block-stackable-image stk-block-image stk-block stk-5333732\" data-block-id=\"5333732\"><style>.stk-5333732 .stk-img-wrapper{width:100% !important;height:400px !important;filter:drop-shadow(2px 2px 9px #00000070) !important;}.stk-5333732 .stk-img-wrapper img{border-radius:25px !important;}<\/style><figure><span class=\"stk-img-wrapper stk-image--shape-stretch stk--shadow-2px 2px 9px #00000070\"><img loading=\"lazy\" decoding=\"async\" class=\"stk-img wp-image-780\" src=\"https:\/\/www.campinglesgranges.fr\/wp-content\/uploads\/2026\/04\/saumur-3_webformat.webp\" width=\"474\" height=\"350\" alt=\"castillo del Loira - camping en el Valle del Loira\" srcset=\"https:\/\/www.campinglesgranges.fr\/wp-content\/uploads\/2026\/04\/saumur-3_webformat.webp 474w, https:\/\/www.campinglesgranges.fr\/wp-content\/uploads\/2026\/04\/saumur-3_webformat-300x222.webp 300w, https:\/\/www.campinglesgranges.fr\/wp-content\/uploads\/2026\/04\/saumur-3_webformat-16x12.webp 16w\" sizes=\"auto, (max-width: 474px) 100vw, 474px\" \/><\/span><\/figure><\/div>\n<\/div><\/div><\/div>\n<\/div><\/div>","protected":false},"excerpt":{"rendered":"<p>S\u00e9journer au Flower Camping Les Granges, c\u2019est l\u2019occasion parfaite pour explorer Saumur, ville embl\u00e9matique de la Vall\u00e9e de la Loire, r\u00e9put\u00e9e pour son patrimoine historique et sa douceur de vivre. \u00c0 seulement quelques minutes de votre camping, plongez au c\u0153ur de paysages pittoresques, de ch\u00e2teaux majestueux et d\u2019activit\u00e9s culturelles uniques. Le Ch\u00e2teau de Saumur : [&hellip;]<\/p>\n","protected":false},"author":1,"featured_media":56,"parent":178,"menu_order":0,"comment_status":"closed","ping_status":"closed","template":"","meta":{"_acf_changed":false,"_seopress_robots_primary_cat":"","_seopress_titles_title":"Visiter Saumur pendant vos vacances - Camping Les Granges","_seopress_titles_desc":"D\u00e9couvrez Saumur lors de votre s\u00e9jour au Camping Les Granges : ch\u00e2teau, bords de Loire, patrimoine et douceur de vivre dans l\u2019une des plus belles villes lig\u00e9riennes.","_seopress_robots_index":"","_vp_format_video_url":"","_vp_image_focal_point":[],"footnotes":""},"class_list":["post-212","page","type-page","status-publish","has-post-thumbnail","hentry"],"acf":[],"_links":{"self":[{"href":"https:\/\/www.campinglesgranges.fr\/es\/wp-json\/wp\/v2\/pages\/212","targetHints":{"allow":["GET"]}}],"collection":[{"href":"https:\/\/www.campinglesgranges.fr\/es\/wp-json\/wp\/v2\/pages"}],"about":[{"href":"https:\/\/www.campinglesgranges.fr\/es\/wp-json\/wp\/v2\/types\/page"}],"author":[{"embeddable":true,"href":"https:\/\/www.campinglesgranges.fr\/es\/wp-json\/wp\/v2\/users\/1"}],"replies":[{"embeddable":true,"href":"https:\/\/www.campinglesgranges.fr\/es\/wp-json\/wp\/v2\/comments?post=212"}],"version-history":[{"count":3,"href":"https:\/\/www.campinglesgranges.fr\/es\/wp-json\/wp\/v2\/pages\/212\/revisions"}],"predecessor-version":[{"id":782,"href":"https:\/\/www.campinglesgranges.fr\/es\/wp-json\/wp\/v2\/pages\/212\/revisions\/782"}],"up":[{"embeddable":true,"href":"https:\/\/www.campinglesgranges.fr\/es\/wp-json\/wp\/v2\/pages\/178"}],"wp:featuredmedia":[{"embeddable":true,"href":"https:\/\/www.campinglesgranges.fr\/es\/wp-json\/wp\/v2\/media\/56"}],"wp:attachment":[{"href":"https:\/\/www.campinglesgranges.fr\/es\/wp-json\/wp\/v2\/media?parent=212"}],"curies":[{"name":"wp","href":"https:\/\/api.w.org\/{rel}","templated":true}]}}