{"id":194,"date":"2026-03-19T12:52:01","date_gmt":"2026-03-19T11:52:01","guid":{"rendered":"https:\/\/www.campinglesgranges.fr\/?page_id=194"},"modified":"2026-04-23T10:30:43","modified_gmt":"2026-04-23T08:30:43","slug":"excursiones-de-camping","status":"publish","type":"page","link":"https:\/\/www.campinglesgranges.fr\/es\/cote-ville\/camping-tours\/","title":{"rendered":"Camping a 10km de Tours"},"content":{"rendered":"<div class=\"wp-block-stackable-columns alignfull stk-block-columns stk-block stk-dd23a22\" data-block-id=\"dd23a22\"><style>.stk-dd23a22 .stk--block-align-dd23a22{align-items:center !important;}.stk-dd23a22 {margin-bottom:var(--stk--preset--spacing--60, clamp(30px, 7vw, 70px)) !important;}.stk-dd23a22-column{max-width:1280px !important;min-width:auto !important;--stk-column-gap:var(--stk--preset--spacing--50, clamp(30px, 5vw, 50px)) !important;}@media screen and (max-width: 767px){.stk-dd23a22 {--stk-col-order-1:2 !important;--stk-col-order-2:1 !important;}}<\/style><div class=\"stk-row stk-inner-blocks stk--block-align-dd23a22 stk-block-content stk-content-align stk-dd23a22-column alignwide\">\n<div class=\"wp-block-stackable-column stk-block-column stk-column stk-block stk-836118b\" data-v=\"4\" data-block-id=\"836118b\"><div class=\"stk-column-wrapper stk-block-column__content stk-container stk-836118b-container stk--no-background stk--no-padding\"><div class=\"stk-block-content stk-inner-blocks stk-836118b-inner-blocks\">\n<div class=\"wp-block-stackable-image stk-block-image stk-block stk-f9d2a41\" data-block-id=\"f9d2a41\"><style>.stk-f9d2a41 .stk-img-wrapper{width:100% !important;height:700px !important;filter:drop-shadow(2px 2px 9px #00000070) !important;}.stk-f9d2a41 .stk-img-wrapper img{border-radius:25px !important;}@media screen and (max-width: 767px){.stk-f9d2a41 .stk-img-wrapper{height:400px !important;}}<\/style><figure><span class=\"stk-img-wrapper stk-image--shape-stretch stk--shadow-2px 2px 9px #00000070\"><img loading=\"lazy\" decoding=\"async\" class=\"stk-img wp-image-838\" src=\"https:\/\/www.campinglesgranges.fr\/wp-content\/uploads\/2026\/04\/visite-tours-site_webformat.webp\" width=\"1000\" height=\"563\" alt=\"visita de tours street art tours en bicicleta \" srcset=\"https:\/\/www.campinglesgranges.fr\/wp-content\/uploads\/2026\/04\/visite-tours-site_webformat.webp 1000w, https:\/\/www.campinglesgranges.fr\/wp-content\/uploads\/2026\/04\/visite-tours-site_webformat-300x169.webp 300w, https:\/\/www.campinglesgranges.fr\/wp-content\/uploads\/2026\/04\/visite-tours-site_webformat-768x432.webp 768w, https:\/\/www.campinglesgranges.fr\/wp-content\/uploads\/2026\/04\/visite-tours-site_webformat-18x10.webp 18w, https:\/\/www.campinglesgranges.fr\/wp-content\/uploads\/2026\/04\/visite-tours-site_webformat-500x282.webp 500w, https:\/\/www.campinglesgranges.fr\/wp-content\/uploads\/2026\/04\/visite-tours-site_webformat-800x450.webp 800w\" sizes=\"auto, (max-width: 1000px) 100vw, 1000px\" \/><\/span><\/figure><\/div>\n<\/div><\/div><\/div>\n\n\n\n<div class=\"wp-block-stackable-column stk-block-column stk-column stk-block stk-53ee707\" data-v=\"4\" data-block-id=\"53ee707\"><div class=\"stk-column-wrapper stk-block-column__content stk-container stk-53ee707-container stk--no-background stk--no-padding\"><div class=\"stk-block-content stk-inner-blocks stk-53ee707-inner-blocks\">\n<div class=\"wp-block-stackable-heading stk-block-heading stk-block-heading--v2 stk-block stk-a2d11e1\" id=\"decouvrez-tours-et-ses-environs-depuis-le-flower-camping-les-granges-a-luynes\" data-block-id=\"a2d11e1\"><style>.stk-a2d11e1 .stk-block-heading__text{color:var(--stk-global-color-70991, #fdd518) !important;}<\/style><h2 class=\"stk-block-heading__text has-text-color\">Descubra Tours y sus alrededores desde el Flower Camping Les Granges en Luynes<\/h2><\/div>\n\n\n\n<div class=\"wp-block-stackable-text stk-block-text stk-block stk-27250a1\" data-block-id=\"27250a1\"><p class=\"stk-block-text__text translation-block\">Idealmente situado en Luynes, a solo unos minutos de Tours, <a href=\"https:\/\/www.campinglesgranges.fr\/es\/\" target=\"_self\">el Flower Camping Les Granges<\/a> es el punto de partida perfecto para descubrir la riqueza del valle del Loira. Gracias a la <a href=\"https:\/\/www.campinglesgranges.fr\/es\/rutas-de-ciclismo-paseos-luynes\/\" data-type=\"page\" data-id=\"237\" target=\"_self\">pista ciclista<\/a> que atraviesa la regi\u00f3n y a la l\u00ednea de autob\u00fas directa a Tours, podr\u00e1 explorar la ciudad y sus alrededores f\u00e1cilmente, incluso sin coche.<\/p><\/div>\n\n\n\n<div class=\"wp-block-stackable-heading stk-block-heading stk-block-heading--v2 stk-block stk-a7a0762\" id=\"tours-ville-historique-et-culturelle\" data-block-id=\"a7a0762\"><style>.stk-a7a0762 .stk-block-heading__text{color:var(--stk-global-color-70991, #fdd518) !important;}<\/style><h2 class=\"stk-block-heading__text has-text-color\">Tours, ciudad hist\u00f3rica y cultural<\/h2><\/div>\n\n\n\n<p data-block-type=\"core\">A tan solo 15 km del camping, Tours seduce por su patrimonio hist\u00f3rico y cultural. Pasea por el centro de la ciudad con sus callejuelas empedradas, sus casas de entramado de madera y sus animadas plazas. Disfruta de los mercados locales, restaurantes t\u00edpicos y caf\u00e9s con terraza para degustar las especialidades de la regi\u00f3n. Los amantes del arte y la historia apreciar\u00e1n los museos, galer\u00edas y monumentos emblem\u00e1ticos de Tours, haciendo de cada visita una experiencia \u00fanica.<\/p>\n\n\n\n<div class=\"wp-block-stackable-heading stk-block-heading stk-block-heading--v2 stk-block stk-25e0215\" id=\"a-velo-ou-en-transport-decouvrez-les-alentours\" data-block-id=\"25e0215\"><style>.stk-25e0215 .stk-block-heading__text{color:var(--stk-global-color-70991, #fdd518) !important;}<\/style><h2 class=\"stk-block-heading__text has-text-color\">En bicicleta o en transporte: descubre los alrededores<\/h2><\/div>\n\n\n\n<p data-block-type=\"core\">El camping est\u00e1 ubicado en una red de carriles bici seguros, perfecta para llegar a los sitios tur\u00edsticos y paisajes del Loira en bicicleta. Para aquellos que prefieren el transporte p\u00fablico, la l\u00ednea de autob\u00fas conecta regularmente Tours y los pueblos circundantes, ofreciendo una movilidad pr\u00e1ctica para todas sus excursiones.<\/p>\n<\/div><\/div><\/div>\n<\/div><\/div>\n\n\n\n<div class=\"wp-block-stackable-columns alignfull stk-block-columns stk-block stk-4f28c56 stk-block-background\" data-block-id=\"4f28c56\"><style>.stk-4f28c56 .stk--block-align-4f28c56{align-items:center !important;}.stk-4f28c56 {background-color:var(--stk-global-color-42219, #bce3f9) !important;border-top-left-radius:25px !important;border-top-right-radius:25px !important;border-bottom-right-radius:25px !important;border-bottom-left-radius:25px !important;overflow:hidden !important;box-shadow:2px 2px 10px 0px #0000004a !important;padding-top:var(--stk--preset--spacing--50, clamp(30px, 5vw, 50px)) !important;padding-bottom:var(--stk--preset--spacing--50, clamp(30px, 5vw, 50px)) !important;margin-bottom:var(--stk--preset--spacing--60, clamp(30px, 7vw, 70px)) !important;}.stk-4f28c56:before{background-color:var(--stk-global-color-42219, #bce3f9) !important;}.stk-4f28c56-column{max-width:1280px !important;min-width:auto !important;--stk-column-gap:var(--stk--preset--spacing--50, clamp(30px, 5vw, 50px)) !important;}<\/style><div class=\"stk-row stk-inner-blocks stk--block-align-4f28c56 stk-block-content stk-content-align stk-4f28c56-column alignwide\">\n<div class=\"wp-block-stackable-column stk-block-column stk-column stk-block stk-f63c99f\" data-v=\"4\" data-block-id=\"f63c99f\"><div class=\"stk-column-wrapper stk-block-column__content stk-container stk-f63c99f-container stk--no-background stk--no-padding\"><div class=\"stk-block-content stk-inner-blocks stk-f63c99f-inner-blocks\">\n<div class=\"wp-block-stackable-heading stk-block-heading stk-block-heading--v2 stk-block stk-8e69b13\" id=\"vignobles-et-gastronomie\" data-block-id=\"8e69b13\"><style>.stk-8e69b13 .stk-block-heading__text{color:var(--stk-global-color-35744, #115390) !important;}<\/style><h2 class=\"stk-block-heading__text has-text-color\">Vi\u00f1edos y gastronom\u00eda<\/h2><\/div>\n\n\n\n<div class=\"wp-block-stackable-text stk-block-text stk-block stk-fa41cca\" data-block-id=\"fa41cca\"><p class=\"stk-block-text__text translation-block\">La regi\u00f3n tambi\u00e9n es famosa por sus <a href=\"https:\/\/www.campinglesgranges.fr\/es\/los-vinedos-del-valle-del-loira\/\" data-type=\"page\" data-id=\"241\" target=\"_self\">vi\u00f1edos<\/a> de Vouvray o Montlouis. Salga a conocer a los productores locales, deguste vinos de renombre y disfrute de paisajes vitivin\u00edcolas t\u00edpicos del Loira. Los senderos alrededor del camping permiten combinar paseos en bicicleta, descubrimientos enol\u00f3gicos y picnics en plena naturaleza.<\/p><\/div>\n\n\n\n<div class=\"wp-block-stackable-heading stk-block-heading stk-block-heading--v2 stk-block stk-a6401cb\" id=\"forteresse-de-montbazon-un-voyage-au-moyen-age\" data-block-id=\"a6401cb\"><style>.stk-a6401cb .stk-block-heading__text{color:var(--stk-global-color-35744, #115390) !important;}<\/style><h2 class=\"stk-block-heading__text has-text-color\">Fortaleza de Montbazon: un viaje a la Edad Media<\/h2><\/div>\n\n\n\n<div class=\"wp-block-stackable-text stk-block-text stk-block stk-1a68e8e\" data-block-id=\"1a68e8e\"><p class=\"stk-block-text__text\">A pocos kil\u00f3metros de distancia, la fortaleza de Montbazon domina el valle y relata la historia medieval de la regi\u00f3n. Accesible en coche, en bicicleta o incluso a pie para los m\u00e1s deportistas, ofrece una apasionante inmersi\u00f3n en el pasado con sus torres, murallas y exposiciones hist\u00f3ricas.<\/p><\/div>\n\n\n\n<div class=\"wp-block-stackable-heading stk-block-heading stk-block-heading--v2 stk-block stk-b3990ae\" id=\"un-sejour-confortable-au-flower-camping-les-granges\" data-block-id=\"b3990ae\"><style>.stk-b3990ae .stk-block-heading__text{color:var(--stk-global-color-35744, #115390) !important;}<\/style><h2 class=\"stk-block-heading__text has-text-color\">Una estancia confortable en Flower Camping Les Granges<\/h2><\/div>\n\n\n\n<div class=\"wp-block-stackable-text stk-block-text stk-block stk-dfdb9f0\" data-block-id=\"dfdb9f0\"><p class=\"stk-block-text__text translation-block\">Despu\u00e9s de sus d\u00edas de descubrimientos, encuentre el confort y la calidez del Flower Camping Les Granges. Disfrute de amplias parcelas, de <a href=\"https:\/\/www.campinglesgranges.fr\/es\/ubicacion-casa-movil-indre-y-loira\/\" data-type=\"page\" data-id=\"272\" target=\"_self\"> casas m\u00f3viles<\/a> modernas e instalaciones adaptadas a toda la familia. La calma del camping, combinada con la proximidad de las ciclov\u00edas y del transporte, le permitir\u00e1 combinar relax y exploraci\u00f3n.<\/p><\/div>\n<\/div><\/div><\/div>\n\n\n\n<div class=\"wp-block-stackable-column stk-block-column stk-column stk-block stk-80bd9da\" data-v=\"4\" data-block-id=\"80bd9da\"><div class=\"stk-column-wrapper stk-block-column__content stk-container stk-80bd9da-container stk--no-background stk--no-padding\"><div class=\"stk-block-content stk-inner-blocks stk-80bd9da-inner-blocks\">\n<div class=\"wp-block-stackable-image stk-block-image has-text-align-right stk-block stk-904e8bd\" data-block-id=\"904e8bd\"><style>.stk-904e8bd {margin-bottom:-40px !important;z-index:3 !important;}.stk-904e8bd .stk-img-wrapper{width:150px !important;}<\/style><figure><span class=\"stk-img-wrapper stk-image--shape-stretch\"><img loading=\"lazy\" decoding=\"async\" class=\"stk-img wp-image-143\" src=\"https:\/\/www.campinglesgranges.fr\/wp-content\/uploads\/2026\/03\/logo_camping-les-granges-3-1-1.png\" width=\"336\" height=\"286\" alt=\"logo camping les granges 3 1\" srcset=\"https:\/\/www.campinglesgranges.fr\/wp-content\/uploads\/2026\/03\/logo_camping-les-granges-3-1-1.png 336w, https:\/\/www.campinglesgranges.fr\/wp-content\/uploads\/2026\/03\/logo_camping-les-granges-3-1-1-300x255.png 300w\" sizes=\"auto, (max-width: 336px) 100vw, 336px\" \/><\/span><\/figure><\/div>\n\n\n\n<div class=\"wp-block-stackable-image stk-block-image stk-block stk-5333732\" data-block-id=\"5333732\"><style>.stk-5333732 .stk-img-wrapper{width:100% !important;height:650px !important;filter:drop-shadow(2px 2px 9px #00000070) !important;}.stk-5333732 .stk-img-wrapper img{border-radius:25px !important;}@media screen and (max-width: 767px){.stk-5333732 .stk-img-wrapper{height:400px !important;}}<\/style><figure><span class=\"stk-img-wrapper stk-image--shape-stretch stk--shadow-2px 2px 9px #00000070\"><img loading=\"lazy\" decoding=\"async\" class=\"stk-img wp-image-396\" src=\"https:\/\/www.campinglesgranges.fr\/wp-content\/uploads\/2026\/03\/20_visite-de-la-ville-de-tours-street-art-tours-a-velo_jean-christophe-coutand_2032-12-31_medium_webformat.webp\" width=\"1200\" height=\"1809\" alt=\"visita de la ciudad de Tours tours de arte callejero en bicicleta cerca del camping \" srcset=\"https:\/\/www.campinglesgranges.fr\/wp-content\/uploads\/2026\/03\/20_visite-de-la-ville-de-tours-street-art-tours-a-velo_jean-christophe-coutand_2032-12-31_medium_webformat.webp 1200w, https:\/\/www.campinglesgranges.fr\/wp-content\/uploads\/2026\/03\/20_visite-de-la-ville-de-tours-street-art-tours-a-velo_jean-christophe-coutand_2032-12-31_medium_webformat-199x300.webp 199w, https:\/\/www.campinglesgranges.fr\/wp-content\/uploads\/2026\/03\/20_visite-de-la-ville-de-tours-street-art-tours-a-velo_jean-christophe-coutand_2032-12-31_medium_webformat-679x1024.webp 679w, https:\/\/www.campinglesgranges.fr\/wp-content\/uploads\/2026\/03\/20_visite-de-la-ville-de-tours-street-art-tours-a-velo_jean-christophe-coutand_2032-12-31_medium_webformat-768x1158.webp 768w, https:\/\/www.campinglesgranges.fr\/wp-content\/uploads\/2026\/03\/20_visite-de-la-ville-de-tours-street-art-tours-a-velo_jean-christophe-coutand_2032-12-31_medium_webformat-1019x1536.webp 1019w, https:\/\/www.campinglesgranges.fr\/wp-content\/uploads\/2026\/03\/20_visite-de-la-ville-de-tours-street-art-tours-a-velo_jean-christophe-coutand_2032-12-31_medium_webformat-500x754.webp 500w, https:\/\/www.campinglesgranges.fr\/wp-content\/uploads\/2026\/03\/20_visite-de-la-ville-de-tours-street-art-tours-a-velo_jean-christophe-coutand_2032-12-31_medium_webformat-800x1206.webp 800w\" sizes=\"auto, (max-width: 1200px) 100vw, 1200px\" \/><\/span><\/figure><\/div>\n<\/div><\/div><\/div>\n<\/div><\/div>","protected":false},"excerpt":{"rendered":"<p>D\u00e9couvrez Tours et ses environs depuis le Flower Camping Les Granges \u00e0 Luynes Id\u00e9alement situ\u00e9 \u00e0 Luynes, \u00e0 seulement quelques minutes de Tours, le Flower Camping Les Granges est le point de d\u00e9part parfait pour d\u00e9couvrir la richesse de la vall\u00e9e de la Loire. Gr\u00e2ce \u00e0 la piste cyclable qui traverse la r\u00e9gion et \u00e0 [&hellip;]<\/p>\n","protected":false},"author":1,"featured_media":56,"parent":178,"menu_order":0,"comment_status":"closed","ping_status":"closed","template":"","meta":{"_acf_changed":false,"_seopress_robots_primary_cat":"","_seopress_titles_title":"Camping pr\u00e8s de Tours en Indre-et-Loire - Camping Les Granges","_seopress_titles_desc":"Choisissez un camping pr\u00e8s de Tours pour d\u00e9couvrir la ville, son patrimoine et ses animations, tout en profitant d\u2019un cadre paisible au Camping Les Granges.","_seopress_robots_index":"","_vp_format_video_url":"","_vp_image_focal_point":[],"footnotes":""},"class_list":["post-194","page","type-page","status-publish","has-post-thumbnail","hentry"],"acf":[],"_links":{"self":[{"href":"https:\/\/www.campinglesgranges.fr\/es\/wp-json\/wp\/v2\/pages\/194","targetHints":{"allow":["GET"]}}],"collection":[{"href":"https:\/\/www.campinglesgranges.fr\/es\/wp-json\/wp\/v2\/pages"}],"about":[{"href":"https:\/\/www.campinglesgranges.fr\/es\/wp-json\/wp\/v2\/types\/page"}],"author":[{"embeddable":true,"href":"https:\/\/www.campinglesgranges.fr\/es\/wp-json\/wp\/v2\/users\/1"}],"replies":[{"embeddable":true,"href":"https:\/\/www.campinglesgranges.fr\/es\/wp-json\/wp\/v2\/comments?post=194"}],"version-history":[{"count":6,"href":"https:\/\/www.campinglesgranges.fr\/es\/wp-json\/wp\/v2\/pages\/194\/revisions"}],"predecessor-version":[{"id":839,"href":"https:\/\/www.campinglesgranges.fr\/es\/wp-json\/wp\/v2\/pages\/194\/revisions\/839"}],"up":[{"embeddable":true,"href":"https:\/\/www.campinglesgranges.fr\/es\/wp-json\/wp\/v2\/pages\/178"}],"wp:featuredmedia":[{"embeddable":true,"href":"https:\/\/www.campinglesgranges.fr\/es\/wp-json\/wp\/v2\/media\/56"}],"wp:attachment":[{"href":"https:\/\/www.campinglesgranges.fr\/es\/wp-json\/wp\/v2\/media?parent=194"}],"curies":[{"name":"wp","href":"https:\/\/api.w.org\/{rel}","templated":true}]}}