{"id":135,"date":"2026-03-19T11:51:36","date_gmt":"2026-03-19T10:51:36","guid":{"rendered":"https:\/\/www.campinglesgranges.fr\/?page_id=135"},"modified":"2026-04-23T10:33:00","modified_gmt":"2026-04-23T08:33:00","slug":"buenas-razones-para-venir-al-camping","status":"publish","type":"page","link":"https:\/\/www.campinglesgranges.fr\/es\/bonnes-raisons-de-venir-au-camping\/","title":{"rendered":"Las buenas razones para venir al camping"},"content":{"rendered":"<div class=\"wp-block-stackable-columns alignfull stk-block-columns stk-block stk-dd23a22\" data-block-id=\"dd23a22\"><style>.stk-dd23a22 .stk--block-align-dd23a22{align-items:center !important;}.stk-dd23a22 {margin-bottom:var(--stk--preset--spacing--60, clamp(30px, 7vw, 70px)) !important;}.stk-dd23a22-column{max-width:1280px !important;min-width:auto !important;--stk-column-gap:var(--stk--preset--spacing--50, clamp(30px, 5vw, 50px)) !important;}@media screen and (max-width: 767px){.stk-dd23a22 {--stk-col-order-1:2 !important;--stk-col-order-2:1 !important;}}<\/style><div class=\"stk-row stk-inner-blocks stk--block-align-dd23a22 stk-block-content stk-content-align stk-dd23a22-column alignwide\">\n<div class=\"wp-block-stackable-column stk-block-column stk-column stk-block stk-836118b\" data-v=\"4\" data-block-id=\"836118b\"><div class=\"stk-column-wrapper stk-block-column__content stk-container stk-836118b-container stk--no-background stk--no-padding\"><div class=\"stk-block-content stk-inner-blocks stk-836118b-inner-blocks\">\n<div class=\"wp-block-stackable-image stk-block-image stk-block stk-f9d2a41\" data-block-id=\"f9d2a41\"><style>.stk-f9d2a41 .stk-img-wrapper{width:100% !important;height:510px !important;filter:drop-shadow(2px 2px 9px #00000070) !important;}.stk-f9d2a41 .stk-img-wrapper img{border-radius:25px !important;}@media screen and (max-width: 767px){.stk-f9d2a41 .stk-img-wrapper{height:400px !important;}}<\/style><figure><span class=\"stk-img-wrapper stk-image--shape-stretch stk--shadow-2px 2px 9px #00000070\"><img loading=\"lazy\" decoding=\"async\" class=\"stk-img wp-image-414\" src=\"https:\/\/www.campinglesgranges.fr\/wp-content\/uploads\/2026\/03\/blois_24_credit_lescoflocs_webformat.webp\" width=\"1000\" height=\"668\" alt=\"camping en Indre y Loira \" srcset=\"https:\/\/www.campinglesgranges.fr\/wp-content\/uploads\/2026\/03\/blois_24_credit_lescoflocs_webformat.webp 1000w, https:\/\/www.campinglesgranges.fr\/wp-content\/uploads\/2026\/03\/blois_24_credit_lescoflocs_webformat-300x200.webp 300w, https:\/\/www.campinglesgranges.fr\/wp-content\/uploads\/2026\/03\/blois_24_credit_lescoflocs_webformat-768x513.webp 768w, https:\/\/www.campinglesgranges.fr\/wp-content\/uploads\/2026\/03\/blois_24_credit_lescoflocs_webformat-500x334.webp 500w, https:\/\/www.campinglesgranges.fr\/wp-content\/uploads\/2026\/03\/blois_24_credit_lescoflocs_webformat-800x534.webp 800w\" sizes=\"auto, (max-width: 1000px) 100vw, 1000px\" \/><\/span><\/figure><\/div>\n<\/div><\/div><\/div>\n\n\n\n<div class=\"wp-block-stackable-column stk-block-column stk-column stk-block stk-53ee707\" data-v=\"4\" data-block-id=\"53ee707\"><div class=\"stk-column-wrapper stk-block-column__content stk-container stk-53ee707-container stk--no-background stk--no-padding\"><div class=\"stk-block-content stk-inner-blocks stk-53ee707-inner-blocks\">\n<div class=\"wp-block-stackable-heading stk-block-heading stk-block-heading--v2 stk-block stk-a2d11e1\" id=\"la-touraine-une-region-riche-en-histoire-et-au-croisement-des-chemins\" data-block-id=\"a2d11e1\"><style>.stk-a2d11e1 .stk-block-heading__text{color:var(--stk-global-color-70991, #fdd518) !important;}<\/style><h2 class=\"stk-block-heading__text has-text-color\">La Touraine: una regi\u00f3n rica en historia y en el cruce de caminos<\/h2><\/div>\n\n\n\n<div class=\"wp-block-stackable-text stk-block-text stk-block stk-27250a1\" data-block-id=\"27250a1\"><p class=\"stk-block-text__text\">Porque el camping Flower Les Granges es el lugar adecuado para reunirte con tu familia o amigos de cualquier parte de Francia. \u00a1Nunca muy lejos de casa!<br><br>De muy f\u00e1cil acceso, el camping est\u00e1 comunicado por las autopistas que vienen de Par\u00eds\/Lille, Rouen, Nantes, Lyon y Burdeos, o por el TGV a 1 hora de Par\u00eds y Burdeos.<br><br><strong>Cerca de jardines y castillos<\/strong> que t\u00fa so\u00f1abas con descubrir.<br>Donde podr\u00e1 disfrutar de la suavidad del clima del Valle del Loira, de su majestuoso r\u00edo, de sus bosques y vi\u00f1edos de renombre.<\/p><\/div>\n\n\n\n<div class=\"wp-block-stackable-text stk-block-text stk-block stk-559d0d2\" data-block-id=\"559d0d2\"><p class=\"stk-block-text__text\">La proximidad de <strong><a href=\"https:\/\/www.campinglesgranges.fr\/es\/cotos-de-ocio\/zoologicos\/\" data-type=\"page\" data-id=\"249\">3 zool\u00f3gicos<\/a><\/strong> con caracteres propios es una gran ventaja<br><br>Finalmente porque somos un <strong>camping a escala humana<\/strong>, en un entorno verde a la entrada de un pueblo clasificado y a 10 minutos de una ciudad cargada de historia: Tours. \u00a1Puedes ir all\u00ed en autob\u00fas o por el carril bici que bordea el Loira!<\/p><\/div>\n<\/div><\/div><\/div>\n<\/div><\/div>\n\n\n\n<div class=\"wp-block-stackable-columns alignfull stk-block-columns stk-block stk-4f28c56 stk-block-background\" data-block-id=\"4f28c56\"><style>.stk-4f28c56 .stk--block-align-4f28c56{align-items:center !important;}.stk-4f28c56 {background-color:var(--stk-global-color-42219, #bce3f9) !important;border-top-left-radius:25px !important;border-top-right-radius:25px !important;border-bottom-right-radius:25px !important;border-bottom-left-radius:25px !important;overflow:hidden !important;padding-top:var(--stk--preset--spacing--50, clamp(30px, 5vw, 50px)) !important;padding-bottom:var(--stk--preset--spacing--50, clamp(30px, 5vw, 50px)) !important;margin-bottom:var(--stk--preset--spacing--60, clamp(30px, 7vw, 70px)) !important;}.stk-4f28c56:before{background-color:var(--stk-global-color-42219, #bce3f9) !important;}.stk-4f28c56-column{max-width:1280px !important;min-width:auto !important;--stk-column-gap:var(--stk--preset--spacing--50, clamp(30px, 5vw, 50px)) !important;}<\/style><div class=\"stk-row stk-inner-blocks stk--block-align-4f28c56 stk-block-content stk-content-align stk-4f28c56-column alignwide\">\n<div class=\"wp-block-stackable-column stk-block-column stk-column stk-block stk-f63c99f\" data-v=\"4\" data-block-id=\"f63c99f\"><div class=\"stk-column-wrapper stk-block-column__content stk-container stk-f63c99f-container stk--no-background stk--no-padding\"><div class=\"stk-block-content stk-inner-blocks stk-f63c99f-inner-blocks\">\n<div class=\"wp-block-stackable-heading stk-block-heading stk-block-heading--v2 stk-block stk-8e69b13\" id=\"tourisme-durable\" data-block-id=\"8e69b13\"><style>.stk-8e69b13 .stk-block-heading__text{color:var(--stk-global-color-35744, #115390) !important;}<\/style><h2 class=\"stk-block-heading__text has-text-color\">Turismo sostenible<\/h2><\/div>\n\n\n\n<div class=\"wp-block-stackable-text stk-block-text stk-block stk-1a3269d\" data-block-id=\"1a3269d\"><p class=\"stk-block-text__text translation-block\">Porque, como escribi\u00f3 Saint Exup\u00e9ry: \u00abNo heredamos la tierra de nuestros antepasados, la tomamos prestada de nuestros hijos\u00bb.\nPor lo tanto, es nuestra responsabilidad darle la bienvenida a usted y a su familia en las mejores condiciones... que respeten el excepcional entorno del Valle del Loira, declarado Patrimonio de la Humanidad por la UNESCO, y el de Luynes, un sitio patrimonial clasificado.\n\nY para que nuestros hijos puedan disfrutar de este entorno preservado durante mucho tiempo.\nPor ello, hemos emprendido numerosas acciones en este sentido:\n\n**Plantaci\u00f3n y vegetaci\u00f3n:** con especies locales m\u00e1s resistentes y de inter\u00e9s para la fauna y la flora. P\u00e9rgola florida...\n**Ahorro de energ\u00eda:** mediante el aislamiento de las redes de agua caliente, la instalaci\u00f3n de duchas conectadas, riego por goteo, l\u00e1mparas exteriores solares con detector de movimiento...<\/p><\/div>\n<\/div><\/div><\/div>\n\n\n\n<div class=\"wp-block-stackable-column stk-block-column stk-column stk-block stk-80bd9da\" data-v=\"4\" data-block-id=\"80bd9da\"><div class=\"stk-column-wrapper stk-block-column__content stk-container stk-80bd9da-container stk--no-background stk--no-padding\"><div class=\"stk-block-content stk-inner-blocks stk-80bd9da-inner-blocks\">\n<div class=\"wp-block-stackable-image stk-block-image has-text-align-right stk-block stk-904e8bd\" data-block-id=\"904e8bd\"><style>.stk-904e8bd {margin-bottom:-40px !important;z-index:3 !important;}.stk-904e8bd .stk-img-wrapper{width:150px !important;}<\/style><figure><span class=\"stk-img-wrapper stk-image--shape-stretch\"><img loading=\"lazy\" decoding=\"async\" class=\"stk-img wp-image-143\" src=\"https:\/\/www.campinglesgranges.fr\/wp-content\/uploads\/2026\/03\/logo_camping-les-granges-3-1-1.png\" width=\"336\" height=\"286\" alt=\"logo camping les granges 3 1\" srcset=\"https:\/\/www.campinglesgranges.fr\/wp-content\/uploads\/2026\/03\/logo_camping-les-granges-3-1-1.png 336w, https:\/\/www.campinglesgranges.fr\/wp-content\/uploads\/2026\/03\/logo_camping-les-granges-3-1-1-300x255.png 300w\" sizes=\"auto, (max-width: 336px) 100vw, 336px\" \/><\/span><\/figure><\/div>\n\n\n\n<div class=\"wp-block-stackable-image stk-block-image stk-block stk-5333732\" data-block-id=\"5333732\"><style>.stk-5333732 .stk-img-wrapper{width:100% !important;height:478px !important;filter:drop-shadow(2px 2px 9px #00000070) !important;}.stk-5333732 .stk-img-wrapper img{border-radius:25px !important;}<\/style><figure><span class=\"stk-img-wrapper stk-image--shape-stretch stk--shadow-2px 2px 9px #00000070\"><img loading=\"lazy\" decoding=\"async\" class=\"stk-img wp-image-392\" src=\"https:\/\/www.campinglesgranges.fr\/wp-content\/uploads\/2026\/03\/drone-22-camping-red-scaled_webformat.webp\" width=\"1000\" height=\"563\" alt=\"camping ecol\u00f3gico responsable en el valle del Loira\" srcset=\"https:\/\/www.campinglesgranges.fr\/wp-content\/uploads\/2026\/03\/drone-22-camping-red-scaled_webformat.webp 1000w, https:\/\/www.campinglesgranges.fr\/wp-content\/uploads\/2026\/03\/drone-22-camping-red-scaled_webformat-300x169.webp 300w, https:\/\/www.campinglesgranges.fr\/wp-content\/uploads\/2026\/03\/drone-22-camping-red-scaled_webformat-768x432.webp 768w, https:\/\/www.campinglesgranges.fr\/wp-content\/uploads\/2026\/03\/drone-22-camping-red-scaled_webformat-500x282.webp 500w, https:\/\/www.campinglesgranges.fr\/wp-content\/uploads\/2026\/03\/drone-22-camping-red-scaled_webformat-800x450.webp 800w\" sizes=\"auto, (max-width: 1000px) 100vw, 1000px\" \/><\/span><\/figure><\/div>\n<\/div><\/div><\/div>\n<\/div><\/div>\n\n\n\n<div class=\"wp-block-stackable-columns alignfull stk-block-columns stk-block stk-79d384d\" data-block-id=\"79d384d\"><style>.stk-79d384d .stk--block-align-79d384d{align-items:center !important;}.stk-79d384d {margin-bottom:var(--stk--preset--spacing--60, clamp(30px, 7vw, 70px)) !important;}.stk-79d384d-column{max-width:1280px !important;min-width:auto !important;--stk-column-gap:var(--stk--preset--spacing--50, clamp(30px, 5vw, 50px)) !important;}@media screen and (max-width: 767px){.stk-79d384d {--stk-col-order-1:2 !important;--stk-col-order-2:1 !important;}}<\/style><div class=\"stk-row stk-inner-blocks stk--block-align-79d384d stk-block-content stk-content-align stk-79d384d-column alignwide\">\n<div class=\"wp-block-stackable-column stk-block-column stk-column stk-block stk-f014d70\" data-v=\"4\" data-block-id=\"f014d70\"><div class=\"stk-column-wrapper stk-block-column__content stk-container stk-f014d70-container stk--no-background stk--no-padding\"><div class=\"stk-block-content stk-inner-blocks stk-f014d70-inner-blocks\">\n<div class=\"wp-block-stackable-image stk-block-image stk-block stk-b30e223\" data-block-id=\"b30e223\"><style>.stk-b30e223 .stk-img-wrapper{width:100% !important;height:314px !important;filter:drop-shadow(2px 2px 9px #00000070) !important;}.stk-b30e223 .stk-img-wrapper img{border-radius:25px !important;}<\/style><figure><span class=\"stk-img-wrapper stk-image--shape-stretch stk--shadow-2px 2px 9px #00000070\"><img loading=\"lazy\" decoding=\"async\" class=\"stk-img wp-image-389\" src=\"https:\/\/www.campinglesgranges.fr\/wp-content\/uploads\/2026\/03\/recharge.jpg\" width=\"599\" height=\"260\" alt=\"Estaci\u00f3n de carga el\u00e9ctrica en el camping Indre y Loira\" srcset=\"https:\/\/www.campinglesgranges.fr\/wp-content\/uploads\/2026\/03\/recharge.jpg 599w, https:\/\/www.campinglesgranges.fr\/wp-content\/uploads\/2026\/03\/recharge-300x130.jpg 300w, https:\/\/www.campinglesgranges.fr\/wp-content\/uploads\/2026\/03\/recharge-500x217.jpg 500w\" sizes=\"auto, (max-width: 599px) 100vw, 599px\" \/><\/span><\/figure><\/div>\n<\/div><\/div><\/div>\n\n\n\n<div class=\"wp-block-stackable-column stk-block-column stk-column stk-block stk-5349932\" data-v=\"4\" data-block-id=\"5349932\"><div class=\"stk-column-wrapper stk-block-column__content stk-container stk-5349932-container stk--no-background stk--no-padding\"><div class=\"stk-block-content stk-inner-blocks stk-5349932-inner-blocks\">\n<div class=\"wp-block-stackable-heading stk-block-heading stk-block-heading--v2 stk-block stk-9dad0a0\" id=\"eco-mobilite\" data-block-id=\"9dad0a0\"><style>.stk-9dad0a0 .stk-block-heading__text{color:var(--stk-global-color-70991, #fdd518) !important;}<\/style><h2 class=\"stk-block-heading__text has-text-color\">Eco movilidad<\/h2><\/div>\n\n\n\n<div class=\"wp-block-stackable-text stk-block-text stk-block stk-d874852\" data-block-id=\"d874852\"><p class=\"stk-block-text__text translation-block\">Un <strong>cargador dedicado a coches el\u00e9ctricos<\/strong> est\u00e1 disponible en el camping.\nCon una potencia de hasta 22 kW.\nAdem\u00e1s, hay cargadores disponibles a 300 metros del camping en 12B All. Aim\u00e9 Richardeau - Tipo 2: 18 kWh - Abierto 24\/24 - parking p\u00fablico vigilado.<\/p><\/div>\n<\/div><\/div><\/div>\n<\/div><\/div>\n\n\n\n<div class=\"wp-block-stackable-columns alignfull stk-block-columns stk-block stk-be9abc4 stk-block-background\" data-block-id=\"be9abc4\"><style>.stk-be9abc4 .stk--block-align-be9abc4{align-items:center !important;}.stk-be9abc4 {background-color:var(--stk-global-color-42219, #bce3f9) !important;border-top-left-radius:25px !important;border-top-right-radius:25px !important;border-bottom-right-radius:25px !important;border-bottom-left-radius:25px !important;overflow:hidden !important;padding-top:var(--stk--preset--spacing--50, clamp(30px, 5vw, 50px)) !important;padding-bottom:var(--stk--preset--spacing--50, clamp(30px, 5vw, 50px)) !important;margin-bottom:var(--stk--preset--spacing--60, clamp(30px, 7vw, 70px)) !important;}.stk-be9abc4:before{background-color:var(--stk-global-color-42219, #bce3f9) !important;}.stk-be9abc4-column{max-width:1280px !important;min-width:auto !important;--stk-column-gap:var(--stk--preset--spacing--50, clamp(30px, 5vw, 50px)) !important;}<\/style><div class=\"stk-row stk-inner-blocks stk--block-align-be9abc4 stk-block-content stk-content-align stk-be9abc4-column alignwide\">\n<div class=\"wp-block-stackable-column stk-block-column stk-column stk-block stk-bc51cd5\" data-v=\"4\" data-block-id=\"bc51cd5\"><div class=\"stk-column-wrapper stk-block-column__content stk-container stk-bc51cd5-container stk--no-background stk--no-padding\"><div class=\"stk-block-content stk-inner-blocks stk-bc51cd5-inner-blocks\">\n<div class=\"wp-block-stackable-heading stk-block-heading stk-block-heading--v2 stk-block stk-af970f4\" id=\"espace-de-co-working\" data-block-id=\"af970f4\"><style>.stk-af970f4 .stk-block-heading__text{color:var(--stk-global-color-35744, #115390) !important;}<\/style><h2 class=\"stk-block-heading__text has-text-color\">Espacio de coworking<\/h2><\/div>\n\n\n\n<div class=\"wp-block-stackable-text stk-block-text stk-block stk-88908ac\" data-block-id=\"88908ac\"><p class=\"stk-block-text__text translation-block\">\u00bfCon ganas de un fin de semana largo mientras terminas un informe a una hora de Par\u00eds?\n\n\u00a1Aprovecha nuestro espacio de coworking gratuito para poder trabajar sin despertar a tu pareja ni ser molestado por los ni\u00f1os durante una videollamada con tu jefe!<\/p><\/div>\n<\/div><\/div><\/div>\n\n\n\n<div class=\"wp-block-stackable-column stk-block-column stk-column stk-block stk-0adfe98\" data-v=\"4\" data-block-id=\"0adfe98\"><div class=\"stk-column-wrapper stk-block-column__content stk-container stk-0adfe98-container stk--no-background stk--no-padding\"><div class=\"stk-block-content stk-inner-blocks stk-0adfe98-inner-blocks\">\n<div class=\"wp-block-stackable-image stk-block-image has-text-align-right stk-block stk-6f17b51\" data-block-id=\"6f17b51\"><style>.stk-6f17b51 {margin-bottom:-40px !important;z-index:3 !important;}.stk-6f17b51 .stk-img-wrapper{width:150px !important;}<\/style><figure><span class=\"stk-img-wrapper stk-image--shape-stretch\"><img loading=\"lazy\" decoding=\"async\" class=\"stk-img wp-image-143\" src=\"https:\/\/www.campinglesgranges.fr\/wp-content\/uploads\/2026\/03\/logo_camping-les-granges-3-1-1.png\" width=\"336\" height=\"286\" alt=\"logo camping les granges 3 1\" srcset=\"https:\/\/www.campinglesgranges.fr\/wp-content\/uploads\/2026\/03\/logo_camping-les-granges-3-1-1.png 336w, https:\/\/www.campinglesgranges.fr\/wp-content\/uploads\/2026\/03\/logo_camping-les-granges-3-1-1-300x255.png 300w\" sizes=\"auto, (max-width: 336px) 100vw, 336px\" \/><\/span><\/figure><\/div>\n\n\n\n<div class=\"wp-block-stackable-image stk-block-image stk-block stk-a2a7c2f\" data-block-id=\"a2a7c2f\"><style>.stk-a2a7c2f .stk-img-wrapper{width:100% !important;filter:drop-shadow(2px 2px 9px #00000070) !important;}.stk-a2a7c2f .stk-img-wrapper img{border-radius:25px !important;}<\/style><figure><span class=\"stk-img-wrapper stk-image--shape-stretch stk--shadow-2px 2px 9px #00000070\"><img loading=\"lazy\" decoding=\"async\" class=\"stk-img wp-image-391\" src=\"https:\/\/www.campinglesgranges.fr\/wp-content\/uploads\/2026\/03\/coworking.png\" width=\"600\" height=\"401\" alt=\"castillo del Loira - camping en el Valle del Loira\" srcset=\"https:\/\/www.campinglesgranges.fr\/wp-content\/uploads\/2026\/03\/coworking.png 600w, https:\/\/www.campinglesgranges.fr\/wp-content\/uploads\/2026\/03\/coworking-300x201.png 300w, https:\/\/www.campinglesgranges.fr\/wp-content\/uploads\/2026\/03\/coworking-500x334.png 500w\" sizes=\"auto, (max-width: 600px) 100vw, 600px\" \/><\/span><\/figure><\/div>\n<\/div><\/div><\/div>\n<\/div><\/div>\n\n\n\n<p data-block-type=\"core\"><\/p>","protected":false},"excerpt":{"rendered":"<p>La Touraine : une r\u00e9gion riche en histoire et au croisement des chemins Parce que nous ne le camping Flower Les Granges est au bon endroit pour vous retrouver en famille ou avec des amis des 4 coins de la France. Jamais tr\u00e8s loin de chez vous ! Tr\u00e8s facilement accessible, le camping est desservi [&hellip;]<\/p>\n","protected":false},"author":1,"featured_media":56,"parent":0,"menu_order":0,"comment_status":"closed","ping_status":"closed","template":"","meta":{"_acf_changed":false,"_seopress_robots_primary_cat":"","_seopress_titles_title":"Bonnes raisons de venir au Camping Les Granges","_seopress_titles_desc":"D\u00e9couvrez toutes les bonnes raisons de venir au Camping Les Granges : cadre naturel, ambiance conviviale, situation id\u00e9ale et s\u00e9jour ressour\u00e7ant en Touraine.","_seopress_robots_index":"","_vp_format_video_url":"","_vp_image_focal_point":[],"footnotes":""},"class_list":["post-135","page","type-page","status-publish","has-post-thumbnail","hentry"],"acf":[],"_links":{"self":[{"href":"https:\/\/www.campinglesgranges.fr\/es\/wp-json\/wp\/v2\/pages\/135","targetHints":{"allow":["GET"]}}],"collection":[{"href":"https:\/\/www.campinglesgranges.fr\/es\/wp-json\/wp\/v2\/pages"}],"about":[{"href":"https:\/\/www.campinglesgranges.fr\/es\/wp-json\/wp\/v2\/types\/page"}],"author":[{"embeddable":true,"href":"https:\/\/www.campinglesgranges.fr\/es\/wp-json\/wp\/v2\/users\/1"}],"replies":[{"embeddable":true,"href":"https:\/\/www.campinglesgranges.fr\/es\/wp-json\/wp\/v2\/comments?post=135"}],"version-history":[{"count":8,"href":"https:\/\/www.campinglesgranges.fr\/es\/wp-json\/wp\/v2\/pages\/135\/revisions"}],"predecessor-version":[{"id":771,"href":"https:\/\/www.campinglesgranges.fr\/es\/wp-json\/wp\/v2\/pages\/135\/revisions\/771"}],"wp:featuredmedia":[{"embeddable":true,"href":"https:\/\/www.campinglesgranges.fr\/es\/wp-json\/wp\/v2\/media\/56"}],"wp:attachment":[{"href":"https:\/\/www.campinglesgranges.fr\/es\/wp-json\/wp\/v2\/media?parent=135"}],"curies":[{"name":"wp","href":"https:\/\/api.w.org\/{rel}","templated":true}]}}