{"id":1320,"date":"2019-11-25T15:53:46","date_gmt":"2019-11-25T14:53:46","guid":{"rendered":"https:\/\/www.campinglesgranges.fr\/camping-pool-indre-and-loire\/"},"modified":"2021-01-08T16:56:45","modified_gmt":"2021-01-08T15:56:45","slug":"camping-pool-indre-and-loire","status":"publish","type":"page","link":"https:\/\/www.campinglesgranges.fr\/es\/camping-pool-indre-and-loire\/","title":{"rendered":"La piscina"},"content":{"rendered":"","protected":false},"excerpt":{"rendered":"","protected":false},"author":1,"featured_media":0,"parent":0,"menu_order":0,"comment_status":"closed","ping_status":"closed","template":"","meta":{"footnotes":""},"class_list":["post-1320","page","type-page","status-publish","hentry"],"yoast_head":"<!-- This site is optimized with the Yoast SEO plugin v25.3 - https:\/\/yoast.com\/wordpress\/plugins\/seo\/ -->\n<title>Camping espace aquatique \u00e0 Tour | Balneario y piscina Luynes en Pays de la Loire<\/title>\n<meta name=\"description\" content=\"Nuestro camping en Indre y Loira, cuenta con una piscina climatizada al aire libre del 1 de mayo al 15 de septiembre, nuestra piscina at\u00edpica ofrece 3 \u00e1reas de ba\u00f1o diferentes. En primer lugar, una piscina para vadear...\" \/>\n<meta name=\"robots\" content=\"index, follow, max-snippet:-1, max-image-preview:large, max-video-preview:-1\" \/>\n<link rel=\"canonical\" href=\"https:\/\/www.campinglesgranges.fr\/es\/camping-pool-indre-and-loire\/\" \/>\n<meta property=\"og:locale\" content=\"es_ES\" \/>\n<meta property=\"og:type\" content=\"article\" \/>\n<meta property=\"og:title\" content=\"Camping espace aquatique \u00e0 Tour | Balneario y piscina Luynes en Pays de la Loire\" \/>\n<meta property=\"og:description\" content=\"Nuestro camping en Indre y Loira, cuenta con una piscina climatizada al aire libre del 1 de mayo al 15 de septiembre, nuestra piscina at\u00edpica ofrece 3 \u00e1reas de ba\u00f1o diferentes. En primer lugar, una piscina para vadear...\" \/>\n<meta property=\"og:url\" content=\"https:\/\/www.campinglesgranges.fr\/es\/camping-pool-indre-and-loire\/\" \/>\n<meta property=\"og:site_name\" content=\"Camping Les Granges\" \/>\n<meta property=\"article:modified_time\" content=\"2021-01-08T15:56:45+00:00\" \/>\n<meta name=\"twitter:card\" content=\"summary_large_image\" \/>\n<script type=\"application\/ld+json\" class=\"yoast-schema-graph\">{\"@context\":\"https:\/\/schema.org\",\"@graph\":[{\"@type\":\"WebPage\",\"@id\":\"https:\/\/www.campinglesgranges.fr\/es\/camping-pool-indre-and-loire\/\",\"url\":\"https:\/\/www.campinglesgranges.fr\/es\/camping-pool-indre-and-loire\/\",\"name\":\"Camping espace aquatique \u00e0 Tour | Balneario y piscina Luynes en Pays de la Loire\",\"isPartOf\":{\"@id\":\"https:\/\/www.campinglesgranges.fr\/es\/#website\"},\"datePublished\":\"2019-11-25T14:53:46+00:00\",\"dateModified\":\"2021-01-08T15:56:45+00:00\",\"description\":\"Nuestro camping en Indre y Loira, cuenta con una piscina climatizada al aire libre del 1 de mayo al 15 de septiembre, nuestra piscina at\u00edpica ofrece 3 \u00e1reas de ba\u00f1o diferentes. En primer lugar, una piscina para vadear...\",\"breadcrumb\":{\"@id\":\"https:\/\/www.campinglesgranges.fr\/es\/camping-pool-indre-and-loire\/#breadcrumb\"},\"inLanguage\":\"es\",\"potentialAction\":[{\"@type\":\"ReadAction\",\"target\":[\"https:\/\/www.campinglesgranges.fr\/es\/camping-pool-indre-and-loire\/\"]}]},{\"@type\":\"BreadcrumbList\",\"@id\":\"https:\/\/www.campinglesgranges.fr\/es\/camping-pool-indre-and-loire\/#breadcrumb\",\"itemListElement\":[{\"@type\":\"ListItem\",\"position\":1,\"name\":\"Camping Indre-et-loire\",\"item\":\"https:\/\/www.campinglesgranges.fr\/es\/\"},{\"@type\":\"ListItem\",\"position\":2,\"name\":\"Zona acu\u00e1tica de Indre y Loira\"}]},{\"@type\":\"WebSite\",\"@id\":\"https:\/\/www.campinglesgranges.fr\/es\/#website\",\"url\":\"https:\/\/www.campinglesgranges.fr\/es\/\",\"name\":\"Camping Les Granges\",\"description\":\"\",\"potentialAction\":[{\"@type\":\"SearchAction\",\"target\":{\"@type\":\"EntryPoint\",\"urlTemplate\":\"https:\/\/www.campinglesgranges.fr\/es\/?s={search_term_string}\"},\"query-input\":{\"@type\":\"PropertyValueSpecification\",\"valueRequired\":true,\"valueName\":\"search_term_string\"}}],\"inLanguage\":\"es\"}]}<\/script>\n<!-- \/ Yoast SEO plugin. -->","yoast_head_json":{"title":"Camping espace aquatique \u00e0 Tour | Balneario y piscina Luynes en Pays de la Loire","description":"Nuestro camping en Indre y Loira, cuenta con una piscina climatizada al aire libre del 1 de mayo al 15 de septiembre, nuestra piscina at\u00edpica ofrece 3 \u00e1reas de ba\u00f1o diferentes. En primer lugar, una piscina para vadear...","robots":{"index":"index","follow":"follow","max-snippet":"max-snippet:-1","max-image-preview":"max-image-preview:large","max-video-preview":"max-video-preview:-1"},"canonical":"https:\/\/www.campinglesgranges.fr\/es\/camping-pool-indre-and-loire\/","og_locale":"es_ES","og_type":"article","og_title":"Camping espace aquatique \u00e0 Tour | Balneario y piscina Luynes en Pays de la Loire","og_description":"Nuestro camping en Indre y Loira, cuenta con una piscina climatizada al aire libre del 1 de mayo al 15 de septiembre, nuestra piscina at\u00edpica ofrece 3 \u00e1reas de ba\u00f1o diferentes. En primer lugar, una piscina para vadear...","og_url":"https:\/\/www.campinglesgranges.fr\/es\/camping-pool-indre-and-loire\/","og_site_name":"Camping Les Granges","article_modified_time":"2021-01-08T15:56:45+00:00","twitter_card":"summary_large_image","schema":{"@context":"https:\/\/schema.org","@graph":[{"@type":"WebPage","@id":"https:\/\/www.campinglesgranges.fr\/es\/camping-pool-indre-and-loire\/","url":"https:\/\/www.campinglesgranges.fr\/es\/camping-pool-indre-and-loire\/","name":"Camping espace aquatique \u00e0 Tour | Balneario y piscina Luynes en Pays de la Loire","isPartOf":{"@id":"https:\/\/www.campinglesgranges.fr\/es\/#website"},"datePublished":"2019-11-25T14:53:46+00:00","dateModified":"2021-01-08T15:56:45+00:00","description":"Nuestro camping en Indre y Loira, cuenta con una piscina climatizada al aire libre del 1 de mayo al 15 de septiembre, nuestra piscina at\u00edpica ofrece 3 \u00e1reas de ba\u00f1o diferentes. En primer lugar, una piscina para vadear...","breadcrumb":{"@id":"https:\/\/www.campinglesgranges.fr\/es\/camping-pool-indre-and-loire\/#breadcrumb"},"inLanguage":"es","potentialAction":[{"@type":"ReadAction","target":["https:\/\/www.campinglesgranges.fr\/es\/camping-pool-indre-and-loire\/"]}]},{"@type":"BreadcrumbList","@id":"https:\/\/www.campinglesgranges.fr\/es\/camping-pool-indre-and-loire\/#breadcrumb","itemListElement":[{"@type":"ListItem","position":1,"name":"Camping Indre-et-loire","item":"https:\/\/www.campinglesgranges.fr\/es\/"},{"@type":"ListItem","position":2,"name":"Zona acu\u00e1tica de Indre y Loira"}]},{"@type":"WebSite","@id":"https:\/\/www.campinglesgranges.fr\/es\/#website","url":"https:\/\/www.campinglesgranges.fr\/es\/","name":"Camping Les Granges","description":"","potentialAction":[{"@type":"SearchAction","target":{"@type":"EntryPoint","urlTemplate":"https:\/\/www.campinglesgranges.fr\/es\/?s={search_term_string}"},"query-input":{"@type":"PropertyValueSpecification","valueRequired":true,"valueName":"search_term_string"}}],"inLanguage":"es"}]}},"_links":{"self":[{"href":"https:\/\/www.campinglesgranges.fr\/es\/wp-json\/wp\/v2\/pages\/1320"}],"collection":[{"href":"https:\/\/www.campinglesgranges.fr\/es\/wp-json\/wp\/v2\/pages"}],"about":[{"href":"https:\/\/www.campinglesgranges.fr\/es\/wp-json\/wp\/v2\/types\/page"}],"author":[{"embeddable":true,"href":"https:\/\/www.campinglesgranges.fr\/es\/wp-json\/wp\/v2\/users\/1"}],"replies":[{"embeddable":true,"href":"https:\/\/www.campinglesgranges.fr\/es\/wp-json\/wp\/v2\/comments?post=1320"}],"version-history":[{"count":5,"href":"https:\/\/www.campinglesgranges.fr\/es\/wp-json\/wp\/v2\/pages\/1320\/revisions"}],"predecessor-version":[{"id":2043,"href":"https:\/\/www.campinglesgranges.fr\/es\/wp-json\/wp\/v2\/pages\/1320\/revisions\/2043"}],"wp:attachment":[{"href":"https:\/\/www.campinglesgranges.fr\/es\/wp-json\/wp\/v2\/media?parent=1320"}],"curies":[{"name":"wp","href":"https:\/\/api.w.org\/{rel}","templated":true}]}}