{"id":799,"date":"2026-04-13T15:34:40","date_gmt":"2026-04-13T13:34:40","guid":{"rendered":"https:\/\/www.campinglesgranges.fr\/?page_id=799"},"modified":"2026-04-23T10:20:03","modified_gmt":"2026-04-23T08:20:03","slug":"activites-loisirs-indre-et-loire","status":"publish","type":"page","link":"https:\/\/www.campinglesgranges.fr\/en\/activites-loisirs-indre-et-loire\/","title":{"rendered":"Camping with activities and leisure in Indre-et-Loire"},"content":{"rendered":"<div class=\"wp-block-stackable-columns alignfull stk-block-columns stk-block stk-dd23a22\" data-block-id=\"dd23a22\"><style>.stk-dd23a22 .stk--block-align-dd23a22{align-items:center !important;}.stk-dd23a22 {margin-bottom:var(--stk--preset--spacing--60, clamp(30px, 7vw, 70px)) !important;}.stk-dd23a22-column{max-width:1280px !important;min-width:auto !important;--stk-column-gap:var(--stk--preset--spacing--50, clamp(30px, 5vw, 50px)) !important;}@media screen and (max-width: 767px){.stk-dd23a22 {--stk-col-order-1:2 !important;--stk-col-order-2:1 !important;}}<\/style><div class=\"stk-row stk-inner-blocks stk--block-align-dd23a22 stk-block-content stk-content-align stk-dd23a22-column alignwide\">\n<div class=\"wp-block-stackable-column stk-block-column stk-column stk-block stk-836118b\" data-v=\"4\" data-block-id=\"836118b\"><div class=\"stk-column-wrapper stk-block-column__content stk-container stk-836118b-container stk--no-background stk--no-padding\"><div class=\"stk-block-content stk-inner-blocks stk-836118b-inner-blocks\">\n<div class=\"wp-block-stackable-image stk-block-image stk-block stk-f9d2a41\" data-block-id=\"f9d2a41\"><style>.stk-f9d2a41 .stk-img-wrapper{height:nullpx !important;filter:drop-shadow(2px 2px 9px #00000070) !important;}.stk-f9d2a41 .stk-img-wrapper img{border-radius:25px !important;}@media screen and (max-width: 767px){.stk-f9d2a41 .stk-img-wrapper{height:400px !important;}}<\/style><figure><span class=\"stk-img-wrapper stk-image--shape-stretch stk--shadow-2px 2px 9px #00000070\"><img loading=\"lazy\" decoding=\"async\" class=\"stk-img wp-image-802\" src=\"https:\/\/www.campinglesgranges.fr\/wp-content\/uploads\/2026\/04\/vacances-enfants-indre-et-loire.jpg\" width=\"600\" height=\"400\" alt=\"camping accueil granges in the loire valley\" srcset=\"https:\/\/www.campinglesgranges.fr\/wp-content\/uploads\/2026\/04\/vacances-enfants-indre-et-loire.jpg 600w, https:\/\/www.campinglesgranges.fr\/wp-content\/uploads\/2026\/04\/vacances-enfants-indre-et-loire-300x200.jpg 300w, https:\/\/www.campinglesgranges.fr\/wp-content\/uploads\/2026\/04\/vacances-enfants-indre-et-loire-18x12.jpg 18w, https:\/\/www.campinglesgranges.fr\/wp-content\/uploads\/2026\/04\/vacances-enfants-indre-et-loire-500x333.jpg 500w\" sizes=\"auto, (max-width: 600px) 100vw, 600px\" \/><\/span><\/figure><\/div>\n<\/div><\/div><\/div>\n\n\n\n<div class=\"wp-block-stackable-column stk-block-column stk-column stk-block stk-53ee707\" data-v=\"4\" data-block-id=\"53ee707\"><div class=\"stk-column-wrapper stk-block-column__content stk-container stk-53ee707-container stk--no-background stk--no-padding\"><div class=\"stk-block-content stk-inner-blocks stk-53ee707-inner-blocks\">\n<div class=\"wp-block-stackable-heading stk-block-heading stk-block-heading--v2 stk-block stk-a2d11e1\" id=\"special-enfant\" data-block-id=\"a2d11e1\"><style>.stk-a2d11e1 .stk-block-heading__text{color:var(--stk-global-color-70991, #fdd518) !important;}<\/style><h2 class=\"stk-block-heading__text has-text-color\">Child special<\/h2><\/div>\n\n\n\n<div class=\"wp-block-stackable-text stk-block-text stk-block stk-27250a1\" data-block-id=\"27250a1\"><p class=\"stk-block-text__text\">A large meadow in the centre of our campsite, located at <a href=\"https:\/\/www.campinglesgranges.fr\/en\/town-centre\/camping-tours\/\" data-type=\"page\" data-id=\"194\">near Tours<\/a>, welcomes a wide variety of games for children. The youngest will find spring riders, a slide, and a climbing frame. The giant inflatable structure and the 2 trampolines will keep your children entertained all day long.<\/p><\/div>\n\n\n\n<div class=\"wp-block-stackable-text stk-block-text stk-block stk-977c467\" data-block-id=\"977c467\"><p class=\"stk-block-text__text\">The \u00abVhole ball\u00bb net will allow you to play volleyball and badminton, and invent all sorts of funny rules.<\/p><\/div>\n\n\n\n<div class=\"wp-block-stackable-text stk-block-text stk-block stk-d30c3b7\" data-block-id=\"d30c3b7\"><p class=\"stk-block-text__text\">The kids' club welcomes your little ones aged 6 to 10, twice a week from 10 am to 12 pm in July and August. They'll be able to enjoy arts and crafts, treasure hunts, skill games, or board games... A paid activity may be offered once a week by external professionals.<\/p><\/div>\n<\/div><\/div><\/div>\n<\/div><\/div>\n\n\n\n<div class=\"wp-block-stackable-columns alignfull stk-block-columns stk-block stk-4f28c56 stk-block-background\" data-block-id=\"4f28c56\"><style>.stk-4f28c56 .stk--block-align-4f28c56{align-items:center !important;}.stk-4f28c56 {background-color:var(--stk-global-color-42219, #bce3f9) !important;border-top-left-radius:25px !important;border-top-right-radius:25px !important;border-bottom-right-radius:25px !important;border-bottom-left-radius:25px !important;overflow:hidden !important;box-shadow:2px 2px 10px 0px #0000004a !important;padding-top:var(--stk--preset--spacing--50, clamp(30px, 5vw, 50px)) !important;padding-bottom:var(--stk--preset--spacing--50, clamp(30px, 5vw, 50px)) !important;margin-bottom:var(--stk--preset--spacing--60, clamp(30px, 7vw, 70px)) !important;}.stk-4f28c56:before{background-color:var(--stk-global-color-42219, #bce3f9) !important;}.stk-4f28c56-column{max-width:1280px !important;min-width:auto !important;--stk-column-gap:var(--stk--preset--spacing--50, clamp(30px, 5vw, 50px)) !important;}<\/style><div class=\"stk-row stk-inner-blocks stk--block-align-4f28c56 stk-block-content stk-content-align stk-4f28c56-column alignwide\">\n<div class=\"wp-block-stackable-column stk-block-column stk-column stk-block stk-f63c99f\" data-v=\"4\" data-block-id=\"f63c99f\"><div class=\"stk-column-wrapper stk-block-column__content stk-container stk-f63c99f-container stk--no-background stk--no-padding\"><div class=\"stk-block-content stk-inner-blocks stk-f63c99f-inner-blocks\">\n<div class=\"wp-block-stackable-heading stk-block-heading stk-block-heading--v2 stk-block stk-8e69b13\" id=\"jeux-dinterieur\" data-block-id=\"8e69b13\"><style>.stk-8e69b13 .stk-block-heading__text{color:var(--stk-global-color-35744, #115390) !important;}<\/style><h2 class=\"stk-block-heading__text has-text-color\">Indoor games<\/h2><\/div>\n\n\n\n<div class=\"wp-block-stackable-text stk-block-text stk-block stk-1a3269d\" data-block-id=\"1a3269d\"><p class=\"stk-block-text__text\">A room dedicated to indoor games in our <strong>Camping in Indre-et-loire,<\/strong> allows you to rediscover the atmosphere of pub games with table football, pinball, billiards, darts and a table tennis table. Board games and a library are available for quiet moments.<\/p><\/div>\n<\/div><\/div><\/div>\n\n\n\n<div class=\"wp-block-stackable-column stk-block-column stk-column stk-block stk-80bd9da\" data-v=\"4\" data-block-id=\"80bd9da\"><div class=\"stk-column-wrapper stk-block-column__content stk-container stk-80bd9da-container stk--no-background stk--no-padding\"><div class=\"stk-block-content stk-inner-blocks stk-80bd9da-inner-blocks\">\n<div class=\"wp-block-stackable-image stk-block-image has-text-align-right stk-block stk-904e8bd\" data-block-id=\"904e8bd\"><style>.stk-904e8bd {margin-bottom:-40px !important;z-index:3 !important;}.stk-904e8bd .stk-img-wrapper{width:150px !important;}<\/style><figure><span class=\"stk-img-wrapper stk-image--shape-stretch\"><img loading=\"lazy\" decoding=\"async\" class=\"stk-img wp-image-143\" src=\"https:\/\/www.campinglesgranges.fr\/wp-content\/uploads\/2026\/03\/logo_camping-les-granges-3-1-1.png\" width=\"336\" height=\"286\" alt=\"logo camping les granges 3 1\" srcset=\"https:\/\/www.campinglesgranges.fr\/wp-content\/uploads\/2026\/03\/logo_camping-les-granges-3-1-1.png 336w, https:\/\/www.campinglesgranges.fr\/wp-content\/uploads\/2026\/03\/logo_camping-les-granges-3-1-1-300x255.png 300w\" sizes=\"auto, (max-width: 336px) 100vw, 336px\" \/><\/span><\/figure><\/div>\n\n\n\n<div class=\"wp-block-stackable-image stk-block-image stk-block stk-5333732\" data-block-id=\"5333732\"><style>.stk-5333732 .stk-img-wrapper{width:100% !important;height:320px !important;filter:drop-shadow(2px 2px 9px #00000070) !important;}.stk-5333732 .stk-img-wrapper img{border-radius:25px !important;}<\/style><figure><span class=\"stk-img-wrapper stk-image--shape-stretch stk--shadow-2px 2px 9px #00000070\"><img loading=\"lazy\" decoding=\"async\" class=\"stk-img wp-image-803\" src=\"https:\/\/www.campinglesgranges.fr\/wp-content\/uploads\/2026\/04\/photo-interieur-salle-de-jeux-scaled-1.jpg\" width=\"2560\" height=\"1707\" alt=\"camping groups indre et loire \" srcset=\"https:\/\/www.campinglesgranges.fr\/wp-content\/uploads\/2026\/04\/photo-interieur-salle-de-jeux-scaled-1.jpg 2560w, https:\/\/www.campinglesgranges.fr\/wp-content\/uploads\/2026\/04\/photo-interieur-salle-de-jeux-scaled-1-300x200.jpg 300w, https:\/\/www.campinglesgranges.fr\/wp-content\/uploads\/2026\/04\/photo-interieur-salle-de-jeux-scaled-1-1024x683.jpg 1024w, https:\/\/www.campinglesgranges.fr\/wp-content\/uploads\/2026\/04\/photo-interieur-salle-de-jeux-scaled-1-768x512.jpg 768w, https:\/\/www.campinglesgranges.fr\/wp-content\/uploads\/2026\/04\/photo-interieur-salle-de-jeux-scaled-1-1536x1024.jpg 1536w, https:\/\/www.campinglesgranges.fr\/wp-content\/uploads\/2026\/04\/photo-interieur-salle-de-jeux-scaled-1-2048x1366.jpg 2048w, https:\/\/www.campinglesgranges.fr\/wp-content\/uploads\/2026\/04\/photo-interieur-salle-de-jeux-scaled-1-18x12.jpg 18w, https:\/\/www.campinglesgranges.fr\/wp-content\/uploads\/2026\/04\/photo-interieur-salle-de-jeux-scaled-1-500x333.jpg 500w, https:\/\/www.campinglesgranges.fr\/wp-content\/uploads\/2026\/04\/photo-interieur-salle-de-jeux-scaled-1-800x533.jpg 800w, https:\/\/www.campinglesgranges.fr\/wp-content\/uploads\/2026\/04\/photo-interieur-salle-de-jeux-scaled-1-1280x854.jpg 1280w, https:\/\/www.campinglesgranges.fr\/wp-content\/uploads\/2026\/04\/photo-interieur-salle-de-jeux-scaled-1-1920x1280.jpg 1920w\" sizes=\"auto, (max-width: 2560px) 100vw, 2560px\" \/><\/span><\/figure><\/div>\n<\/div><\/div><\/div>\n<\/div><\/div>\n\n\n\n<div class=\"wp-block-stackable-columns alignfull stk-block-columns stk-block stk-79d384d\" data-block-id=\"79d384d\"><style>.stk-79d384d .stk--block-align-79d384d{align-items:center !important;}.stk-79d384d {margin-bottom:var(--stk--preset--spacing--60, clamp(30px, 7vw, 70px)) !important;}.stk-79d384d-column{max-width:1280px !important;min-width:auto !important;--stk-column-gap:var(--stk--preset--spacing--50, clamp(30px, 5vw, 50px)) !important;}@media screen and (max-width: 767px){.stk-79d384d {--stk-col-order-1:2 !important;--stk-col-order-2:1 !important;}}<\/style><div class=\"stk-row stk-inner-blocks stk--block-align-79d384d stk-block-content stk-content-align stk-79d384d-column alignwide\">\n<div class=\"wp-block-stackable-column stk-block-column stk-column stk-block stk-f014d70\" data-v=\"4\" data-block-id=\"f014d70\"><div class=\"stk-column-wrapper stk-block-column__content stk-container stk-f014d70-container stk--no-background stk--no-padding\"><div class=\"stk-block-content stk-inner-blocks stk-f014d70-inner-blocks\">\n<div class=\"wp-block-stackable-image stk-block-image stk-block stk-b30e223\" data-block-id=\"b30e223\"><style>.stk-b30e223 .stk-img-wrapper{width:100% !important;height:350px !important;filter:drop-shadow(2px 2px 9px #00000070) !important;}.stk-b30e223 .stk-img-wrapper img{border-radius:25px !important;}<\/style><figure><span class=\"stk-img-wrapper stk-image--shape-stretch stk--shadow-2px 2px 9px #00000070\"><img loading=\"lazy\" decoding=\"async\" class=\"stk-img wp-image-804\" src=\"https:\/\/www.campinglesgranges.fr\/wp-content\/uploads\/2026\/04\/camping-musique-indre-et-loire.jpg\" width=\"600\" height=\"400\" alt=\"bar camping indre et loire\" srcset=\"https:\/\/www.campinglesgranges.fr\/wp-content\/uploads\/2026\/04\/camping-musique-indre-et-loire.jpg 600w, https:\/\/www.campinglesgranges.fr\/wp-content\/uploads\/2026\/04\/camping-musique-indre-et-loire-300x200.jpg 300w, https:\/\/www.campinglesgranges.fr\/wp-content\/uploads\/2026\/04\/camping-musique-indre-et-loire-18x12.jpg 18w, https:\/\/www.campinglesgranges.fr\/wp-content\/uploads\/2026\/04\/camping-musique-indre-et-loire-500x333.jpg 500w\" sizes=\"auto, (max-width: 600px) 100vw, 600px\" \/><\/span><\/figure><\/div>\n<\/div><\/div><\/div>\n\n\n\n<div class=\"wp-block-stackable-column stk-block-column stk-column stk-block stk-5349932\" data-v=\"4\" data-block-id=\"5349932\"><div class=\"stk-column-wrapper stk-block-column__content stk-container stk-5349932-container stk--no-background stk--no-padding\"><div class=\"stk-block-content stk-inner-blocks stk-5349932-inner-blocks\">\n<div class=\"wp-block-stackable-heading stk-block-heading stk-block-heading--v2 stk-block stk-9dad0a0\" id=\"animations\" data-block-id=\"9dad0a0\"><style>.stk-9dad0a0 .stk-block-heading__text{color:var(--stk-global-color-70991, #fdd518) !important;}<\/style><h2 class=\"stk-block-heading__text has-text-color\">Animations<\/h2><\/div>\n\n\n\n<div class=\"wp-block-stackable-text stk-block-text stk-block stk-d874852\" data-block-id=\"d874852\"><p class=\"stk-block-text__text\">Every Sunday in July and August at 6:00 PM, come and share a drink of friendship with us under the chestnut trees (July 14th to August 25th) at Camping les Granges, near Tours. This will be an opportunity to get to know each other.<\/p><\/div>\n\n\n\n<div class=\"wp-block-stackable-text stk-block-text stk-block stk-7b888fb\" data-block-id=\"7b888fb\"><p class=\"stk-block-text__text\">Concert dinner evenings every Thursday night, for solo travellers or groups. Each week, we feature different artists. It's the perfect opportunity to enjoy this musical moment over a drink or a meal with friends!<\/p><\/div>\n<\/div><\/div><\/div>\n<\/div><\/div>\n\n\n\n<div class=\"wp-block-stackable-columns alignfull stk-block-columns stk-block stk-be9abc4 stk-block-background\" data-block-id=\"be9abc4\"><style>.stk-be9abc4 .stk--block-align-be9abc4{align-items:center !important;}.stk-be9abc4 {background-color:var(--stk-global-color-42219, #bce3f9) !important;border-top-left-radius:25px !important;border-top-right-radius:25px !important;border-bottom-right-radius:25px !important;border-bottom-left-radius:25px !important;overflow:hidden !important;box-shadow:2px 2px 10px 0px #0000004a !important;padding-top:var(--stk--preset--spacing--50, clamp(30px, 5vw, 50px)) !important;padding-bottom:var(--stk--preset--spacing--50, clamp(30px, 5vw, 50px)) !important;margin-bottom:var(--stk--preset--spacing--60, clamp(30px, 7vw, 70px)) !important;}.stk-be9abc4:before{background-color:var(--stk-global-color-42219, #bce3f9) !important;}.stk-be9abc4-column{max-width:1280px !important;min-width:auto !important;--stk-column-gap:var(--stk--preset--spacing--50, clamp(30px, 5vw, 50px)) !important;}<\/style><div class=\"stk-row stk-inner-blocks stk--block-align-be9abc4 stk-block-content stk-content-align stk-be9abc4-column alignwide\">\n<div class=\"wp-block-stackable-column stk-block-column stk-column stk-block stk-bc51cd5\" data-v=\"4\" data-block-id=\"bc51cd5\"><div class=\"stk-column-wrapper stk-block-column__content stk-container stk-bc51cd5-container stk--no-background stk--no-padding\"><div class=\"stk-block-content stk-inner-blocks stk-bc51cd5-inner-blocks\">\n<div class=\"wp-block-stackable-text stk-block-text stk-block stk-88908ac\" data-block-id=\"88908ac\"><p class=\"stk-block-text__text\">For the more athletic, the Flower Les Granges campsite, located in the heart of the Loire Valley ch\u00e2teaux, offers in partnership with professionals <strong>rentals <a href=\"https:\/\/www.campinglesgranges.fr\/en\/natures-side\/cycle-paths-walks-luynes\/\" data-type=\"page\" data-id=\"237\">Canoe<\/a><\/strong> Departing from Tours, they will take you to the launch point and pick you up at the end of your descent. Several routes are available, from a few hours to a full day. For multi-day hikes, our campsite is a natural stop on your route: call us!<\/p><\/div>\n\n\n\n<div class=\"wp-block-stackable-text stk-block-text stk-block stk-eaaee23\" data-block-id=\"eaaee23\"><p class=\"stk-block-text__text\">This descent of the Loire, a wild river classified as a UNESCO World Heritage site, will allow you to observe its bird colonies that populate the sandbanks. Its very wild islands will welcome you for a picnic or a stopover. Upon arrival, it is the majestic Langeais bridge that welcomes you and invites you to extend the walk with a visit to its castle.<\/p><\/div>\n\n\n\n<div class=\"wp-block-stackable-text stk-block-text stk-block stk-741464f\" data-block-id=\"741464f\"><p class=\"stk-block-text__text\"><strong>For fishermen<\/strong>, The H10 circuit at the port of Luynes \u2013 500m from the Granges campsite \u2013 at the mouth of the Cher is recommended by the fishing federation for enjoying the banks of the Loire. Gevrioux lake is also a 10-minute drive from the campsite.<\/p><\/div>\n\n\n\n<div class=\"wp-block-stackable-text stk-block-text stk-block stk-ae0e467\" data-block-id=\"ae0e467\"><p class=\"stk-block-text__text\">A p\u00e9tanque court adjoining the campsite at the gates of the village of Luynes will allow the whole family to have fun.<\/p><\/div>\n<\/div><\/div><\/div>\n\n\n\n<div class=\"wp-block-stackable-column stk-block-column stk-column stk-block stk-0adfe98\" data-v=\"4\" data-block-id=\"0adfe98\"><div class=\"stk-column-wrapper stk-block-column__content stk-container stk-0adfe98-container stk--no-background stk--no-padding\"><div class=\"stk-block-content stk-inner-blocks stk-0adfe98-inner-blocks\">\n<div class=\"wp-block-stackable-image stk-block-image has-text-align-right stk-block stk-6f17b51\" data-block-id=\"6f17b51\"><style>.stk-6f17b51 {margin-bottom:-40px !important;z-index:3 !important;}.stk-6f17b51 .stk-img-wrapper{width:150px !important;}<\/style><figure><span class=\"stk-img-wrapper stk-image--shape-stretch\"><img loading=\"lazy\" decoding=\"async\" class=\"stk-img wp-image-143\" src=\"https:\/\/www.campinglesgranges.fr\/wp-content\/uploads\/2026\/03\/logo_camping-les-granges-3-1-1.png\" width=\"336\" height=\"286\" alt=\"logo camping les granges 3 1\" srcset=\"https:\/\/www.campinglesgranges.fr\/wp-content\/uploads\/2026\/03\/logo_camping-les-granges-3-1-1.png 336w, https:\/\/www.campinglesgranges.fr\/wp-content\/uploads\/2026\/03\/logo_camping-les-granges-3-1-1-300x255.png 300w\" sizes=\"auto, (max-width: 336px) 100vw, 336px\" \/><\/span><\/figure><\/div>\n\n\n\n<div class=\"wp-block-stackable-image stk-block-image stk-block stk-a2a7c2f\" data-block-id=\"a2a7c2f\"><style>.stk-a2a7c2f .stk-img-wrapper{width:100% !important;height:535px !important;filter:drop-shadow(2px 2px 9px #00000070) !important;}.stk-a2a7c2f .stk-img-wrapper img{border-radius:25px !important;object-position:49% 66% !important;}@media screen and (max-width: 767px){.stk-a2a7c2f .stk-img-wrapper{height:400px !important;}}<\/style><figure><span class=\"stk-img-wrapper stk-image--shape-stretch stk--shadow-2px 2px 9px #00000070\"><img loading=\"lazy\" decoding=\"async\" class=\"stk-img wp-image-805\" src=\"https:\/\/www.campinglesgranges.fr\/wp-content\/uploads\/2026\/04\/camping-indre-et-loire-peche.jpg\" width=\"600\" height=\"400\" alt=\"sanitary facilities for camping in the loire valley\" srcset=\"https:\/\/www.campinglesgranges.fr\/wp-content\/uploads\/2026\/04\/camping-indre-et-loire-peche.jpg 600w, https:\/\/www.campinglesgranges.fr\/wp-content\/uploads\/2026\/04\/camping-indre-et-loire-peche-300x200.jpg 300w, https:\/\/www.campinglesgranges.fr\/wp-content\/uploads\/2026\/04\/camping-indre-et-loire-peche-18x12.jpg 18w, https:\/\/www.campinglesgranges.fr\/wp-content\/uploads\/2026\/04\/camping-indre-et-loire-peche-500x333.jpg 500w\" sizes=\"auto, (max-width: 600px) 100vw, 600px\" \/><\/span><\/figure><\/div>\n<\/div><\/div><\/div>\n<\/div><\/div>\n\n\n\n<div class=\"wp-block-stackable-columns alignfull stk-block-columns stk-block stk-8da9ac3\" data-block-id=\"8da9ac3\"><style>.stk-8da9ac3 .stk--block-align-8da9ac3{align-items:center !important;}.stk-8da9ac3 {margin-bottom:var(--stk--preset--spacing--60, clamp(30px, 7vw, 70px)) !important;}.stk-8da9ac3-column{max-width:1280px !important;min-width:auto !important;--stk-column-gap:var(--stk--preset--spacing--50, clamp(30px, 5vw, 50px)) !important;}@media screen and (max-width: 767px){.stk-8da9ac3 {--stk-col-order-1:2 !important;--stk-col-order-2:1 !important;}}<\/style><div class=\"stk-row stk-inner-blocks stk--block-align-8da9ac3 stk-block-content stk-content-align stk-8da9ac3-column alignwide\">\n<div class=\"wp-block-stackable-column stk-block-column stk-column stk-block stk-efd5f17\" data-v=\"4\" data-block-id=\"efd5f17\"><div class=\"stk-column-wrapper stk-block-column__content stk-container stk-efd5f17-container stk--no-background stk--no-padding\"><div class=\"stk-block-content stk-inner-blocks stk-efd5f17-inner-blocks\">\n<div class=\"wp-block-stackable-image stk-block-image stk-block stk-9276cd9\" data-block-id=\"9276cd9\"><style>.stk-9276cd9 .stk-img-wrapper{width:100% !important;height:500px !important;filter:drop-shadow(2px 2px 9px #00000070) !important;}.stk-9276cd9 .stk-img-wrapper img{border-radius:25px !important;}<\/style><figure><span class=\"stk-img-wrapper stk-image--shape-stretch stk--shadow-2px 2px 9px #00000070\"><img loading=\"lazy\" decoding=\"async\" class=\"stk-img wp-image-806\" src=\"https:\/\/www.campinglesgranges.fr\/wp-content\/uploads\/2026\/04\/boule-g1b961725a_640.jpg\" width=\"640\" height=\"396\" alt=\"bar camping indre et loire\" srcset=\"https:\/\/www.campinglesgranges.fr\/wp-content\/uploads\/2026\/04\/boule-g1b961725a_640.jpg 640w, https:\/\/www.campinglesgranges.fr\/wp-content\/uploads\/2026\/04\/boule-g1b961725a_640-300x186.jpg 300w, https:\/\/www.campinglesgranges.fr\/wp-content\/uploads\/2026\/04\/boule-g1b961725a_640-18x12.jpg 18w, https:\/\/www.campinglesgranges.fr\/wp-content\/uploads\/2026\/04\/boule-g1b961725a_640-500x309.jpg 500w\" sizes=\"auto, (max-width: 640px) 100vw, 640px\" \/><\/span><\/figure><\/div>\n<\/div><\/div><\/div>\n\n\n\n<div class=\"wp-block-stackable-column stk-block-column stk-column stk-block stk-e9203a9\" data-v=\"4\" data-block-id=\"e9203a9\"><div class=\"stk-column-wrapper stk-block-column__content stk-container stk-e9203a9-container stk--no-background stk--no-padding\"><div class=\"stk-block-content stk-inner-blocks stk-e9203a9-inner-blocks\">\n<div class=\"wp-block-stackable-text stk-block-text stk-block stk-65682fc\" data-block-id=\"65682fc\"><p class=\"stk-block-text__text\">Enjoy too <a href=\"https:\/\/www.campinglesgranges.fr\/en\/natures-side\/cycle-paths-walks-luynes\/\" data-type=\"page\" data-id=\"237\">Bike rides<\/a> To explore the surrounding area, from the banks of the Loire to the troglodyte villages typical of the Touraine countryside, the vineyards on the hillsides, or the forests that populate the region. Routes are offered to connect Tours (10km) or Langeais (16km) in complete peace. We offer a bicycle rental service on site. (see prices)<\/p><\/div>\n\n\n\n<div class=\"wp-block-stackable-text stk-block-text stk-block stk-9a6104f\" data-block-id=\"9a6104f\"><p class=\"stk-block-text__text\">On foot, explore the hiking trails. Ranging from 5 to 20 km, the routes from the F\u00e9d\u00e9ration Fran\u00e7aise de Randonn\u00e9e will guide you through our beautiful commune of Luynes, which is part of the UNESCO World Heritage site for its Loire riverbanks, its ch\u00e2teau, its Roman aqueduct, and its numerous manor houses. Located on the \u00abchemin de la Saint-Martin\u00bb (St. Martin's Way), our campsite also welcomes hikers on the Chemin de l\u2019\u00c9t\u00e9 de la Saint-Martin de Tours (Summer Way of St. Martin of Tours) and Chinon, among others.<\/p><\/div>\n\n\n\n<div class=\"wp-block-stackable-text stk-block-text stk-block stk-5a8613a\" data-block-id=\"5a8613a\"><p class=\"stk-block-text__text\">In addition to <a href=\"https:\/\/www.campinglesgranges.fr\/en\/camping-pool-indre-et-loire\/\" data-type=\"page\" data-id=\"165\">the pool area<\/a> Those who are drawn to it, take advantage of the massage and\/or relaxation sessions offered by Florence, our qualified practitioner, who offers personalised individual sessions for your well-being. For your utmost comfort, she can come to your location or your rental accommodation.<\/p><\/div>\n<\/div><\/div><\/div>\n<\/div><\/div>","protected":false},"excerpt":{"rendered":"<p>Sp\u00e9cial enfant Une large prairie au centre de notre camping, situ\u00e9 \u00e0 proximit\u00e9 de Tours, accueille une grande vari\u00e9t\u00e9 de jeux pour enfants. Les plus petits y trouveront des jeux sur ressort, toboggan, structure \u00e0 escalader. La structure gonflable g\u00e9ante et les 2 trampolines, occuperont vos enfants toute la journ\u00e9e. Le filet de \u00ab Vhole [&hellip;]<\/p>\n","protected":false},"author":1,"featured_media":56,"parent":0,"menu_order":0,"comment_status":"closed","ping_status":"closed","template":"","meta":{"_acf_changed":false,"_seopress_robots_primary_cat":"","_seopress_titles_title":"Activit\u00e9s et loisirs en Indre-et-Loire - Camping Les Granges","_seopress_titles_desc":"D\u00e9couvrez les activit\u00e9s et loisirs en Indre-et-Loire autour du Camping Les Granges : visites, balades, nature, patrimoine et sorties en famille en Touraine.","_seopress_robots_index":"","_vp_format_video_url":"","_vp_image_focal_point":[],"footnotes":""},"class_list":["post-799","page","type-page","status-publish","has-post-thumbnail","hentry"],"acf":[],"_links":{"self":[{"href":"https:\/\/www.campinglesgranges.fr\/en\/wp-json\/wp\/v2\/pages\/799","targetHints":{"allow":["GET"]}}],"collection":[{"href":"https:\/\/www.campinglesgranges.fr\/en\/wp-json\/wp\/v2\/pages"}],"about":[{"href":"https:\/\/www.campinglesgranges.fr\/en\/wp-json\/wp\/v2\/types\/page"}],"author":[{"embeddable":true,"href":"https:\/\/www.campinglesgranges.fr\/en\/wp-json\/wp\/v2\/users\/1"}],"replies":[{"embeddable":true,"href":"https:\/\/www.campinglesgranges.fr\/en\/wp-json\/wp\/v2\/comments?post=799"}],"version-history":[{"count":1,"href":"https:\/\/www.campinglesgranges.fr\/en\/wp-json\/wp\/v2\/pages\/799\/revisions"}],"predecessor-version":[{"id":807,"href":"https:\/\/www.campinglesgranges.fr\/en\/wp-json\/wp\/v2\/pages\/799\/revisions\/807"}],"wp:featuredmedia":[{"embeddable":true,"href":"https:\/\/www.campinglesgranges.fr\/en\/wp-json\/wp\/v2\/media\/56"}],"wp:attachment":[{"href":"https:\/\/www.campinglesgranges.fr\/en\/wp-json\/wp\/v2\/media?parent=799"}],"curies":[{"name":"wp","href":"https:\/\/api.w.org\/{rel}","templated":true}]}}