{"id":29,"date":"2026-03-10T14:55:59","date_gmt":"2026-03-10T13:55:59","guid":{"rendered":"https:\/\/www.campinglesgranges.fr\/?page_id=29"},"modified":"2026-03-27T12:11:39","modified_gmt":"2026-03-27T11:11:39","slug":"plan-du-site","status":"publish","type":"page","link":"https:\/\/www.campinglesgranges.fr\/en\/plan-du-site\/","title":{"rendered":"Site map"},"content":{"rendered":"<div class=\"wp-block-wpseopress-sitemap\"><div class=\"wrap-html-sitemap sp-html-sitemap\"><div class=\"sp-wrap-cpt\"><h2 class=\"sp-cpt-name\">Posts<\/h2><\/div><div class=\"sp-wrap-cpt\"><h2 class=\"sp-cpt-name\">Pages<\/h2><ul class=\"sp-list-posts sp-cpt-hierarchical\"><li class=\"page_item page-item-942\"><a href=\"https:\/\/www.campinglesgranges.fr\/en\/politique-de-cookies-ue\/\">Cookie Policy (EU)<\/a><\/li><li class=\"page_item page-item-943\"><a href=\"https:\/\/www.campinglesgranges.fr\/en\/declaration-de-confidentialite-ue\/\">Privacy Statement (EU)<\/a><\/li><li class=\"page_item page-item-901\"><a href=\"https:\/\/www.campinglesgranges.fr\/en\/garantie-meteo-flower-camping\/\">Weather Guarantee \u2013 Flower Camping<\/a><\/li><li class=\"page_item page-item-799\"><a href=\"https:\/\/www.campinglesgranges.fr\/en\/activites-loisirs-indre-et-loire\/\">Camping with activities and leisure in Indre-et-Loire<\/a><\/li><li class=\"page_item page-item-790\"><a href=\"https:\/\/www.campinglesgranges.fr\/en\/foire-aux-questions\/\">Foire aux Questions<\/a><\/li><li class=\"page_item page-item-530\"><a href=\"https:\/\/www.campinglesgranges.fr\/en\/location-emplacement-indre-et-loire\/\">Pitches near Tours in Luynes<\/a><\/li><li class=\"page_item page-item-370\"><a href=\"https:\/\/www.campinglesgranges.fr\/en\/mentions-legales\/\">Legal notice<\/a><\/li><li class=\"page_item page-item-335\"><a href=\"https:\/\/www.campinglesgranges.fr\/en\/telechargements\/\">Downloads<\/a><\/li><li class=\"page_item page-item-329\"><a href=\"https:\/\/www.campinglesgranges.fr\/en\/avis-clients\/\">Customer reviews<\/a><\/li><li class=\"page_item page-item-281\"><a href=\"https:\/\/www.campinglesgranges.fr\/en\/paiement-en-4x-floa\/\">Payment in 4x FLOA<\/a><\/li><li class=\"page_item page-item-276\"><a href=\"https:\/\/www.campinglesgranges.fr\/en\/assurance-annulation-campez-couvert\/\">Campez Couvert Cancellation Insurance<\/a><\/li><li class=\"page_item page-item-272\"><a href=\"https:\/\/www.campinglesgranges.fr\/en\/location-mobil-home-indre-et-loire\/\">The accommodation at the campsite in Luynes<\/a><\/li><li class=\"page_item page-item-258\"><a href=\"https:\/\/www.campinglesgranges.fr\/en\/acces-contact\/\">Access \/ Contact<\/a><\/li><li class=\"page_item page-item-190\"><a href=\"https:\/\/www.campinglesgranges.fr\/en\/cote-loisirs\/\">Leisure activities in Touraine<\/a><ul class='children'><li class=\"page_item page-item-253\"><a href=\"https:\/\/www.campinglesgranges.fr\/en\/cote-loisirs\/le-futuroscope\/\">3-star campsite near Futuroscope<\/a><\/li><li class=\"page_item page-item-249\"><a href=\"https:\/\/www.campinglesgranges.fr\/en\/cote-loisirs\/zoos\/\">Zoos near Luynes: Complete guide for your family outings from Flower Camping Les Granges<\/a><\/li><\/ul><\/li><li class=\"page_item page-item-186\"><a href=\"https:\/\/www.campinglesgranges.fr\/en\/cote-nature\/\">Nature around Luynes<\/a><ul class='children'><li class=\"page_item page-item-245\"><a href=\"https:\/\/www.campinglesgranges.fr\/en\/cote-nature\/les-coins-de-peche\/\">Fishing spots<\/a><\/li><li class=\"page_item page-item-241\"><a href=\"https:\/\/www.campinglesgranges.fr\/en\/cote-nature\/les-vignobles-du-val-de-loire\/\">The vineyards of the Loire Valley<\/a><\/li><li class=\"page_item page-item-237\"><a href=\"https:\/\/www.campinglesgranges.fr\/en\/cote-nature\/pistes-cyclables-balades-luynes\/\">Cycling routes and walks around Camping Les Granges in Luynes<\/a><\/li><\/ul><\/li><li class=\"page_item page-item-182\"><a href=\"https:\/\/www.campinglesgranges.fr\/en\/cote-chateaux\/\">Castles<\/a><ul class='children'><li class=\"page_item page-item-233\"><a href=\"https:\/\/www.campinglesgranges.fr\/en\/cote-chateaux\/le-chateau-de-rigny-usse\/\">The Ch\u00e2teau of Rigny-Uss\u00e9<\/a><\/li><li class=\"page_item page-item-229\"><a href=\"https:\/\/www.campinglesgranges.fr\/en\/cote-chateaux\/le-chateau-de-villandry\/\">The Ch\u00e2teau de Villandry<\/a><\/li><li class=\"page_item page-item-224\"><a href=\"https:\/\/www.campinglesgranges.fr\/en\/cote-chateaux\/le-chateau-de-langeais\/\">The Ch\u00e2teau de Langeais<\/a><\/li><li class=\"page_item page-item-220\"><a href=\"https:\/\/www.campinglesgranges.fr\/en\/cote-chateaux\/le-chateau-de-chenonceau\/\">Chenonceau Castle<\/a><\/li><li class=\"page_item page-item-216\"><a href=\"https:\/\/www.campinglesgranges.fr\/en\/cote-chateaux\/le-chateau-dazay-le-rideau\/\">Azay-le-Rideau castle<\/a><\/li><\/ul><\/li><li class=\"page_item page-item-178\"><a href=\"https:\/\/www.campinglesgranges.fr\/en\/cote-ville\/\">Loire Valley side towns<\/a><ul class='children'><li class=\"page_item page-item-212\"><a href=\"https:\/\/www.campinglesgranges.fr\/en\/cote-ville\/saumur\/\">Discover Saumur, jewel of the Loire Valley<\/a><\/li><li class=\"page_item page-item-208\"><a href=\"https:\/\/www.campinglesgranges.fr\/en\/cote-ville\/blois\/\">Visiting Blois from Les Granges de Luynes campsite<\/a><\/li><li class=\"page_item page-item-203\"><a href=\"https:\/\/www.campinglesgranges.fr\/en\/cote-ville\/chinon\/\">Discover Chinon from Flower Camping Les Granges<\/a><\/li><li class=\"page_item page-item-199\"><a href=\"https:\/\/www.campinglesgranges.fr\/en\/cote-ville\/amboise\/\">Visiting Amboise and its must-sees from Flower Camping Les Granges<\/a><\/li><li class=\"page_item page-item-194\"><a href=\"https:\/\/www.campinglesgranges.fr\/en\/cote-ville\/camping-tours\/\">Campsite 10km from Tours<\/a><\/li><\/ul><\/li><li class=\"page_item page-item-174\"><a href=\"https:\/\/www.campinglesgranges.fr\/en\/marches-bonnes-adresses-luynes\/\">Markets &amp; good places to go in Luynes<\/a><\/li><li class=\"page_item page-item-170\"><a href=\"https:\/\/www.campinglesgranges.fr\/en\/camping-a-luynes\/\">Camping in the heart of Luynes<\/a><\/li><li class=\"page_item page-item-165\"><a href=\"https:\/\/www.campinglesgranges.fr\/en\/camping-piscine-indre-et-loire\/\">Camping with a swimming pool in Tours, Loire Valley<\/a><\/li><li class=\"page_item page-item-149\"><a href=\"https:\/\/www.campinglesgranges.fr\/en\/camping-services-indre-et-loire\/\">3-star services Indre-et-Loire<\/a><\/li><li class=\"page_item page-item-135\"><a href=\"https:\/\/www.campinglesgranges.fr\/en\/bonnes-raisons-de-venir-au-camping\/\">The good reasons to come camping<\/a><\/li><li class=\"page_item page-item-126\"><a href=\"https:\/\/www.campinglesgranges.fr\/en\/engagements-et-valeurs\/\">Our commitments and values<\/a><\/li><li class=\"page_item page-item-29\"><a href=\"https:\/\/www.campinglesgranges.fr\/en\/plan-du-site\/\">Site map<\/a><\/li><li class=\"page_item page-item-10\"><a href=\"https:\/\/www.campinglesgranges.fr\/en\/\">Home<\/a><\/li><\/ul><\/div><\/div><\/div>\n\n\n<p data-block-type=\"core\"><\/p>","protected":false},"excerpt":{"rendered":"","protected":false},"author":1,"featured_media":56,"parent":0,"menu_order":0,"comment_status":"closed","ping_status":"closed","template":"","meta":{"_acf_changed":false,"_seopress_robots_primary_cat":"","_seopress_titles_title":"Plan du site | Camping Les Granges en Indre-et-Loire (37)","_seopress_titles_desc":"Retrouvez toutes les pages de notre camping 3 \u00e9toiles en Indre-et-Loire. Organisez votre s\u00e9jour au c\u0153ur du Val de Loire et d\u00e9couvrez nos services et activit\u00e9s.","_seopress_robots_index":"","_vp_format_video_url":"","_vp_image_focal_point":[],"footnotes":""},"class_list":["post-29","page","type-page","status-publish","has-post-thumbnail","hentry"],"acf":[],"_links":{"self":[{"href":"https:\/\/www.campinglesgranges.fr\/en\/wp-json\/wp\/v2\/pages\/29","targetHints":{"allow":["GET"]}}],"collection":[{"href":"https:\/\/www.campinglesgranges.fr\/en\/wp-json\/wp\/v2\/pages"}],"about":[{"href":"https:\/\/www.campinglesgranges.fr\/en\/wp-json\/wp\/v2\/types\/page"}],"author":[{"embeddable":true,"href":"https:\/\/www.campinglesgranges.fr\/en\/wp-json\/wp\/v2\/users\/1"}],"replies":[{"embeddable":true,"href":"https:\/\/www.campinglesgranges.fr\/en\/wp-json\/wp\/v2\/comments?post=29"}],"version-history":[{"count":3,"href":"https:\/\/www.campinglesgranges.fr\/en\/wp-json\/wp\/v2\/pages\/29\/revisions"}],"predecessor-version":[{"id":512,"href":"https:\/\/www.campinglesgranges.fr\/en\/wp-json\/wp\/v2\/pages\/29\/revisions\/512"}],"wp:featuredmedia":[{"embeddable":true,"href":"https:\/\/www.campinglesgranges.fr\/en\/wp-json\/wp\/v2\/media\/56"}],"wp:attachment":[{"href":"https:\/\/www.campinglesgranges.fr\/en\/wp-json\/wp\/v2\/media?parent=29"}],"curies":[{"name":"wp","href":"https:\/\/api.w.org\/{rel}","templated":true}]}}