{"id":276,"date":"2026-03-20T13:57:26","date_gmt":"2026-03-20T12:57:26","guid":{"rendered":"https:\/\/www.campinglesgranges.fr\/?page_id=276"},"modified":"2026-04-23T10:14:55","modified_gmt":"2026-04-23T08:14:55","slug":"cancellation-insurance-camp-covered","status":"publish","type":"page","link":"https:\/\/www.campinglesgranges.fr\/en\/assurance-annulation-campez-couvert\/","title":{"rendered":"Campez Couvert Cancellation Insurance"},"content":{"rendered":"<div class=\"wp-block-stackable-text stk-block-text stk-block stk-0cec47c\" data-block-id=\"0cec47c\"><p class=\"stk-block-text__text\">The <a href=\"https:\/\/www.campinglesgranges.fr\/en\/\">Flowercamping Les Granges<\/a> offers you a very useful option for your stay: Campezcouvert cancellation insurance.<\/p><\/div>\n\n\n\n<div class=\"wp-block-stackable-text stk-block-text stk-block stk-8db7b0d\" data-block-id=\"8db7b0d\"><p class=\"stk-block-text__text\">The Campezcouvert cancellation insurance is designed to offer you peace of mind when booking your pitch or accommodation. In the event of unforeseen circumstances, such as illness, accident, or any other unpredictable event, this insurance allows you to cancel your stay at no extra cost.<\/p><\/div>\n\n\n\n<div class=\"wp-block-stackable-text stk-block-text stk-block stk-e214e88\" data-block-id=\"e214e88\"><p class=\"stk-block-text__text\">Here are some advantages of Campezcouvert insurance:<\/p><\/div>\n\n\n\n<div class=\"wp-block-stackable-text stk-block-text stk-block stk-be1e730\" data-block-id=\"be1e730\"><p class=\"stk-block-text__text translation-block\">Refund: If you need to cancel your booking, you will be refunded the amounts paid, subject to certain conditions.\nSimplicity: This insurance is quick and easy to sign up for, allowing you to enjoy your booking with peace of mind.\nProtection: It protects you against unforeseen events that could disrupt your holiday plans: Late arrivals or a rushed departure? Vehicle breakdown?\nWe highly recommend considering this option when making your booking, so you can fully enjoy your stay with complete peace of mind. If you have any questions or would like to know more, please don't hesitate to speak to us. We're here to help!<\/p><\/div>\n\n\n\n<div class=\"wp-block-stackable-text stk-block-text stk-block stk-dc5791c\" data-block-id=\"dc5791c\"><p class=\"stk-block-text__text\">We wish you an excellent stay at Camping Les Granges de Luynes!<\/p><\/div>\n\n\n\n<div class=\"wp-block-stackable-text stk-block-text stk-block stk-600b77b\" data-block-id=\"600b77b\"><style>.stk-600b77b {margin-bottom:var(--stk--preset--spacing--50, clamp(30px, 5vw, 50px)) !important;}<\/style><p class=\"stk-block-text__text\"><a href=\"https:\/\/www.campez-couvert.com\/pour-les-particuliers\/prendre-connaissance-des-cga\/\" target=\"_blank\" rel=\"noreferrer noopener\">To become acquainted with the GCAs<\/a><\/p><\/div>","protected":false},"excerpt":{"rendered":"<p>Le Flowercamping Les Granges vous propose une option tr\u00e8s utile pour votre s\u00e9jour : l\u2019assurance annulation Campezcouvert. L\u2019assurance annulation Campezcouvert est con\u00e7ue pour vous offrir une tranquillit\u00e9 d\u2019esprit lors de la r\u00e9servation de votre emplacement ou de votre h\u00e9bergement. En cas d\u2019impr\u00e9vu, comme une maladie, un accident ou tout autre \u00e9v\u00e9nement impr\u00e9visible, cette assurance vous [&hellip;]<\/p>\n","protected":false},"author":1,"featured_media":56,"parent":0,"menu_order":0,"comment_status":"closed","ping_status":"closed","template":"","meta":{"_acf_changed":false,"_seopress_robots_primary_cat":"","_seopress_titles_title":"Assurance annulation - Camping Les Granges","_seopress_titles_desc":"Gr\u00e2ce \u00e0 l'assurance annulation Campez Couvert, offrez vous la tranquillit\u00e9 d'esprit lors de la r\u00e9servation de votre s\u00e9jour au camping Les Granges","_seopress_robots_index":"","_vp_format_video_url":"","_vp_image_focal_point":[],"footnotes":""},"class_list":["post-276","page","type-page","status-publish","has-post-thumbnail","hentry"],"acf":[],"_links":{"self":[{"href":"https:\/\/www.campinglesgranges.fr\/en\/wp-json\/wp\/v2\/pages\/276","targetHints":{"allow":["GET"]}}],"collection":[{"href":"https:\/\/www.campinglesgranges.fr\/en\/wp-json\/wp\/v2\/pages"}],"about":[{"href":"https:\/\/www.campinglesgranges.fr\/en\/wp-json\/wp\/v2\/types\/page"}],"author":[{"embeddable":true,"href":"https:\/\/www.campinglesgranges.fr\/en\/wp-json\/wp\/v2\/users\/1"}],"replies":[{"embeddable":true,"href":"https:\/\/www.campinglesgranges.fr\/en\/wp-json\/wp\/v2\/comments?post=276"}],"version-history":[{"count":3,"href":"https:\/\/www.campinglesgranges.fr\/en\/wp-json\/wp\/v2\/pages\/276\/revisions"}],"predecessor-version":[{"id":369,"href":"https:\/\/www.campinglesgranges.fr\/en\/wp-json\/wp\/v2\/pages\/276\/revisions\/369"}],"wp:featuredmedia":[{"embeddable":true,"href":"https:\/\/www.campinglesgranges.fr\/en\/wp-json\/wp\/v2\/media\/56"}],"wp:attachment":[{"href":"https:\/\/www.campinglesgranges.fr\/en\/wp-json\/wp\/v2\/media?parent=276"}],"curies":[{"name":"wp","href":"https:\/\/api.w.org\/{rel}","templated":true}]}}