{"id":258,"date":"2026-03-20T10:31:31","date_gmt":"2026-03-20T09:31:31","guid":{"rendered":"https:\/\/www.campinglesgranges.fr\/?page_id=258"},"modified":"2026-04-22T12:03:06","modified_gmt":"2026-04-22T10:03:06","slug":"contact-access","status":"publish","type":"page","link":"https:\/\/www.campinglesgranges.fr\/en\/acces-contact\/","title":{"rendered":"Access \/ Contact"},"content":{"rendered":"<div class=\"wp-block-stackable-columns alignfull stk-block-columns stk-block stk-4ab60e1\" data-block-id=\"4ab60e1\"><style>.stk-4ab60e1 .stk--block-align-4ab60e1{align-items:center !important;}.stk-4ab60e1 {margin-bottom:50px !important;}.stk-4ab60e1-column{--stk-column-gap:var(--stk--preset--spacing--40, 30px) !important;}<\/style><div class=\"stk-row stk-inner-blocks stk--block-align-4ab60e1 stk-block-content stk-content-align stk-4ab60e1-column alignwide\">\n<div class=\"wp-block-stackable-column stk-block-column stk-column stk-block stk-4d5c02c\" data-v=\"4\" data-block-id=\"4d5c02c\"><div class=\"stk-column-wrapper stk-block-column__content stk-container stk-4d5c02c-container stk--no-background stk--no-padding\"><div class=\"stk-block-content stk-inner-blocks stk-4d5c02c-inner-blocks\">\n<div class=\"wp-block-stackable-columns stk-block-columns stk-block stk-9168bf4\" data-block-id=\"9168bf4\"><style>.stk-9168bf4 .stk--block-align-9168bf4{align-items:center !important;}<\/style><div class=\"stk-row stk-inner-blocks stk--block-align-9168bf4 stk-block-content stk-content-align stk-9168bf4-column\">\n<div class=\"wp-block-stackable-column stk-block-column stk-column stk-block stk-cfbec46\" data-v=\"4\" data-block-id=\"cfbec46\"><div class=\"stk-column-wrapper stk-block-column__content stk-container stk-cfbec46-container stk--no-background stk--no-padding\"><div class=\"stk-block-content stk-inner-blocks stk-cfbec46-inner-blocks\">\n<div class=\"wp-block-stackable-image stk-block-image stk-block stk-f77ec9b\" data-block-id=\"f77ec9b\"><style>@media screen and (max-width: 767px){.stk-f77ec9b .stk-img-wrapper{width:50% !important;}}<\/style><figure><span class=\"stk-img-wrapper stk-image--shape-stretch\"><img loading=\"lazy\" decoding=\"async\" class=\"stk-img wp-image-55\" src=\"https:\/\/www.campinglesgranges.fr\/wp-content\/uploads\/2026\/03\/logo_camping-les-granges-3-1.png\" width=\"866\" height=\"866\" alt=\"Camping Les Granges Luynes logo\" srcset=\"https:\/\/www.campinglesgranges.fr\/wp-content\/uploads\/2026\/03\/logo_camping-les-granges-3-1.png 866w, https:\/\/www.campinglesgranges.fr\/wp-content\/uploads\/2026\/03\/logo_camping-les-granges-3-1-300x300.png 300w, https:\/\/www.campinglesgranges.fr\/wp-content\/uploads\/2026\/03\/logo_camping-les-granges-3-1-150x150.png 150w, https:\/\/www.campinglesgranges.fr\/wp-content\/uploads\/2026\/03\/logo_camping-les-granges-3-1-768x768.png 768w, https:\/\/www.campinglesgranges.fr\/wp-content\/uploads\/2026\/03\/logo_camping-les-granges-3-1-500x500.png 500w, https:\/\/www.campinglesgranges.fr\/wp-content\/uploads\/2026\/03\/logo_camping-les-granges-3-1-800x800.png 800w\" sizes=\"auto, (max-width: 866px) 100vw, 866px\" \/><\/span><\/figure><\/div>\n<\/div><\/div><\/div>\n\n\n\n<div class=\"wp-block-stackable-column stk-block-column stk-column stk-block stk-49886ba\" data-v=\"4\" data-block-id=\"49886ba\"><div class=\"stk-column-wrapper stk-block-column__content stk-container stk-49886ba-container stk--no-background stk--no-padding\"><div class=\"stk-block-content stk-inner-blocks stk-49886ba-inner-blocks\">\n<div class=\"wp-block-stackable-text stk-block-text stk-block stk-a9bf43b\" data-block-id=\"a9bf43b\"><p class=\"stk-block-text__text\"><strong> Flower Camping les Granges ***<br><\/strong>Avenue de l\u2019Europe \u2013 37230 LUYNES<br><strong>Tel: <\/strong><a href=\"tel:33247557905\">(+33) 2 47 55 79 05<\/a><br><strong>Mobile<\/strong> <a href=\"tel:33643066297\">(+33) 6 43 06 62 97<\/a><br><strong>Post <\/strong><a href=\"mailto:reception@campinglesgranges.fr\">reception@campinglesgranges.fr<\/a><br><br>You can contact us by phone from April to the end of September:<br>9 am-12 pm \/ 2 pm-6 pm Monday to Saturday<br>9am-12pm \/ 3pm-6pm on Sunday<\/p><\/div>\n<\/div><\/div><\/div>\n<\/div><\/div>\n<\/div><\/div><\/div>\n\n\n\n<div class=\"wp-block-stackable-column stk-block-column stk-column stk-block stk-b5edcb8\" data-v=\"4\" data-block-id=\"b5edcb8\"><div class=\"stk-column-wrapper stk-block-column__content stk-container stk-b5edcb8-container stk--no-background stk--no-padding\"><div class=\"stk-block-content stk-inner-blocks stk-b5edcb8-inner-blocks\"><p data-block-type=\"core\"><div class='fluentform ff-default fluentform_wrapper_4 ffs_default_wrap'><form data-form_id=\"4\" id=\"fluentform_4\" class=\"frm-fluent-form fluent_form_4 ff-el-form-top ff_form_instance_4_1 ff-form-loading ff_has_v3_recptcha ffs_default\" data-form_instance=\"ff_form_instance_4_1\" method=\"POST\" data-recptcha_key=\"6LcuXsQsAAAAAI4DvwDPLxMX_LZFHdPBf6uCQvIM\" action=\"\" ><fieldset  style=\"border: none!important;margin: 0!important;padding: 0!important;background-color: transparent!important;box-shadow: none!important;outline: none!important; min-inline-size: 100%;\">\n                    <legend class=\"ff_screen_reader_title\" style=\"display: block; margin: 0!important;padding: 0!important;height: 0!important;text-indent: -999999px;width: 0!important;overflow:hidden;\">Contact form<\/legend><input type='hidden' name='__fluent_form_embded_post_id' value='258' \/><input type=\"hidden\" id=\"_fluentform_4_fluentformnonce\" name=\"_fluentform_4_fluentformnonce\" value=\"0287fcbc71\" \/><input type=\"hidden\" name=\"_wp_http_referer\" value=\"\/en\/wp-json\/wp\/v2\/pages\/258\" \/><div data-name=\"ff_cn_id_1\"  class='ff-t-container ff-column-container ff_columns_total_2'><div class='ff-t-cell ff-t-column-1' style='flex-basis: 50%;'><div class='ff-el-group'><div class=\"ff-el-input--label ff-el-is-required asterisk-right\"><label for='ff_4_nom' id='label_ff_4_nom' aria-label=\"Name\">Name<\/label><\/div><div class='ff-el-input--content'><input type=\"text\" name=\"nom\" class=\"ff-el-form-control\" data-name=\"nom\" id=\"ff_4_nom\"  aria-invalid=\"false\" aria-required=\"true\"><\/div><\/div><\/div><div class='ff-t-cell ff-t-column-2' style='flex-basis: 50%;'><div class='ff-el-group'><div class=\"ff-el-input--label asterisk-right\"><label for='ff_4_prenom' id='label_ff_4_prenom' aria-label=\"First name\">First name<\/label><\/div><div class='ff-el-input--content'><input type=\"text\" name=\"prenom\" class=\"ff-el-form-control\" data-name=\"prenom\" id=\"ff_4_prenom\"  aria-invalid=\"false\" aria-required=\"false\"><\/div><\/div><\/div><\/div><div data-name=\"ff_cn_id_2\"  class='ff-t-container ff-column-container ff_columns_total_2'><div class='ff-t-cell ff-t-column-1' style='flex-basis: 50%;'><div class='ff-el-group'><div class=\"ff-el-input--label ff-el-is-required asterisk-right\"><label for='ff_4_email' id='label_ff_4_email' aria-label=\"Email\">Email<\/label><\/div><div class='ff-el-input--content'><input type=\"email\" name=\"email\" id=\"ff_4_email\" class=\"ff-el-form-control\" data-name=\"email\"  aria-invalid=\"false\" aria-required=\"true\"><\/div><\/div><\/div><div class='ff-t-cell ff-t-column-2' style='flex-basis: 50%;'><div class='ff-el-group'><div class=\"ff-el-input--label asterisk-right\"><label for='ff_4_phone' id='label_ff_4_phone' aria-label=\"Telephone\">Telephone<\/label><\/div><div class='ff-el-input--content'><input type=\"text\" name=\"phone\" class=\"ff-el-form-control\" data-name=\"phone\" id=\"ff_4_phone\"  aria-invalid=\"false\" aria-required=\"false\"><\/div><\/div><\/div><\/div><div data-name=\"ff_cn_id_3\"  class='ff-t-container ff-column-container ff_columns_total_1'><div class='ff-t-cell ff-t-column-1' style='flex-basis: 100%;'><div class='ff-el-group'><div class=\"ff-el-input--label asterisk-right\"><label for='ff_4_adresse' id='label_ff_4_adresse' aria-label=\"Address\">Address<\/label><\/div><div class='ff-el-input--content'><input type=\"text\" name=\"adresse\" class=\"ff-el-form-control\" data-name=\"adresse\" id=\"ff_4_adresse\"  aria-invalid=\"false\" aria-required=\"false\"><\/div><\/div><\/div><\/div><div data-name=\"ff_cn_id_4\"  class='ff-t-container ff-column-container ff_columns_total_2'><div class='ff-t-cell ff-t-column-1' style='flex-basis: 50%;'><div class='ff-el-group'><div class=\"ff-el-input--label asterisk-right\"><label for='ff_4_code_postal' id='label_ff_4_code_postal' aria-label=\"Postcode\">Postcode<\/label><\/div><div class='ff-el-input--content'><input type=\"text\" name=\"code_postal\" class=\"ff-el-form-control\" data-name=\"code_postal\" id=\"ff_4_code_postal\"  aria-invalid=\"false\" aria-required=\"false\"><\/div><\/div><\/div><div class='ff-t-cell ff-t-column-2' style='flex-basis: 50%;'><div class='ff-el-group'><div class=\"ff-el-input--label asterisk-right\"><label for='ff_4_ville' id='label_ff_4_ville' aria-label=\"Town\">Town<\/label><\/div><div class='ff-el-input--content'><input type=\"text\" name=\"ville\" class=\"ff-el-form-control\" data-name=\"ville\" id=\"ff_4_ville\"  aria-invalid=\"false\" aria-required=\"false\"><\/div><\/div><\/div><\/div><div data-name=\"ff_cn_id_5\"  class='ff-t-container ff-column-container ff_columns_total_1'><div class='ff-t-cell ff-t-column-1' style='flex-basis: 100%;'><div class='ff-el-group'><div class=\"ff-el-input--label ff-el-is-required asterisk-right\"><label for='ff_4_message' id='label_ff_4_message' aria-label=\"Message\">Message<\/label><\/div><div class='ff-el-input--content'><textarea aria-required=\"true\" aria-labelledby=\"label_ff_4_message\" name=\"message\" id=\"ff_4_message\" class=\"ff-el-form-control\" rows=\"3\" cols=\"2\" data-name=\"message\" ><\/textarea><\/div><\/div><\/div><\/div><div class='ff-el-group'><div class=\"ff-el-input--label ff-el-is-required asterisk-right\"><label   aria-label=\"By submitting this form, I accept that the information entered will be used as part of the information request and the commercial relationship that may result from it.\">By submitting this form, I accept that the information entered will be used as part of the information request and the commercial relationship that may result from it.<\/label><\/div><div class='ff-el-input--content'><div class='ff-el-form-check ff-el-form-check-'><label class='ff-el-form-check-label' for='checkbox_d6c3c25f0313f95ea38118c7851c551d'><input  type=\"checkbox\" name=\"checkbox[]\" data-name=\"checkbox\" class=\"ff-el-form-check-input ff-el-form-check-checkbox\" value=\"J&#039;accepte\"  id='checkbox_d6c3c25f0313f95ea38118c7851c551d' aria-label='I accept' aria-invalid='false' aria-required=\"true\"> <span>I accept<\/span><\/label><\/div><\/div><\/div><div class='ff-el-group ff-text-center ff_submit_btn_wrapper'><button type=\"submit\" class=\"ff-btn ff-btn-submit ff-btn-md ff_btn_style\"  aria-label=\"Send\">Send<\/button><\/div><\/fieldset><input type=\"hidden\" name=\"trp-form-language\" value=\"en\"\/><\/form><div id='fluentform_4_errors' class='ff-errors-in-stack ff_form_instance_4_1 ff-form-loading_errors ff_form_instance_4_1_errors'><\/div><\/div>            <script type=\"text\/javascript\">\n                window.fluent_form_ff_form_instance_4_1 = {\"id\":\"4\",\"ajaxUrl\":\"https:\\\/\\\/www.campinglesgranges.fr\\\/wp-admin\\\/admin-ajax.php\",\"settings\":{\"layout\":{\"labelPlacement\":\"top\",\"helpMessagePlacement\":\"with_label\",\"errorMessagePlacement\":\"inline\",\"cssClassName\":\"\",\"asteriskPlacement\":\"asterisk-right\"},\"restrictions\":{\"denyEmptySubmission\":{\"enabled\":false}}},\"form_instance\":\"ff_form_instance_4_1\",\"form_id_selector\":\"fluentform_4\",\"rules\":{\"nom\":{\"required\":{\"value\":true,\"message\":\"This field is required\",\"global_message\":\"Ce champ est obligatoire\",\"global\":true}},\"prenom\":{\"required\":{\"value\":false,\"message\":\"This field is required\",\"global_message\":\"Ce champ est obligatoire\",\"global\":true}},\"email\":{\"required\":{\"value\":true,\"message\":\"This field is required\",\"global_message\":\"Ce champ est obligatoire\",\"global\":true},\"email\":{\"value\":true,\"message\":\"This field must contain a valid email\",\"global_message\":\"Ce champ doit contenir un e-mail valide\",\"global\":true}},\"phone\":{\"required\":{\"value\":false,\"message\":\"This field is required\",\"global_message\":\"Ce champ est obligatoire\",\"global\":true}},\"adresse\":{\"required\":{\"value\":false,\"message\":\"This field is required\",\"global_message\":\"Ce champ est obligatoire\",\"global\":true}},\"code_postal\":{\"required\":{\"value\":false,\"message\":\"This field is required\",\"global_message\":\"Ce champ est obligatoire\",\"global\":true}},\"ville\":{\"required\":{\"value\":false,\"message\":\"This field is required\",\"global_message\":\"Ce champ est obligatoire\",\"global\":true}},\"message\":{\"required\":{\"value\":true,\"message\":\"This field is required\",\"global_message\":\"Ce champ est obligatoire\",\"global\":true}},\"checkbox\":{\"required\":{\"value\":true,\"message\":\"This field is required\",\"global_message\":\"Ce champ est obligatoire\",\"global\":true}},\"g-recaptcha-response\":[]},\"debounce_time\":300};\n                            <\/script>\n            <\/p>\n<\/div><\/div><\/div>\n<\/div><\/div>\n\n\n\n<div class=\"wp-block-stackable-heading stk-block-heading stk-block-heading--v2 stk-block stk-c3d2b51\" id=\"notre-situation\" data-block-id=\"c3d2b51\"><style>.stk-c3d2b51 .stk-block-heading__text{color:var(--stk-global-color-35744, #115390) !important;}<\/style><h2 class=\"stk-block-heading__text has-text-color has-text-align-center\">Our situation<\/h2><\/div>\n\n\n\n<div class=\"wp-block-stackable-columns stk-block-columns stk-block stk-a6ceb05\" data-block-id=\"a6ceb05\"><style>.stk-a6ceb05 .stk--block-align-a6ceb05{align-items:center !important;}.stk-a6ceb05 {margin-bottom:var(--stk--preset--spacing--50, clamp(30px, 5vw, 50px)) !important;}<\/style><div class=\"stk-row stk-inner-blocks stk--block-align-a6ceb05 stk-block-content stk-content-align stk-a6ceb05-column\">\n<div class=\"wp-block-stackable-column stk-block-column stk-column stk-block stk-8d23016\" data-v=\"4\" data-block-id=\"8d23016\"><div class=\"stk-column-wrapper stk-block-column__content stk-container stk-8d23016-container stk--no-background stk--no-padding\"><div class=\"stk-block-content stk-inner-blocks stk-8d23016-inner-blocks\">\n<div class=\"wp-block-stackable-map stk-block-map stk-block stk-b3d1e97\" data-block-id=\"b3d1e97\"><style>.stk-b3d1e97 .stk-block-map__canvas, .stk-b3d1e97 iframe{height:700px !important;}<\/style><iframe\n\t\t\t\t\t\ttitle=\"Embedded content from Google Maps Platform.\"\n\t\t\t\t\t\tsrc=\"https:\/\/maps.google.com\/maps?q=camping les granges \u00e0 luynes&#038;t=&#038;z=12&#038;ie=UTF8&#038;output=embed\"\n\t\t\t\t\t\tstyle=\"border:0;width:100%;max-width:none;max-height:none;height:100%;\"\n\t\t\t\t\t\taria-hidden=\"false\"\n\t\t\t\t\t\ttabindex=\"0\"\n\t\t\t\t\t\tallowfullscreen\n\t\t\t\t\t\tloading=\"lazy\"\n\t\t\t\t\t\tframeborder=\"0\"\n\t\t\t\t\t><\/iframe><\/div>\n<\/div><\/div><\/div>\n\n\n\n<div class=\"wp-block-stackable-column stk-block-column stk-column stk-block stk-45bcaa3\" data-v=\"4\" data-block-id=\"45bcaa3\"><div class=\"stk-column-wrapper stk-block-column__content stk-container stk-45bcaa3-container stk--no-background stk--no-padding\"><div class=\"stk-block-content stk-inner-blocks stk-45bcaa3-inner-blocks\">\n<div class=\"wp-block-stackable-text stk-block-text stk-block stk-3d375e9\" data-block-id=\"3d375e9\"><p class=\"stk-block-text__text\">Flower Camping les Granges is ideally located in the Centre Val de Loire region, more precisely in Indre-et-Loire, 10km west of <a href=\"https:\/\/www.campinglesgranges.fr\/en\/camping-tours\/\" data-type=\"page\" data-id=\"194\">Tours<\/a> on the right bank of the Loire. We are on the edge <a href=\"https:\/\/www.campinglesgranges.fr\/en\/natures-side\/\" data-type=\"page\" data-id=\"186\">Luynes<\/a>, a village of 5500 inhabitants, listed as a UNESCO World Heritage site for its castle, its Roman aqueduct and its many manor houses.<\/p><\/div>\n\n\n\n<div class=\"wp-block-stackable-text stk-block-text stk-block stk-1517de5\" data-block-id=\"1517de5\"><p class=\"stk-block-text__text\"><strong><em>To access our campsite:<\/em><\/strong><\/p><\/div>\n\n\n\n<div class=\"wp-block-stackable-text stk-block-text stk-block stk-cd51965\" data-block-id=\"cd51965\"><p class=\"stk-block-text__text\"><em>By car<br><\/em>Via the A10 from Paris, take exit 20, then the D952 in the direction of Saumur<br>Via the A85 from Nantes or Vierzon, take exit 7 towards Langeais \/ Luynes and take the D952<br>Via the A10 from Bordeaux, join the A85 towards Angers, take exit 7 at Langeais then follow the D952 towards Tours.<br><br><em>On the train<br><\/em>Tours has an SNCF train station and a network that connects to major French cities (Paris, Nantes, Lyon...).<br>You can then take the bus via line 50 of the Fil Bleu bus network, which will take you to Luynes and our campsite.<br><br><em>By plane:<br><\/em>Tours Val de Loire Airport is located 20 minutes from the campsite and is open to national and international traffic.<\/p><\/div>\n<\/div><\/div><\/div>\n<\/div><\/div>","protected":false},"excerpt":{"rendered":"<p>Flower Camping les Granges ***Avenue de l\u2019Europe \u2013 37230 LUYNESTel : (+33) 2 47 55 79 05Mobile : (+33) 6 43 06 62 97Mail : reception@campinglesgranges.fr Vous pouvez nous contacter par t\u00e9l\u00e9phone d\u2019Avril \u00e0 Fin Septembre :9h-12h \/ 14h-18h de Lundi au Samedi9h-12h \/ 15h-18h le Dimanche Notre situation Le Flower Camping les Granges est [&hellip;]<\/p>\n","protected":false},"author":1,"featured_media":56,"parent":0,"menu_order":0,"comment_status":"closed","ping_status":"closed","template":"","meta":{"_acf_changed":false,"_seopress_robots_primary_cat":"","_seopress_titles_title":"Contact et Acc\u00e8s | Camping Les Granges | Luynes - Tours","_seopress_titles_desc":"Comment venir au Camping Les Granges \u00e0 Luynes ? Retrouvez notre plan d'acc\u00e8s, adresse et formulaire de contact pour pr\u00e9parer votre s\u00e9jour en Indre-et-Loire.","_seopress_robots_index":"","_vp_format_video_url":"","_vp_image_focal_point":[],"footnotes":""},"class_list":["post-258","page","type-page","status-publish","has-post-thumbnail","hentry"],"acf":[],"_links":{"self":[{"href":"https:\/\/www.campinglesgranges.fr\/en\/wp-json\/wp\/v2\/pages\/258","targetHints":{"allow":["GET"]}}],"collection":[{"href":"https:\/\/www.campinglesgranges.fr\/en\/wp-json\/wp\/v2\/pages"}],"about":[{"href":"https:\/\/www.campinglesgranges.fr\/en\/wp-json\/wp\/v2\/types\/page"}],"author":[{"embeddable":true,"href":"https:\/\/www.campinglesgranges.fr\/en\/wp-json\/wp\/v2\/users\/1"}],"replies":[{"embeddable":true,"href":"https:\/\/www.campinglesgranges.fr\/en\/wp-json\/wp\/v2\/comments?post=258"}],"version-history":[{"count":11,"href":"https:\/\/www.campinglesgranges.fr\/en\/wp-json\/wp\/v2\/pages\/258\/revisions"}],"predecessor-version":[{"id":912,"href":"https:\/\/www.campinglesgranges.fr\/en\/wp-json\/wp\/v2\/pages\/258\/revisions\/912"}],"wp:featuredmedia":[{"embeddable":true,"href":"https:\/\/www.campinglesgranges.fr\/en\/wp-json\/wp\/v2\/media\/56"}],"wp:attachment":[{"href":"https:\/\/www.campinglesgranges.fr\/en\/wp-json\/wp\/v2\/media?parent=258"}],"curies":[{"name":"wp","href":"https:\/\/api.w.org\/{rel}","templated":true}]}}