{"id":216,"date":"2026-03-19T15:44:31","date_gmt":"2026-03-19T14:44:31","guid":{"rendered":"https:\/\/www.campinglesgranges.fr\/?page_id=216"},"modified":"2026-04-23T10:20:23","modified_gmt":"2026-04-23T08:20:23","slug":"chateau-dazay-le-rideau","status":"publish","type":"page","link":"https:\/\/www.campinglesgranges.fr\/en\/cote-chateaux\/le-chateau-dazay-le-rideau\/","title":{"rendered":"Azay-le-Rideau castle"},"content":{"rendered":"<div class=\"wp-block-stackable-columns alignfull stk-block-columns stk-block stk-dd23a22\" data-block-id=\"dd23a22\"><style>.stk-dd23a22 .stk--block-align-dd23a22{align-items:center !important;}.stk-dd23a22 {margin-bottom:var(--stk--preset--spacing--60, clamp(30px, 7vw, 70px)) !important;}.stk-dd23a22-column{max-width:1280px !important;min-width:auto !important;--stk-column-gap:var(--stk--preset--spacing--50, clamp(30px, 5vw, 50px)) !important;}@media screen and (max-width: 767px){.stk-dd23a22 {--stk-col-order-1:2 !important;--stk-col-order-2:1 !important;}}<\/style><div class=\"stk-row stk-inner-blocks stk--block-align-dd23a22 stk-block-content stk-content-align stk-dd23a22-column alignwide\">\n<div class=\"wp-block-stackable-column stk-block-column stk-column stk-block stk-836118b\" data-v=\"4\" data-block-id=\"836118b\"><div class=\"stk-column-wrapper stk-block-column__content stk-container stk-836118b-container stk--no-background stk--no-padding\"><div class=\"stk-block-content stk-inner-blocks stk-836118b-inner-blocks\">\n<div class=\"wp-block-stackable-image stk-block-image stk-block stk-f9d2a41\" data-block-id=\"f9d2a41\"><style>.stk-f9d2a41 .stk-img-wrapper{width:100% !important;height:650px !important;filter:drop-shadow(2px 2px 9px #00000070) !important;}.stk-f9d2a41 .stk-img-wrapper img{border-radius:25px !important;}@media screen and (max-width: 767px){.stk-f9d2a41 .stk-img-wrapper{height:400px !important;}}<\/style><figure><span class=\"stk-img-wrapper stk-image--shape-stretch stk--shadow-2px 2px 9px #00000070\"><img loading=\"lazy\" decoding=\"async\" class=\"stk-img wp-image-403\" src=\"https:\/\/www.campinglesgranges.fr\/wp-content\/uploads\/2026\/03\/31_noel-au-chateau-dazay-le-rideau-edition-2022_jean-christophe-coutand_2032-12-31_medium_webformat.webp\" width=\"1200\" height=\"798\" alt=\" Ch\u00e2teau d&#039;Azay-le-Rideau near the campsite\" srcset=\"https:\/\/www.campinglesgranges.fr\/wp-content\/uploads\/2026\/03\/31_noel-au-chateau-dazay-le-rideau-edition-2022_jean-christophe-coutand_2032-12-31_medium_webformat.webp 1200w, https:\/\/www.campinglesgranges.fr\/wp-content\/uploads\/2026\/03\/31_noel-au-chateau-dazay-le-rideau-edition-2022_jean-christophe-coutand_2032-12-31_medium_webformat-300x200.webp 300w, https:\/\/www.campinglesgranges.fr\/wp-content\/uploads\/2026\/03\/31_noel-au-chateau-dazay-le-rideau-edition-2022_jean-christophe-coutand_2032-12-31_medium_webformat-1024x681.webp 1024w, https:\/\/www.campinglesgranges.fr\/wp-content\/uploads\/2026\/03\/31_noel-au-chateau-dazay-le-rideau-edition-2022_jean-christophe-coutand_2032-12-31_medium_webformat-768x511.webp 768w, https:\/\/www.campinglesgranges.fr\/wp-content\/uploads\/2026\/03\/31_noel-au-chateau-dazay-le-rideau-edition-2022_jean-christophe-coutand_2032-12-31_medium_webformat-500x333.webp 500w, https:\/\/www.campinglesgranges.fr\/wp-content\/uploads\/2026\/03\/31_noel-au-chateau-dazay-le-rideau-edition-2022_jean-christophe-coutand_2032-12-31_medium_webformat-800x532.webp 800w\" sizes=\"auto, (max-width: 1200px) 100vw, 1200px\" \/><\/span><\/figure><\/div>\n<\/div><\/div><\/div>\n\n\n\n<div class=\"wp-block-stackable-column stk-block-column stk-column stk-block stk-53ee707\" data-v=\"4\" data-block-id=\"53ee707\"><div class=\"stk-column-wrapper stk-block-column__content stk-container stk-53ee707-container stk--no-background stk--no-padding\"><div class=\"stk-block-content stk-inner-blocks stk-53ee707-inner-blocks\">\n<div class=\"wp-block-stackable-heading stk-block-heading stk-block-heading--v2 stk-block stk-2cf7483\" id=\"explorez-le-chateau-d-azay-le-rideau\" data-block-id=\"2cf7483\"><h2 class=\"stk-block-heading__text\">Explore Azay-le-Rideau Castle<\/h2><\/div>\n\n\n\n<div class=\"wp-block-stackable-text stk-block-text stk-block stk-da2d064\" data-block-id=\"da2d064\"><p class=\"stk-block-text__text translation-block\">A 20-minute drive from Flower camping Les Granges, the **ch\u00e2teau d\u2019Azay-le-Rideau** is a true masterpiece of French Renaissance architecture.<\/p><\/div>\n\n\n\n<div class=\"wp-block-stackable-text stk-block-text stk-block stk-1d27a70\" data-block-id=\"1d27a70\"><p class=\"stk-block-text__text\">Located on an island in the middle of the Indre, this 16th-century ch\u00e2teau is famous for its elegant architecture and enchanting setting. You will be amazed by its delicate facades, its slate roofs and its magnificent mullioned windows, which are reflected in the surrounding waters.<\/p><\/div>\n\n\n\n<div class=\"wp-block-stackable-text stk-block-text stk-block stk-989fc0f\" data-block-id=\"989fc0f\"><p class=\"stk-block-text__text\">When visiting the castle, you can explore its sumptuously decorated rooms, which will immerse you in the atmosphere of the era. Each room is a testament to the refinement and taste of its former owners. Don't forget to stroll through its surrounding park, where you can admire meticulously maintained French gardens, perfect for a relaxing walk.<\/p><\/div>\n\n\n\n<div class=\"wp-block-stackable-text stk-block-text stk-block stk-edefdc1\" data-block-id=\"edefdc1\"><p class=\"stk-block-text__text\">Located in Azay-le-Rideau, the Maurice Dufresne Museum is a real treasure for history and heritage enthusiasts. This museum is dedicated to the trades of yesteryear and daily life in France, with an impressive collection of antique objects, tools, and machines. You can discover exhibitions on agriculture, craftsmanship, and local traditions. It's a great opportunity to learn while having fun, and the guided tours will immerse you in the region's history. Children will particularly enjoy the interactive demonstrations and activities on offer!<\/p><\/div>\n<\/div><\/div><\/div>\n<\/div><\/div>\n\n\n\n<div class=\"wp-block-stackable-columns alignfull stk-block-columns stk-block stk-4f28c56 stk-block-background\" data-block-id=\"4f28c56\"><style>.stk-4f28c56 .stk--block-align-4f28c56{align-items:center !important;}.stk-4f28c56 {background-color:var(--stk-global-color-42219, #bce3f9) !important;border-top-left-radius:25px !important;border-top-right-radius:25px !important;border-bottom-right-radius:25px !important;border-bottom-left-radius:25px !important;overflow:hidden !important;box-shadow:2px 2px 10px 0px #0000004a !important;padding-top:var(--stk--preset--spacing--50, clamp(30px, 5vw, 50px)) !important;padding-bottom:var(--stk--preset--spacing--50, clamp(30px, 5vw, 50px)) !important;margin-bottom:var(--stk--preset--spacing--60, clamp(30px, 7vw, 70px)) !important;}.stk-4f28c56:before{background-color:var(--stk-global-color-42219, #bce3f9) !important;}.stk-4f28c56-column{max-width:1280px !important;min-width:auto !important;--stk-column-gap:var(--stk--preset--spacing--50, clamp(30px, 5vw, 50px)) !important;}<\/style><div class=\"stk-row stk-inner-blocks stk--block-align-4f28c56 stk-block-content stk-content-align stk-4f28c56-column alignwide\">\n<div class=\"wp-block-stackable-column stk-block-column stk-column stk-block stk-f63c99f\" data-v=\"4\" data-block-id=\"f63c99f\"><div class=\"stk-column-wrapper stk-block-column__content stk-container stk-f63c99f-container stk--no-background stk--no-padding\"><div class=\"stk-block-content stk-inner-blocks stk-f63c99f-inner-blocks\">\n<div class=\"wp-block-stackable-heading stk-block-heading stk-block-heading--v2 stk-block stk-a4b7dea\" id=\"decouvrez-le-village-troglodyte-la-goupillere\" data-block-id=\"a4b7dea\"><style>.stk-a4b7dea .stk-block-heading__text{color:var(--stk-global-color-35744, #115390) !important;}<\/style><h2 class=\"stk-block-heading__text has-text-color\">Discover the troglodyte village of La Goupill\u00e8re<\/h2><\/div>\n\n\n\n<div class=\"wp-block-stackable-text stk-block-text stk-block stk-8efc6ad\" data-block-id=\"8efc6ad\"><p class=\"stk-block-text__text\">A few kilometres away, the Goupilli\u00e8res site is a unique place that will immerse you in the world of troglodytes. This troglodytic village, carved into the rock, will allow you to discover how the inhabitants lived in these atypical dwellings. You can explore the different cavities, gardens and even areas dedicated to livestock farming. Les Goupilli\u00e8res also offers entertainment and workshops for the whole family, making it an ideal outing for young and old alike.<\/p><\/div>\n\n\n\n<div class=\"wp-block-stackable-text stk-block-text stk-block stk-d167662\" data-block-id=\"d167662\"><p class=\"stk-block-text__text\">We highly recommend visiting these two sites during your stay with us. They will allow you to discover the richness of the local heritage and have a pleasant time with family or friends. It is an unforgettable experience that will allow you to discover the beauty and history of our region.<\/p><\/div>\n\n\n\n<div class=\"wp-block-stackable-text stk-block-text stk-block stk-1f36699\" data-block-id=\"1f36699\"><p class=\"stk-block-text__text\">If you have any questions or need advice on how to get there, please don't hesitate to ask us<\/p><\/div>\n\n\n\n<div class=\"wp-block-stackable-text stk-block-text stk-block stk-5b2df01\" data-block-id=\"5b2df01\"><p class=\"stk-block-text__text\">Enjoy your stay and the beauty of Indre-et-Loire<\/p><\/div>\n<\/div><\/div><\/div>\n\n\n\n<div class=\"wp-block-stackable-column stk-block-column stk-column stk-block stk-80bd9da\" data-v=\"4\" data-block-id=\"80bd9da\"><div class=\"stk-column-wrapper stk-block-column__content stk-container stk-80bd9da-container stk--no-background stk--no-padding\"><div class=\"stk-block-content stk-inner-blocks stk-80bd9da-inner-blocks\">\n<div class=\"wp-block-stackable-image stk-block-image has-text-align-right stk-block stk-904e8bd\" data-block-id=\"904e8bd\"><style>.stk-904e8bd {margin-bottom:-40px !important;z-index:3 !important;}.stk-904e8bd .stk-img-wrapper{width:150px !important;}<\/style><figure><span class=\"stk-img-wrapper stk-image--shape-stretch\"><img loading=\"lazy\" decoding=\"async\" class=\"stk-img wp-image-143\" src=\"https:\/\/www.campinglesgranges.fr\/wp-content\/uploads\/2026\/03\/logo_camping-les-granges-3-1-1.png\" width=\"336\" height=\"286\" alt=\"logo camping les granges 3 1\" srcset=\"https:\/\/www.campinglesgranges.fr\/wp-content\/uploads\/2026\/03\/logo_camping-les-granges-3-1-1.png 336w, https:\/\/www.campinglesgranges.fr\/wp-content\/uploads\/2026\/03\/logo_camping-les-granges-3-1-1-300x255.png 300w\" sizes=\"auto, (max-width: 336px) 100vw, 336px\" \/><\/span><\/figure><\/div>\n\n\n\n<div class=\"wp-block-stackable-image stk-block-image stk-block stk-5333732\" data-block-id=\"5333732\"><style>.stk-5333732 .stk-img-wrapper{width:100% !important;height:422px !important;filter:drop-shadow(2px 2px 9px #00000070) !important;}.stk-5333732 .stk-img-wrapper img{border-radius:25px !important;}<\/style><figure><span class=\"stk-img-wrapper stk-image--shape-stretch stk--shadow-2px 2px 9px #00000070\"><img loading=\"lazy\" decoding=\"async\" class=\"stk-img wp-image-784\" src=\"https:\/\/www.campinglesgranges.fr\/wp-content\/uploads\/2026\/04\/goupillieres_webformat.webp\" width=\"604\" height=\"396\" alt=\"Ch\u00e2teau d&#039;Azay-le-Rideau \" srcset=\"https:\/\/www.campinglesgranges.fr\/wp-content\/uploads\/2026\/04\/goupillieres_webformat.webp 604w, https:\/\/www.campinglesgranges.fr\/wp-content\/uploads\/2026\/04\/goupillieres_webformat-300x197.webp 300w, https:\/\/www.campinglesgranges.fr\/wp-content\/uploads\/2026\/04\/goupillieres_webformat-18x12.webp 18w, https:\/\/www.campinglesgranges.fr\/wp-content\/uploads\/2026\/04\/goupillieres_webformat-500x328.webp 500w\" sizes=\"auto, (max-width: 604px) 100vw, 604px\" \/><\/span><\/figure><\/div>\n<\/div><\/div><\/div>\n<\/div><\/div>","protected":false},"excerpt":{"rendered":"<p>Explorez le Ch\u00e2teau d\u2019Azay-le-Rideau A 20 mn du Flower camping Les Granges , le ch\u00e2teau d\u2019Azay-le-Rideau est un v\u00e9ritable chef-d\u2019\u0153uvre de la Renaissance fran\u00e7aise. Situ\u00e9 sur une \u00eele au milieu de l\u2019Indre, ce ch\u00e2teau du XVIe est c\u00e9l\u00e8bre pour son architecture \u00e9l\u00e9gante et son cadre enchanteur. Vous serez \u00e9merveill\u00e9s par ses fa\u00e7ades d\u00e9licates, ses toits [&hellip;]<\/p>\n","protected":false},"author":1,"featured_media":56,"parent":182,"menu_order":0,"comment_status":"closed","ping_status":"closed","template":"","meta":{"_acf_changed":false,"_seopress_robots_primary_cat":"","_seopress_titles_title":"Visiter le ch\u00e2teau d\u2019Azay-le-Rideau - Camping Les Granges","_seopress_titles_desc":"Partez \u00e0 la d\u00e9couverte du ch\u00e2teau d\u2019Azay-le-Rideau pendant votre s\u00e9jour au Camping Les Granges, un joyau incontournable de la vall\u00e9e de la Loire.","_seopress_robots_index":"","_vp_format_video_url":"","_vp_image_focal_point":[],"footnotes":""},"class_list":["post-216","page","type-page","status-publish","has-post-thumbnail","hentry"],"acf":[],"_links":{"self":[{"href":"https:\/\/www.campinglesgranges.fr\/en\/wp-json\/wp\/v2\/pages\/216","targetHints":{"allow":["GET"]}}],"collection":[{"href":"https:\/\/www.campinglesgranges.fr\/en\/wp-json\/wp\/v2\/pages"}],"about":[{"href":"https:\/\/www.campinglesgranges.fr\/en\/wp-json\/wp\/v2\/types\/page"}],"author":[{"embeddable":true,"href":"https:\/\/www.campinglesgranges.fr\/en\/wp-json\/wp\/v2\/users\/1"}],"replies":[{"embeddable":true,"href":"https:\/\/www.campinglesgranges.fr\/en\/wp-json\/wp\/v2\/comments?post=216"}],"version-history":[{"count":5,"href":"https:\/\/www.campinglesgranges.fr\/en\/wp-json\/wp\/v2\/pages\/216\/revisions"}],"predecessor-version":[{"id":786,"href":"https:\/\/www.campinglesgranges.fr\/en\/wp-json\/wp\/v2\/pages\/216\/revisions\/786"}],"up":[{"embeddable":true,"href":"https:\/\/www.campinglesgranges.fr\/en\/wp-json\/wp\/v2\/pages\/182"}],"wp:featuredmedia":[{"embeddable":true,"href":"https:\/\/www.campinglesgranges.fr\/en\/wp-json\/wp\/v2\/media\/56"}],"wp:attachment":[{"href":"https:\/\/www.campinglesgranges.fr\/en\/wp-json\/wp\/v2\/media?parent=216"}],"curies":[{"name":"wp","href":"https:\/\/api.w.org\/{rel}","templated":true}]}}