{"id":194,"date":"2026-03-19T12:52:01","date_gmt":"2026-03-19T11:52:01","guid":{"rendered":"https:\/\/www.campinglesgranges.fr\/?page_id=194"},"modified":"2026-04-23T10:30:43","modified_gmt":"2026-04-23T08:30:43","slug":"camping-tours","status":"publish","type":"page","link":"https:\/\/www.campinglesgranges.fr\/en\/cote-ville\/camping-tours\/","title":{"rendered":"Campsite 10km from Tours"},"content":{"rendered":"<div class=\"wp-block-stackable-columns alignfull stk-block-columns stk-block stk-dd23a22\" data-block-id=\"dd23a22\"><style>.stk-dd23a22 .stk--block-align-dd23a22{align-items:center !important;}.stk-dd23a22 {margin-bottom:var(--stk--preset--spacing--60, clamp(30px, 7vw, 70px)) !important;}.stk-dd23a22-column{max-width:1280px !important;min-width:auto !important;--stk-column-gap:var(--stk--preset--spacing--50, clamp(30px, 5vw, 50px)) !important;}@media screen and (max-width: 767px){.stk-dd23a22 {--stk-col-order-1:2 !important;--stk-col-order-2:1 !important;}}<\/style><div class=\"stk-row stk-inner-blocks stk--block-align-dd23a22 stk-block-content stk-content-align stk-dd23a22-column alignwide\">\n<div class=\"wp-block-stackable-column stk-block-column stk-column stk-block stk-836118b\" data-v=\"4\" data-block-id=\"836118b\"><div class=\"stk-column-wrapper stk-block-column__content stk-container stk-836118b-container stk--no-background stk--no-padding\"><div class=\"stk-block-content stk-inner-blocks stk-836118b-inner-blocks\">\n<div class=\"wp-block-stackable-image stk-block-image stk-block stk-f9d2a41\" data-block-id=\"f9d2a41\"><style>.stk-f9d2a41 .stk-img-wrapper{width:100% !important;height:700px !important;filter:drop-shadow(2px 2px 9px #00000070) !important;}.stk-f9d2a41 .stk-img-wrapper img{border-radius:25px !important;}@media screen and (max-width: 767px){.stk-f9d2a41 .stk-img-wrapper{height:400px !important;}}<\/style><figure><span class=\"stk-img-wrapper stk-image--shape-stretch stk--shadow-2px 2px 9px #00000070\"><img loading=\"lazy\" decoding=\"async\" class=\"stk-img wp-image-838\" src=\"https:\/\/www.campinglesgranges.fr\/wp-content\/uploads\/2026\/04\/visite-tours-site_webformat.webp\" width=\"1000\" height=\"563\" alt=\"City tour of Tours: street art bike tour \" srcset=\"https:\/\/www.campinglesgranges.fr\/wp-content\/uploads\/2026\/04\/visite-tours-site_webformat.webp 1000w, https:\/\/www.campinglesgranges.fr\/wp-content\/uploads\/2026\/04\/visite-tours-site_webformat-300x169.webp 300w, https:\/\/www.campinglesgranges.fr\/wp-content\/uploads\/2026\/04\/visite-tours-site_webformat-768x432.webp 768w, https:\/\/www.campinglesgranges.fr\/wp-content\/uploads\/2026\/04\/visite-tours-site_webformat-18x10.webp 18w, https:\/\/www.campinglesgranges.fr\/wp-content\/uploads\/2026\/04\/visite-tours-site_webformat-500x282.webp 500w, https:\/\/www.campinglesgranges.fr\/wp-content\/uploads\/2026\/04\/visite-tours-site_webformat-800x450.webp 800w\" sizes=\"auto, (max-width: 1000px) 100vw, 1000px\" \/><\/span><\/figure><\/div>\n<\/div><\/div><\/div>\n\n\n\n<div class=\"wp-block-stackable-column stk-block-column stk-column stk-block stk-53ee707\" data-v=\"4\" data-block-id=\"53ee707\"><div class=\"stk-column-wrapper stk-block-column__content stk-container stk-53ee707-container stk--no-background stk--no-padding\"><div class=\"stk-block-content stk-inner-blocks stk-53ee707-inner-blocks\">\n<div class=\"wp-block-stackable-heading stk-block-heading stk-block-heading--v2 stk-block stk-a2d11e1\" id=\"decouvrez-tours-et-ses-environs-depuis-le-flower-camping-les-granges-a-luynes\" data-block-id=\"a2d11e1\"><style>.stk-a2d11e1 .stk-block-heading__text{color:var(--stk-global-color-70991, #fdd518) !important;}<\/style><h2 class=\"stk-block-heading__text has-text-color\">Discover Tours and the surrounding area from Flower Camping Les Granges in Luynes<\/h2><\/div>\n\n\n\n<div class=\"wp-block-stackable-text stk-block-text stk-block stk-27250a1\" data-block-id=\"27250a1\"><p class=\"stk-block-text__text translation-block\">Ideally located in Luynes, just a few minutes from Tours, Flower Camping Les Granges is the perfect starting point to discover the richness of the Loire Valley. Thanks to the cycle path that runs through the region and the direct bus service to Tours, you can easily explore the city and its surroundings, even without a car.<\/p><\/div>\n\n\n\n<div class=\"wp-block-stackable-heading stk-block-heading stk-block-heading--v2 stk-block stk-a7a0762\" id=\"tours-ville-historique-et-culturelle\" data-block-id=\"a7a0762\"><style>.stk-a7a0762 .stk-block-heading__text{color:var(--stk-global-color-70991, #fdd518) !important;}<\/style><h2 class=\"stk-block-heading__text has-text-color\">Tours, a historic and cultural city<\/h2><\/div>\n\n\n\n<p data-block-type=\"core\">Just 15 km from the campsite, Tours captivates with its historical and cultural heritage. Stroll through the city centre with its cobbled streets, half-timbered houses, and lively squares. Enjoy the local markets, traditional restaurants, and pavement caf\u00e9s to sample regional specialities. Art and history lovers will appreciate the museums, galleries, and iconic monuments of Tours, making every visit a unique experience.<\/p>\n\n\n\n<div class=\"wp-block-stackable-heading stk-block-heading stk-block-heading--v2 stk-block stk-25e0215\" id=\"a-velo-ou-en-transport-decouvrez-les-alentours\" data-block-id=\"25e0215\"><style>.stk-25e0215 .stk-block-heading__text{color:var(--stk-global-color-70991, #fdd518) !important;}<\/style><h2 class=\"stk-block-heading__text has-text-color\">By bike or by public transport: discover the surrounding area<\/h2><\/div>\n\n\n\n<p data-block-type=\"core\">The campsite is located on a secure network of cycle paths, perfect for cycling to the sights and landscapes of the Loire Valley. For those who prefer public transport, there is a regular bus service to Tours and the surrounding villages, providing convenient mobility for all your excursions.<\/p>\n<\/div><\/div><\/div>\n<\/div><\/div>\n\n\n\n<div class=\"wp-block-stackable-columns alignfull stk-block-columns stk-block stk-4f28c56 stk-block-background\" data-block-id=\"4f28c56\"><style>.stk-4f28c56 .stk--block-align-4f28c56{align-items:center !important;}.stk-4f28c56 {background-color:var(--stk-global-color-42219, #bce3f9) !important;border-top-left-radius:25px !important;border-top-right-radius:25px !important;border-bottom-right-radius:25px !important;border-bottom-left-radius:25px !important;overflow:hidden !important;box-shadow:2px 2px 10px 0px #0000004a !important;padding-top:var(--stk--preset--spacing--50, clamp(30px, 5vw, 50px)) !important;padding-bottom:var(--stk--preset--spacing--50, clamp(30px, 5vw, 50px)) !important;margin-bottom:var(--stk--preset--spacing--60, clamp(30px, 7vw, 70px)) !important;}.stk-4f28c56:before{background-color:var(--stk-global-color-42219, #bce3f9) !important;}.stk-4f28c56-column{max-width:1280px !important;min-width:auto !important;--stk-column-gap:var(--stk--preset--spacing--50, clamp(30px, 5vw, 50px)) !important;}<\/style><div class=\"stk-row stk-inner-blocks stk--block-align-4f28c56 stk-block-content stk-content-align stk-4f28c56-column alignwide\">\n<div class=\"wp-block-stackable-column stk-block-column stk-column stk-block stk-f63c99f\" data-v=\"4\" data-block-id=\"f63c99f\"><div class=\"stk-column-wrapper stk-block-column__content stk-container stk-f63c99f-container stk--no-background stk--no-padding\"><div class=\"stk-block-content stk-inner-blocks stk-f63c99f-inner-blocks\">\n<div class=\"wp-block-stackable-heading stk-block-heading stk-block-heading--v2 stk-block stk-8e69b13\" id=\"vignobles-et-gastronomie\" data-block-id=\"8e69b13\"><style>.stk-8e69b13 .stk-block-heading__text{color:var(--stk-global-color-35744, #115390) !important;}<\/style><h2 class=\"stk-block-heading__text has-text-color\">Wine and food<\/h2><\/div>\n\n\n\n<div class=\"wp-block-stackable-text stk-block-text stk-block stk-fa41cca\" data-block-id=\"fa41cca\"><p class=\"stk-block-text__text translation-block\">The region is also famous for its Vouvray and Montlouis <a href=\"https:\/\/www.campinglesgranges.fr\/en\/the-vineyards-of-the-loire-valley\/\" data-type=\"page\" data-id=\"241\" target=\"_self\">vineyards<\/a>. Meet local producers, taste renowned wines and enjoy the typical Loire Valley vineyard landscapes. The paths around the campsite allow for combining cycling, wine tasting, and picnics in the great outdoors.<\/p><\/div>\n\n\n\n<div class=\"wp-block-stackable-heading stk-block-heading stk-block-heading--v2 stk-block stk-a6401cb\" id=\"forteresse-de-montbazon-un-voyage-au-moyen-age\" data-block-id=\"a6401cb\"><style>.stk-a6401cb .stk-block-heading__text{color:var(--stk-global-color-35744, #115390) !important;}<\/style><h2 class=\"stk-block-heading__text has-text-color\">Montbazon fortress: a journey back to the Middle Ages<\/h2><\/div>\n\n\n\n<div class=\"wp-block-stackable-text stk-block-text stk-block stk-1a68e8e\" data-block-id=\"1a68e8e\"><p class=\"stk-block-text__text\">Just a few kilometres away, the fortress of Montbazon dominates the valley and tells the story of the region's medieval history. Accessible by car, bike or even on foot for the more athletic, it offers a fascinating immersion in the past with its towers, ramparts and historical exhibitions.<\/p><\/div>\n\n\n\n<div class=\"wp-block-stackable-heading stk-block-heading stk-block-heading--v2 stk-block stk-b3990ae\" id=\"un-sejour-confortable-au-flower-camping-les-granges\" data-block-id=\"b3990ae\"><style>.stk-b3990ae .stk-block-heading__text{color:var(--stk-global-color-35744, #115390) !important;}<\/style><h2 class=\"stk-block-heading__text has-text-color\">A comfortable stay at Flower Camping Les Granges<\/h2><\/div>\n\n\n\n<div class=\"wp-block-stackable-text stk-block-text stk-block stk-dfdb9f0\" data-block-id=\"dfdb9f0\"><p class=\"stk-block-text__text translation-block\">After your days of discovery, enjoy the comfort and conviviality of Flower Camping Les Granges. Make the most of spacious pitches, modern <a href=\"https:\/\/www.campinglesgranges.fr\/en\/mobile-home-rental-indre-et-loire\/\" data-type=\"page\" data-id=\"272\" target=\"_self\">mobile homes<\/a> and facilities suitable for the whole family. The peacefulness of the campsite, combined with its proximity to cycle paths and transport, allows you to blend relaxation and exploration.<\/p><\/div>\n<\/div><\/div><\/div>\n\n\n\n<div class=\"wp-block-stackable-column stk-block-column stk-column stk-block stk-80bd9da\" data-v=\"4\" data-block-id=\"80bd9da\"><div class=\"stk-column-wrapper stk-block-column__content stk-container stk-80bd9da-container stk--no-background stk--no-padding\"><div class=\"stk-block-content stk-inner-blocks stk-80bd9da-inner-blocks\">\n<div class=\"wp-block-stackable-image stk-block-image has-text-align-right stk-block stk-904e8bd\" data-block-id=\"904e8bd\"><style>.stk-904e8bd {margin-bottom:-40px !important;z-index:3 !important;}.stk-904e8bd .stk-img-wrapper{width:150px !important;}<\/style><figure><span class=\"stk-img-wrapper stk-image--shape-stretch\"><img loading=\"lazy\" decoding=\"async\" class=\"stk-img wp-image-143\" src=\"https:\/\/www.campinglesgranges.fr\/wp-content\/uploads\/2026\/03\/logo_camping-les-granges-3-1-1.png\" width=\"336\" height=\"286\" alt=\"logo camping les granges 3 1\" srcset=\"https:\/\/www.campinglesgranges.fr\/wp-content\/uploads\/2026\/03\/logo_camping-les-granges-3-1-1.png 336w, https:\/\/www.campinglesgranges.fr\/wp-content\/uploads\/2026\/03\/logo_camping-les-granges-3-1-1-300x255.png 300w\" sizes=\"auto, (max-width: 336px) 100vw, 336px\" \/><\/span><\/figure><\/div>\n\n\n\n<div class=\"wp-block-stackable-image stk-block-image stk-block stk-5333732\" data-block-id=\"5333732\"><style>.stk-5333732 .stk-img-wrapper{width:100% !important;height:650px !important;filter:drop-shadow(2px 2px 9px #00000070) !important;}.stk-5333732 .stk-img-wrapper img{border-radius:25px !important;}@media screen and (max-width: 767px){.stk-5333732 .stk-img-wrapper{height:400px !important;}}<\/style><figure><span class=\"stk-img-wrapper stk-image--shape-stretch stk--shadow-2px 2px 9px #00000070\"><img loading=\"lazy\" decoding=\"async\" class=\"stk-img wp-image-396\" src=\"https:\/\/www.campinglesgranges.fr\/wp-content\/uploads\/2026\/03\/20_visite-de-la-ville-de-tours-street-art-tours-a-velo_jean-christophe-coutand_2032-12-31_medium_webformat.webp\" width=\"1200\" height=\"1809\" alt=\"City tour of Tours bicycle street art tours near the campsite \" srcset=\"https:\/\/www.campinglesgranges.fr\/wp-content\/uploads\/2026\/03\/20_visite-de-la-ville-de-tours-street-art-tours-a-velo_jean-christophe-coutand_2032-12-31_medium_webformat.webp 1200w, https:\/\/www.campinglesgranges.fr\/wp-content\/uploads\/2026\/03\/20_visite-de-la-ville-de-tours-street-art-tours-a-velo_jean-christophe-coutand_2032-12-31_medium_webformat-199x300.webp 199w, https:\/\/www.campinglesgranges.fr\/wp-content\/uploads\/2026\/03\/20_visite-de-la-ville-de-tours-street-art-tours-a-velo_jean-christophe-coutand_2032-12-31_medium_webformat-679x1024.webp 679w, https:\/\/www.campinglesgranges.fr\/wp-content\/uploads\/2026\/03\/20_visite-de-la-ville-de-tours-street-art-tours-a-velo_jean-christophe-coutand_2032-12-31_medium_webformat-768x1158.webp 768w, https:\/\/www.campinglesgranges.fr\/wp-content\/uploads\/2026\/03\/20_visite-de-la-ville-de-tours-street-art-tours-a-velo_jean-christophe-coutand_2032-12-31_medium_webformat-1019x1536.webp 1019w, https:\/\/www.campinglesgranges.fr\/wp-content\/uploads\/2026\/03\/20_visite-de-la-ville-de-tours-street-art-tours-a-velo_jean-christophe-coutand_2032-12-31_medium_webformat-500x754.webp 500w, https:\/\/www.campinglesgranges.fr\/wp-content\/uploads\/2026\/03\/20_visite-de-la-ville-de-tours-street-art-tours-a-velo_jean-christophe-coutand_2032-12-31_medium_webformat-800x1206.webp 800w\" sizes=\"auto, (max-width: 1200px) 100vw, 1200px\" \/><\/span><\/figure><\/div>\n<\/div><\/div><\/div>\n<\/div><\/div>","protected":false},"excerpt":{"rendered":"<p>D\u00e9couvrez Tours et ses environs depuis le Flower Camping Les Granges \u00e0 Luynes Id\u00e9alement situ\u00e9 \u00e0 Luynes, \u00e0 seulement quelques minutes de Tours, le Flower Camping Les Granges est le point de d\u00e9part parfait pour d\u00e9couvrir la richesse de la vall\u00e9e de la Loire. Gr\u00e2ce \u00e0 la piste cyclable qui traverse la r\u00e9gion et \u00e0 [&hellip;]<\/p>\n","protected":false},"author":1,"featured_media":56,"parent":178,"menu_order":0,"comment_status":"closed","ping_status":"closed","template":"","meta":{"_acf_changed":false,"_seopress_robots_primary_cat":"","_seopress_titles_title":"Camping pr\u00e8s de Tours en Indre-et-Loire - Camping Les Granges","_seopress_titles_desc":"Choisissez un camping pr\u00e8s de Tours pour d\u00e9couvrir la ville, son patrimoine et ses animations, tout en profitant d\u2019un cadre paisible au Camping Les Granges.","_seopress_robots_index":"","_vp_format_video_url":"","_vp_image_focal_point":[],"footnotes":""},"class_list":["post-194","page","type-page","status-publish","has-post-thumbnail","hentry"],"acf":[],"_links":{"self":[{"href":"https:\/\/www.campinglesgranges.fr\/en\/wp-json\/wp\/v2\/pages\/194","targetHints":{"allow":["GET"]}}],"collection":[{"href":"https:\/\/www.campinglesgranges.fr\/en\/wp-json\/wp\/v2\/pages"}],"about":[{"href":"https:\/\/www.campinglesgranges.fr\/en\/wp-json\/wp\/v2\/types\/page"}],"author":[{"embeddable":true,"href":"https:\/\/www.campinglesgranges.fr\/en\/wp-json\/wp\/v2\/users\/1"}],"replies":[{"embeddable":true,"href":"https:\/\/www.campinglesgranges.fr\/en\/wp-json\/wp\/v2\/comments?post=194"}],"version-history":[{"count":6,"href":"https:\/\/www.campinglesgranges.fr\/en\/wp-json\/wp\/v2\/pages\/194\/revisions"}],"predecessor-version":[{"id":839,"href":"https:\/\/www.campinglesgranges.fr\/en\/wp-json\/wp\/v2\/pages\/194\/revisions\/839"}],"up":[{"embeddable":true,"href":"https:\/\/www.campinglesgranges.fr\/en\/wp-json\/wp\/v2\/pages\/178"}],"wp:featuredmedia":[{"embeddable":true,"href":"https:\/\/www.campinglesgranges.fr\/en\/wp-json\/wp\/v2\/media\/56"}],"wp:attachment":[{"href":"https:\/\/www.campinglesgranges.fr\/en\/wp-json\/wp\/v2\/media?parent=194"}],"curies":[{"name":"wp","href":"https:\/\/api.w.org\/{rel}","templated":true}]}}