{"id":174,"date":"2026-03-19T12:38:39","date_gmt":"2026-03-19T11:38:39","guid":{"rendered":"https:\/\/www.campinglesgranges.fr\/?page_id=174"},"modified":"2026-04-23T10:35:11","modified_gmt":"2026-04-23T08:35:11","slug":"good-addresses-for-markets-luynes","status":"publish","type":"page","link":"https:\/\/www.campinglesgranges.fr\/en\/marches-bonnes-adresses-luynes\/","title":{"rendered":"Markets &amp; good places to go in Luynes"},"content":{"rendered":"<div class=\"wp-block-stackable-columns alignfull stk-block-columns stk-block stk-dd23a22\" data-block-id=\"dd23a22\"><style>.stk-dd23a22 .stk--block-align-dd23a22{align-items:center !important;}.stk-dd23a22 {margin-bottom:var(--stk--preset--spacing--60, clamp(30px, 7vw, 70px)) !important;}.stk-dd23a22-column{max-width:1280px !important;min-width:auto !important;--stk-column-gap:var(--stk--preset--spacing--50, clamp(30px, 5vw, 50px)) !important;}@media screen and (max-width: 767px){.stk-dd23a22 {--stk-col-order-1:2 !important;--stk-col-order-2:1 !important;}}<\/style><div class=\"stk-row stk-inner-blocks stk--block-align-dd23a22 stk-block-content stk-content-align stk-dd23a22-column alignwide\">\n<div class=\"wp-block-stackable-column stk-block-column stk-column stk-block stk-836118b\" data-v=\"4\" data-block-id=\"836118b\"><div class=\"stk-column-wrapper stk-block-column__content stk-container stk-836118b-container stk--no-background stk--no-padding\"><div class=\"stk-block-content stk-inner-blocks stk-836118b-inner-blocks\">\n<div class=\"wp-block-stackable-image stk-block-image stk-block stk-f9d2a41\" data-block-id=\"f9d2a41\"><style>.stk-f9d2a41 .stk-img-wrapper{width:100% !important;height:322px !important;filter:drop-shadow(2px 2px 9px #00000070) !important;}.stk-f9d2a41 .stk-img-wrapper img{border-radius:25px !important;}<\/style><figure><span class=\"stk-img-wrapper stk-image--shape-stretch stk--shadow-2px 2px 9px #00000070\"><img loading=\"lazy\" decoding=\"async\" class=\"stk-img wp-image-468\" src=\"https:\/\/www.campinglesgranges.fr\/wp-content\/uploads\/2026\/03\/luynes_1663_credit_ddarrault_petitescitesdecaractere_webformat.webp\" width=\"800\" height=\"534\" alt=\"chateau de la loire - camping in the loire valley\" srcset=\"https:\/\/www.campinglesgranges.fr\/wp-content\/uploads\/2026\/03\/luynes_1663_credit_ddarrault_petitescitesdecaractere_webformat.webp 800w, https:\/\/www.campinglesgranges.fr\/wp-content\/uploads\/2026\/03\/luynes_1663_credit_ddarrault_petitescitesdecaractere_webformat-300x200.webp 300w, https:\/\/www.campinglesgranges.fr\/wp-content\/uploads\/2026\/03\/luynes_1663_credit_ddarrault_petitescitesdecaractere_webformat-768x513.webp 768w, https:\/\/www.campinglesgranges.fr\/wp-content\/uploads\/2026\/03\/luynes_1663_credit_ddarrault_petitescitesdecaractere_webformat-500x334.webp 500w\" sizes=\"auto, (max-width: 800px) 100vw, 800px\" \/><\/span><\/figure><\/div>\n<\/div><\/div><\/div>\n\n\n\n<div class=\"wp-block-stackable-column stk-block-column stk-column stk-block stk-53ee707\" data-v=\"4\" data-block-id=\"53ee707\"><div class=\"stk-column-wrapper stk-block-column__content stk-container stk-53ee707-container stk--no-background stk--no-padding\"><div class=\"stk-block-content stk-inner-blocks stk-53ee707-inner-blocks\">\n<div class=\"wp-block-stackable-text stk-block-text stk-block stk-27250a1\" data-block-id=\"27250a1\"><p class=\"stk-block-text__text\"><strong>Luynes Market<\/strong> Every Saturday morning under the market halls, 500m from the campsite.<br><strong>Langeais Market: <\/strong>Enjoy one of the most beautiful markets in Touraine every Sunday morning at the foot of its ch\u00e2teau.<br><strong>Amboise Market: <\/strong>Every Sunday morning, on the banks of the Loire. A market that is very busy all year round.<br><strong>Tour market: <\/strong>Discover the grand market of Tours every Wednesday morning, as well as its covered market located immediately next to old Tours!<\/p><\/div>\n<\/div><\/div><\/div>\n<\/div><\/div>\n\n\n\n<div class=\"wp-block-stackable-columns alignfull stk-block-columns stk-block stk-4f28c56 stk-block-background\" data-block-id=\"4f28c56\"><style>.stk-4f28c56 .stk--block-align-4f28c56{align-items:center !important;}.stk-4f28c56 {background-color:var(--stk-global-color-42219, #bce3f9) !important;border-top-left-radius:25px !important;border-top-right-radius:25px !important;border-bottom-right-radius:25px !important;border-bottom-left-radius:25px !important;overflow:hidden !important;box-shadow:2px 2px 10px 0px #0000004a !important;padding-top:var(--stk--preset--spacing--50, clamp(30px, 5vw, 50px)) !important;padding-bottom:var(--stk--preset--spacing--50, clamp(30px, 5vw, 50px)) !important;margin-bottom:var(--stk--preset--spacing--60, clamp(30px, 7vw, 70px)) !important;}.stk-4f28c56:before{background-color:var(--stk-global-color-42219, #bce3f9) !important;}.stk-4f28c56-column{max-width:1280px !important;min-width:auto !important;--stk-column-gap:var(--stk--preset--spacing--50, clamp(30px, 5vw, 50px)) !important;}<\/style><div class=\"stk-row stk-inner-blocks stk--block-align-4f28c56 stk-block-content stk-content-align stk-4f28c56-column alignwide\">\n<div class=\"wp-block-stackable-column stk-block-column stk-column stk-block stk-f63c99f\" data-v=\"4\" data-block-id=\"f63c99f\"><div class=\"stk-column-wrapper stk-block-column__content stk-container stk-f63c99f-container stk--no-background stk--no-padding\"><div class=\"stk-block-content stk-inner-blocks stk-f63c99f-inner-blocks\">\n<div class=\"wp-block-stackable-text stk-block-text stk-block stk-1a3269d\" data-block-id=\"1a3269d\"><p class=\"stk-block-text__text\">In Luynes, enjoy a wide range of restaurants to suit all budgets!<\/p><\/div>\n\n\n\n<div class=\"wp-block-stackable-text stk-block-text stk-block stk-3af6ef8\" data-block-id=\"3af6ef8\"><p class=\"stk-block-text__text\"><strong><em>At Marie-Louise's<br><\/em><\/strong>Cultural caf\u00e9 &amp; concept store<br>1 bis Place des Douves 37230 Luynes<br>02 47 49 05 62<br>chezmarielouise37@gmail.com<\/p><\/div>\n\n\n\n<div class=\"wp-block-stackable-text stk-block-text stk-block stk-b2853a8\" data-block-id=\"b2853a8\"><p class=\"stk-block-text__text\"><strong><em>Croquecafe<br><\/em><\/strong>Fast food<br>Z.A. Le Chapelet 37230 Luynes<br>02 47 55 57 83<br><br><em><strong>The Dream<br><\/strong><\/em>Pizzeria and Italian specialities<br>2 Place des Douves 37230 Luynes<br>02 47 21 99 28<br>www.il-sogno-restaurant-pizzeria-luynes.fr<\/p><\/div>\n\n\n\n<div class=\"wp-block-stackable-text stk-block-text stk-block stk-032d092\" data-block-id=\"032d092\"><p class=\"stk-block-text__text\"><strong><em>The Louis XIII<br><\/em><\/strong>Gastronomic restaurant at Ch\u00e2teau de Beauvois<br>Route de Beauvois 37230 Saint-\u00c9tienne-de-Chigny<br>02 47 55 50 11<br>beauvois@lamaisonyounan.com<br>www.beauvois.com<\/p><\/div>\n\n\n\n<div class=\"wp-block-stackable-text stk-block-text stk-block stk-281796e\" data-block-id=\"281796e\"><p class=\"stk-block-text__text\"><strong><em>The XII of Luynes<br><\/em><\/strong>Fine dining restaurant<br>12 Rue de la R\u00e9publique 37230 Luynes<br>02 47 26 07 41<br>contact@le-douze.com<br>www.le-douze.com<\/p><\/div>\n\n\n\n<div class=\"wp-block-stackable-text stk-block-text stk-block stk-339635a\" data-block-id=\"339635a\"><p class=\"stk-block-text__text\"><strong><em>\u00d4 D\u00e9lices<br><\/em><\/strong>Fast food<br>14 Avenue Charles Louis d\u2019Albert Duke of Luynes 37230 Luynes<br>02 19 26 35 51<br>www.odelicesluynes.fr<br><br><strong><em>O'fil de l'eau<br><\/em><\/strong>Snack Bar<br>Avenue du G\u00e9n\u00e9ral de Gaulle 37230 Luynes (in Les Thermes, Luynes outdoor pool)<br>09 71 00 10 17<\/p><\/div>\n\n\n\n<div class=\"wp-block-stackable-text stk-block-text stk-block stk-ca20e0d\" data-block-id=\"ca20e0d\"><p class=\"stk-block-text__text\"><strong><em>O'Saveurs des Halles<br><\/em><\/strong>Bistronomy<br>4 Rue des Halles 37230 Luynes<br>02 47 55 50 64<br>osaveursdeshalles@hotmail.com<br>www.osaveursdeshalles.fr<\/p><\/div>\n<\/div><\/div><\/div>\n\n\n\n<div class=\"wp-block-stackable-column stk-block-column stk-column stk-block stk-80bd9da\" data-v=\"4\" data-block-id=\"80bd9da\"><div class=\"stk-column-wrapper stk-block-column__content stk-container stk-80bd9da-container stk--no-background stk--no-padding\"><div class=\"stk-block-content stk-inner-blocks stk-80bd9da-inner-blocks\">\n<div class=\"wp-block-stackable-image stk-block-image has-text-align-right stk-block stk-904e8bd\" data-block-id=\"904e8bd\"><style>.stk-904e8bd {margin-bottom:-40px !important;z-index:3 !important;}.stk-904e8bd .stk-img-wrapper{width:150px !important;}<\/style><figure><span class=\"stk-img-wrapper stk-image--shape-stretch\"><img loading=\"lazy\" decoding=\"async\" class=\"stk-img wp-image-143\" src=\"https:\/\/www.campinglesgranges.fr\/wp-content\/uploads\/2026\/03\/logo_camping-les-granges-3-1-1.png\" width=\"336\" height=\"286\" alt=\"logo camping les granges 3 1\" srcset=\"https:\/\/www.campinglesgranges.fr\/wp-content\/uploads\/2026\/03\/logo_camping-les-granges-3-1-1.png 336w, https:\/\/www.campinglesgranges.fr\/wp-content\/uploads\/2026\/03\/logo_camping-les-granges-3-1-1-300x255.png 300w\" sizes=\"auto, (max-width: 336px) 100vw, 336px\" \/><\/span><\/figure><\/div>\n\n\n\n<div class=\"wp-block-stackable-image stk-block-image stk-block stk-5333732\" data-block-id=\"5333732\"><style>.stk-5333732 .stk-img-wrapper{width:100% !important;height:450px !important;filter:drop-shadow(2px 2px 9px #00000070) !important;}.stk-5333732 .stk-img-wrapper img{border-radius:25px !important;}@media screen and (max-width: 767px){.stk-5333732 .stk-img-wrapper{height:400px !important;}}<\/style><figure><span class=\"stk-img-wrapper stk-image--shape-stretch stk--shadow-2px 2px 9px #00000070\"><img loading=\"lazy\" decoding=\"async\" class=\"stk-img wp-image-466\" src=\"https:\/\/www.campinglesgranges.fr\/wp-content\/uploads\/2026\/03\/luynes_0015_credit_ddarrault_petitescitesdecaractere_webformat.webp\" width=\"800\" height=\"450\" alt=\"chateau de la loire - camping in the loire valley\" srcset=\"https:\/\/www.campinglesgranges.fr\/wp-content\/uploads\/2026\/03\/luynes_0015_credit_ddarrault_petitescitesdecaractere_webformat.webp 800w, https:\/\/www.campinglesgranges.fr\/wp-content\/uploads\/2026\/03\/luynes_0015_credit_ddarrault_petitescitesdecaractere_webformat-300x169.webp 300w, https:\/\/www.campinglesgranges.fr\/wp-content\/uploads\/2026\/03\/luynes_0015_credit_ddarrault_petitescitesdecaractere_webformat-768x432.webp 768w, https:\/\/www.campinglesgranges.fr\/wp-content\/uploads\/2026\/03\/luynes_0015_credit_ddarrault_petitescitesdecaractere_webformat-500x281.webp 500w\" sizes=\"auto, (max-width: 800px) 100vw, 800px\" \/><\/span><\/figure><\/div>\n\n\n\n<div class=\"wp-block-stackable-image stk-block-image stk-block stk-6dd9600\" data-block-id=\"6dd9600\"><style>.stk-6dd9600 .stk-img-wrapper{width:100% !important;height:390px !important;filter:drop-shadow(2px 2px 9px #00000070) !important;}.stk-6dd9600 .stk-img-wrapper img{border-radius:25px !important;}<\/style><figure><span class=\"stk-img-wrapper stk-image--shape-stretch stk--shadow-2px 2px 9px #00000070\"><img loading=\"lazy\" decoding=\"async\" class=\"stk-img wp-image-469\" src=\"https:\/\/www.campinglesgranges.fr\/wp-content\/uploads\/2026\/03\/luynes_1432_credit_ddarrault_petitescitesdecaractere_webformat.webp\" width=\"800\" height=\"534\" alt=\"chateau de la loire - camping in the loire valley\" srcset=\"https:\/\/www.campinglesgranges.fr\/wp-content\/uploads\/2026\/03\/luynes_1432_credit_ddarrault_petitescitesdecaractere_webformat.webp 800w, https:\/\/www.campinglesgranges.fr\/wp-content\/uploads\/2026\/03\/luynes_1432_credit_ddarrault_petitescitesdecaractere_webformat-300x200.webp 300w, https:\/\/www.campinglesgranges.fr\/wp-content\/uploads\/2026\/03\/luynes_1432_credit_ddarrault_petitescitesdecaractere_webformat-768x513.webp 768w, https:\/\/www.campinglesgranges.fr\/wp-content\/uploads\/2026\/03\/luynes_1432_credit_ddarrault_petitescitesdecaractere_webformat-500x334.webp 500w\" sizes=\"auto, (max-width: 800px) 100vw, 800px\" \/><\/span><\/figure><\/div>\n<\/div><\/div><\/div>\n<\/div><\/div>","protected":false},"excerpt":{"rendered":"<p>March\u00e9 de Luynes : chaque Samedi matin sous les halles \u00e0 500m du campingMarch\u00e9 de Langeais : Profitez de l\u2019un des plus beaux march\u00e9s de Touraine chaque dimanche matin au pied de son ch\u00e2teau.March\u00e9 d\u2019Amboise : Chaque dimanche matin, en bord de Loire. Un march\u00e9 tr\u00e8s fr\u00e9quent\u00e9 tout au long de l\u2019ann\u00e9e.March\u00e9 de tours : [&hellip;]<\/p>\n","protected":false},"author":1,"featured_media":56,"parent":0,"menu_order":0,"comment_status":"closed","ping_status":"closed","template":"","meta":{"_acf_changed":false,"_seopress_robots_primary_cat":"","_seopress_titles_title":"March\u00e9s et bonnes adresses \u00e0 Luynes - Camping Les Granges","_seopress_titles_desc":"Profitez de votre s\u00e9jour pour d\u00e9couvrir les march\u00e9s et bonnes adresses \u00e0 Luynes : produits locaux, commerces de proximit\u00e9 et id\u00e9es gourmandes en Touraine.","_seopress_robots_index":"","_vp_format_video_url":"","_vp_image_focal_point":[],"footnotes":""},"class_list":["post-174","page","type-page","status-publish","has-post-thumbnail","hentry"],"acf":[],"_links":{"self":[{"href":"https:\/\/www.campinglesgranges.fr\/en\/wp-json\/wp\/v2\/pages\/174","targetHints":{"allow":["GET"]}}],"collection":[{"href":"https:\/\/www.campinglesgranges.fr\/en\/wp-json\/wp\/v2\/pages"}],"about":[{"href":"https:\/\/www.campinglesgranges.fr\/en\/wp-json\/wp\/v2\/types\/page"}],"author":[{"embeddable":true,"href":"https:\/\/www.campinglesgranges.fr\/en\/wp-json\/wp\/v2\/users\/1"}],"replies":[{"embeddable":true,"href":"https:\/\/www.campinglesgranges.fr\/en\/wp-json\/wp\/v2\/comments?post=174"}],"version-history":[{"count":3,"href":"https:\/\/www.campinglesgranges.fr\/en\/wp-json\/wp\/v2\/pages\/174\/revisions"}],"predecessor-version":[{"id":694,"href":"https:\/\/www.campinglesgranges.fr\/en\/wp-json\/wp\/v2\/pages\/174\/revisions\/694"}],"wp:featuredmedia":[{"embeddable":true,"href":"https:\/\/www.campinglesgranges.fr\/en\/wp-json\/wp\/v2\/media\/56"}],"wp:attachment":[{"href":"https:\/\/www.campinglesgranges.fr\/en\/wp-json\/wp\/v2\/media?parent=174"}],"curies":[{"name":"wp","href":"https:\/\/api.w.org\/{rel}","templated":true}]}}