{"id":126,"date":"2026-03-19T11:43:12","date_gmt":"2026-03-19T10:43:12","guid":{"rendered":"https:\/\/www.campinglesgranges.fr\/?page_id=126"},"modified":"2026-04-23T10:37:54","modified_gmt":"2026-04-23T08:37:54","slug":"commitments-and-values","status":"publish","type":"page","link":"https:\/\/www.campinglesgranges.fr\/en\/engagements-et-valeurs\/","title":{"rendered":"Our commitments and values"},"content":{"rendered":"<div class=\"wp-block-stackable-columns alignfull stk-block-columns stk-block stk-dd23a22\" data-block-id=\"dd23a22\"><style>.stk-dd23a22 .stk--block-align-dd23a22{align-items:center !important;}.stk-dd23a22 {margin-bottom:var(--stk--preset--spacing--60, clamp(30px, 7vw, 70px)) !important;}.stk-dd23a22-column{max-width:1280px !important;min-width:auto !important;--stk-column-gap:var(--stk--preset--spacing--50, clamp(30px, 5vw, 50px)) !important;}<\/style><div class=\"stk-row stk-inner-blocks stk--block-align-dd23a22 stk-block-content stk-content-align stk-dd23a22-column alignwide\">\n<div class=\"wp-block-stackable-column stk-block-column stk-column stk-block stk-836118b\" data-v=\"4\" data-block-id=\"836118b\"><div class=\"stk-column-wrapper stk-block-column__content stk-container stk-836118b-container stk--no-background stk--no-padding\"><div class=\"stk-block-content stk-inner-blocks stk-836118b-inner-blocks\">\n<div class=\"wp-block-stackable-image stk-block-image stk-block stk-f9d2a41\" data-block-id=\"f9d2a41\"><style>.stk-f9d2a41 .stk-img-wrapper{width:516px !important;height:350px !important;filter:drop-shadow(2px 2px 9px #00000070) !important;}.stk-f9d2a41 .stk-img-wrapper img{border-radius:25px !important;}<\/style><figure><span class=\"stk-img-wrapper stk-image--shape-stretch stk--shadow-2px 2px 9px #00000070\"><img loading=\"lazy\" decoding=\"async\" class=\"stk-img wp-image-305\" src=\"https:\/\/www.campinglesgranges.fr\/wp-content\/uploads\/2026\/03\/img_4223-1_webformat.webp\" width=\"378\" height=\"347\" alt=\"chateau de la loire - camping in the loire valley\" srcset=\"https:\/\/www.campinglesgranges.fr\/wp-content\/uploads\/2026\/03\/img_4223-1_webformat.webp 378w, https:\/\/www.campinglesgranges.fr\/wp-content\/uploads\/2026\/03\/img_4223-1_webformat-300x275.webp 300w\" sizes=\"auto, (max-width: 378px) 100vw, 378px\" \/><\/span><\/figure><\/div>\n<\/div><\/div><\/div>\n\n\n\n<div class=\"wp-block-stackable-column stk-block-column stk-column stk-block stk-53ee707\" data-v=\"4\" data-block-id=\"53ee707\"><div class=\"stk-column-wrapper stk-block-column__content stk-container stk-53ee707-container stk--no-background stk--no-padding\"><div class=\"stk-block-content stk-inner-blocks stk-53ee707-inner-blocks\">\n<div class=\"wp-block-stackable-image stk-block-image has-text-align-right stk-block stk-08ce1bb\" data-block-id=\"08ce1bb\"><style>.stk-08ce1bb {margin-top:var(--stk--preset--spacing--none, 0px) !important;margin-bottom:-42px !important;}.stk-08ce1bb .stk-img-wrapper{width:100px !important;}@media screen and (max-width: 767px){.stk-08ce1bb {margin-bottom:var(--stk--preset--spacing--20, 10px) !important;}}<\/style><figure><span class=\"stk-img-wrapper stk-image--shape-stretch\"><img loading=\"lazy\" decoding=\"async\" class=\"stk-img wp-image-143\" src=\"https:\/\/www.campinglesgranges.fr\/wp-content\/uploads\/2026\/03\/logo_camping-les-granges-3-1-1.png\" width=\"336\" height=\"286\" alt=\"flowers\" srcset=\"https:\/\/www.campinglesgranges.fr\/wp-content\/uploads\/2026\/03\/logo_camping-les-granges-3-1-1.png 336w, https:\/\/www.campinglesgranges.fr\/wp-content\/uploads\/2026\/03\/logo_camping-les-granges-3-1-1-300x255.png 300w\" sizes=\"auto, (max-width: 336px) 100vw, 336px\" \/><\/span><\/figure><\/div>\n\n\n\n<div class=\"wp-block-stackable-heading stk-block-heading stk-block-heading--v2 stk-block stk-a2d11e1\" id=\"un-camping-calme-et-familial\" data-block-id=\"a2d11e1\"><style>.stk-a2d11e1 .stk-block-heading__text{color:var(--stk-global-color-70991, #fdd518) !important;}<\/style><h2 class=\"stk-block-heading__text has-text-color\">A quiet, family-friendly campsite<\/h2><\/div>\n\n\n\n<div class=\"wp-block-stackable-text stk-block-text stk-block stk-27250a1\" data-block-id=\"27250a1\"><p class=\"stk-block-text__text\">Because we believe that holidays should be holidays \u2013 a time for discovery, reconnecting, and relaxation \u2013 for children AND parents alike! We therefore offer <strong>Family activities<\/strong>, evenings until 10:00 PM in summer and <strong>Quiet nights<\/strong> with no vehicle movement or night lighting.<br><br>Because our <strong>Camping is on a human scale<\/strong>, Our small team welcomes you with joy and good humour. We will always listen to you and try our best to satisfy you, whilst upholding our values.<\/p><\/div>\n<\/div><\/div><\/div>\n<\/div><\/div>","protected":false},"excerpt":{"rendered":"<p>Un camping calme et familial Parce ce que nous consid\u00e9rons que les vacances doivent \u00eatre des vacances \u2013 un moment de d\u00e9couverte, de retrouvailles et de repos &#8211; pour les enfants ET pour les parents ! Nous proposons donc des activit\u00e9s pour toute la famille, des soir\u00e9es jusqu\u2019\u00e0 22h00 en \u00e9t\u00e9 et des nuits calmes [&hellip;]<\/p>\n","protected":false},"author":1,"featured_media":56,"parent":0,"menu_order":0,"comment_status":"closed","ping_status":"closed","template":"","meta":{"_acf_changed":false,"_seopress_robots_primary_cat":"","_seopress_titles_title":"Nos engagements et valeurs - Camping Les Granges","_seopress_titles_desc":"D\u00e9couvrez les engagements et valeurs du Camping Les Granges : accueil, authenticit\u00e9, convivialit\u00e9, respect de l\u2019environnement et qualit\u00e9 de s\u00e9jour en Touraine.","_seopress_robots_index":"","_vp_format_video_url":"","_vp_image_focal_point":[],"footnotes":""},"class_list":["post-126","page","type-page","status-publish","has-post-thumbnail","hentry"],"acf":[],"_links":{"self":[{"href":"https:\/\/www.campinglesgranges.fr\/en\/wp-json\/wp\/v2\/pages\/126","targetHints":{"allow":["GET"]}}],"collection":[{"href":"https:\/\/www.campinglesgranges.fr\/en\/wp-json\/wp\/v2\/pages"}],"about":[{"href":"https:\/\/www.campinglesgranges.fr\/en\/wp-json\/wp\/v2\/types\/page"}],"author":[{"embeddable":true,"href":"https:\/\/www.campinglesgranges.fr\/en\/wp-json\/wp\/v2\/users\/1"}],"replies":[{"embeddable":true,"href":"https:\/\/www.campinglesgranges.fr\/en\/wp-json\/wp\/v2\/comments?post=126"}],"version-history":[{"count":11,"href":"https:\/\/www.campinglesgranges.fr\/en\/wp-json\/wp\/v2\/pages\/126\/revisions"}],"predecessor-version":[{"id":891,"href":"https:\/\/www.campinglesgranges.fr\/en\/wp-json\/wp\/v2\/pages\/126\/revisions\/891"}],"wp:featuredmedia":[{"embeddable":true,"href":"https:\/\/www.campinglesgranges.fr\/en\/wp-json\/wp\/v2\/media\/56"}],"wp:attachment":[{"href":"https:\/\/www.campinglesgranges.fr\/en\/wp-json\/wp\/v2\/media?parent=126"}],"curies":[{"name":"wp","href":"https:\/\/api.w.org\/{rel}","templated":true}]}}