{"id":370,"date":"2026-03-25T16:48:34","date_gmt":"2026-03-25T15:48:34","guid":{"rendered":"https:\/\/www.campinglesgranges.fr\/?page_id=370"},"modified":"2026-04-13T16:47:02","modified_gmt":"2026-04-13T14:47:02","slug":"impressum","status":"publish","type":"page","link":"https:\/\/www.campinglesgranges.fr\/de\/mentions-legales\/","title":{"rendered":"Impressum"},"content":{"rendered":"<div class=\"wp-block-stackable-columns stk-block-columns stk-block stk-80eb86c\" data-block-id=\"80eb86c\"><div class=\"stk-row stk-inner-blocks stk-block-content stk-content-align stk-80eb86c-column\">\n<div class=\"wp-block-stackable-column stk-block-column stk-column stk-block stk-f4778c5\" data-v=\"4\" data-block-id=\"f4778c5\"><div class=\"stk-column-wrapper stk-block-column__content stk-container stk-f4778c5-container stk--no-background stk--no-padding\"><div class=\"stk-block-content stk-inner-blocks stk-f4778c5-inner-blocks\">\n<div class=\"wp-block-stackable-text stk-block-text stk-block stk-240b36a\" data-block-id=\"240b36a\"><p class=\"stk-block-text__text\"><strong>Wer sind wir?<br><\/strong>Herausgeber<br>Camping Les Granges ***<\/p><\/div>\n\n\n\n<div class=\"wp-block-stackable-text stk-block-text stk-block stk-034dfd6\" data-block-id=\"034dfd6\"><p class=\"stk-block-text__text\">Avenue de l\u2019Europe<br>37230 LUYNES<br>Tel: 02 47 55 79 05<br>Fax: 02 47 40 92 43<br>E-Mail: reception@campinglesgranges.fr<\/p><\/div>\n\n\n\n<p data-block-type=\"core\">Firmenname: GRANGES 37, vereinfachte Aktiengesellschaft<br>Stammkapital: 7.622,45 \u20ac<br>Siret: 432 705 838 00030<br>Code APE : 5530Z<br>RCS: Tours B 432 705 838<br>Umsatzsteuer Identifikationsnummer innerhalb der Gemeinschaft: FR88432705838<\/p>\n\n\n\n<div class=\"wp-block-stackable-text stk-block-text stk-block stk-84bd8e0\" data-block-id=\"84bd8e0\"><p class=\"stk-block-text__text\">Verleger<br><\/p><\/div>\n<\/div><\/div><\/div>\n\n\n\n<div class=\"wp-block-stackable-column stk-block-column stk-column stk-block stk-1acd036\" data-v=\"4\" data-block-id=\"1acd036\"><div class=\"stk-column-wrapper stk-block-column__content stk-container stk-1acd036-container stk--no-background stk--no-padding\"><div class=\"stk-block-content stk-inner-blocks stk-1acd036-inner-blocks\">\n<div class=\"wp-block-stackable-text stk-block-text stk-block stk-c3c4a3b\" data-block-id=\"c3c4a3b\"><p class=\"stk-block-text__text\"><strong>Technische und grafische Umsetzung:<br><\/strong>SEV \/ Ouest-Communication.com<\/p><\/div>\n\n\n\n<p data-block-type=\"core\">123 Bd Louis Blanc, Halle 2<br>85000 La Roche sur Yon<br>Tel.: 02 51 20 30 40<br>E-Mail : <a href=\"mailto:contact@ouest-communication.com\">contact@ouest-communication.com<\/a><br>Internetseite <a href=\"https:\/\/www.ouest-communication.com\/\">https:\/\/www.ouest-communication.com\/<\/a><\/p>\n\n\n\n<p data-block-type=\"core\"><strong>Webhosting<br><\/strong>O2 Wechsel<\/p>\n<\/div><\/div><\/div>\n<\/div><\/div>\n\n\n\n<p data-block-type=\"core\">Verwendung der erhobenen personenbezogenen Daten<br>Ihre pers\u00f6nlichen Daten werden ausschlie\u00dflich im Rahmen der Gesch\u00e4ftsbeziehung zwischen Ihnen und dem Herausgeber \u00abCAMPING LES GRANGES ***\u00bb verwendet.<\/p>\n\n\n\n<p data-block-type=\"core\">Sofern Sie nicht ausdr\u00fccklich zustimmen, werden Ihre Daten nicht an Dritte weitergegeben.<\/p>\n\n\n\n<p data-block-type=\"core\">Kontaktformulare<br>Die \u00fcber die Formulare erhobenen Informationen werden im Rahmen einer Informationsanfrage und der daraus resultierenden Gesch\u00e4ftsbeziehung in einer Computerdatei gespeichert. Sie k\u00f6nnen Ihr Recht auf Zugang zu Ihren pers\u00f6nlichen Daten aus\u00fcben, indem Sie das daf\u00fcr vorgesehene Formular verwenden.<\/p>\n\n\n\n<p data-block-type=\"core\">Kekse<br>Wenn Sie einen Kommentar auf unserer Website hinterlassen, wird angeboten, Ihren Namen, Ihre E-Mail-Adresse und Ihre Website in Cookies zu speichern. Dies dient nur Ihrem Komfort, damit Sie diese Informationen nicht erneut eingeben m\u00fcssen, wenn Sie sp\u00e4ter einen weiteren Kommentar hinterlassen. Diese Cookies verfallen nach einem Jahr.<\/p>\n\n\n\n<p data-block-type=\"core\">Wenn Sie ein Konto haben und sich auf dieser Website anmelden, wird ein tempor\u00e4rer Cookie erstellt, um zu ermitteln, ob Ihr Browser Cookies akzeptiert. Er enth\u00e4lt keine pers\u00f6nlichen Daten und wird automatisch gel\u00f6scht, wenn Sie Ihren Browser schlie\u00dfen.<\/p>\n\n\n\n<p data-block-type=\"core\">Zu statistischen Zwecken nutzt diese Website Cookies, die dazu dienen, Informationen \u00fcber die von Ihnen besuchten Seiten zu sammeln. Sie speichern insbesondere anonyme Informationen \u00fcber Ihren geografischen Standort, Ihren Browser usw.<\/p>\n\n\n\n<p data-block-type=\"core\">Medien<br>Wenn Sie ein registrierter Nutzer sind und Bilder auf die Website hochladen, empfehlen wir Ihnen, keine Bilder mit EXIF-GPS-Koordinatendaten hochzuladen. Besucher Ihrer Website k\u00f6nnen Standortdaten von diesen Bildern herunterladen und extrahieren.<\/p>\n\n\n\n<p data-block-type=\"core\">Eingebettete Inhalte von anderen Websites<br>Die Artikel auf dieser Website k\u00f6nnen eingebettete Inhalte (z. B. Videos, Bilder, Artikel usw.) enthalten. Eingebettete Inhalte von anderen Websites verhalten sich so, als ob der Besucher diese andere Website besuchen w\u00fcrde.<\/p>\n\n\n\n<p data-block-type=\"core\">Diese Webseiten k\u00f6nnten Daten \u00fcber Sie sammeln, Cookies verwenden, Dienste von Drittanbietern einbetten und Ihre Interaktionen mit diesen eingebetteten Inhalten verfolgen, wenn Sie \u00fcber ein angemeldetes Konto auf ihrer Webseite verf\u00fcgen.<\/p>\n\n\n\n<p data-block-type=\"core\">Speicherdauer Ihrer Daten<br>Wenn Sie einen Kommentar hinterlassen, werden der Kommentar und seine Metadaten unbegrenzt gespeichert. So k\u00f6nnen nachfolgende Kommentare automatisch erkannt und genehmigt werden, anstatt sie in der Moderationswarteschlange zu belassen.<\/p>\n\n\n\n<p data-block-type=\"core\">F\u00fcr Nutzerinnen und Nutzer, die sich auf unserer Website registrieren (sofern dies m\u00f6glich ist), speichern wir auch die in ihrem Profil angegebenen pers\u00f6nlichen Daten. Alle Nutzerinnen und Nutzer k\u00f6nnen ihre pers\u00f6nlichen Daten jederzeit einsehen, \u00e4ndern oder l\u00f6schen (mit Ausnahme ihres Benutzernamens). Website-Administratoren k\u00f6nnen diese Informationen ebenfalls einsehen und \u00e4ndern.<\/p>\n\n\n\n<p data-block-type=\"core\">Die Rechte, die Sie an Ihren Daten haben<br>Wenn Sie ein Konto haben oder Kommentare auf der Website hinterlassen haben, k\u00f6nnen Sie eine Datei mit allen pers\u00f6nlichen Daten anfordern, die wir \u00fcber Sie gespeichert haben, einschlie\u00dflich der Daten, die Sie uns zur Verf\u00fcgung gestellt haben. Sie k\u00f6nnen auch die L\u00f6schung Ihrer pers\u00f6nlichen Daten beantragen. Dies gilt nicht f\u00fcr Daten, die zu administrativen, rechtlichen oder Sicherheitszwecken gespeichert werden.<\/p>\n\n\n\n<div class=\"wp-block-stackable-text stk-block-text stk-block stk-b992638\" data-block-id=\"b992638\"><style>.stk-b992638 {margin-bottom:var(--stk--preset--spacing--50, clamp(30px, 5vw, 50px)) !important;}<\/style><p class=\"stk-block-text__text\">Bildnachweis:<br>A. Verger \u2013 CRT Centre-Val de Loire<br>T. Somerset \u2013 K\u00f6nigliches Schloss Blois<br>Les Coflocs<br>Frederic Paillet<br>E Matha<br>D. Darrault \u2013 Petites Cit\u00e9s de Caract\u00e8re\u00ae<br>Erwan Fiquet<br>V. Treney \u2013 CRT Centre-Val de Loire<br>D. Darrault \u2013 CRT Centre-Val de Loire<\/p><\/div>","protected":false},"excerpt":{"rendered":"<p>Qui sommes-nous ?\u00c9diteurCAMPING LES GRANGES *** Avenue de l\u2019Europe37230 LUYNEST\u00e9l : 02 47 55 79 05Fax : 02 47 40 92 43Email : reception@campinglesgranges.fr Raison sociale : GRANGES 37, soci\u00e9t\u00e9 par actions simplifi\u00e9esCapital social : 7 622,45 \u20acSiret : 432 705 838 00030Code APE : 5530ZRCS : Tours B 432 705 838TVA intracommunautaire : FR88432705838 [&hellip;]<\/p>\n","protected":false},"author":1,"featured_media":56,"parent":0,"menu_order":0,"comment_status":"closed","ping_status":"closed","template":"","meta":{"_acf_changed":false,"_seopress_robots_primary_cat":"","_seopress_titles_title":"Mentions L\u00e9gales | Camping Les Granges (Indre-et-Loire)","_seopress_titles_desc":"Consultez les mentions l\u00e9gales et les conditions d'utilisation du site officiel du Camping Les Granges, \u00e9tablissement 3 \u00e9toiles situ\u00e9 \u00e0 Luynes (37).","_seopress_robots_index":"","_vp_format_video_url":"","_vp_image_focal_point":[],"footnotes":""},"class_list":["post-370","page","type-page","status-publish","has-post-thumbnail","hentry"],"acf":[],"_links":{"self":[{"href":"https:\/\/www.campinglesgranges.fr\/de\/wp-json\/wp\/v2\/pages\/370","targetHints":{"allow":["GET"]}}],"collection":[{"href":"https:\/\/www.campinglesgranges.fr\/de\/wp-json\/wp\/v2\/pages"}],"about":[{"href":"https:\/\/www.campinglesgranges.fr\/de\/wp-json\/wp\/v2\/types\/page"}],"author":[{"embeddable":true,"href":"https:\/\/www.campinglesgranges.fr\/de\/wp-json\/wp\/v2\/users\/1"}],"replies":[{"embeddable":true,"href":"https:\/\/www.campinglesgranges.fr\/de\/wp-json\/wp\/v2\/comments?post=370"}],"version-history":[{"count":7,"href":"https:\/\/www.campinglesgranges.fr\/de\/wp-json\/wp\/v2\/pages\/370\/revisions"}],"predecessor-version":[{"id":812,"href":"https:\/\/www.campinglesgranges.fr\/de\/wp-json\/wp\/v2\/pages\/370\/revisions\/812"}],"wp:featuredmedia":[{"embeddable":true,"href":"https:\/\/www.campinglesgranges.fr\/de\/wp-json\/wp\/v2\/media\/56"}],"wp:attachment":[{"href":"https:\/\/www.campinglesgranges.fr\/de\/wp-json\/wp\/v2\/media?parent=370"}],"curies":[{"name":"wp","href":"https:\/\/api.w.org\/{rel}","templated":true}]}}