{"id":29,"date":"2026-03-10T14:55:59","date_gmt":"2026-03-10T13:55:59","guid":{"rendered":"https:\/\/www.campinglesgranges.fr\/?page_id=29"},"modified":"2026-03-27T12:11:39","modified_gmt":"2026-03-27T11:11:39","slug":"plan-du-site","status":"publish","type":"page","link":"https:\/\/www.campinglesgranges.fr\/de\/plan-du-site\/","title":{"rendered":"Website-Karte"},"content":{"rendered":"<div class=\"wp-block-wpseopress-sitemap\"><div class=\"wrap-html-sitemap sp-html-sitemap\"><div class=\"sp-wrap-cpt\"><h2 class=\"sp-cpt-name\">Beitr\u00e4ge<\/h2><\/div><div class=\"sp-wrap-cpt\"><h2 class=\"sp-cpt-name\">Seiten<\/h2><ul class=\"sp-list-posts sp-cpt-hierarchical\"><li class=\"page_item page-item-942\"><a href=\"https:\/\/www.campinglesgranges.fr\/de\/politique-de-cookies-ue\/\">Cookie-Richtlinie (EU)<\/a><\/li><li class=\"page_item page-item-943\"><a href=\"https:\/\/www.campinglesgranges.fr\/de\/declaration-de-confidentialite-ue\/\">D\u00e9claration de confidentialit\u00e9 (UE)<\/a><\/li><li class=\"page_item page-item-901\"><a href=\"https:\/\/www.campinglesgranges.fr\/de\/garantie-meteo-flower-camping\/\">Wettergarantie \u2013 Flower Camping<\/a><\/li><li class=\"page_item page-item-799\"><a href=\"https:\/\/www.campinglesgranges.fr\/de\/activites-loisirs-indre-et-loire\/\">Camping avec activit\u00e9s et loisirs Indre-et-Loire<\/a><\/li><li class=\"page_item page-item-790\"><a href=\"https:\/\/www.campinglesgranges.fr\/de\/foire-aux-questions\/\">H\u00e4ufig gestellte Fragen<\/a><\/li><li class=\"page_item page-item-530\"><a href=\"https:\/\/www.campinglesgranges.fr\/de\/location-emplacement-indre-et-loire\/\">Standort Luynes in der N\u00e4he von Tours<\/a><\/li><li class=\"page_item page-item-370\"><a href=\"https:\/\/www.campinglesgranges.fr\/de\/mentions-legales\/\">Impressum<\/a><\/li><li class=\"page_item page-item-335\"><a href=\"https:\/\/www.campinglesgranges.fr\/de\/telechargements\/\">Downloads<\/a><\/li><li class=\"page_item page-item-329\"><a href=\"https:\/\/www.campinglesgranges.fr\/de\/avis-clients\/\">Kundenbewertungen<\/a><\/li><li class=\"page_item page-item-281\"><a href=\"https:\/\/www.campinglesgranges.fr\/de\/paiement-en-4x-floa\/\">Zahlung in 4 Raten FLOA<\/a><\/li><li class=\"page_item page-item-276\"><a href=\"https:\/\/www.campinglesgranges.fr\/de\/assurance-annulation-campez-couvert\/\">Reiser\u00fccktrittsversicherung Campez Couvert<\/a><\/li><li class=\"page_item page-item-272\"><a href=\"https:\/\/www.campinglesgranges.fr\/de\/location-mobil-home-indre-et-loire\/\">Die Unterk\u00fcnfte des Campingplatzes in Luynes<\/a><\/li><li class=\"page_item page-item-258\"><a href=\"https:\/\/www.campinglesgranges.fr\/de\/acces-contact\/\">Zugang \/ Kontakt<\/a><\/li><li class=\"page_item page-item-190\"><a href=\"https:\/\/www.campinglesgranges.fr\/de\/cote-loisirs\/\">Freizeitaktivit\u00e4ten in der Touraine<\/a><ul class='children'><li class=\"page_item page-item-253\"><a href=\"https:\/\/www.campinglesgranges.fr\/de\/cote-loisirs\/le-futuroscope\/\">Camping 3* in der N\u00e4he des Futuroscope<\/a><\/li><li class=\"page_item page-item-249\"><a href=\"https:\/\/www.campinglesgranges.fr\/de\/cote-loisirs\/zoos\/\">Zoos in der N\u00e4he von Luynes: Vollst\u00e4ndiger Leitfaden f\u00fcr Ihre Familienausfl\u00fcge vom Flower Camping Les Granges<\/a><\/li><\/ul><\/li><li class=\"page_item page-item-186\"><a href=\"https:\/\/www.campinglesgranges.fr\/de\/cote-nature\/\">Gr\u00fcne Natur rund um Luynes<\/a><ul class='children'><li class=\"page_item page-item-245\"><a href=\"https:\/\/www.campinglesgranges.fr\/de\/cote-nature\/les-coins-de-peche\/\">Angelpl\u00e4tze<\/a><\/li><li class=\"page_item page-item-241\"><a href=\"https:\/\/www.campinglesgranges.fr\/de\/cote-nature\/les-vignobles-du-val-de-loire\/\">Die Weinberge des Loiretals<\/a><\/li><li class=\"page_item page-item-237\"><a href=\"https:\/\/www.campinglesgranges.fr\/de\/cote-nature\/pistes-cyclables-balades-luynes\/\">Radwege und Ausfl\u00fcge rund um den Campingplatz Les Granges in Luynes<\/a><\/li><\/ul><\/li><li class=\"page_item page-item-182\"><a href=\"https:\/\/www.campinglesgranges.fr\/de\/cote-chateaux\/\">Schlosspark<\/a><ul class='children'><li class=\"page_item page-item-233\"><a href=\"https:\/\/www.campinglesgranges.fr\/de\/cote-chateaux\/le-chateau-de-rigny-usse\/\">Schloss Rigny-Uss\u00e9<\/a><\/li><li class=\"page_item page-item-229\"><a href=\"https:\/\/www.campinglesgranges.fr\/de\/cote-chateaux\/le-chateau-de-villandry\/\">Schloss Villandry<\/a><\/li><li class=\"page_item page-item-224\"><a href=\"https:\/\/www.campinglesgranges.fr\/de\/cote-chateaux\/le-chateau-de-langeais\/\">Schloss Langeais<\/a><\/li><li class=\"page_item page-item-220\"><a href=\"https:\/\/www.campinglesgranges.fr\/de\/cote-chateaux\/le-chateau-de-chenonceau\/\">Das Schloss Chenonceau<\/a><\/li><li class=\"page_item page-item-216\"><a href=\"https:\/\/www.campinglesgranges.fr\/de\/cote-chateaux\/le-chateau-dazay-le-rideau\/\">Schloss Azay-le-Rideau<\/a><\/li><\/ul><\/li><li class=\"page_item page-item-178\"><a href=\"https:\/\/www.campinglesgranges.fr\/de\/cote-ville\/\">St\u00e4dte an der Loire<\/a><ul class='children'><li class=\"page_item page-item-212\"><a href=\"https:\/\/www.campinglesgranges.fr\/de\/cote-ville\/saumur\/\">D\u00e9couvrez Saumur, joyau de la Vall\u00e9e de la Loire<\/a><\/li><li class=\"page_item page-item-208\"><a href=\"https:\/\/www.campinglesgranges.fr\/de\/cote-ville\/blois\/\">Visiter Blois depuis le camping Les Granges de Luynes<\/a><\/li><li class=\"page_item page-item-203\"><a href=\"https:\/\/www.campinglesgranges.fr\/de\/cote-ville\/chinon\/\">D\u00e9couvrez Chinon depuis le Flower Camping Les Granges<\/a><\/li><li class=\"page_item page-item-199\"><a href=\"https:\/\/www.campinglesgranges.fr\/de\/cote-ville\/amboise\/\">Besuchen Sie Amboise und seine Sehensw\u00fcrdigkeiten vom Flower Camping Les Granges aus<\/a><\/li><li class=\"page_item page-item-194\"><a href=\"https:\/\/www.campinglesgranges.fr\/de\/cote-ville\/camping-tours\/\">Camping 10 km von Tours<\/a><\/li><\/ul><\/li><li class=\"page_item page-item-174\"><a href=\"https:\/\/www.campinglesgranges.fr\/de\/marches-bonnes-adresses-luynes\/\">M\u00e4rkte &amp; gute Adressen in Luynes<\/a><\/li><li class=\"page_item page-item-170\"><a href=\"https:\/\/www.campinglesgranges.fr\/de\/camping-a-luynes\/\">Camping im Herzen von Luynes<\/a><\/li><li class=\"page_item page-item-165\"><a href=\"https:\/\/www.campinglesgranges.fr\/de\/camping-piscine-indre-et-loire\/\">Camping mit Pool in Tours in der Region Pays de la Loire<\/a><\/li><li class=\"page_item page-item-149\"><a href=\"https:\/\/www.campinglesgranges.fr\/de\/camping-services-indre-et-loire\/\">3-Sterne-Services Indre-et-Loire<\/a><\/li><li class=\"page_item page-item-135\"><a href=\"https:\/\/www.campinglesgranges.fr\/de\/bonnes-raisons-de-venir-au-camping\/\">Gute Gr\u00fcnde, um auf den Campingplatz zu kommen<\/a><\/li><li class=\"page_item page-item-126\"><a href=\"https:\/\/www.campinglesgranges.fr\/de\/engagements-et-valeurs\/\">Unsere Verpflichtungen und Werte<\/a><\/li><li class=\"page_item page-item-29\"><a href=\"https:\/\/www.campinglesgranges.fr\/de\/plan-du-site\/\">Website-Karte<\/a><\/li><li class=\"page_item page-item-10\"><a href=\"https:\/\/www.campinglesgranges.fr\/de\/\">Startseite<\/a><\/li><\/ul><\/div><\/div><\/div>\n\n\n<p data-block-type=\"core\"><\/p>","protected":false},"excerpt":{"rendered":"","protected":false},"author":1,"featured_media":56,"parent":0,"menu_order":0,"comment_status":"closed","ping_status":"closed","template":"","meta":{"_acf_changed":false,"_seopress_robots_primary_cat":"","_seopress_titles_title":"Plan du site | Camping Les Granges en Indre-et-Loire (37)","_seopress_titles_desc":"Retrouvez toutes les pages de notre camping 3 \u00e9toiles en Indre-et-Loire. Organisez votre s\u00e9jour au c\u0153ur du Val de Loire et d\u00e9couvrez nos services et activit\u00e9s.","_seopress_robots_index":"","_vp_format_video_url":"","_vp_image_focal_point":[],"footnotes":""},"class_list":["post-29","page","type-page","status-publish","has-post-thumbnail","hentry"],"acf":[],"_links":{"self":[{"href":"https:\/\/www.campinglesgranges.fr\/de\/wp-json\/wp\/v2\/pages\/29","targetHints":{"allow":["GET"]}}],"collection":[{"href":"https:\/\/www.campinglesgranges.fr\/de\/wp-json\/wp\/v2\/pages"}],"about":[{"href":"https:\/\/www.campinglesgranges.fr\/de\/wp-json\/wp\/v2\/types\/page"}],"author":[{"embeddable":true,"href":"https:\/\/www.campinglesgranges.fr\/de\/wp-json\/wp\/v2\/users\/1"}],"replies":[{"embeddable":true,"href":"https:\/\/www.campinglesgranges.fr\/de\/wp-json\/wp\/v2\/comments?post=29"}],"version-history":[{"count":3,"href":"https:\/\/www.campinglesgranges.fr\/de\/wp-json\/wp\/v2\/pages\/29\/revisions"}],"predecessor-version":[{"id":512,"href":"https:\/\/www.campinglesgranges.fr\/de\/wp-json\/wp\/v2\/pages\/29\/revisions\/512"}],"wp:featuredmedia":[{"embeddable":true,"href":"https:\/\/www.campinglesgranges.fr\/de\/wp-json\/wp\/v2\/media\/56"}],"wp:attachment":[{"href":"https:\/\/www.campinglesgranges.fr\/de\/wp-json\/wp\/v2\/media?parent=29"}],"curies":[{"name":"wp","href":"https:\/\/api.w.org\/{rel}","templated":true}]}}