{"id":253,"date":"2026-03-19T16:49:16","date_gmt":"2026-03-19T15:49:16","guid":{"rendered":"https:\/\/www.campinglesgranges.fr\/?page_id=253"},"modified":"2026-04-23T10:26:40","modified_gmt":"2026-04-23T08:26:40","slug":"das-futuroscope","status":"publish","type":"page","link":"https:\/\/www.campinglesgranges.fr\/de\/cote-loisirs\/le-futuroscope\/","title":{"rendered":"Camping 3* in der N\u00e4he des Futuroscope"},"content":{"rendered":"<div class=\"wp-block-stackable-columns alignfull stk-block-columns stk-block stk-dd23a22\" data-block-id=\"dd23a22\"><style>.stk-dd23a22 .stk--block-align-dd23a22{align-items:center !important;}.stk-dd23a22 {margin-bottom:var(--stk--preset--spacing--60, clamp(30px, 7vw, 70px)) !important;}.stk-dd23a22-column{max-width:1280px !important;min-width:auto !important;--stk-column-gap:var(--stk--preset--spacing--50, clamp(30px, 5vw, 50px)) !important;}@media screen and (max-width: 767px){.stk-dd23a22 {--stk-col-order-1:2 !important;--stk-col-order-2:1 !important;}}<\/style><div class=\"stk-row stk-inner-blocks stk--block-align-dd23a22 stk-block-content stk-content-align stk-dd23a22-column alignwide\">\n<div class=\"wp-block-stackable-column stk-block-column stk-column stk-block stk-836118b\" data-v=\"4\" data-block-id=\"836118b\"><div class=\"stk-column-wrapper stk-block-column__content stk-container stk-836118b-container stk--no-background stk--no-padding\"><div class=\"stk-block-content stk-inner-blocks stk-836118b-inner-blocks\">\n<div class=\"wp-block-stackable-image stk-block-image stk-block stk-f9d2a41\" data-block-id=\"f9d2a41\"><style>.stk-f9d2a41 .stk-img-wrapper{width:100% !important;height:550px !important;filter:drop-shadow(2px 2px 9px #00000070) !important;}.stk-f9d2a41 .stk-img-wrapper img{border-radius:25px !important;}@media screen and (max-width: 767px){.stk-f9d2a41 .stk-img-wrapper{height:400px !important;}}<\/style><figure><span class=\"stk-img-wrapper stk-image--shape-stretch stk--shadow-2px 2px 9px #00000070\"><img loading=\"lazy\" decoding=\"async\" class=\"stk-img wp-image-459\" src=\"https:\/\/www.campinglesgranges.fr\/wp-content\/uploads\/2026\/03\/resort_001_webformat.webp\" width=\"1000\" height=\"1000\" alt=\"Futuroscope\" srcset=\"https:\/\/www.campinglesgranges.fr\/wp-content\/uploads\/2026\/03\/resort_001_webformat.webp 1000w, https:\/\/www.campinglesgranges.fr\/wp-content\/uploads\/2026\/03\/resort_001_webformat-300x300.webp 300w, https:\/\/www.campinglesgranges.fr\/wp-content\/uploads\/2026\/03\/resort_001_webformat-150x150.webp 150w, https:\/\/www.campinglesgranges.fr\/wp-content\/uploads\/2026\/03\/resort_001_webformat-768x768.webp 768w, https:\/\/www.campinglesgranges.fr\/wp-content\/uploads\/2026\/03\/resort_001_webformat-500x500.webp 500w, https:\/\/www.campinglesgranges.fr\/wp-content\/uploads\/2026\/03\/resort_001_webformat-800x800.webp 800w\" sizes=\"auto, (max-width: 1000px) 100vw, 1000px\" \/><\/span><\/figure><\/div>\n<\/div><\/div><\/div>\n\n\n\n<div class=\"wp-block-stackable-column stk-block-column stk-column stk-block stk-53ee707\" data-v=\"4\" data-block-id=\"53ee707\"><div class=\"stk-column-wrapper stk-block-column__content stk-container stk-53ee707-container stk--no-background stk--no-padding\"><div class=\"stk-block-content stk-inner-blocks stk-53ee707-inner-blocks\">\n<div class=\"wp-block-stackable-text stk-block-text stk-block stk-27250a1\" data-block-id=\"27250a1\"><p class=\"stk-block-text__text\">Der einzigartige Freizeitpark Futuroscope erwartet Sie eine Stunde vom F<a href=\"https:\/\/www.campinglesgranges.fr\/de\/\">Campingplatz Les Granges<\/a> ! Der Futuroscope ist bekannt f\u00fcr seine innovativen Attraktionen und immersiven Erlebnisse, die Technologie und Unterhaltung verbinden. Dieses Jahr hat der Park mehrere aufregende Neuheiten eingef\u00fchrt, die Jung und Alt begeistern und Sie in fantastische Welten eintauchen lassen!<\/p><\/div>\n\n\n\n<div class=\"wp-block-stackable-text stk-block-text stk-block stk-a0fb162\" data-block-id=\"a0fb162\"><p class=\"stk-block-text__text\"><em>\u00abDie Zeitmaschine\u00bb<\/em>, eine immersive Attraktion, die Sie in Abenteuer durch die Zeitalter eintauchen l\u00e4sst.<\/p><\/div>\n\n\n\n<div class=\"wp-block-stackable-text stk-block-text stk-block stk-48f5140\" data-block-id=\"48f5140\"><p class=\"stk-block-text__text\"><em>\u00abDie Geheimnisse des Kosmos\u00bb <\/em>wird Sie mit atemberaubenden Spezialeffekten auf eine Entdeckungsreise durch die Wunder des Universums mitnehmen.<\/p><\/div>\n\n\n\n<div class=\"wp-block-stackable-text stk-block-text stk-block stk-369ccc1\" data-block-id=\"369ccc1\"><p class=\"stk-block-text__text\"><em>\u00ab Die Tiere der Zukunft \u00bb<\/em>, das Bildung und Unterhaltung verbindet, indem es die Biodiversit\u00e4t und den Schutz unseres Planeten hervorhebt.<\/p><\/div>\n\n\n\n<div class=\"wp-block-stackable-text stk-block-text stk-block stk-0ec539c\" data-block-id=\"0ec539c\"><p class=\"stk-block-text__text\">Vergessen Sie nicht, die interaktiven Bereiche zu besuchen, wo Sie an unterhaltsamen und lehrreichen Aktivit\u00e4ten teilnehmen k\u00f6nnen.<\/p><\/div>\n<\/div><\/div><\/div>\n<\/div><\/div>\n\n\n\n<div class=\"wp-block-stackable-columns alignfull stk-block-columns stk-block stk-4f28c56 stk-block-background\" data-block-id=\"4f28c56\"><style>.stk-4f28c56 .stk--block-align-4f28c56{align-items:center !important;}.stk-4f28c56 {background-color:var(--stk-global-color-42219, #bce3f9) !important;border-top-left-radius:25px !important;border-top-right-radius:25px !important;border-bottom-right-radius:25px !important;border-bottom-left-radius:25px !important;overflow:hidden !important;box-shadow:2px 2px 10px 0px #0000004a !important;padding-top:var(--stk--preset--spacing--50, clamp(30px, 5vw, 50px)) !important;padding-bottom:var(--stk--preset--spacing--50, clamp(30px, 5vw, 50px)) !important;margin-bottom:var(--stk--preset--spacing--60, clamp(30px, 7vw, 70px)) !important;}.stk-4f28c56:before{background-color:var(--stk-global-color-42219, #bce3f9) !important;}.stk-4f28c56-column{max-width:1280px !important;min-width:auto !important;--stk-column-gap:var(--stk--preset--spacing--50, clamp(30px, 5vw, 50px)) !important;}<\/style><div class=\"stk-row stk-inner-blocks stk--block-align-4f28c56 stk-block-content stk-content-align stk-4f28c56-column alignwide\">\n<div class=\"wp-block-stackable-column stk-block-column stk-column stk-block stk-f63c99f\" data-v=\"4\" data-block-id=\"f63c99f\"><div class=\"stk-column-wrapper stk-block-column__content stk-container stk-f63c99f-container stk--no-background stk--no-padding\"><div class=\"stk-block-content stk-inner-blocks stk-f63c99f-inner-blocks\">\n<div class=\"wp-block-stackable-text stk-block-text stk-block stk-8f63757\" data-block-id=\"8f63757\"><p class=\"stk-block-text__text\">Was den Wasserpark Aquascope betrifft, so ist er ein wahres Paradies f\u00fcr Bade- und Rutschfans! Mit seinen riesigen Rutschen, seinen Wellenb\u00e4dern und seinen Entspannungsbereichen ist f\u00fcr jeden Geschmack etwas dabei. Ob Sie sich in der Sonne entspannen oder im Wasser Spa\u00df haben m\u00f6chten, der Wasserpark des Futuroscope ist der ideale Ort, um einen unvergesslichen Tag zu verbringen.<\/p><\/div>\n\n\n\n<div class=\"wp-block-stackable-text stk-block-text stk-block stk-697ed7b\" data-block-id=\"697ed7b\"><p class=\"stk-block-text__text\">Der Park bietet Aktivit\u00e4ten f\u00fcr jedes Alter, egal ob Sie mit Familie, Freunden oder als Paar unterwegs sind. Von Achterbahnen bis hin zu sensorischen Erlebnissen, hier ist f\u00fcr jeden Geschmack etwas dabei! Vergessen Sie nicht, die Fahrpl\u00e4ne der Shows und Attraktionen zu \u00fcberpr\u00fcfen, um Ihren Besuch optimal zu gestalten.<\/p><\/div>\n\n\n\n<div class=\"wp-block-stackable-text stk-block-text stk-block stk-d9879cd\" data-block-id=\"d9879cd\"><p class=\"stk-block-text__text\">Wir empfehlen Ihnen, Ihren Besuch im Futuroscope w\u00e4hrend Ihres Aufenthalts auf dem Campingplatz von Luynes zu planen. Es ist eine ausgezeichnete Gelegenheit, unvergessliche Erinnerungen mit Familie oder Freunden zu schaffen!<\/p><\/div>\n\n\n\n<div class=\"wp-block-stackable-text stk-block-text stk-block stk-ecc5526\" data-block-id=\"ecc5526\"><p class=\"stk-block-text__text\">Wenn Sie Fragen haben oder Ratschl\u00e4ge zur Organisation Ihres Ausflugs in den Futuroscope w\u00fcnschen, z\u00f6gern Sie bitte nicht, uns an der Rezeption zu besuchen. Wir sind hier, um Ihnen zu einem unvergesslichen Aufenthalt zu verhelfen!<\/p><\/div>\n<\/div><\/div><\/div>\n\n\n\n<div class=\"wp-block-stackable-column stk-block-column stk-column stk-block stk-80bd9da\" data-v=\"4\" data-block-id=\"80bd9da\"><div class=\"stk-column-wrapper stk-block-column__content stk-container stk-80bd9da-container stk--no-background stk--no-padding\"><div class=\"stk-block-content stk-inner-blocks stk-80bd9da-inner-blocks\">\n<div class=\"wp-block-stackable-image stk-block-image has-text-align-right stk-block stk-904e8bd\" data-block-id=\"904e8bd\"><style>.stk-904e8bd {margin-bottom:-40px !important;z-index:3 !important;}.stk-904e8bd .stk-img-wrapper{width:150px !important;}<\/style><figure><span class=\"stk-img-wrapper stk-image--shape-stretch\"><img loading=\"lazy\" decoding=\"async\" class=\"stk-img wp-image-143\" src=\"https:\/\/www.campinglesgranges.fr\/wp-content\/uploads\/2026\/03\/logo_camping-les-granges-3-1-1.png\" width=\"336\" height=\"286\" alt=\"Logo Camping Les Granges 3 1\" srcset=\"https:\/\/www.campinglesgranges.fr\/wp-content\/uploads\/2026\/03\/logo_camping-les-granges-3-1-1.png 336w, https:\/\/www.campinglesgranges.fr\/wp-content\/uploads\/2026\/03\/logo_camping-les-granges-3-1-1-300x255.png 300w\" sizes=\"auto, (max-width: 336px) 100vw, 336px\" \/><\/span><\/figure><\/div>\n\n\n\n<div class=\"wp-block-stackable-image stk-block-image stk-block stk-5333732\" data-block-id=\"5333732\"><style>.stk-5333732 .stk-img-wrapper{width:100% !important;height:481px !important;filter:drop-shadow(2px 2px 9px #00000070) !important;}.stk-5333732 .stk-img-wrapper img{border-radius:25px !important;}<\/style><figure><span class=\"stk-img-wrapper stk-image--shape-stretch stk--shadow-2px 2px 9px #00000070\"><img loading=\"lazy\" decoding=\"async\" class=\"stk-img wp-image-460\" src=\"https:\/\/www.campinglesgranges.fr\/wp-content\/uploads\/2026\/03\/aquascope-les-abysses-de-lumiere_momentfactory_26_webformat.webp\" width=\"1000\" height=\"667\" alt=\"Futuroscope\" srcset=\"https:\/\/www.campinglesgranges.fr\/wp-content\/uploads\/2026\/03\/aquascope-les-abysses-de-lumiere_momentfactory_26_webformat.webp 1000w, https:\/\/www.campinglesgranges.fr\/wp-content\/uploads\/2026\/03\/aquascope-les-abysses-de-lumiere_momentfactory_26_webformat-300x200.webp 300w, https:\/\/www.campinglesgranges.fr\/wp-content\/uploads\/2026\/03\/aquascope-les-abysses-de-lumiere_momentfactory_26_webformat-768x512.webp 768w, https:\/\/www.campinglesgranges.fr\/wp-content\/uploads\/2026\/03\/aquascope-les-abysses-de-lumiere_momentfactory_26_webformat-500x334.webp 500w, https:\/\/www.campinglesgranges.fr\/wp-content\/uploads\/2026\/03\/aquascope-les-abysses-de-lumiere_momentfactory_26_webformat-800x534.webp 800w\" sizes=\"auto, (max-width: 1000px) 100vw, 1000px\" \/><\/span><\/figure><\/div>\n<\/div><\/div><\/div>\n<\/div><\/div>","protected":false},"excerpt":{"rendered":"<p>Le Futuroscope, parc d\u2019attractions unique, vous attend \u00e0 une heure du Flower Camping Les Granges ! Le Futuroscope est connu pour ses attractions innovantes et ses exp\u00e9riences immersives qui allient technologie et divertissement. Cette ann\u00e9e, le parc a introduit plusieurs nouveaut\u00e9s passionnantes qui raviront petits et grands et qui vous plongeront dans des univers fantastiques [&hellip;]<\/p>\n","protected":false},"author":1,"featured_media":56,"parent":190,"menu_order":0,"comment_status":"closed","ping_status":"closed","template":"","meta":{"_acf_changed":false,"_seopress_robots_primary_cat":"","_seopress_titles_title":"Futuroscope pr\u00e8s du Camping Les Granges - Id\u00e9e de sortie","_seopress_titles_desc":"Pr\u00e9parez votre visite au Futuroscope pendant vos vacances au Camping Les Granges et profitez d\u2019une sortie familiale entre sensations et d\u00e9couvertes.","_seopress_robots_index":"","_vp_format_video_url":"","_vp_image_focal_point":[],"footnotes":""},"class_list":["post-253","page","type-page","status-publish","has-post-thumbnail","hentry"],"acf":[],"_links":{"self":[{"href":"https:\/\/www.campinglesgranges.fr\/de\/wp-json\/wp\/v2\/pages\/253","targetHints":{"allow":["GET"]}}],"collection":[{"href":"https:\/\/www.campinglesgranges.fr\/de\/wp-json\/wp\/v2\/pages"}],"about":[{"href":"https:\/\/www.campinglesgranges.fr\/de\/wp-json\/wp\/v2\/types\/page"}],"author":[{"embeddable":true,"href":"https:\/\/www.campinglesgranges.fr\/de\/wp-json\/wp\/v2\/users\/1"}],"replies":[{"embeddable":true,"href":"https:\/\/www.campinglesgranges.fr\/de\/wp-json\/wp\/v2\/comments?post=253"}],"version-history":[{"count":4,"href":"https:\/\/www.campinglesgranges.fr\/de\/wp-json\/wp\/v2\/pages\/253\/revisions"}],"predecessor-version":[{"id":712,"href":"https:\/\/www.campinglesgranges.fr\/de\/wp-json\/wp\/v2\/pages\/253\/revisions\/712"}],"up":[{"embeddable":true,"href":"https:\/\/www.campinglesgranges.fr\/de\/wp-json\/wp\/v2\/pages\/190"}],"wp:featuredmedia":[{"embeddable":true,"href":"https:\/\/www.campinglesgranges.fr\/de\/wp-json\/wp\/v2\/media\/56"}],"wp:attachment":[{"href":"https:\/\/www.campinglesgranges.fr\/de\/wp-json\/wp\/v2\/media?parent=253"}],"curies":[{"name":"wp","href":"https:\/\/api.w.org\/{rel}","templated":true}]}}