{"id":233,"date":"2026-03-19T16:10:09","date_gmt":"2026-03-19T15:10:09","guid":{"rendered":"https:\/\/www.campinglesgranges.fr\/?page_id=233"},"modified":"2026-04-23T10:25:37","modified_gmt":"2026-04-23T08:25:37","slug":"schloss-rigny-usse","status":"publish","type":"page","link":"https:\/\/www.campinglesgranges.fr\/de\/cote-chateaux\/le-chateau-de-rigny-usse\/","title":{"rendered":"Schloss Rigny-Uss\u00e9"},"content":{"rendered":"<div class=\"wp-block-stackable-columns alignfull stk-block-columns stk-block stk-dd23a22\" data-block-id=\"dd23a22\"><style>.stk-dd23a22 .stk--block-align-dd23a22{align-items:center !important;}.stk-dd23a22 {margin-bottom:var(--stk--preset--spacing--60, clamp(30px, 7vw, 70px)) !important;}.stk-dd23a22-column{max-width:1280px !important;min-width:auto !important;--stk-column-gap:var(--stk--preset--spacing--50, clamp(30px, 5vw, 50px)) !important;}@media screen and (max-width: 767px){.stk-dd23a22 {--stk-col-order-1:2 !important;--stk-col-order-2:1 !important;}}<\/style><div class=\"stk-row stk-inner-blocks stk--block-align-dd23a22 stk-block-content stk-content-align stk-dd23a22-column alignwide\">\n<div class=\"wp-block-stackable-column stk-block-column stk-column stk-block stk-836118b\" data-v=\"4\" data-block-id=\"836118b\"><div class=\"stk-column-wrapper stk-block-column__content stk-container stk-836118b-container stk--no-background stk--no-padding\"><div class=\"stk-block-content stk-inner-blocks stk-836118b-inner-blocks\">\n<div class=\"wp-block-stackable-image stk-block-image stk-block stk-f9d2a41\" data-block-id=\"f9d2a41\"><style>.stk-f9d2a41 .stk-img-wrapper{width:100% !important;height:700px !important;filter:drop-shadow(2px 2px 9px #00000070) !important;}.stk-f9d2a41 .stk-img-wrapper img{border-radius:25px !important;}@media screen and (max-width: 767px){.stk-f9d2a41 .stk-img-wrapper{height:400px !important;}}<\/style><figure><span class=\"stk-img-wrapper stk-image--shape-stretch stk--shadow-2px 2px 9px #00000070\"><img loading=\"lazy\" decoding=\"async\" class=\"stk-img wp-image-432\" src=\"https:\/\/www.campinglesgranges.fr\/wp-content\/uploads\/2026\/03\/27_loire-a-velo-chateau-de-rigny-usse_jean-christophe-coutand_2032-12-31_medium_webformat.webp\" width=\"1200\" height=\"799\" alt=\"loire \u00e0 v\u00e9lo Schloss rigny uss\u00e9 \" srcset=\"https:\/\/www.campinglesgranges.fr\/wp-content\/uploads\/2026\/03\/27_loire-a-velo-chateau-de-rigny-usse_jean-christophe-coutand_2032-12-31_medium_webformat.webp 1200w, https:\/\/www.campinglesgranges.fr\/wp-content\/uploads\/2026\/03\/27_loire-a-velo-chateau-de-rigny-usse_jean-christophe-coutand_2032-12-31_medium_webformat-300x200.webp 300w, https:\/\/www.campinglesgranges.fr\/wp-content\/uploads\/2026\/03\/27_loire-a-velo-chateau-de-rigny-usse_jean-christophe-coutand_2032-12-31_medium_webformat-1024x682.webp 1024w, https:\/\/www.campinglesgranges.fr\/wp-content\/uploads\/2026\/03\/27_loire-a-velo-chateau-de-rigny-usse_jean-christophe-coutand_2032-12-31_medium_webformat-768x511.webp 768w, https:\/\/www.campinglesgranges.fr\/wp-content\/uploads\/2026\/03\/27_loire-a-velo-chateau-de-rigny-usse_jean-christophe-coutand_2032-12-31_medium_webformat-500x333.webp 500w, https:\/\/www.campinglesgranges.fr\/wp-content\/uploads\/2026\/03\/27_loire-a-velo-chateau-de-rigny-usse_jean-christophe-coutand_2032-12-31_medium_webformat-800x533.webp 800w\" sizes=\"auto, (max-width: 1200px) 100vw, 1200px\" \/><\/span><\/figure><\/div>\n<\/div><\/div><\/div>\n\n\n\n<div class=\"wp-block-stackable-column stk-block-column stk-column stk-block stk-53ee707\" data-v=\"4\" data-block-id=\"53ee707\"><div class=\"stk-column-wrapper stk-block-column__content stk-container stk-53ee707-container stk--no-background stk--no-padding\"><div class=\"stk-block-content stk-inner-blocks stk-53ee707-inner-blocks\">\n<div class=\"wp-block-stackable-heading stk-block-heading stk-block-heading--v2 stk-block stk-2cf7483\" id=\"chateau-de-rigny-usse-le-chateau-de-contes-de-fees\" data-block-id=\"2cf7483\"><h2 class=\"stk-block-heading__text\">Schloss Rigny-Uss\u00e9: das M\u00e4rchenschloss<\/h2><\/div>\n\n\n\n<div class=\"wp-block-stackable-text stk-block-text stk-block stk-da2d064\" data-block-id=\"da2d064\"><p class=\"stk-block-text__text\">Wir m\u00f6chten Ihnen hier zwei wundersch\u00f6ne Orte in der N\u00e4he des Flower Camping Les Granges vorstellen: das Schloss Rigny-Uss\u00e9 und den Wald von Chinon.<\/p><\/div>\n\n\n\n<div class=\"wp-block-stackable-text stk-block-text stk-block stk-3c9da01\" data-block-id=\"3c9da01\"><p class=\"stk-block-text__text\">Das Schloss Rigny-Uss\u00e9, oft \u00abDornr\u00f6schenschloss\u00ab genannt, ist ein wahres M\u00e4rchen! Nur wenige Kilometer von Luynes entfernt gelegen, ist dieses Schloss aus dem 15. Jahrhundert ber\u00fchmt f\u00fcr seine romantische Architektur und seine bezaubernden G\u00e4rten. Bei der Besichtigung des Schlosses k\u00f6nnen Sie seine pr\u00e4chtigen, dekorierten S\u00e4le erkunden, die Sie in die Geschichte und Legende von Dornr\u00f6schen eintauchen lassen. Die franz\u00f6sischen G\u00e4rten mit ihren Blumenbeeten und schattigen Alleen eignen sich perfekt f\u00fcr einen entspannenden Spaziergang. Vergessen Sie nicht, Fotos zu machen, denn das Schloss ist besonders fotogen, vor allem bei Sonnenuntergang!<\/p><\/div>\n\n\n\n<div class=\"wp-block-stackable-text stk-block-text stk-block stk-ea5c955\" data-block-id=\"ea5c955\"><p class=\"stk-block-text__text\">In der N\u00e4he des Schlosses ist der Wald von Chinon ein wahrer Ruhepol f\u00fcr Naturliebhaber. Mit seinen markierten Wanderwegen ist er der ideale Ort zum Spazierengehen, Radfahren oder sogar f\u00fcr ein Picknick mitten in der Natur. Der Wald beherbergt eine vielf\u00e4ltige Tier- und Pflanzenwelt und Sie k\u00f6nnen dort Hirsche, Wildschweine und zahlreiche V\u00f6gel antreffen. Es ist auch ein historischer Ort mit \u00dcberresten aus dem Mittelalter und herrlichen Panoramablicken auf das Loiretal. Z\u00f6gern Sie nicht, sich auf die Wege zu begeben, um atemberaubende Aussichtspunkte zu entdecken!<\/p><\/div>\n\n\n\n<div class=\"wp-block-stackable-text stk-block-text stk-block stk-19fe32a\" data-block-id=\"19fe32a\"><p class=\"stk-block-text__text\">Wir empfehlen Ihnen dringend, w\u00e4hrend Ihres Aufenthalts bei uns das Schloss Rigny-Uss\u00e9 zu besuchen und den Wald von Chinon zu erkunden. Diese beiden Orte bieten Ihnen ein unvergessliches Erlebnis, das Kultur, Geschichte und Natur vereint.<\/p><\/div>\n<\/div><\/div><\/div>\n<\/div><\/div>","protected":false},"excerpt":{"rendered":"<p>Ch\u00e2teau de Rigny-Uss\u00e9 : le ch\u00e2teau de contes de f\u00e9es Nous souhaitons ici vous faire d\u00e9couvrir deux magnifiques sites \u00e0 proximit\u00e9 du Flower Camping Les Granges : le Ch\u00e2teau de Rigny-Uss\u00e9 et la For\u00eat de Chinon. Le Ch\u00e2teau de Rigny-Uss\u00e9, souvent surnomm\u00e9 le \u00ab Ch\u00e2teau de la Belle au bois dormant\u00ab , est un v\u00e9ritable [&hellip;]<\/p>\n","protected":false},"author":1,"featured_media":56,"parent":182,"menu_order":0,"comment_status":"closed","ping_status":"closed","template":"","meta":{"_acf_changed":false,"_seopress_robots_primary_cat":"","_seopress_titles_title":"Visiter le ch\u00e2teau d\u2019Uss\u00e9 pr\u00e8s de Luynes - Camping Les Granges","_seopress_titles_desc":"Profitez de votre s\u00e9jour au Camping Les Granges pour visiter le ch\u00e2teau d\u2019Uss\u00e9, c\u00e9l\u00e8bre ch\u00e2teau de la Loire \u00e0 l\u2019architecture f\u00e9erique.","_seopress_robots_index":"","_vp_format_video_url":"","_vp_image_focal_point":[],"footnotes":""},"class_list":["post-233","page","type-page","status-publish","has-post-thumbnail","hentry"],"acf":[],"_links":{"self":[{"href":"https:\/\/www.campinglesgranges.fr\/de\/wp-json\/wp\/v2\/pages\/233","targetHints":{"allow":["GET"]}}],"collection":[{"href":"https:\/\/www.campinglesgranges.fr\/de\/wp-json\/wp\/v2\/pages"}],"about":[{"href":"https:\/\/www.campinglesgranges.fr\/de\/wp-json\/wp\/v2\/types\/page"}],"author":[{"embeddable":true,"href":"https:\/\/www.campinglesgranges.fr\/de\/wp-json\/wp\/v2\/users\/1"}],"replies":[{"embeddable":true,"href":"https:\/\/www.campinglesgranges.fr\/de\/wp-json\/wp\/v2\/comments?post=233"}],"version-history":[{"count":3,"href":"https:\/\/www.campinglesgranges.fr\/de\/wp-json\/wp\/v2\/pages\/233\/revisions"}],"predecessor-version":[{"id":707,"href":"https:\/\/www.campinglesgranges.fr\/de\/wp-json\/wp\/v2\/pages\/233\/revisions\/707"}],"up":[{"embeddable":true,"href":"https:\/\/www.campinglesgranges.fr\/de\/wp-json\/wp\/v2\/pages\/182"}],"wp:featuredmedia":[{"embeddable":true,"href":"https:\/\/www.campinglesgranges.fr\/de\/wp-json\/wp\/v2\/media\/56"}],"wp:attachment":[{"href":"https:\/\/www.campinglesgranges.fr\/de\/wp-json\/wp\/v2\/media?parent=233"}],"curies":[{"name":"wp","href":"https:\/\/api.w.org\/{rel}","templated":true}]}}