{"id":224,"date":"2026-03-19T15:59:11","date_gmt":"2026-03-19T14:59:11","guid":{"rendered":"https:\/\/www.campinglesgranges.fr\/?page_id=224"},"modified":"2026-04-23T10:20:40","modified_gmt":"2026-04-23T08:20:40","slug":"schloss-langeais","status":"publish","type":"page","link":"https:\/\/www.campinglesgranges.fr\/de\/cote-chateaux\/le-chateau-de-langeais\/","title":{"rendered":"Schloss Langeais"},"content":{"rendered":"<div class=\"wp-block-stackable-columns alignfull stk-block-columns stk-block stk-dd23a22\" data-block-id=\"dd23a22\"><style>.stk-dd23a22 .stk--block-align-dd23a22{align-items:center !important;}.stk-dd23a22 {margin-bottom:var(--stk--preset--spacing--60, clamp(30px, 7vw, 70px)) !important;}.stk-dd23a22-column{max-width:1280px !important;min-width:auto !important;--stk-column-gap:var(--stk--preset--spacing--50, clamp(30px, 5vw, 50px)) !important;}@media screen and (max-width: 767px){.stk-dd23a22 {--stk-col-order-1:2 !important;--stk-col-order-2:1 !important;}}<\/style><div class=\"stk-row stk-inner-blocks stk--block-align-dd23a22 stk-block-content stk-content-align stk-dd23a22-column alignwide\">\n<div class=\"wp-block-stackable-column stk-block-column stk-column stk-block stk-836118b\" data-v=\"4\" data-block-id=\"836118b\"><div class=\"stk-column-wrapper stk-block-column__content stk-container stk-836118b-container stk--no-background stk--no-padding\"><div class=\"stk-block-content stk-inner-blocks stk-836118b-inner-blocks\">\n<div class=\"wp-block-stackable-image stk-block-image stk-block stk-f9d2a41\" data-block-id=\"f9d2a41\"><style>.stk-f9d2a41 .stk-img-wrapper{width:100% !important;height:700px !important;filter:drop-shadow(2px 2px 9px #00000070) !important;}.stk-f9d2a41 .stk-img-wrapper img{border-radius:25px !important;}@media screen and (max-width: 767px){.stk-f9d2a41 .stk-img-wrapper{height:400px !important;}}<\/style><figure><span class=\"stk-img-wrapper stk-image--shape-stretch stk--shadow-2px 2px 9px #00000070\"><img loading=\"lazy\" decoding=\"async\" class=\"stk-img wp-image-422\" src=\"https:\/\/www.campinglesgranges.fr\/wp-content\/uploads\/2026\/03\/langeais_chateau_06_avergerjpg-1_webformat.webp\" width=\"800\" height=\"533\" alt=\"Schloss Langeais\" srcset=\"https:\/\/www.campinglesgranges.fr\/wp-content\/uploads\/2026\/03\/langeais_chateau_06_avergerjpg-1_webformat.webp 800w, https:\/\/www.campinglesgranges.fr\/wp-content\/uploads\/2026\/03\/langeais_chateau_06_avergerjpg-1_webformat-300x200.webp 300w, https:\/\/www.campinglesgranges.fr\/wp-content\/uploads\/2026\/03\/langeais_chateau_06_avergerjpg-1_webformat-768x512.webp 768w, https:\/\/www.campinglesgranges.fr\/wp-content\/uploads\/2026\/03\/langeais_chateau_06_avergerjpg-1_webformat-500x333.webp 500w\" sizes=\"auto, (max-width: 800px) 100vw, 800px\" \/><\/span><\/figure><\/div>\n<\/div><\/div><\/div>\n\n\n\n<div class=\"wp-block-stackable-column stk-block-column stk-column stk-block stk-53ee707\" data-v=\"4\" data-block-id=\"53ee707\"><div class=\"stk-column-wrapper stk-block-column__content stk-container stk-53ee707-container stk--no-background stk--no-padding\"><div class=\"stk-block-content stk-inner-blocks stk-53ee707-inner-blocks\">\n<div class=\"wp-block-stackable-heading stk-block-heading stk-block-heading--v2 stk-block stk-2cf7483\" id=\"chateau-de-langeais-histoire-medievale-et-fresques\" data-block-id=\"2cf7483\"><h2 class=\"stk-block-heading__text\">Ch\u00e2teau de Langeais: mittelalterliche Geschichte und Fresken<\/h2><\/div>\n\n\n\n<div class=\"wp-block-stackable-text stk-block-text stk-block stk-da2d064\" data-block-id=\"da2d064\"><p class=\"stk-block-text__text\">Heute m\u00f6chten wir Ihnen von einem historischen Schatz ganz in der N\u00e4he des Campingplatzes Flower Les Granges erz\u00e4hlen: dem Ch\u00e2teau de Langeais.<\/p><\/div>\n\n\n\n<div class=\"wp-block-stackable-text stk-block-text stk-block stk-2258406\" data-block-id=\"2258406\"><p class=\"stk-block-text__text\">Das Ch\u00e2teau de Langeais ist ein wundersch\u00f6nes mittelalterliches Schloss, das nur wenige Kilometer von unserem Campingplatz entfernt liegt. Es wurde im 15. Jahrhundert erbaut und ist ber\u00fchmt f\u00fcr seine beeindruckende Architektur und seine Schl\u00fcsselrolle in der Geschichte Frankreichs. Dieses Schloss war Schauplatz zahlreicher bedeutender Ereignisse, insbesondere der Hochzeit von Karl VIII. und Anna von der Bretagne, ein entscheidender Moment, der die Vereinigung der beiden Herzogt\u00fcmer kennzeichnete.<\/p><\/div>\n\n\n\n<div class=\"wp-block-stackable-text stk-block-text stk-block stk-70d3fb0\" data-block-id=\"70d3fb0\"><p class=\"stk-block-text__text\">Bei einem Besuch des Schlosses k\u00f6nnen Sie seine reich dekorierten S\u00e4le, seine bezaubernden G\u00e4rten und sogar seine beeindruckende Festung erkunden. Verpassen Sie nicht die Gelegenheit, die Zugbr\u00fccke und den Burggraben zu entdecken, die dem Charme dieses historischen Ortes noch mehr verleihen. Dar\u00fcber hinaus werden oft Animationen und F\u00fchrungen angeboten, die das Erlebnis noch immersiver und fesselnder machen.<\/p><\/div>\n\n\n\n<div class=\"wp-block-stackable-text stk-block-text stk-block stk-3dd7335\" data-block-id=\"3dd7335\"><p class=\"stk-block-text__text\">Das Schloss Langeais ist ein idealer Ort, um einen Tag mit Familie oder Freunden zu verbringen und dabei die faszinierende Geschichte unserer Region zu entdecken. Wir empfehlen Ihnen dringend, Ihren Besuch w\u00e4hrend Ihres Aufenthalts bei uns zu planen!<\/p><\/div>\n<\/div><\/div><\/div>\n<\/div><\/div>\n\n\n\n<div class=\"wp-block-stackable-columns alignfull stk-block-columns stk-block stk-4f28c56 stk-block-background\" data-block-id=\"4f28c56\"><style>.stk-4f28c56 .stk--block-align-4f28c56{align-items:center !important;}.stk-4f28c56 {background-color:var(--stk-global-color-42219, #bce3f9) !important;border-top-left-radius:25px !important;border-top-right-radius:25px !important;border-bottom-right-radius:25px !important;border-bottom-left-radius:25px !important;overflow:hidden !important;box-shadow:2px 2px 10px 0px #0000004a !important;padding-top:var(--stk--preset--spacing--50, clamp(30px, 5vw, 50px)) !important;padding-bottom:var(--stk--preset--spacing--50, clamp(30px, 5vw, 50px)) !important;margin-bottom:var(--stk--preset--spacing--60, clamp(30px, 7vw, 70px)) !important;}.stk-4f28c56:before{background-color:var(--stk-global-color-42219, #bce3f9) !important;}.stk-4f28c56-column{max-width:1280px !important;min-width:auto !important;--stk-column-gap:var(--stk--preset--spacing--50, clamp(30px, 5vw, 50px)) !important;}<\/style><div class=\"stk-row stk-inner-blocks stk--block-align-4f28c56 stk-block-content stk-content-align stk-4f28c56-column alignwide\">\n<div class=\"wp-block-stackable-column stk-block-column stk-column stk-block stk-f63c99f\" data-v=\"4\" data-block-id=\"f63c99f\"><div class=\"stk-column-wrapper stk-block-column__content stk-container stk-f63c99f-container stk--no-background stk--no-padding\"><div class=\"stk-block-content stk-inner-blocks stk-f63c99f-inner-blocks\">\n<div class=\"wp-block-stackable-text stk-block-text stk-block stk-8efc6ad\" data-block-id=\"8efc6ad\"><p class=\"stk-block-text__text\">Am Sonntagmorgen sollten Sie unbedingt den gro\u00dfen traditionellen Markt am Fu\u00dfe des Schlosses besuchen. Dies ist die perfekte Gelegenheit, lokale Produkte zu entdecken, regionale Spezialit\u00e4ten zu probieren und leidenschaftliche Handwerker zu treffen. Die Atmosph\u00e4re ist freundlich und lebhaft, und Sie k\u00f6nnen dort frisches Obst und Gem\u00fcse, K\u00e4se, handwerklich hergestelltes Brot und viele andere K\u00f6stlichkeiten finden.<\/p><\/div>\n\n\n\n<div class=\"wp-block-stackable-text stk-block-text stk-block stk-87ae098\" data-block-id=\"87ae098\"><p class=\"stk-block-text__text\">Schlie\u00dflich ist die Einkaufsstra\u00dfe von Langeais ein charmanter Ort zum Bummeln. Dort finden Sie kleine Boutiquen, gem\u00fctliche Caf\u00e9s und Restaurants, in denen Sie typische regionale Gerichte genie\u00dfen k\u00f6nnen. Es ist der ideale Ort, um ein paar Souvenirs zu kaufen oder einfach einen Moment der Entspannung zu genie\u00dfen.<\/p><\/div>\n\n\n\n<div class=\"wp-block-stackable-text stk-block-text stk-block stk-334adf1\" data-block-id=\"334adf1\"><p class=\"stk-block-text__text\">Z\u00f6gern Sie nicht, uns um Rat f\u00fcr die Anreise oder weitere Informationen zu bitten. Sie finden das Programm der Veranstaltungen des Schlosses am Empfang.<\/p><\/div>\n\n\n\n<div class=\"wp-block-stackable-text stk-block-text stk-block stk-6c818c9\" data-block-id=\"6c818c9\"><p class=\"stk-block-text__text\">Genie\u00dfen Sie Ihren Aufenthalt und die Sch\u00f6nheit des Indre-et-Loire!<\/p><\/div>\n<\/div><\/div><\/div>\n\n\n\n<div class=\"wp-block-stackable-column stk-block-column stk-column stk-block stk-80bd9da\" data-v=\"4\" data-block-id=\"80bd9da\"><div class=\"stk-column-wrapper stk-block-column__content stk-container stk-80bd9da-container stk--no-background stk--no-padding\"><div class=\"stk-block-content stk-inner-blocks stk-80bd9da-inner-blocks\">\n<div class=\"wp-block-stackable-image stk-block-image has-text-align-right stk-block stk-904e8bd\" data-block-id=\"904e8bd\"><style>.stk-904e8bd {margin-bottom:-40px !important;z-index:3 !important;}.stk-904e8bd .stk-img-wrapper{width:150px !important;}<\/style><figure><span class=\"stk-img-wrapper stk-image--shape-stretch\"><img loading=\"lazy\" decoding=\"async\" class=\"stk-img wp-image-143\" src=\"https:\/\/www.campinglesgranges.fr\/wp-content\/uploads\/2026\/03\/logo_camping-les-granges-3-1-1.png\" width=\"336\" height=\"286\" alt=\"Logo Camping Les Granges 3 1\" srcset=\"https:\/\/www.campinglesgranges.fr\/wp-content\/uploads\/2026\/03\/logo_camping-les-granges-3-1-1.png 336w, https:\/\/www.campinglesgranges.fr\/wp-content\/uploads\/2026\/03\/logo_camping-les-granges-3-1-1-300x255.png 300w\" sizes=\"auto, (max-width: 336px) 100vw, 336px\" \/><\/span><\/figure><\/div>\n\n\n\n<div class=\"wp-block-stackable-image stk-block-image stk-block stk-5333732\" data-block-id=\"5333732\"><style>.stk-5333732 .stk-img-wrapper{width:100% !important;height:413px !important;filter:drop-shadow(2px 2px 9px #00000070) !important;}.stk-5333732 .stk-img-wrapper img{border-radius:25px !important;}<\/style><figure><span class=\"stk-img-wrapper stk-image--shape-stretch stk--shadow-2px 2px 9px #00000070\"><img loading=\"lazy\" decoding=\"async\" class=\"stk-img wp-image-423\" src=\"https:\/\/www.campinglesgranges.fr\/wp-content\/uploads\/2026\/03\/langeais_1856_chmouton-1_webformat.webp\" width=\"800\" height=\"533\" alt=\"Schloss Langeais \" srcset=\"https:\/\/www.campinglesgranges.fr\/wp-content\/uploads\/2026\/03\/langeais_1856_chmouton-1_webformat.webp 800w, https:\/\/www.campinglesgranges.fr\/wp-content\/uploads\/2026\/03\/langeais_1856_chmouton-1_webformat-300x200.webp 300w, https:\/\/www.campinglesgranges.fr\/wp-content\/uploads\/2026\/03\/langeais_1856_chmouton-1_webformat-768x512.webp 768w, https:\/\/www.campinglesgranges.fr\/wp-content\/uploads\/2026\/03\/langeais_1856_chmouton-1_webformat-500x333.webp 500w\" sizes=\"auto, (max-width: 800px) 100vw, 800px\" \/><\/span><\/figure><\/div>\n<\/div><\/div><\/div>\n<\/div><\/div>","protected":false},"excerpt":{"rendered":"<p>Ch\u00e2teau de Langeais : histoire m\u00e9di\u00e9vale et fresques Aujourd\u2019hui, nous souhaitons vous parler d\u2019un tr\u00e9sor historique tout proche du camping Flower Les granges : le Ch\u00e2teau de Langeais. Le Ch\u00e2teau de Langeais est un magnifique ch\u00e2teau m\u00e9di\u00e9val, situ\u00e9 \u00e0 seulement quelques kilom\u00e8tres de notre camping. Construit au XVe si\u00e8cle, il est c\u00e9l\u00e8bre pour son architecture [&hellip;]<\/p>\n","protected":false},"author":1,"featured_media":56,"parent":182,"menu_order":0,"comment_status":"closed","ping_status":"closed","template":"","meta":{"_acf_changed":false,"_seopress_robots_primary_cat":"","_seopress_titles_title":"Visiter le ch\u00e2teau de Langeais - Camping Les Granges","_seopress_titles_desc":"D\u00e9couvrez le ch\u00e2teau de Langeais lors de vos vacances au Camping Les Granges et explorez un site embl\u00e9matique du patrimoine de la Loire.","_seopress_robots_index":"","_vp_format_video_url":"","_vp_image_focal_point":[],"footnotes":""},"class_list":["post-224","page","type-page","status-publish","has-post-thumbnail","hentry"],"acf":[],"_links":{"self":[{"href":"https:\/\/www.campinglesgranges.fr\/de\/wp-json\/wp\/v2\/pages\/224","targetHints":{"allow":["GET"]}}],"collection":[{"href":"https:\/\/www.campinglesgranges.fr\/de\/wp-json\/wp\/v2\/pages"}],"about":[{"href":"https:\/\/www.campinglesgranges.fr\/de\/wp-json\/wp\/v2\/types\/page"}],"author":[{"embeddable":true,"href":"https:\/\/www.campinglesgranges.fr\/de\/wp-json\/wp\/v2\/users\/1"}],"replies":[{"embeddable":true,"href":"https:\/\/www.campinglesgranges.fr\/de\/wp-json\/wp\/v2\/comments?post=224"}],"version-history":[{"count":4,"href":"https:\/\/www.campinglesgranges.fr\/de\/wp-json\/wp\/v2\/pages\/224\/revisions"}],"predecessor-version":[{"id":705,"href":"https:\/\/www.campinglesgranges.fr\/de\/wp-json\/wp\/v2\/pages\/224\/revisions\/705"}],"up":[{"embeddable":true,"href":"https:\/\/www.campinglesgranges.fr\/de\/wp-json\/wp\/v2\/pages\/182"}],"wp:featuredmedia":[{"embeddable":true,"href":"https:\/\/www.campinglesgranges.fr\/de\/wp-json\/wp\/v2\/media\/56"}],"wp:attachment":[{"href":"https:\/\/www.campinglesgranges.fr\/de\/wp-json\/wp\/v2\/media?parent=224"}],"curies":[{"name":"wp","href":"https:\/\/api.w.org\/{rel}","templated":true}]}}