{"id":194,"date":"2026-03-19T12:52:01","date_gmt":"2026-03-19T11:52:01","guid":{"rendered":"https:\/\/www.campinglesgranges.fr\/?page_id=194"},"modified":"2026-04-23T10:30:43","modified_gmt":"2026-04-23T08:30:43","slug":"campingtouren","status":"publish","type":"page","link":"https:\/\/www.campinglesgranges.fr\/de\/cote-ville\/camping-tours\/","title":{"rendered":"Camping 10 km von Tours"},"content":{"rendered":"<div class=\"wp-block-stackable-columns alignfull stk-block-columns stk-block stk-dd23a22\" data-block-id=\"dd23a22\"><style>.stk-dd23a22 .stk--block-align-dd23a22{align-items:center !important;}.stk-dd23a22 {margin-bottom:var(--stk--preset--spacing--60, clamp(30px, 7vw, 70px)) !important;}.stk-dd23a22-column{max-width:1280px !important;min-width:auto !important;--stk-column-gap:var(--stk--preset--spacing--50, clamp(30px, 5vw, 50px)) !important;}@media screen and (max-width: 767px){.stk-dd23a22 {--stk-col-order-1:2 !important;--stk-col-order-2:1 !important;}}<\/style><div class=\"stk-row stk-inner-blocks stk--block-align-dd23a22 stk-block-content stk-content-align stk-dd23a22-column alignwide\">\n<div class=\"wp-block-stackable-column stk-block-column stk-column stk-block stk-836118b\" data-v=\"4\" data-block-id=\"836118b\"><div class=\"stk-column-wrapper stk-block-column__content stk-container stk-836118b-container stk--no-background stk--no-padding\"><div class=\"stk-block-content stk-inner-blocks stk-836118b-inner-blocks\">\n<div class=\"wp-block-stackable-image stk-block-image stk-block stk-f9d2a41\" data-block-id=\"f9d2a41\"><style>.stk-f9d2a41 .stk-img-wrapper{width:100% !important;height:700px !important;filter:drop-shadow(2px 2px 9px #00000070) !important;}.stk-f9d2a41 .stk-img-wrapper img{border-radius:25px !important;}@media screen and (max-width: 767px){.stk-f9d2a41 .stk-img-wrapper{height:400px !important;}}<\/style><figure><span class=\"stk-img-wrapper stk-image--shape-stretch stk--shadow-2px 2px 9px #00000070\"><img loading=\"lazy\" decoding=\"async\" class=\"stk-img wp-image-838\" src=\"https:\/\/www.campinglesgranges.fr\/wp-content\/uploads\/2026\/04\/visite-tours-site_webformat.webp\" width=\"1000\" height=\"563\" alt=\"Stadtbesichtigung Tours Street Art Fahrradtouren \" srcset=\"https:\/\/www.campinglesgranges.fr\/wp-content\/uploads\/2026\/04\/visite-tours-site_webformat.webp 1000w, https:\/\/www.campinglesgranges.fr\/wp-content\/uploads\/2026\/04\/visite-tours-site_webformat-300x169.webp 300w, https:\/\/www.campinglesgranges.fr\/wp-content\/uploads\/2026\/04\/visite-tours-site_webformat-768x432.webp 768w, https:\/\/www.campinglesgranges.fr\/wp-content\/uploads\/2026\/04\/visite-tours-site_webformat-18x10.webp 18w, https:\/\/www.campinglesgranges.fr\/wp-content\/uploads\/2026\/04\/visite-tours-site_webformat-500x282.webp 500w, https:\/\/www.campinglesgranges.fr\/wp-content\/uploads\/2026\/04\/visite-tours-site_webformat-800x450.webp 800w\" sizes=\"auto, (max-width: 1000px) 100vw, 1000px\" \/><\/span><\/figure><\/div>\n<\/div><\/div><\/div>\n\n\n\n<div class=\"wp-block-stackable-column stk-block-column stk-column stk-block stk-53ee707\" data-v=\"4\" data-block-id=\"53ee707\"><div class=\"stk-column-wrapper stk-block-column__content stk-container stk-53ee707-container stk--no-background stk--no-padding\"><div class=\"stk-block-content stk-inner-blocks stk-53ee707-inner-blocks\">\n<div class=\"wp-block-stackable-heading stk-block-heading stk-block-heading--v2 stk-block stk-a2d11e1\" id=\"decouvrez-tours-et-ses-environs-depuis-le-flower-camping-les-granges-a-luynes\" data-block-id=\"a2d11e1\"><style>.stk-a2d11e1 .stk-block-heading__text{color:var(--stk-global-color-70991, #fdd518) !important;}<\/style><h2 class=\"stk-block-heading__text has-text-color\">Entdecken Sie Tours und seine Umgebung vom Flower Camping Les Granges in Luynes<\/h2><\/div>\n\n\n\n<div class=\"wp-block-stackable-text stk-block-text stk-block stk-27250a1\" data-block-id=\"27250a1\"><p class=\"stk-block-text__text translation-block\">Ideal gelegen in Luynes, nur wenige Minuten von Tours entfernt, ist <a href=\"https:\/\/www.campinglesgranges.fr\/de\/\" target=\"_self\">das Flower Camping Les Granges<\/a> der perfekte Ausgangspunkt, um den Reichtum des Loiretals zu entdecken. Dank des <a href=\"https:\/\/www.campinglesgranges.fr\/de\/radwege-spaziergange-luynes\/\" data-type=\"page\" data-id=\"237\" target=\"_self\">Radweges<\/a>, der die Region durchzieht, und der direkten Buslinie nach Tours k\u00f6nnen Sie die Stadt und ihre Umgebung leicht erkunden, auch ohne Auto.<\/p><\/div>\n\n\n\n<div class=\"wp-block-stackable-heading stk-block-heading stk-block-heading--v2 stk-block stk-a7a0762\" id=\"tours-ville-historique-et-culturelle\" data-block-id=\"a7a0762\"><style>.stk-a7a0762 .stk-block-heading__text{color:var(--stk-global-color-70991, #fdd518) !important;}<\/style><h2 class=\"stk-block-heading__text has-text-color\">Tours, historische und kulturelle Stadt<\/h2><\/div>\n\n\n\n<p data-block-type=\"core\">Nur 15 km vom Campingplatz entfernt wird Tours mit seinem historischen und kulturellen Erbe verzaubern. Schlendern Sie durch die Innenstadt mit ihren gepflasterten Gassen, Fachwerkh\u00e4usern und lebhaften Pl\u00e4tzen. Genie\u00dfen Sie die lokalen M\u00e4rkte, typischen Restaurants und Stra\u00dfencaf\u00e9s, um die regionalen Spezialit\u00e4ten zu probieren. Kunst- und Geschichtsliebhaber werden die Museen, Galerien und Wahrzeichen von Tours zu sch\u00e4tzen wissen, die jeden Besuch zu einem einzigartigen Erlebnis machen.<\/p>\n\n\n\n<div class=\"wp-block-stackable-heading stk-block-heading stk-block-heading--v2 stk-block stk-25e0215\" id=\"a-velo-ou-en-transport-decouvrez-les-alentours\" data-block-id=\"25e0215\"><style>.stk-25e0215 .stk-block-heading__text{color:var(--stk-global-color-70991, #fdd518) !important;}<\/style><h2 class=\"stk-block-heading__text has-text-color\">Mit dem Fahrrad oder \u00f6ffentlichen Verkehrsmitteln: Entdecken Sie die Umgebung<\/h2><\/div>\n\n\n\n<p data-block-type=\"core\">Der Campingplatz liegt an einem sicheren Radwegenetz, perfekt f\u00fcr Ausfl\u00fcge zu touristischen Sehensw\u00fcrdigkeiten und den Landschaften der Loire mit dem Fahrrad. F\u00fcr diejenigen, die \u00f6ffentliche Verkehrsmittel bevorzugen, f\u00e4hrt die Buslinie regelm\u00e4\u00dfig nach Tours und in die umliegenden D\u00f6rfer und bietet praktische Mobilit\u00e4t f\u00fcr all Ihre Ausfl\u00fcge.<\/p>\n<\/div><\/div><\/div>\n<\/div><\/div>\n\n\n\n<div class=\"wp-block-stackable-columns alignfull stk-block-columns stk-block stk-4f28c56 stk-block-background\" data-block-id=\"4f28c56\"><style>.stk-4f28c56 .stk--block-align-4f28c56{align-items:center !important;}.stk-4f28c56 {background-color:var(--stk-global-color-42219, #bce3f9) !important;border-top-left-radius:25px !important;border-top-right-radius:25px !important;border-bottom-right-radius:25px !important;border-bottom-left-radius:25px !important;overflow:hidden !important;box-shadow:2px 2px 10px 0px #0000004a !important;padding-top:var(--stk--preset--spacing--50, clamp(30px, 5vw, 50px)) !important;padding-bottom:var(--stk--preset--spacing--50, clamp(30px, 5vw, 50px)) !important;margin-bottom:var(--stk--preset--spacing--60, clamp(30px, 7vw, 70px)) !important;}.stk-4f28c56:before{background-color:var(--stk-global-color-42219, #bce3f9) !important;}.stk-4f28c56-column{max-width:1280px !important;min-width:auto !important;--stk-column-gap:var(--stk--preset--spacing--50, clamp(30px, 5vw, 50px)) !important;}<\/style><div class=\"stk-row stk-inner-blocks stk--block-align-4f28c56 stk-block-content stk-content-align stk-4f28c56-column alignwide\">\n<div class=\"wp-block-stackable-column stk-block-column stk-column stk-block stk-f63c99f\" data-v=\"4\" data-block-id=\"f63c99f\"><div class=\"stk-column-wrapper stk-block-column__content stk-container stk-f63c99f-container stk--no-background stk--no-padding\"><div class=\"stk-block-content stk-inner-blocks stk-f63c99f-inner-blocks\">\n<div class=\"wp-block-stackable-heading stk-block-heading stk-block-heading--v2 stk-block stk-8e69b13\" id=\"vignobles-et-gastronomie\" data-block-id=\"8e69b13\"><style>.stk-8e69b13 .stk-block-heading__text{color:var(--stk-global-color-35744, #115390) !important;}<\/style><h2 class=\"stk-block-heading__text has-text-color\">Weinberge und Gastronomie<\/h2><\/div>\n\n\n\n<div class=\"wp-block-stackable-text stk-block-text stk-block stk-fa41cca\" data-block-id=\"fa41cca\"><p class=\"stk-block-text__text translation-block\">Die Region ist auch ber\u00fchmt f\u00fcr ihre <a href=\"https:\/\/www.campinglesgranges.fr\/de\/die-weinberge-des-loiretals\/\" data-type=\"page\" data-id=\"241\" target=\"_self\">Weinberge<\/a> von Vouvray oder Montlouis. Treffen Sie lokale Winzer, probieren Sie renommierte Weine und genie\u00dfen Sie die typischen Weinlandschaften der Loire. Die Wege rund um den Campingplatz erm\u00f6glichen eine Kombination aus Radtouren, \u00f6nologischen Entdeckungen und Picknicks inmitten der Natur.<\/p><\/div>\n\n\n\n<div class=\"wp-block-stackable-heading stk-block-heading stk-block-heading--v2 stk-block stk-a6401cb\" id=\"forteresse-de-montbazon-un-voyage-au-moyen-age\" data-block-id=\"a6401cb\"><style>.stk-a6401cb .stk-block-heading__text{color:var(--stk-global-color-35744, #115390) !important;}<\/style><h2 class=\"stk-block-heading__text has-text-color\">Festung Montbazon: Eine Reise ins Mittelalter<\/h2><\/div>\n\n\n\n<div class=\"wp-block-stackable-text stk-block-text stk-block stk-1a68e8e\" data-block-id=\"1a68e8e\"><p class=\"stk-block-text__text\">Nur wenige Kilometer entfernt thront die Festung Montbazon \u00fcber dem Tal und erz\u00e4hlt die mittelalterliche Geschichte der Region. Mit dem Auto, dem Fahrrad oder f\u00fcr die Sportlicheren auch zu Fu\u00df erreichbar, bietet sie mit ihren T\u00fcrmen, Mauern und historischen Ausstellungen ein spannendes Eintauchen in die Vergangenheit.<\/p><\/div>\n\n\n\n<div class=\"wp-block-stackable-heading stk-block-heading stk-block-heading--v2 stk-block stk-b3990ae\" id=\"un-sejour-confortable-au-flower-camping-les-granges\" data-block-id=\"b3990ae\"><style>.stk-b3990ae .stk-block-heading__text{color:var(--stk-global-color-35744, #115390) !important;}<\/style><h2 class=\"stk-block-heading__text has-text-color\">Ein komfortabler Aufenthalt im Flower Camping Les Granges<\/h2><\/div>\n\n\n\n<div class=\"wp-block-stackable-text stk-block-text stk-block stk-dfdb9f0\" data-block-id=\"dfdb9f0\"><p class=\"stk-block-text__text translation-block\">Nach Ihren ereignisreichen Entdeckungstagen finden Sie im Flower Camping Les Granges Komfort und Geselligkeit. Genie\u00dfen Sie ger\u00e4umige Stellpl\u00e4tze, moderne Mobilheime und Einrichtungen f\u00fcr die ganze Familie. Die Ruhe des Campingplatzes, kombiniert mit der N\u00e4he zu Radwegen und Verkehrsmitteln, erm\u00f6glicht Ihnen die Verbindung von Entspannung und Erkundung.<\/p><\/div>\n<\/div><\/div><\/div>\n\n\n\n<div class=\"wp-block-stackable-column stk-block-column stk-column stk-block stk-80bd9da\" data-v=\"4\" data-block-id=\"80bd9da\"><div class=\"stk-column-wrapper stk-block-column__content stk-container stk-80bd9da-container stk--no-background stk--no-padding\"><div class=\"stk-block-content stk-inner-blocks stk-80bd9da-inner-blocks\">\n<div class=\"wp-block-stackable-image stk-block-image has-text-align-right stk-block stk-904e8bd\" data-block-id=\"904e8bd\"><style>.stk-904e8bd {margin-bottom:-40px !important;z-index:3 !important;}.stk-904e8bd .stk-img-wrapper{width:150px !important;}<\/style><figure><span class=\"stk-img-wrapper stk-image--shape-stretch\"><img loading=\"lazy\" decoding=\"async\" class=\"stk-img wp-image-143\" src=\"https:\/\/www.campinglesgranges.fr\/wp-content\/uploads\/2026\/03\/logo_camping-les-granges-3-1-1.png\" width=\"336\" height=\"286\" alt=\"Logo Camping Les Granges 3 1\" srcset=\"https:\/\/www.campinglesgranges.fr\/wp-content\/uploads\/2026\/03\/logo_camping-les-granges-3-1-1.png 336w, https:\/\/www.campinglesgranges.fr\/wp-content\/uploads\/2026\/03\/logo_camping-les-granges-3-1-1-300x255.png 300w\" sizes=\"auto, (max-width: 336px) 100vw, 336px\" \/><\/span><\/figure><\/div>\n\n\n\n<div class=\"wp-block-stackable-image stk-block-image stk-block stk-5333732\" data-block-id=\"5333732\"><style>.stk-5333732 .stk-img-wrapper{width:100% !important;height:650px !important;filter:drop-shadow(2px 2px 9px #00000070) !important;}.stk-5333732 .stk-img-wrapper img{border-radius:25px !important;}@media screen and (max-width: 767px){.stk-5333732 .stk-img-wrapper{height:400px !important;}}<\/style><figure><span class=\"stk-img-wrapper stk-image--shape-stretch stk--shadow-2px 2px 9px #00000070\"><img loading=\"lazy\" decoding=\"async\" class=\"stk-img wp-image-396\" src=\"https:\/\/www.campinglesgranges.fr\/wp-content\/uploads\/2026\/03\/20_visite-de-la-ville-de-tours-street-art-tours-a-velo_jean-christophe-coutand_2032-12-31_medium_webformat.webp\" width=\"1200\" height=\"1809\" alt=\"Stadtbesichtigung Tours Street Art Radtouren in der N\u00e4he des Campingplatzes \" srcset=\"https:\/\/www.campinglesgranges.fr\/wp-content\/uploads\/2026\/03\/20_visite-de-la-ville-de-tours-street-art-tours-a-velo_jean-christophe-coutand_2032-12-31_medium_webformat.webp 1200w, https:\/\/www.campinglesgranges.fr\/wp-content\/uploads\/2026\/03\/20_visite-de-la-ville-de-tours-street-art-tours-a-velo_jean-christophe-coutand_2032-12-31_medium_webformat-199x300.webp 199w, https:\/\/www.campinglesgranges.fr\/wp-content\/uploads\/2026\/03\/20_visite-de-la-ville-de-tours-street-art-tours-a-velo_jean-christophe-coutand_2032-12-31_medium_webformat-679x1024.webp 679w, https:\/\/www.campinglesgranges.fr\/wp-content\/uploads\/2026\/03\/20_visite-de-la-ville-de-tours-street-art-tours-a-velo_jean-christophe-coutand_2032-12-31_medium_webformat-768x1158.webp 768w, https:\/\/www.campinglesgranges.fr\/wp-content\/uploads\/2026\/03\/20_visite-de-la-ville-de-tours-street-art-tours-a-velo_jean-christophe-coutand_2032-12-31_medium_webformat-1019x1536.webp 1019w, https:\/\/www.campinglesgranges.fr\/wp-content\/uploads\/2026\/03\/20_visite-de-la-ville-de-tours-street-art-tours-a-velo_jean-christophe-coutand_2032-12-31_medium_webformat-500x754.webp 500w, https:\/\/www.campinglesgranges.fr\/wp-content\/uploads\/2026\/03\/20_visite-de-la-ville-de-tours-street-art-tours-a-velo_jean-christophe-coutand_2032-12-31_medium_webformat-800x1206.webp 800w\" sizes=\"auto, (max-width: 1200px) 100vw, 1200px\" \/><\/span><\/figure><\/div>\n<\/div><\/div><\/div>\n<\/div><\/div>","protected":false},"excerpt":{"rendered":"<p>D\u00e9couvrez Tours et ses environs depuis le Flower Camping Les Granges \u00e0 Luynes Id\u00e9alement situ\u00e9 \u00e0 Luynes, \u00e0 seulement quelques minutes de Tours, le Flower Camping Les Granges est le point de d\u00e9part parfait pour d\u00e9couvrir la richesse de la vall\u00e9e de la Loire. Gr\u00e2ce \u00e0 la piste cyclable qui traverse la r\u00e9gion et \u00e0 [&hellip;]<\/p>\n","protected":false},"author":1,"featured_media":56,"parent":178,"menu_order":0,"comment_status":"closed","ping_status":"closed","template":"","meta":{"_acf_changed":false,"_seopress_robots_primary_cat":"","_seopress_titles_title":"Camping pr\u00e8s de Tours en Indre-et-Loire - Camping Les Granges","_seopress_titles_desc":"Choisissez un camping pr\u00e8s de Tours pour d\u00e9couvrir la ville, son patrimoine et ses animations, tout en profitant d\u2019un cadre paisible au Camping Les Granges.","_seopress_robots_index":"","_vp_format_video_url":"","_vp_image_focal_point":[],"footnotes":""},"class_list":["post-194","page","type-page","status-publish","has-post-thumbnail","hentry"],"acf":[],"_links":{"self":[{"href":"https:\/\/www.campinglesgranges.fr\/de\/wp-json\/wp\/v2\/pages\/194","targetHints":{"allow":["GET"]}}],"collection":[{"href":"https:\/\/www.campinglesgranges.fr\/de\/wp-json\/wp\/v2\/pages"}],"about":[{"href":"https:\/\/www.campinglesgranges.fr\/de\/wp-json\/wp\/v2\/types\/page"}],"author":[{"embeddable":true,"href":"https:\/\/www.campinglesgranges.fr\/de\/wp-json\/wp\/v2\/users\/1"}],"replies":[{"embeddable":true,"href":"https:\/\/www.campinglesgranges.fr\/de\/wp-json\/wp\/v2\/comments?post=194"}],"version-history":[{"count":6,"href":"https:\/\/www.campinglesgranges.fr\/de\/wp-json\/wp\/v2\/pages\/194\/revisions"}],"predecessor-version":[{"id":839,"href":"https:\/\/www.campinglesgranges.fr\/de\/wp-json\/wp\/v2\/pages\/194\/revisions\/839"}],"up":[{"embeddable":true,"href":"https:\/\/www.campinglesgranges.fr\/de\/wp-json\/wp\/v2\/pages\/178"}],"wp:featuredmedia":[{"embeddable":true,"href":"https:\/\/www.campinglesgranges.fr\/de\/wp-json\/wp\/v2\/media\/56"}],"wp:attachment":[{"href":"https:\/\/www.campinglesgranges.fr\/de\/wp-json\/wp\/v2\/media?parent=194"}],"curies":[{"name":"wp","href":"https:\/\/api.w.org\/{rel}","templated":true}]}}