{"id":1354,"date":"2019-11-25T16:01:26","date_gmt":"2019-11-25T15:01:26","guid":{"rendered":"https:\/\/www.campinglesgranges.fr\/camping-services-indre-et-loire\/"},"modified":"2019-12-31T09:06:11","modified_gmt":"2019-12-31T08:06:11","slug":"camping-services-indre-et-loire","status":"publish","type":"page","link":"https:\/\/www.campinglesgranges.fr\/de\/camping-services-indre-et-loire\/","title":{"rendered":"Dienstleistungen"},"content":{"rendered":"","protected":false},"excerpt":{"rendered":"","protected":false},"author":1,"featured_media":0,"parent":0,"menu_order":0,"comment_status":"closed","ping_status":"closed","template":"","meta":{"footnotes":""},"class_list":["post-1354","page","type-page","status-publish","hentry"],"yoast_head":"<!-- This site is optimized with the Yoast SEO plugin v25.3 - https:\/\/yoast.com\/wordpress\/plugins\/seo\/ -->\n<title>Camping mit 3-Sterne-Service in Indre-et-Loire Dienstleistungen in Loire (37)<\/title>\n<meta name=\"description\" content=\"Die Rezeption Das WLAN ist kostenlos und auf dem gesamten Campingplatz zug\u00e4nglich. Die Leistung und Qualit\u00e4t des Netzwerks erm\u00f6glicht es Ihnen, in v\u00f6lliger Gelassenheit zu navigieren. Die Brotpfandkanne erm\u00f6glicht es Ihnen,...\" \/>\n<meta name=\"robots\" content=\"index, follow, max-snippet:-1, max-image-preview:large, max-video-preview:-1\" \/>\n<link rel=\"canonical\" href=\"https:\/\/www.campinglesgranges.fr\/de\/camping-services-indre-et-loire\/\" \/>\n<meta property=\"og:locale\" content=\"de_DE\" \/>\n<meta property=\"og:type\" content=\"article\" \/>\n<meta property=\"og:title\" content=\"Camping mit 3-Sterne-Service in Indre-et-Loire Dienstleistungen in Loire (37)\" \/>\n<meta property=\"og:description\" content=\"Die Rezeption Das WLAN ist kostenlos und auf dem gesamten Campingplatz zug\u00e4nglich. Die Leistung und Qualit\u00e4t des Netzwerks erm\u00f6glicht es Ihnen, in v\u00f6lliger Gelassenheit zu navigieren. Die Brotpfandkanne erm\u00f6glicht es Ihnen,...\" \/>\n<meta property=\"og:url\" content=\"https:\/\/www.campinglesgranges.fr\/de\/camping-services-indre-et-loire\/\" \/>\n<meta property=\"og:site_name\" content=\"Campingplatz les Granges\" \/>\n<meta property=\"article:modified_time\" content=\"2019-12-31T08:06:11+00:00\" \/>\n<meta name=\"twitter:card\" content=\"summary_large_image\" \/>\n<script type=\"application\/ld+json\" class=\"yoast-schema-graph\">{\"@context\":\"https:\/\/schema.org\",\"@graph\":[{\"@type\":\"WebPage\",\"@id\":\"https:\/\/www.campinglesgranges.fr\/de\/camping-services-indre-et-loire\/\",\"url\":\"https:\/\/www.campinglesgranges.fr\/de\/camping-services-indre-et-loire\/\",\"name\":\"Camping mit 3-Sterne-Service in Indre-et-Loire Dienstleistungen in Loire (37)\",\"isPartOf\":{\"@id\":\"https:\/\/www.campinglesgranges.fr\/de\/#website\"},\"datePublished\":\"2019-11-25T15:01:26+00:00\",\"dateModified\":\"2019-12-31T08:06:11+00:00\",\"description\":\"Die Rezeption Das WLAN ist kostenlos und auf dem gesamten Campingplatz zug\u00e4nglich. Die Leistung und Qualit\u00e4t des Netzwerks erm\u00f6glicht es Ihnen, in v\u00f6lliger Gelassenheit zu navigieren. Die Brotpfandkanne erm\u00f6glicht es Ihnen,...\",\"breadcrumb\":{\"@id\":\"https:\/\/www.campinglesgranges.fr\/de\/camping-services-indre-et-loire\/#breadcrumb\"},\"inLanguage\":\"de\",\"potentialAction\":[{\"@type\":\"ReadAction\",\"target\":[\"https:\/\/www.campinglesgranges.fr\/de\/camping-services-indre-et-loire\/\"]}]},{\"@type\":\"BreadcrumbList\",\"@id\":\"https:\/\/www.campinglesgranges.fr\/de\/camping-services-indre-et-loire\/#breadcrumb\",\"itemListElement\":[{\"@type\":\"ListItem\",\"position\":1,\"name\":\"Campingplatz Indre-et-loire\",\"item\":\"https:\/\/www.campinglesgranges.fr\/de\/\"},{\"@type\":\"ListItem\",\"position\":2,\"name\":\"3-Sterne-Service Indre-et-Loire\"}]},{\"@type\":\"WebSite\",\"@id\":\"https:\/\/www.campinglesgranges.fr\/de\/#website\",\"url\":\"https:\/\/www.campinglesgranges.fr\/de\/\",\"name\":\"Campingplatz les Granges\",\"description\":\"\",\"potentialAction\":[{\"@type\":\"SearchAction\",\"target\":{\"@type\":\"EntryPoint\",\"urlTemplate\":\"https:\/\/www.campinglesgranges.fr\/de\/?s={search_term_string}\"},\"query-input\":{\"@type\":\"PropertyValueSpecification\",\"valueRequired\":true,\"valueName\":\"search_term_string\"}}],\"inLanguage\":\"de\"}]}<\/script>\n<!-- \/ Yoast SEO plugin. -->","yoast_head_json":{"title":"Camping mit 3-Sterne-Service in Indre-et-Loire Dienstleistungen in Loire (37)","description":"Die Rezeption Das WLAN ist kostenlos und auf dem gesamten Campingplatz zug\u00e4nglich. Die Leistung und Qualit\u00e4t des Netzwerks erm\u00f6glicht es Ihnen, in v\u00f6lliger Gelassenheit zu navigieren. Die Brotpfandkanne erm\u00f6glicht es Ihnen,...","robots":{"index":"index","follow":"follow","max-snippet":"max-snippet:-1","max-image-preview":"max-image-preview:large","max-video-preview":"max-video-preview:-1"},"canonical":"https:\/\/www.campinglesgranges.fr\/de\/camping-services-indre-et-loire\/","og_locale":"de_DE","og_type":"article","og_title":"Camping mit 3-Sterne-Service in Indre-et-Loire Dienstleistungen in Loire (37)","og_description":"Die Rezeption Das WLAN ist kostenlos und auf dem gesamten Campingplatz zug\u00e4nglich. Die Leistung und Qualit\u00e4t des Netzwerks erm\u00f6glicht es Ihnen, in v\u00f6lliger Gelassenheit zu navigieren. Die Brotpfandkanne erm\u00f6glicht es Ihnen,...","og_url":"https:\/\/www.campinglesgranges.fr\/de\/camping-services-indre-et-loire\/","og_site_name":"Campingplatz les Granges","article_modified_time":"2019-12-31T08:06:11+00:00","twitter_card":"summary_large_image","schema":{"@context":"https:\/\/schema.org","@graph":[{"@type":"WebPage","@id":"https:\/\/www.campinglesgranges.fr\/de\/camping-services-indre-et-loire\/","url":"https:\/\/www.campinglesgranges.fr\/de\/camping-services-indre-et-loire\/","name":"Camping mit 3-Sterne-Service in Indre-et-Loire Dienstleistungen in Loire (37)","isPartOf":{"@id":"https:\/\/www.campinglesgranges.fr\/de\/#website"},"datePublished":"2019-11-25T15:01:26+00:00","dateModified":"2019-12-31T08:06:11+00:00","description":"Die Rezeption Das WLAN ist kostenlos und auf dem gesamten Campingplatz zug\u00e4nglich. Die Leistung und Qualit\u00e4t des Netzwerks erm\u00f6glicht es Ihnen, in v\u00f6lliger Gelassenheit zu navigieren. Die Brotpfandkanne erm\u00f6glicht es Ihnen,...","breadcrumb":{"@id":"https:\/\/www.campinglesgranges.fr\/de\/camping-services-indre-et-loire\/#breadcrumb"},"inLanguage":"de","potentialAction":[{"@type":"ReadAction","target":["https:\/\/www.campinglesgranges.fr\/de\/camping-services-indre-et-loire\/"]}]},{"@type":"BreadcrumbList","@id":"https:\/\/www.campinglesgranges.fr\/de\/camping-services-indre-et-loire\/#breadcrumb","itemListElement":[{"@type":"ListItem","position":1,"name":"Campingplatz Indre-et-loire","item":"https:\/\/www.campinglesgranges.fr\/de\/"},{"@type":"ListItem","position":2,"name":"3-Sterne-Service Indre-et-Loire"}]},{"@type":"WebSite","@id":"https:\/\/www.campinglesgranges.fr\/de\/#website","url":"https:\/\/www.campinglesgranges.fr\/de\/","name":"Campingplatz les Granges","description":"","potentialAction":[{"@type":"SearchAction","target":{"@type":"EntryPoint","urlTemplate":"https:\/\/www.campinglesgranges.fr\/de\/?s={search_term_string}"},"query-input":{"@type":"PropertyValueSpecification","valueRequired":true,"valueName":"search_term_string"}}],"inLanguage":"de"}]}},"_links":{"self":[{"href":"https:\/\/www.campinglesgranges.fr\/de\/wp-json\/wp\/v2\/pages\/1354"}],"collection":[{"href":"https:\/\/www.campinglesgranges.fr\/de\/wp-json\/wp\/v2\/pages"}],"about":[{"href":"https:\/\/www.campinglesgranges.fr\/de\/wp-json\/wp\/v2\/types\/page"}],"author":[{"embeddable":true,"href":"https:\/\/www.campinglesgranges.fr\/de\/wp-json\/wp\/v2\/users\/1"}],"replies":[{"embeddable":true,"href":"https:\/\/www.campinglesgranges.fr\/de\/wp-json\/wp\/v2\/comments?post=1354"}],"version-history":[{"count":4,"href":"https:\/\/www.campinglesgranges.fr\/de\/wp-json\/wp\/v2\/pages\/1354\/revisions"}],"predecessor-version":[{"id":1752,"href":"https:\/\/www.campinglesgranges.fr\/de\/wp-json\/wp\/v2\/pages\/1354\/revisions\/1752"}],"wp:attachment":[{"href":"https:\/\/www.campinglesgranges.fr\/de\/wp-json\/wp\/v2\/media?parent=1354"}],"curies":[{"name":"wp","href":"https:\/\/api.w.org\/{rel}","templated":true}]}}